{"id":7427,"date":"2021-01-16T12:37:54","date_gmt":"2021-01-16T10:37:54","guid":{"rendered":"https:\/\/www.athensdiversclub.com\/?page_id=7427"},"modified":"2021-02-09T12:26:57","modified_gmt":"2021-02-09T10:26:57","slug":"evereden-beach-resort","status":"publish","type":"page","link":"https:\/\/www.athensdiversclub.com\/fr\/evereden-beach-resort\/","title":{"rendered":"EverEden Beach Resort"},"content":{"rendered":"<div class=\"wpb-content-wrapper\"><p>[vc_row full_screen_section_height=\u00a0\u00bbno\u00a0\u00bb][vc_column][vc_text_separator title=\u00a0\u00bbLa plage d&rsquo;EverEden a \u00e9t\u00e9 r\u00e9compens\u00e9e par le \u00abdrapeau bleu\u00bb pendant vingt ann\u00e9es cons\u00e9cutives\u00a0\u00bb]<div class=\"ult-spacer spacer-69d847dfd0e3c\" data-id=\"69d847dfd0e3c\" data-height=\"80\" data-height-mobile=\"80\" data-height-tab=\"80\" data-height-tab-portrait=\"\" data-height-mobile-landscape=\"\" style=\"clear:both;display:block;\"><\/div>[\/vc_column][\/vc_row][vc_row full_screen_section_height=\u00a0\u00bbno\u00a0\u00bb][vc_column]<div class=\"qodef-image-gallery\" style=\"height: 200px\">\n\t<div class=\"qodef-image-gallery-slider\" data-navigation=\"yes\" data-pagination=\"yes\">\n\t\t\t\t\t\t<a itemprop=\"image\" href=\"https:\/\/www.athensdiversclub.com\/wp-content\/uploads\/2021\/01\/BELVEDERE-2-scaled.jpg\" data-rel=\"prettyPhoto[single_pretty_photo]\" title=\"BELVEDERE (2)\">\n\t\t\t\n\t\t\t\n\t\t\t\t<img decoding=\"async\" class=\"qodef-image-gallery-defined-height\" style=\"height: 200px\" src=\"https:\/\/www.athensdiversclub.com\/wp-content\/uploads\/2021\/01\/BELVEDERE-2-scaled.jpg\" alt=\"BELVEDERE (2)\" \/>\n\n\t\t\t\n\t\t\t<\/a>\n\n\t\t\t\t\t\t<a itemprop=\"image\" href=\"https:\/\/www.athensdiversclub.com\/wp-content\/uploads\/2021\/01\/evereden20-0547-scaled.jpg\" data-rel=\"prettyPhoto[single_pretty_photo]\" title=\"evereden20-0547\">\n\t\t\t\n\t\t\t\n\t\t\t\t<img decoding=\"async\" class=\"qodef-image-gallery-defined-height\" style=\"height: 200px\" src=\"https:\/\/www.athensdiversclub.com\/wp-content\/uploads\/2021\/01\/evereden20-0547-scaled.jpg\" alt=\"evereden20-0547\" \/>\n\n\t\t\t\n\t\t\t<\/a>\n\n\t\t\t\t\t\t<a itemprop=\"image\" href=\"https:\/\/www.athensdiversclub.com\/wp-content\/uploads\/2021\/01\/evereden20-0444-scaled.jpg\" data-rel=\"prettyPhoto[single_pretty_photo]\" title=\"evereden20-0444\">\n\t\t\t\n\t\t\t\n\t\t\t\t<img decoding=\"async\" class=\"qodef-image-gallery-defined-height\" style=\"height: 200px\" src=\"https:\/\/www.athensdiversclub.com\/wp-content\/uploads\/2021\/01\/evereden20-0444-scaled.jpg\" alt=\"evereden20-0444\" \/>\n\n\t\t\t\n\t\t\t<\/a>\n\n\t\t\t<\/div>\n<\/div><div class=\"ult-spacer spacer-69d847dfd129f\" data-id=\"69d847dfd129f\" data-height=\"80\" data-height-mobile=\"80\" data-height-tab=\"80\" data-height-tab-portrait=\"\" data-height-mobile-landscape=\"\" style=\"clear:both;display:block;\"><\/div>[\/vc_column][\/vc_row][vc_row full_screen_section_height=\u00a0\u00bbno\u00a0\u00bb][vc_column][vc_column_text]<\/p>\n<p style=\"text-align: center;\">S\u00e9journez \u00e0 EverEden Beach Resort et profitez d&rsquo;une hospitalit\u00e9 de classe mondiale, dans un cadre naturel, au c\u0153ur de la Riviera Attica;<\/p>\n<p style=\"text-align: center;\">Offrant d&rsquo;\u00e9l\u00e9gants h\u00e9bergements 4 \u00e9toiles et plus au milieu d&rsquo;un terrain de 45 acres avec 350 m\u00e8tres de front de mer; que tout garantit une d\u00e9tente absolue pour ceux qui la recherchent parall\u00e8lement \u00e0 des exp\u00e9riences de plong\u00e9e infinies.<\/p>\n<p style=\"text-align: center;\">&nbsp;<\/p>\n<p style=\"text-align: center;\">Superbes offres pour nos pr\u00e9cieux invit\u00e9s<br \/>\nDe nos incroyables restaurants et bars \u00e0 toutes les activit\u00e9s et installations de loisirs disponibles, il y en a pour tous les go\u00fbts.<\/p>\n<p>[\/vc_column_text][vc_column_text]<strong>Emplacement et attractions \u00e0 proximit\u00e9<\/strong><\/p>\n<p>La plage est situ\u00e9e \u00e0 100 m de l&rsquo;h\u00f4tel;<img loading=\"lazy\" decoding=\"async\" class=\"alignright size-thumbnail wp-image-7195\" src=\"https:\/\/www.athensdiversclub.com\/wp-content\/uploads\/2021\/01\/evereden20-0176-150x150.jpg\" alt=\"\" width=\"150\" height=\"150\" srcset=\"https:\/\/www.athensdiversclub.com\/wp-content\/uploads\/2021\/01\/evereden20-0176-150x150.jpg 150w, https:\/\/www.athensdiversclub.com\/wp-content\/uploads\/2021\/01\/evereden20-0176-550x550.jpg 550w, https:\/\/www.athensdiversclub.com\/wp-content\/uploads\/2021\/01\/evereden20-0176-485x485.jpg 485w, https:\/\/www.athensdiversclub.com\/wp-content\/uploads\/2021\/01\/evereden20-0176-1000x1000.jpg 1000w\" sizes=\"auto, (max-width: 150px) 100vw, 150px\" \/><br \/>\nInformations sur la plage: label de qualit\u00e9 Pavillon Bleu<br \/>\nDistance de l&rsquo;a\u00e9roport d&rsquo;Ath\u00e8nes (environ) 27 km,<br \/>\nAu centre ville de Saronida \u00e0 2 km,<br \/>\n\u00c0 l&rsquo;arr\u00eat de bus 1 minute \u00e0 pied,<br \/>\nAu port de Lavrion 30 km<\/p>\n<p>&nbsp;<\/p>\n<p style=\"text-align: center;\">&nbsp;<\/p>\n<p>[\/vc_column_text][vc_column_text][\/vc_column_text][vc_column_text]<\/p>\n<div class=\"OlSOob\">\n<div class=\"ccvoYb\">\n<div class=\"AxqVh\">\n<div class=\"OPPzxe\">\n<div class=\"dePhmb\">\n<div class=\"eyKpYb\" data-language=\"fr\" data-original-language=\"en\" data-result-index=\"0\">\n<div class=\"J0lOec\">\n<p><strong>Commodit\u00e9s et installations<\/strong><\/p>\n<p>Nombre total de chambres \/ unit\u00e9s d&rsquo;h\u00e9bergement: 260<img loading=\"lazy\" decoding=\"async\" class=\"alignright size-thumbnail wp-image-7211\" src=\"https:\/\/www.athensdiversclub.com\/wp-content\/uploads\/2021\/01\/evereden20-0189-150x150.jpg\" alt=\"\" width=\"150\" height=\"150\" srcset=\"https:\/\/www.athensdiversclub.com\/wp-content\/uploads\/2021\/01\/evereden20-0189-150x150.jpg 150w, https:\/\/www.athensdiversclub.com\/wp-content\/uploads\/2021\/01\/evereden20-0189-550x550.jpg 550w, https:\/\/www.athensdiversclub.com\/wp-content\/uploads\/2021\/01\/evereden20-0189-485x485.jpg 485w, https:\/\/www.athensdiversclub.com\/wp-content\/uploads\/2021\/01\/evereden20-0189-1000x1000.jpg 1000w\" sizes=\"auto, (max-width: 150px) 100vw, 150px\" \/><br \/>\nHall, r\u00e9ception, 24h \/ 24, ascenseur (s), WiFi (inclus), dans tout le b\u00e2timent<br \/>\nNombre total de restaurants et snack \/ bars \u00e0 cocktails: 4<br \/>\nConsultation m\u00e9dicale, service de blanchisserie \/ repassage,<br \/>\nInstallations \/ \u00e9quipement ext\u00e9rieurs: jardin; am\u00e9nagements ext\u00e9rieurs disponibles en fonction des conditions m\u00e9t\u00e9orologiques,<br \/>\nNombre total de piscines: 3 (eau douce, de saison, selon la m\u00e9t\u00e9o)<br \/>\nParking: rez-de-chauss\u00e9e de l&rsquo;h\u00f4tel: inclus<br \/>\nCartes de cr\u00e9dit: VISA, Mastercard, Amexco<br \/>\nTaxe de s\u00e9jour (3 EUR par chambre \/ nuit)<\/p>\n<p>&nbsp;<\/p>\n<p style=\"text-align: center;\"><a href=\"https:\/\/www.evereden.gr\/offers\/\">Forfaits EVERDIVE EVERSCUBA<\/a><\/p>\n<p>&nbsp;<\/p>\n<p>&nbsp;<\/p>\n<p>&nbsp;<\/p>\n<p style=\"text-align: center;\">Pour plus d&rsquo;informations sur les cat\u00e9gories de chambres; s&rsquo;il vous pla\u00eet visitez le lien:<\/p>\n<p style=\"text-align: center;\"><a href=\"https:\/\/www.evereden.gr\/stay-athenian-riviera\/\">H\u00e9bergement sur la Riviera ath\u00e9nienne | H\u00f4tel Ever Eden Beach Resort<\/a><\/p>\n<\/div>\n<\/div>\n<\/div>\n<\/div>\n<\/div>\n<\/div>\n<\/div>\n<p>&nbsp;<\/p>\n<p style=\"text-align: center;\"><a href=\"https:\/\/evereden.reserve-online.net\/\"><strong>R\u00c9SERVER<\/strong><\/a><\/p>\n<p>[\/vc_column_text][\/vc_column][\/vc_row]<\/p>\n<\/div>","protected":false},"excerpt":{"rendered":"<p>[vc_row full_screen_section_height=\u00a0\u00bbno\u00a0\u00bb][vc_column][vc_text_separator title=\u00a0\u00bbLa plage d&rsquo;EverEden a \u00e9t\u00e9 r\u00e9compens\u00e9e par le \u00abdrapeau bleu\u00bb pendant vingt ann\u00e9es cons\u00e9cutives\u00a0\u00bb][\/vc_column][\/vc_row][vc_row full_screen_section_height=\u00a0\u00bbno\u00a0\u00bb][vc_column][\/vc_column][\/vc_row][vc_row full_screen_section_height=\u00a0\u00bbno\u00a0\u00bb][vc_column][vc_column_text] S\u00e9journez \u00e0 EverEden Beach Resort et profitez d&rsquo;une hospitalit\u00e9 de classe mondiale, dans un cadre naturel, au c\u0153ur de la Riviera Attica; Offrant d&rsquo;\u00e9l\u00e9gants h\u00e9bergements 4 \u00e9toiles&#8230;<\/p>\n","protected":false},"author":1,"featured_media":0,"parent":0,"menu_order":0,"comment_status":"closed","ping_status":"closed","template":"","meta":{"footnotes":""},"class_list":["post-7427","page","type-page","status-publish","hentry"],"yoast_head":"<!-- This site is optimized with the Yoast SEO plugin v27.0 - https:\/\/yoast.com\/product\/yoast-seo-wordpress\/ -->\n<title>EverEden Beach Resort - Athens Divers Club<\/title>\n<meta name=\"description\" content=\"S\u00e9journez \u00e0 EverEden Beach Resort et profitez d&#039;une hospitalit\u00e9 de classe mondiale, dans un cadre naturel, au c\u0153ur de la Riviera Attica;\" \/>\n<meta name=\"robots\" content=\"index, follow, max-snippet:-1, max-image-preview:large, max-video-preview:-1\" \/>\n<link rel=\"canonical\" href=\"https:\/\/www.athensdiversclub.com\/fr\/evereden-beach-resort\/\" \/>\n<meta property=\"og:locale\" content=\"fr_FR\" \/>\n<meta property=\"og:type\" content=\"article\" \/>\n<meta property=\"og:title\" content=\"EverEden Beach Resort - Athens Divers Club\" \/>\n<meta property=\"og:description\" content=\"S\u00e9journez \u00e0 EverEden Beach Resort et profitez d&#039;une hospitalit\u00e9 de classe mondiale, dans un cadre naturel, au c\u0153ur de la Riviera Attica;\" \/>\n<meta property=\"og:url\" content=\"https:\/\/www.athensdiversclub.com\/fr\/evereden-beach-resort\/\" \/>\n<meta property=\"og:site_name\" content=\"Athens Divers Club\" \/>\n<meta property=\"article:publisher\" content=\"https:\/\/www.facebook.com\/athensdiversclub\/\" \/>\n<meta property=\"article:modified_time\" content=\"2021-02-09T10:26:57+00:00\" \/>\n<meta property=\"og:image\" content=\"https:\/\/www.athensdiversclub.com\/wp-content\/uploads\/2021\/01\/evereden20-0176-150x150.jpg\" \/>\n<meta name=\"twitter:card\" content=\"summary_large_image\" \/>\n<meta name=\"twitter:site\" content=\"@AthensDivers\" \/>\n<meta name=\"twitter:label1\" content=\"Dur\u00e9e de lecture estim\u00e9e\" \/>\n\t<meta name=\"twitter:data1\" content=\"2 minutes\" \/>\n<script type=\"application\/ld+json\" class=\"yoast-schema-graph\">{\"@context\":\"https:\/\/schema.org\",\"@graph\":[{\"@type\":\"WebPage\",\"@id\":\"https:\/\/www.athensdiversclub.com\/fr\/evereden-beach-resort\/\",\"url\":\"https:\/\/www.athensdiversclub.com\/fr\/evereden-beach-resort\/\",\"name\":\"EverEden Beach Resort - Athens Divers Club\",\"isPartOf\":{\"@id\":\"https:\/\/www.athensdiversclub.com\/#website\"},\"primaryImageOfPage\":{\"@id\":\"https:\/\/www.athensdiversclub.com\/fr\/evereden-beach-resort\/#primaryimage\"},\"image\":{\"@id\":\"https:\/\/www.athensdiversclub.com\/fr\/evereden-beach-resort\/#primaryimage\"},\"thumbnailUrl\":\"https:\/\/www.athensdiversclub.com\/wp-content\/uploads\/2021\/01\/evereden20-0176-150x150.jpg\",\"datePublished\":\"2021-01-16T10:37:54+00:00\",\"dateModified\":\"2021-02-09T10:26:57+00:00\",\"description\":\"S\u00e9journez \u00e0 EverEden Beach Resort et profitez d'une hospitalit\u00e9 de classe mondiale, dans un cadre naturel, au c\u0153ur de la Riviera Attica;\",\"breadcrumb\":{\"@id\":\"https:\/\/www.athensdiversclub.com\/fr\/evereden-beach-resort\/#breadcrumb\"},\"inLanguage\":\"fr-FR\",\"potentialAction\":[{\"@type\":\"ReadAction\",\"target\":[\"https:\/\/www.athensdiversclub.com\/fr\/evereden-beach-resort\/\"]}]},{\"@type\":\"ImageObject\",\"inLanguage\":\"fr-FR\",\"@id\":\"https:\/\/www.athensdiversclub.com\/fr\/evereden-beach-resort\/#primaryimage\",\"url\":\"https:\/\/www.athensdiversclub.com\/wp-content\/uploads\/2021\/01\/evereden20-0176-150x150.jpg\",\"contentUrl\":\"https:\/\/www.athensdiversclub.com\/wp-content\/uploads\/2021\/01\/evereden20-0176-150x150.jpg\"},{\"@type\":\"BreadcrumbList\",\"@id\":\"https:\/\/www.athensdiversclub.com\/fr\/evereden-beach-resort\/#breadcrumb\",\"itemListElement\":[{\"@type\":\"ListItem\",\"position\":1,\"name\":\"Home\",\"item\":\"https:\/\/www.athensdiversclub.com\/fr\/\"},{\"@type\":\"ListItem\",\"position\":2,\"name\":\"EverEden Beach Resort\"}]},{\"@type\":\"WebSite\",\"@id\":\"https:\/\/www.athensdiversclub.com\/#website\",\"url\":\"https:\/\/www.athensdiversclub.com\/\",\"name\":\"Athens Divers Club\",\"description\":\"\",\"potentialAction\":[{\"@type\":\"SearchAction\",\"target\":{\"@type\":\"EntryPoint\",\"urlTemplate\":\"https:\/\/www.athensdiversclub.com\/?s={search_term_string}\"},\"query-input\":{\"@type\":\"PropertyValueSpecification\",\"valueRequired\":true,\"valueName\":\"search_term_string\"}}],\"inLanguage\":\"fr-FR\"}]}<\/script>\n<!-- \/ Yoast SEO plugin. -->","yoast_head_json":{"title":"EverEden Beach Resort - Athens Divers Club","description":"S\u00e9journez \u00e0 EverEden Beach Resort et profitez d'une hospitalit\u00e9 de classe mondiale, dans un cadre naturel, au c\u0153ur de la Riviera Attica;","robots":{"index":"index","follow":"follow","max-snippet":"max-snippet:-1","max-image-preview":"max-image-preview:large","max-video-preview":"max-video-preview:-1"},"canonical":"https:\/\/www.athensdiversclub.com\/fr\/evereden-beach-resort\/","og_locale":"fr_FR","og_type":"article","og_title":"EverEden Beach Resort - Athens Divers Club","og_description":"S\u00e9journez \u00e0 EverEden Beach Resort et profitez d'une hospitalit\u00e9 de classe mondiale, dans un cadre naturel, au c\u0153ur de la Riviera Attica;","og_url":"https:\/\/www.athensdiversclub.com\/fr\/evereden-beach-resort\/","og_site_name":"Athens Divers Club","article_publisher":"https:\/\/www.facebook.com\/athensdiversclub\/","article_modified_time":"2021-02-09T10:26:57+00:00","og_image":[{"url":"https:\/\/www.athensdiversclub.com\/wp-content\/uploads\/2021\/01\/evereden20-0176-150x150.jpg","type":"","width":"","height":""}],"twitter_card":"summary_large_image","twitter_site":"@AthensDivers","twitter_misc":{"Dur\u00e9e de lecture estim\u00e9e":"2 minutes"},"schema":{"@context":"https:\/\/schema.org","@graph":[{"@type":"WebPage","@id":"https:\/\/www.athensdiversclub.com\/fr\/evereden-beach-resort\/","url":"https:\/\/www.athensdiversclub.com\/fr\/evereden-beach-resort\/","name":"EverEden Beach Resort - Athens Divers Club","isPartOf":{"@id":"https:\/\/www.athensdiversclub.com\/#website"},"primaryImageOfPage":{"@id":"https:\/\/www.athensdiversclub.com\/fr\/evereden-beach-resort\/#primaryimage"},"image":{"@id":"https:\/\/www.athensdiversclub.com\/fr\/evereden-beach-resort\/#primaryimage"},"thumbnailUrl":"https:\/\/www.athensdiversclub.com\/wp-content\/uploads\/2021\/01\/evereden20-0176-150x150.jpg","datePublished":"2021-01-16T10:37:54+00:00","dateModified":"2021-02-09T10:26:57+00:00","description":"S\u00e9journez \u00e0 EverEden Beach Resort et profitez d'une hospitalit\u00e9 de classe mondiale, dans un cadre naturel, au c\u0153ur de la Riviera Attica;","breadcrumb":{"@id":"https:\/\/www.athensdiversclub.com\/fr\/evereden-beach-resort\/#breadcrumb"},"inLanguage":"fr-FR","potentialAction":[{"@type":"ReadAction","target":["https:\/\/www.athensdiversclub.com\/fr\/evereden-beach-resort\/"]}]},{"@type":"ImageObject","inLanguage":"fr-FR","@id":"https:\/\/www.athensdiversclub.com\/fr\/evereden-beach-resort\/#primaryimage","url":"https:\/\/www.athensdiversclub.com\/wp-content\/uploads\/2021\/01\/evereden20-0176-150x150.jpg","contentUrl":"https:\/\/www.athensdiversclub.com\/wp-content\/uploads\/2021\/01\/evereden20-0176-150x150.jpg"},{"@type":"BreadcrumbList","@id":"https:\/\/www.athensdiversclub.com\/fr\/evereden-beach-resort\/#breadcrumb","itemListElement":[{"@type":"ListItem","position":1,"name":"Home","item":"https:\/\/www.athensdiversclub.com\/fr\/"},{"@type":"ListItem","position":2,"name":"EverEden Beach Resort"}]},{"@type":"WebSite","@id":"https:\/\/www.athensdiversclub.com\/#website","url":"https:\/\/www.athensdiversclub.com\/","name":"Athens Divers Club","description":"","potentialAction":[{"@type":"SearchAction","target":{"@type":"EntryPoint","urlTemplate":"https:\/\/www.athensdiversclub.com\/?s={search_term_string}"},"query-input":{"@type":"PropertyValueSpecification","valueRequired":true,"valueName":"search_term_string"}}],"inLanguage":"fr-FR"}]}},"_links":{"self":[{"href":"https:\/\/www.athensdiversclub.com\/fr\/wp-json\/wp\/v2\/pages\/7427","targetHints":{"allow":["GET"]}}],"collection":[{"href":"https:\/\/www.athensdiversclub.com\/fr\/wp-json\/wp\/v2\/pages"}],"about":[{"href":"https:\/\/www.athensdiversclub.com\/fr\/wp-json\/wp\/v2\/types\/page"}],"author":[{"embeddable":true,"href":"https:\/\/www.athensdiversclub.com\/fr\/wp-json\/wp\/v2\/users\/1"}],"replies":[{"embeddable":true,"href":"https:\/\/www.athensdiversclub.com\/fr\/wp-json\/wp\/v2\/comments?post=7427"}],"version-history":[{"count":0,"href":"https:\/\/www.athensdiversclub.com\/fr\/wp-json\/wp\/v2\/pages\/7427\/revisions"}],"wp:attachment":[{"href":"https:\/\/www.athensdiversclub.com\/fr\/wp-json\/wp\/v2\/media?parent=7427"}],"curies":[{"name":"wp","href":"https:\/\/api.w.org\/{rel}","templated":true}]}}