{"id":4357,"date":"2017-10-17T15:30:18","date_gmt":"2017-10-17T12:30:18","guid":{"rendered":"http:\/\/www.athensdiversclub.com\/meet-the-team\/"},"modified":"2021-01-13T11:51:26","modified_gmt":"2021-01-13T09:51:26","slug":"meet-the-team","status":"publish","type":"page","link":"https:\/\/www.athensdiversclub.com\/fr\/meet-the-team\/","title":{"rendered":"MEET THE TEAM"},"content":{"rendered":"<div class=\"wpb-content-wrapper\"><p>[vc_row content_width=\u00a0\u00bbgrid\u00a0\u00bb full_screen_section_height=\u00a0\u00bbno\u00a0\u00bb][vc_column][vc_empty_space height=\u00a0\u00bb60px\u00a0\u00bb][vc_column_text]<\/p>\n<h2>Petros<\/h2>\n<p><img loading=\"lazy\" decoding=\"async\" class=\"wp-image-6965 size-medium alignleft\" style=\"margin-top: 10px; margin-right: 20px; margin-bottom: 20px;\" src=\"https:\/\/www.athensdiversclub.com\/wp-content\/uploads\/2020\/12\/39400767_10213881781291874_3186722745580781568_n-300x262.jpg\" alt=\"\" width=\"300\" height=\"262\" srcset=\"https:\/\/www.athensdiversclub.com\/wp-content\/uploads\/2020\/12\/39400767_10213881781291874_3186722745580781568_n-300x262.jpg 300w, https:\/\/www.athensdiversclub.com\/wp-content\/uploads\/2020\/12\/39400767_10213881781291874_3186722745580781568_n.jpg 489w\" sizes=\"auto, (max-width: 300px) 100vw, 300px\" \/><\/p>\n<p>Quand j\u2019\u00e9tais enfant, je faisais de l\u2019apn\u00e9e dans les \u00ab&nbsp;profondeurs&nbsp;\u00bb et je me tenais \u00e0 la premi\u00e8re pierre que je trouvais, pendant autant de temps que je pouvais, \u00e9bloui par la beaut\u00e9 du grand bleu. J\u2019avais besoin d\u2019\u00eatre sous l\u2019eau!<\/p>\n<p>Au fil du temps, j\u2019ai trouv\u00e9 mon autre grande passion, l\u2019histoire; et les deux r\u00e9unis m\u2019ont men\u00e9s \u00e0 mon premier dipl\u00f4me de plong\u00e9e il y a 20 ans.<\/p>\n<p>Pour moi la plong\u00e9e c\u2019est la libert\u00e9! La plong\u00e9e me permet d\u2019entrer dans une capsule temporelle, d\u2019explorer et de raconter des histoires. Leurs histoires. Les histoires des batailles gagn\u00e9es et des \u00e2mes perdues!<\/p>\n<p>Apr\u00e8s mes \u00e9tudes sup\u00e9rieures en comptabilit\u00e9 et finance, j\u2019ai travaill\u00e9 \u00e0 divers postes dans le secteur financier en Grande-Bretagne et en Gr\u00e8ce, du commerce \u00e0 la gestion de projet pendant pr\u00e8s de 20 ans.<\/p>\n<p>Pendant toutes ces ann\u00e9es de carri\u00e8re en entreprise, j\u2019ai toujours pens\u00e9 \u00e0 la mer qui \u00e9tait l\u2019endroit o\u00f9 je revenais pour recharger mes batteries et me concentrer.<\/p>\n<p>Finalement, l\u2019appel du large a \u00e9t\u00e9 plus fort et est devenu un r\u00eave, et ce r\u00eave est Athens Divers club! On se voit sous l\u2019eau![\/vc_column_text]<div class=\"qodef-separator-holder clearfix  qodef-separator-center qodef-separator-full-width\">\n\t<div class=\"qodef-separator\" style=\"border-color: rgba(0,0,0,0.6);border-style: solid;border-bottom-width: 1px;margin-top: 20px\"><\/div>\n<\/div>\n[\/vc_column][\/vc_row][vc_row content_width=\u00a0\u00bbgrid\u00a0\u00bb full_screen_section_height=\u00a0\u00bbno\u00a0\u00bb][vc_column][vc_column_text]<\/p>\n<h2>Tasos<\/h2>\n<p><img loading=\"lazy\" decoding=\"async\" class=\"wp-image-6971 size-medium alignleft\" style=\"margin-top: 10px; margin-right: 20px; margin-bottom: 20px;\" src=\"https:\/\/www.athensdiversclub.com\/wp-content\/uploads\/2020\/12\/IMG_0659-300x200.jpg\" alt=\"\" width=\"300\" height=\"200\" srcset=\"https:\/\/www.athensdiversclub.com\/wp-content\/uploads\/2020\/12\/IMG_0659-300x200.jpg 300w, https:\/\/www.athensdiversclub.com\/wp-content\/uploads\/2020\/12\/IMG_0659-1024x683.jpg 1024w, https:\/\/www.athensdiversclub.com\/wp-content\/uploads\/2020\/12\/IMG_0659-768x512.jpg 768w, https:\/\/www.athensdiversclub.com\/wp-content\/uploads\/2020\/12\/IMG_0659-1536x1024.jpg 1536w\" sizes=\"auto, (max-width: 300px) 100vw, 300px\" \/><\/p>\n<p>Qu\u2019est-ce que tu fais quand tu te sens triste?? Je vais \u00e0 la mer&#8230; Qu\u2019est-ce que tu fais quand tu te sens d\u2019humeur joyeuse??? Je vais \u00e0 la mer&#8230; Cela m\u2019a pris des ann\u00e9es pour prendre conscience de cela et d\u00e8s que j\u2019ai compris, je suis devenu instructeur Padi. Depuis plus de deux d\u00e9cennies maintenant, apr\u00e8s des milliers de plong\u00e9es et plongeurs certifi\u00e9s \u00e0 travers le monde, je ne reviendrais jamais en arri\u00e8re! Ma vie est devenue agr\u00e9able, \u00e9quilibr\u00e9e, calme et excitante \u00e0 la fois. Comme quand on est sous l\u2019eau!![\/vc_column_text]<div class=\"qodef-separator-holder clearfix  qodef-separator-center qodef-separator-full-width\">\n\t<div class=\"qodef-separator\" style=\"border-color: rgba(0,0,0,0.6);border-style: solid;border-bottom-width: 1px\"><\/div>\n<\/div>\n[\/vc_column][\/vc_row][vc_row content_width=\u00a0\u00bbgrid\u00a0\u00bb full_screen_section_height=\u00a0\u00bbno\u00a0\u00bb][vc_column][vc_column_text]<\/p>\n<h2><span class=\"JLqJ4b ChMk0b\" data-language-for-alternatives=\"fr\" data-language-to-translate-into=\"en\" data-phrase-index=\"0\">&nbsp;Kostas<\/span><\/h2>\n<p><span class=\"JLqJ4b ChMk0b\" data-language-for-alternatives=\"fr\" data-language-to-translate-into=\"en\" data-phrase-index=\"0\"><img loading=\"lazy\" decoding=\"async\" class=\"size-medium wp-image-6996 alignleft\" src=\"https:\/\/www.athensdiversclub.com\/wp-content\/uploads\/2021\/01\/IMG_0702-300x200.jpg\" alt=\"\" width=\"300\" height=\"200\" srcset=\"https:\/\/www.athensdiversclub.com\/wp-content\/uploads\/2021\/01\/IMG_0702-300x200.jpg 300w, https:\/\/www.athensdiversclub.com\/wp-content\/uploads\/2021\/01\/IMG_0702-1024x683.jpg 1024w, https:\/\/www.athensdiversclub.com\/wp-content\/uploads\/2021\/01\/IMG_0702-768x512.jpg 768w, https:\/\/www.athensdiversclub.com\/wp-content\/uploads\/2021\/01\/IMG_0702-1536x1024.jpg 1536w\" sizes=\"auto, (max-width: 300px) 100vw, 300px\" \/><\/span><\/p>\n<p>\u201cLet\u2019s&nbsp; go for a discover-scuba-diving experience\u201d&nbsp; I said to my friend\u2026and we did\u2026<\/p>\n<p><span class=\"JLqJ4b ChMk0b\" data-language-for-alternatives=\"fr\" data-language-to-translate-into=\"en\" data-phrase-index=\"0\">D\u00e8s que nous sommes sortis de l&rsquo;eau \u00abc&rsquo;est ce que je veux faire\u00bb je lui ai dit\u2026 et je le fais\u2026 La s\u00e9r\u00e9nit\u00e9 du sous-marin, le bruit silencieux de mes bulles \u00e9mergeant du d\u00e9tendeur jusqu&rsquo;\u00e0 la surface, le<\/span> <span class=\"JLqJ4b ChMk0b\" data-language-for-alternatives=\"fr\" data-language-to-translate-into=\"en\" data-phrase-index=\"1\">le sentiment aventureux de d\u00e9couvrir quelque chose de nouveau \u00e0 chaque plong\u00e9e, ainsi que les yeux grands ouverts et les visages souriants des gens apr\u00e8s leurs plong\u00e9es ne cessent de me r\u00e9compenser et de me motiver pour le choix que j&rsquo;ai fait ce jour-l\u00e0.<\/span>[\/vc_column_text]<div class=\"qodef-separator-holder clearfix  qodef-separator-center qodef-separator-full-width\">\n\t<div class=\"qodef-separator\" style=\"border-color: rgba(0,0,0,0.6);border-style: solid;border-bottom-width: 1px;margin-top: 20px\"><\/div>\n<\/div>\n[vc_empty_space height=\u00a0\u00bb80px\u00a0\u00bb][\/vc_column][\/vc_row]<\/p>\n<\/div>","protected":false},"excerpt":{"rendered":"<p>[vc_row content_width=\u00a0\u00bbgrid\u00a0\u00bb full_screen_section_height=\u00a0\u00bbno\u00a0\u00bb][vc_column][vc_empty_space height=\u00a0\u00bb60px\u00a0\u00bb][vc_column_text] Petros Quand j\u2019\u00e9tais enfant, je faisais de l\u2019apn\u00e9e dans les \u00ab&nbsp;profondeurs&nbsp;\u00bb et je me tenais \u00e0 la premi\u00e8re pierre que je trouvais, pendant autant de temps que je pouvais, \u00e9bloui par la beaut\u00e9 du grand bleu. J\u2019avais besoin d\u2019\u00eatre sous l\u2019eau!&#8230;<\/p>\n","protected":false},"author":1,"featured_media":0,"parent":0,"menu_order":0,"comment_status":"closed","ping_status":"closed","template":"full-width.php","meta":{"footnotes":""},"class_list":["post-4357","page","type-page","status-publish","hentry"],"yoast_head":"<!-- This site is optimized with the Yoast SEO plugin v27.0 - https:\/\/yoast.com\/product\/yoast-seo-wordpress\/ -->\n<title>MEET THE TEAM - Athens Divers Club<\/title>\n<meta name=\"robots\" content=\"index, follow, max-snippet:-1, max-image-preview:large, max-video-preview:-1\" \/>\n<link rel=\"canonical\" href=\"https:\/\/www.athensdiversclub.com\/fr\/meet-the-team\/\" \/>\n<meta property=\"og:locale\" content=\"fr_FR\" \/>\n<meta property=\"og:type\" content=\"article\" \/>\n<meta property=\"og:title\" content=\"MEET THE TEAM - Athens Divers Club\" \/>\n<meta property=\"og:description\" content=\"[vc_row content_width=\u00a0\u00bbgrid\u00a0\u00bb full_screen_section_height=\u00a0\u00bbno\u00a0\u00bb][vc_column][vc_empty_space height=\u00a0\u00bb60px\u00a0\u00bb][vc_column_text] Petros Quand j\u2019\u00e9tais enfant, je faisais de l\u2019apn\u00e9e dans les \u00ab&nbsp;profondeurs&nbsp;\u00bb et je me tenais \u00e0 la premi\u00e8re pierre que je trouvais, pendant autant de temps que je pouvais, \u00e9bloui par la beaut\u00e9 du grand bleu. J\u2019avais besoin d\u2019\u00eatre sous l\u2019eau!...\" \/>\n<meta property=\"og:url\" content=\"https:\/\/www.athensdiversclub.com\/fr\/meet-the-team\/\" \/>\n<meta property=\"og:site_name\" content=\"Athens Divers Club\" \/>\n<meta property=\"article:publisher\" content=\"https:\/\/www.facebook.com\/athensdiversclub\/\" \/>\n<meta property=\"article:modified_time\" content=\"2021-01-13T09:51:26+00:00\" \/>\n<meta property=\"og:image\" content=\"https:\/\/www.athensdiversclub.com\/wp-content\/uploads\/2020\/12\/39400767_10213881781291874_3186722745580781568_n-300x262.jpg\" \/>\n<meta name=\"twitter:card\" content=\"summary_large_image\" \/>\n<meta name=\"twitter:site\" content=\"@AthensDivers\" \/>\n<meta name=\"twitter:label1\" content=\"Dur\u00e9e de lecture estim\u00e9e\" \/>\n\t<meta name=\"twitter:data1\" content=\"3 minutes\" \/>\n<script type=\"application\/ld+json\" class=\"yoast-schema-graph\">{\"@context\":\"https:\/\/schema.org\",\"@graph\":[{\"@type\":\"WebPage\",\"@id\":\"https:\/\/www.athensdiversclub.com\/fr\/meet-the-team\/\",\"url\":\"https:\/\/www.athensdiversclub.com\/fr\/meet-the-team\/\",\"name\":\"MEET THE TEAM - Athens Divers Club\",\"isPartOf\":{\"@id\":\"https:\/\/www.athensdiversclub.com\/#website\"},\"primaryImageOfPage\":{\"@id\":\"https:\/\/www.athensdiversclub.com\/fr\/meet-the-team\/#primaryimage\"},\"image\":{\"@id\":\"https:\/\/www.athensdiversclub.com\/fr\/meet-the-team\/#primaryimage\"},\"thumbnailUrl\":\"https:\/\/www.athensdiversclub.com\/wp-content\/uploads\/2020\/12\/39400767_10213881781291874_3186722745580781568_n-300x262.jpg\",\"datePublished\":\"2017-10-17T12:30:18+00:00\",\"dateModified\":\"2021-01-13T09:51:26+00:00\",\"breadcrumb\":{\"@id\":\"https:\/\/www.athensdiversclub.com\/fr\/meet-the-team\/#breadcrumb\"},\"inLanguage\":\"fr-FR\",\"potentialAction\":[{\"@type\":\"ReadAction\",\"target\":[\"https:\/\/www.athensdiversclub.com\/fr\/meet-the-team\/\"]}]},{\"@type\":\"ImageObject\",\"inLanguage\":\"fr-FR\",\"@id\":\"https:\/\/www.athensdiversclub.com\/fr\/meet-the-team\/#primaryimage\",\"url\":\"https:\/\/www.athensdiversclub.com\/wp-content\/uploads\/2020\/12\/39400767_10213881781291874_3186722745580781568_n-300x262.jpg\",\"contentUrl\":\"https:\/\/www.athensdiversclub.com\/wp-content\/uploads\/2020\/12\/39400767_10213881781291874_3186722745580781568_n-300x262.jpg\"},{\"@type\":\"BreadcrumbList\",\"@id\":\"https:\/\/www.athensdiversclub.com\/fr\/meet-the-team\/#breadcrumb\",\"itemListElement\":[{\"@type\":\"ListItem\",\"position\":1,\"name\":\"Home\",\"item\":\"https:\/\/www.athensdiversclub.com\/fr\/\"},{\"@type\":\"ListItem\",\"position\":2,\"name\":\"MEET THE TEAM\"}]},{\"@type\":\"WebSite\",\"@id\":\"https:\/\/www.athensdiversclub.com\/#website\",\"url\":\"https:\/\/www.athensdiversclub.com\/\",\"name\":\"Athens Divers Club\",\"description\":\"\",\"potentialAction\":[{\"@type\":\"SearchAction\",\"target\":{\"@type\":\"EntryPoint\",\"urlTemplate\":\"https:\/\/www.athensdiversclub.com\/?s={search_term_string}\"},\"query-input\":{\"@type\":\"PropertyValueSpecification\",\"valueRequired\":true,\"valueName\":\"search_term_string\"}}],\"inLanguage\":\"fr-FR\"}]}<\/script>\n<!-- \/ Yoast SEO plugin. -->","yoast_head_json":{"title":"MEET THE TEAM - Athens Divers Club","robots":{"index":"index","follow":"follow","max-snippet":"max-snippet:-1","max-image-preview":"max-image-preview:large","max-video-preview":"max-video-preview:-1"},"canonical":"https:\/\/www.athensdiversclub.com\/fr\/meet-the-team\/","og_locale":"fr_FR","og_type":"article","og_title":"MEET THE TEAM - Athens Divers Club","og_description":"[vc_row content_width=\u00a0\u00bbgrid\u00a0\u00bb full_screen_section_height=\u00a0\u00bbno\u00a0\u00bb][vc_column][vc_empty_space height=\u00a0\u00bb60px\u00a0\u00bb][vc_column_text] Petros Quand j\u2019\u00e9tais enfant, je faisais de l\u2019apn\u00e9e dans les \u00ab&nbsp;profondeurs&nbsp;\u00bb et je me tenais \u00e0 la premi\u00e8re pierre que je trouvais, pendant autant de temps que je pouvais, \u00e9bloui par la beaut\u00e9 du grand bleu. J\u2019avais besoin d\u2019\u00eatre sous l\u2019eau!...","og_url":"https:\/\/www.athensdiversclub.com\/fr\/meet-the-team\/","og_site_name":"Athens Divers Club","article_publisher":"https:\/\/www.facebook.com\/athensdiversclub\/","article_modified_time":"2021-01-13T09:51:26+00:00","og_image":[{"url":"https:\/\/www.athensdiversclub.com\/wp-content\/uploads\/2020\/12\/39400767_10213881781291874_3186722745580781568_n-300x262.jpg","type":"","width":"","height":""}],"twitter_card":"summary_large_image","twitter_site":"@AthensDivers","twitter_misc":{"Dur\u00e9e de lecture estim\u00e9e":"3 minutes"},"schema":{"@context":"https:\/\/schema.org","@graph":[{"@type":"WebPage","@id":"https:\/\/www.athensdiversclub.com\/fr\/meet-the-team\/","url":"https:\/\/www.athensdiversclub.com\/fr\/meet-the-team\/","name":"MEET THE TEAM - Athens Divers Club","isPartOf":{"@id":"https:\/\/www.athensdiversclub.com\/#website"},"primaryImageOfPage":{"@id":"https:\/\/www.athensdiversclub.com\/fr\/meet-the-team\/#primaryimage"},"image":{"@id":"https:\/\/www.athensdiversclub.com\/fr\/meet-the-team\/#primaryimage"},"thumbnailUrl":"https:\/\/www.athensdiversclub.com\/wp-content\/uploads\/2020\/12\/39400767_10213881781291874_3186722745580781568_n-300x262.jpg","datePublished":"2017-10-17T12:30:18+00:00","dateModified":"2021-01-13T09:51:26+00:00","breadcrumb":{"@id":"https:\/\/www.athensdiversclub.com\/fr\/meet-the-team\/#breadcrumb"},"inLanguage":"fr-FR","potentialAction":[{"@type":"ReadAction","target":["https:\/\/www.athensdiversclub.com\/fr\/meet-the-team\/"]}]},{"@type":"ImageObject","inLanguage":"fr-FR","@id":"https:\/\/www.athensdiversclub.com\/fr\/meet-the-team\/#primaryimage","url":"https:\/\/www.athensdiversclub.com\/wp-content\/uploads\/2020\/12\/39400767_10213881781291874_3186722745580781568_n-300x262.jpg","contentUrl":"https:\/\/www.athensdiversclub.com\/wp-content\/uploads\/2020\/12\/39400767_10213881781291874_3186722745580781568_n-300x262.jpg"},{"@type":"BreadcrumbList","@id":"https:\/\/www.athensdiversclub.com\/fr\/meet-the-team\/#breadcrumb","itemListElement":[{"@type":"ListItem","position":1,"name":"Home","item":"https:\/\/www.athensdiversclub.com\/fr\/"},{"@type":"ListItem","position":2,"name":"MEET THE TEAM"}]},{"@type":"WebSite","@id":"https:\/\/www.athensdiversclub.com\/#website","url":"https:\/\/www.athensdiversclub.com\/","name":"Athens Divers Club","description":"","potentialAction":[{"@type":"SearchAction","target":{"@type":"EntryPoint","urlTemplate":"https:\/\/www.athensdiversclub.com\/?s={search_term_string}"},"query-input":{"@type":"PropertyValueSpecification","valueRequired":true,"valueName":"search_term_string"}}],"inLanguage":"fr-FR"}]}},"_links":{"self":[{"href":"https:\/\/www.athensdiversclub.com\/fr\/wp-json\/wp\/v2\/pages\/4357","targetHints":{"allow":["GET"]}}],"collection":[{"href":"https:\/\/www.athensdiversclub.com\/fr\/wp-json\/wp\/v2\/pages"}],"about":[{"href":"https:\/\/www.athensdiversclub.com\/fr\/wp-json\/wp\/v2\/types\/page"}],"author":[{"embeddable":true,"href":"https:\/\/www.athensdiversclub.com\/fr\/wp-json\/wp\/v2\/users\/1"}],"replies":[{"embeddable":true,"href":"https:\/\/www.athensdiversclub.com\/fr\/wp-json\/wp\/v2\/comments?post=4357"}],"version-history":[{"count":0,"href":"https:\/\/www.athensdiversclub.com\/fr\/wp-json\/wp\/v2\/pages\/4357\/revisions"}],"wp:attachment":[{"href":"https:\/\/www.athensdiversclub.com\/fr\/wp-json\/wp\/v2\/media?parent=4357"}],"curies":[{"name":"wp","href":"https:\/\/api.w.org\/{rel}","templated":true}]}}