{"id":4225,"date":"2016-12-18T12:50:52","date_gmt":"2016-12-18T10:50:52","guid":{"rendered":"http:\/\/www.athensdiversclub.com\/fr\/fun-dives-certified-divers\/"},"modified":"2021-01-19T20:41:38","modified_gmt":"2021-01-19T18:41:38","slug":"fun-dives-certified-divers","status":"publish","type":"page","link":"https:\/\/www.athensdiversclub.com\/fr\/fun-dives-certified-divers\/","title":{"rendered":"FUN DIVES (CERTIFIED DIVERS)"},"content":{"rendered":"<div class=\"wpb-content-wrapper\"><p>[vc_row full_screen_section_height=\u00a0\u00bbno\u00a0\u00bb css=\u00a0\u00bb.vc_custom_1484036404712{padding-top: 30px !important;padding-bottom: 30px !important;}\u00a0\u00bb][vc_column][vc_text_separator title=\u00a0\u00bbNotre objectif est de vous divertir un maximum avec les diff\u00e9rentes sites de plong\u00e9es dans les conditions les plus s\u00e9curis\u00e9es.\u00a0\u00bb][\/vc_column][\/vc_row][vc_row content_width=\u00a0\u00bbgrid\u00a0\u00bb full_screen_section_height=\u00a0\u00bbno\u00a0\u00bb css=\u00a0\u00bb.vc_custom_1485513660893{padding-top: 30px !important;padding-bottom: 30px !important;background-color: #fbfbfb !important;}\u00a0\u00bb][vc_column offset=\u00a0\u00bbvc_col-lg-5 vc_col-md-5&Prime;][vc_single_image image=\u00a0\u00bb7595&Prime; img_size=\u00a0\u00bbmedium\u00a0\u00bb alignment=\u00a0\u00bbcenter\u00a0\u00bb onclick=\u00a0\u00bblink_image\u00a0\u00bb]<div class=\"qodef-separator-holder clearfix  qodef-separator-center\">\n\t<div class=\"qodef-separator\" ><\/div>\n<\/div>\n[vc_single_image image=\u00a0\u00bb7607&Prime; img_size=\u00a0\u00bbmedium\u00a0\u00bb alignment=\u00a0\u00bbcenter\u00a0\u00bb onclick=\u00a0\u00bblink_image\u00a0\u00bb]<div class=\"qodef-separator-holder clearfix  qodef-separator-center\">\n\t<div class=\"qodef-separator\" ><\/div>\n<\/div>\n[vc_single_image image=\u00a0\u00bb7575&Prime; img_size=\u00a0\u00bbmedium\u00a0\u00bb alignment=\u00a0\u00bbcenter\u00a0\u00bb onclick=\u00a0\u00bblink_image\u00a0\u00bb]<div class=\"qodef-separator-holder clearfix  qodef-separator-center\">\n\t<div class=\"qodef-separator\" ><\/div>\n<\/div>\n[vc_single_image image=\u00a0\u00bb7568&Prime; img_size=\u00a0\u00bbmedium\u00a0\u00bb alignment=\u00a0\u00bbcenter\u00a0\u00bb onclick=\u00a0\u00bblink_image\u00a0\u00bb css=\u00a0\u00bb.vc_custom_1611081694331{padding-bottom: 20px !important;}\u00a0\u00bb][\/vc_column][vc_column offset=\u00a0\u00bbvc_col-lg-7 vc_col-md-7&Prime;][vc_column_text]C\u2019est la raison pour laquelle nos groupes sont constitu\u00e9s de 4 plongeurs maximum par divemaster ou par instructeur.<\/p>\n<h4>Guide de palanqu\u00e9e<\/h4>\n<p>Nous fournissons un guide de palanqu\u00e9e issu de notre \u00e9quipe internationale de professionnels afin de s\u2019assurer que les plong\u00e9es loisir soient r\u00e9alis\u00e9es dans les proc\u00e9dures de s\u00e9curit\u00e9 les plus strictes.<br \/>\nSi vous venez seul, nous vous trouverons \u00e9galement un bin\u00f4me selon votre niveau, votre exp\u00e9rience et votre confort dans l\u2019eau.<\/p>\n<h4>Sites de plong\u00e9es<\/h4>\n<p>Nous varions autant que possible les sites de plong\u00e9es surtout pour les plongeurs qui r\u00e9servent plusieurs plong\u00e9es afin de vous offrir un service personnalis\u00e9 selon votre exp\u00e9rience et vos pr\u00e9f\u00e9rences de plong\u00e9e.<\/p>\n<p><strong>Si vous \u00eates int\u00e9ress\u00e9s par certains spots de plong\u00e9e en particulier, dites-le nous et nous ferons notre maximum pour vous y emmener!<\/strong><\/p>\n<p>Athens Divers Club plonge \u00e0 cet endroit depuis des ann\u00e9es. Nos divemaster et instructeurs exp\u00e9riment\u00e9s connaissent bien ces sites, les conditions et la vie sous-marine.<\/p>\n<h4>R\u00e9server des plong\u00e9es loisir<\/h4>\n<p>Nous proposons \u00e9galement des plong\u00e9es dans des baies de sable prot\u00e9g\u00e9es offrant la profondeur id\u00e9ale pour les plongeurs d\u00e9butants.<\/p>\n<p>En g\u00e9n\u00e9ral, le bateau sort 2 \u00e0 3 fois par jour.<\/p>\n<p>Le bateau part \u00e0 10h pour une double plong\u00e9e et revient bri\u00e8vement au centre vers 12h entre la premi\u00e8re et la deuxi\u00e8me plong\u00e9e pour r\u00e9cup\u00e9rer les l\u00e8ve-tard.<br \/>\nLa plong\u00e9e de l\u2019apr\u00e8s-midi part vers 15h et revient vers 17h30.<\/p>\n<p>Toutes les plong\u00e9es ont lieu dans des endroits diff\u00e9rents, celle du matin \u00e9tant la plus \u00e9loign\u00e9e.<\/p>\n<p>Les courants sont g\u00e9n\u00e9ralement faibles dans les eaux o\u00f9 nous plongeons et la visibilit\u00e9 est parfaite.<\/p>\n<h4>Plus d\u2019information<\/h4>\n<p>N\u2019h\u00e9sitez pas \u00e0 nous contacter si vous avez besoin de plus d\u2019informations concernant nos spots de plong\u00e9e ou toute question sur nos offres.<\/p>\n<p>&nbsp;<\/p>\n<p>&nbsp;[\/vc_column_text]<div id=\"modal-trg-txt-wrap-7551\" class=\"ult-modal-input-wrapper ult-adjust-bottom-margin lets-go-diving qodef-btn qodef-btn-medium qodef-btn-outline qodef-btn-custom-hover-bg qodef-btn-custom-border-hover   \" data-keypress-control=\"keypress-control-enable\" data-overlay-control=\"overlay-control-enable\"><button  data-ultimate-target='#modal-trg-txt-wrap-7551 .btn-modal'  data-responsive-json-new='{\"font-size\":\"desktop:22px;\",\"line-height\":\"desktop:22px;\"}'  style=\"background:rgba(0,0,0,0.01);border-color:rgba(0,0,0,0.01);color:#2e9298; \" data-class-id=\"content-69d847ff3c3050-38957169\" class=\"btn-modal ult-responsive btn-primary btn-modal-lg overlay-show ult-align-center btn-id-69d847ff3c3050-38957169\" data-overlay-class=\"overlay-zoomin\">More information on Fun Dives<\/button><\/div>\n<div class=\"ult-overlay content-69d847ff3c3050-38957169 \" data-class=\"content-69d847ff3c3050-38957169\" id=\"button-click-overlay\" style=\"background:rgba(51,51,51,0.8); display:none;\">\n\t<div class=\"ult_modal ult-fade ult-container\">\n\t\t<div id=\"ult-modal-wrap-4704\" class=\"ult_modal-content ult-hide\" style=\"border-style:solid;border-width:2px;border-radius:0px;border-color:#333333;\">\n\t\t\t<div class=\"ult_modal-header\" style=\"color:#333333;border-color:#333333;\">\n\t\t\t\t<h3  data-ultimate-target='#ult-modal-wrap-4704 .ult_modal-title'  data-responsive-json-new='{\"font-size\":\"\",\"line-height\":\"\"}'  class=\"ult_modal-title ult-responsive\">More information on Fun Dives<\/h3>\n\t\t\t<\/div>\n\t\t\t<div  data-ultimate-target='#ult-modal-wrap-4704 .ult_modal-body'  data-responsive-json-new='{\"font-size\":\"\",\"line-height\":\"\"}'  class=\"ult_modal-body ult-responsive ult-html\" style=\"\">\n\t\t\t\n<div class=\"wpcf7 no-js\" id=\"wpcf7-f27-o1\" lang=\"en-US\" dir=\"ltr\" data-wpcf7-id=\"27\">\n<div class=\"screen-reader-response\"><p role=\"status\" aria-live=\"polite\" aria-atomic=\"true\"><\/p> <ul><\/ul><\/div>\n<form action=\"\/fr\/wp-json\/wp\/v2\/pages\/4225#wpcf7-f27-o1\" method=\"post\" class=\"wpcf7-form init\" aria-label=\"Contact form\" novalidate=\"novalidate\" data-status=\"init\">\n<fieldset class=\"hidden-fields-container\"><input type=\"hidden\" name=\"_wpcf7\" value=\"27\" \/><input type=\"hidden\" name=\"_wpcf7_version\" value=\"6.1.5\" \/><input type=\"hidden\" name=\"_wpcf7_locale\" value=\"en_US\" \/><input type=\"hidden\" name=\"_wpcf7_unit_tag\" value=\"wpcf7-f27-o1\" \/><input type=\"hidden\" name=\"_wpcf7_container_post\" value=\"0\" \/><input type=\"hidden\" name=\"_wpcf7_posted_data_hash\" value=\"\" \/>\n<\/fieldset>\n<p><label> Your Name (required)<br \/>\n<span class=\"wpcf7-form-control-wrap\" data-name=\"your-name\"><input size=\"40\" maxlength=\"400\" class=\"wpcf7-form-control wpcf7-text wpcf7-validates-as-required\" aria-required=\"true\" aria-invalid=\"false\" value=\"\" type=\"text\" name=\"your-name\" \/><\/span> <\/label>\n<\/p>\n<p><label> Your Email (required)<br \/>\n<span class=\"wpcf7-form-control-wrap\" data-name=\"your-email\"><input size=\"40\" maxlength=\"400\" class=\"wpcf7-form-control wpcf7-email wpcf7-validates-as-required wpcf7-text wpcf7-validates-as-email\" aria-required=\"true\" aria-invalid=\"false\" value=\"\" type=\"email\" name=\"your-email\" \/><\/span> <\/label>\n<\/p>\n<p><label> Subject<br \/>\n<span class=\"wpcf7-form-control-wrap\" data-name=\"your-subject\"><input size=\"40\" maxlength=\"400\" class=\"wpcf7-form-control wpcf7-text\" aria-invalid=\"false\" value=\"\" type=\"text\" name=\"your-subject\" \/><\/span> <\/label>\n<\/p>\n<p><label> Your Message<br \/>\n<span class=\"wpcf7-form-control-wrap\" data-name=\"your-message\"><textarea cols=\"40\" rows=\"10\" maxlength=\"2000\" class=\"wpcf7-form-control wpcf7-textarea\" aria-invalid=\"false\" name=\"your-message\"><\/textarea><\/span> <\/label>\n<\/p>\n<p>[wpgdprc \"By using this form you agree with the storage and handling of your data by this website.\"]\n<\/p>\n<p><input class=\"wpcf7-form-control wpcf7-submit has-spinner\" type=\"submit\" value=\"Send\" \/>\n<\/p><p style=\"display: none !important;\" class=\"akismet-fields-container\" data-prefix=\"_wpcf7_ak_\"><label>&#916;<textarea name=\"_wpcf7_ak_hp_textarea\" cols=\"45\" rows=\"8\" maxlength=\"100\"><\/textarea><\/label><input type=\"hidden\" id=\"ak_js_1\" name=\"_wpcf7_ak_js\" value=\"148\"\/><script>document.getElementById( \"ak_js_1\" ).setAttribute( \"value\", ( new Date() ).getTime() );<\/script><\/p><div class=\"wpcf7-response-output\" aria-hidden=\"true\"><\/div>\n<\/form>\n<\/div>\n\n\t\t\t<\/div>\n\t<\/div>\n\t<\/div>\n\t<div class=\"ult-overlay-close top-right\" style=\" \"><div class=\"ult-overlay-close-inside\">Close<\/div><\/div>\n<\/div>[\/vc_column][\/vc_row]<\/p>\n<\/div>","protected":false},"excerpt":{"rendered":"<p>[vc_row full_screen_section_height=\u00a0\u00bbno\u00a0\u00bb css=\u00a0\u00bb.vc_custom_1484036404712{padding-top: 30px !important;padding-bottom: 30px !important;}\u00a0\u00bb][vc_column][vc_text_separator title=\u00a0\u00bbNotre objectif est de vous divertir un maximum avec les diff\u00e9rentes sites de plong\u00e9es dans les conditions les plus s\u00e9curis\u00e9es.\u00a0\u00bb][\/vc_column][\/vc_row][vc_row content_width=\u00a0\u00bbgrid\u00a0\u00bb full_screen_section_height=\u00a0\u00bbno\u00a0\u00bb css=\u00a0\u00bb.vc_custom_1485513660893{padding-top: 30px !important;padding-bottom: 30px !important;background-color: #fbfbfb !important;}\u00a0\u00bb][vc_column offset=\u00a0\u00bbvc_col-lg-5 vc_col-md-5&Prime;][vc_single_image image=\u00a0\u00bb7595&Prime; img_size=\u00a0\u00bbmedium\u00a0\u00bb alignment=\u00a0\u00bbcenter\u00a0\u00bb onclick=\u00a0\u00bblink_image\u00a0\u00bb][vc_single_image image=\u00a0\u00bb7607&Prime; img_size=\u00a0\u00bbmedium\u00a0\u00bb alignment=\u00a0\u00bbcenter\u00a0\u00bb&#8230;<\/p>\n","protected":false},"author":1,"featured_media":7508,"parent":0,"menu_order":0,"comment_status":"closed","ping_status":"closed","template":"","meta":{"footnotes":""},"class_list":["post-4225","page","type-page","status-publish","has-post-thumbnail","hentry"],"yoast_head":"<!-- This site is optimized with the Yoast SEO plugin v27.0 - https:\/\/yoast.com\/product\/yoast-seo-wordpress\/ -->\n<title>FUN DIVES (CERTIFIED DIVERS) - Athens Divers Club<\/title>\n<meta name=\"description\" content=\"Nous fournissons un guide de palanqu\u00e9e issu de notre \u00e9quipe internationale de professionnels afin de s\u2019assurer que les plong\u00e9es loisir soient r\u00e9alis\u00e9es dans les proc\u00e9dures de s\u00e9curit\u00e9 les plus strictes.\" \/>\n<meta name=\"robots\" content=\"index, follow, max-snippet:-1, max-image-preview:large, max-video-preview:-1\" \/>\n<link rel=\"canonical\" href=\"https:\/\/www.athensdiversclub.com\/fr\/fun-dives-certified-divers\/\" \/>\n<meta property=\"og:locale\" content=\"fr_FR\" \/>\n<meta property=\"og:type\" content=\"article\" \/>\n<meta property=\"og:title\" content=\"FUN DIVES (CERTIFIED DIVERS) - Athens Divers Club\" \/>\n<meta property=\"og:description\" content=\"Nous fournissons un guide de palanqu\u00e9e issu de notre \u00e9quipe internationale de professionnels afin de s\u2019assurer que les plong\u00e9es loisir soient r\u00e9alis\u00e9es dans les proc\u00e9dures de s\u00e9curit\u00e9 les plus strictes.\" \/>\n<meta property=\"og:url\" content=\"https:\/\/www.athensdiversclub.com\/fr\/fun-dives-certified-divers\/\" \/>\n<meta property=\"og:site_name\" content=\"Athens Divers Club\" \/>\n<meta property=\"article:publisher\" content=\"https:\/\/www.facebook.com\/athensdiversclub\/\" \/>\n<meta property=\"article:modified_time\" content=\"2021-01-19T18:41:38+00:00\" \/>\n<meta property=\"og:image\" content=\"https:\/\/www.athensdiversclub.com\/wp-content\/uploads\/2021\/01\/GOPR0172.jpg\" \/>\n\t<meta property=\"og:image:width\" content=\"2560\" \/>\n\t<meta property=\"og:image:height\" content=\"1776\" \/>\n\t<meta property=\"og:image:type\" content=\"image\/jpeg\" \/>\n<meta name=\"twitter:card\" content=\"summary_large_image\" \/>\n<meta name=\"twitter:site\" content=\"@AthensDivers\" \/>\n<meta name=\"twitter:label1\" content=\"Dur\u00e9e de lecture estim\u00e9e\" \/>\n\t<meta name=\"twitter:data1\" content=\"2 minutes\" \/>\n<script type=\"application\/ld+json\" class=\"yoast-schema-graph\">{\"@context\":\"https:\/\/schema.org\",\"@graph\":[{\"@type\":\"WebPage\",\"@id\":\"https:\/\/www.athensdiversclub.com\/fr\/fun-dives-certified-divers\/\",\"url\":\"https:\/\/www.athensdiversclub.com\/fr\/fun-dives-certified-divers\/\",\"name\":\"FUN DIVES (CERTIFIED DIVERS) - Athens Divers Club\",\"isPartOf\":{\"@id\":\"https:\/\/www.athensdiversclub.com\/#website\"},\"primaryImageOfPage\":{\"@id\":\"https:\/\/www.athensdiversclub.com\/fr\/fun-dives-certified-divers\/#primaryimage\"},\"image\":{\"@id\":\"https:\/\/www.athensdiversclub.com\/fr\/fun-dives-certified-divers\/#primaryimage\"},\"thumbnailUrl\":\"https:\/\/www.athensdiversclub.com\/wp-content\/uploads\/2021\/01\/GOPR0172.jpg\",\"datePublished\":\"2016-12-18T10:50:52+00:00\",\"dateModified\":\"2021-01-19T18:41:38+00:00\",\"description\":\"Nous fournissons un guide de palanqu\u00e9e issu de notre \u00e9quipe internationale de professionnels afin de s\u2019assurer que les plong\u00e9es loisir soient r\u00e9alis\u00e9es dans les proc\u00e9dures de s\u00e9curit\u00e9 les plus strictes.\",\"breadcrumb\":{\"@id\":\"https:\/\/www.athensdiversclub.com\/fr\/fun-dives-certified-divers\/#breadcrumb\"},\"inLanguage\":\"fr-FR\",\"potentialAction\":[{\"@type\":\"ReadAction\",\"target\":[\"https:\/\/www.athensdiversclub.com\/fr\/fun-dives-certified-divers\/\"]}]},{\"@type\":\"ImageObject\",\"inLanguage\":\"fr-FR\",\"@id\":\"https:\/\/www.athensdiversclub.com\/fr\/fun-dives-certified-divers\/#primaryimage\",\"url\":\"https:\/\/www.athensdiversclub.com\/wp-content\/uploads\/2021\/01\/GOPR0172.jpg\",\"contentUrl\":\"https:\/\/www.athensdiversclub.com\/wp-content\/uploads\/2021\/01\/GOPR0172.jpg\",\"width\":2560,\"height\":1776,\"caption\":\"DCIM100GOPROGOPR0172.\"},{\"@type\":\"BreadcrumbList\",\"@id\":\"https:\/\/www.athensdiversclub.com\/fr\/fun-dives-certified-divers\/#breadcrumb\",\"itemListElement\":[{\"@type\":\"ListItem\",\"position\":1,\"name\":\"Home\",\"item\":\"https:\/\/www.athensdiversclub.com\/fr\/\"},{\"@type\":\"ListItem\",\"position\":2,\"name\":\"FUN DIVES (CERTIFIED DIVERS)\"}]},{\"@type\":\"WebSite\",\"@id\":\"https:\/\/www.athensdiversclub.com\/#website\",\"url\":\"https:\/\/www.athensdiversclub.com\/\",\"name\":\"Athens Divers Club\",\"description\":\"\",\"potentialAction\":[{\"@type\":\"SearchAction\",\"target\":{\"@type\":\"EntryPoint\",\"urlTemplate\":\"https:\/\/www.athensdiversclub.com\/?s={search_term_string}\"},\"query-input\":{\"@type\":\"PropertyValueSpecification\",\"valueRequired\":true,\"valueName\":\"search_term_string\"}}],\"inLanguage\":\"fr-FR\"}]}<\/script>\n<!-- \/ Yoast SEO plugin. -->","yoast_head_json":{"title":"FUN DIVES (CERTIFIED DIVERS) - Athens Divers Club","description":"Nous fournissons un guide de palanqu\u00e9e issu de notre \u00e9quipe internationale de professionnels afin de s\u2019assurer que les plong\u00e9es loisir soient r\u00e9alis\u00e9es dans les proc\u00e9dures de s\u00e9curit\u00e9 les plus strictes.","robots":{"index":"index","follow":"follow","max-snippet":"max-snippet:-1","max-image-preview":"max-image-preview:large","max-video-preview":"max-video-preview:-1"},"canonical":"https:\/\/www.athensdiversclub.com\/fr\/fun-dives-certified-divers\/","og_locale":"fr_FR","og_type":"article","og_title":"FUN DIVES (CERTIFIED DIVERS) - Athens Divers Club","og_description":"Nous fournissons un guide de palanqu\u00e9e issu de notre \u00e9quipe internationale de professionnels afin de s\u2019assurer que les plong\u00e9es loisir soient r\u00e9alis\u00e9es dans les proc\u00e9dures de s\u00e9curit\u00e9 les plus strictes.","og_url":"https:\/\/www.athensdiversclub.com\/fr\/fun-dives-certified-divers\/","og_site_name":"Athens Divers Club","article_publisher":"https:\/\/www.facebook.com\/athensdiversclub\/","article_modified_time":"2021-01-19T18:41:38+00:00","og_image":[{"width":2560,"height":1776,"url":"https:\/\/www.athensdiversclub.com\/wp-content\/uploads\/2021\/01\/GOPR0172.jpg","type":"image\/jpeg"}],"twitter_card":"summary_large_image","twitter_site":"@AthensDivers","twitter_misc":{"Dur\u00e9e de lecture estim\u00e9e":"2 minutes"},"schema":{"@context":"https:\/\/schema.org","@graph":[{"@type":"WebPage","@id":"https:\/\/www.athensdiversclub.com\/fr\/fun-dives-certified-divers\/","url":"https:\/\/www.athensdiversclub.com\/fr\/fun-dives-certified-divers\/","name":"FUN DIVES (CERTIFIED DIVERS) - Athens Divers Club","isPartOf":{"@id":"https:\/\/www.athensdiversclub.com\/#website"},"primaryImageOfPage":{"@id":"https:\/\/www.athensdiversclub.com\/fr\/fun-dives-certified-divers\/#primaryimage"},"image":{"@id":"https:\/\/www.athensdiversclub.com\/fr\/fun-dives-certified-divers\/#primaryimage"},"thumbnailUrl":"https:\/\/www.athensdiversclub.com\/wp-content\/uploads\/2021\/01\/GOPR0172.jpg","datePublished":"2016-12-18T10:50:52+00:00","dateModified":"2021-01-19T18:41:38+00:00","description":"Nous fournissons un guide de palanqu\u00e9e issu de notre \u00e9quipe internationale de professionnels afin de s\u2019assurer que les plong\u00e9es loisir soient r\u00e9alis\u00e9es dans les proc\u00e9dures de s\u00e9curit\u00e9 les plus strictes.","breadcrumb":{"@id":"https:\/\/www.athensdiversclub.com\/fr\/fun-dives-certified-divers\/#breadcrumb"},"inLanguage":"fr-FR","potentialAction":[{"@type":"ReadAction","target":["https:\/\/www.athensdiversclub.com\/fr\/fun-dives-certified-divers\/"]}]},{"@type":"ImageObject","inLanguage":"fr-FR","@id":"https:\/\/www.athensdiversclub.com\/fr\/fun-dives-certified-divers\/#primaryimage","url":"https:\/\/www.athensdiversclub.com\/wp-content\/uploads\/2021\/01\/GOPR0172.jpg","contentUrl":"https:\/\/www.athensdiversclub.com\/wp-content\/uploads\/2021\/01\/GOPR0172.jpg","width":2560,"height":1776,"caption":"DCIM100GOPROGOPR0172."},{"@type":"BreadcrumbList","@id":"https:\/\/www.athensdiversclub.com\/fr\/fun-dives-certified-divers\/#breadcrumb","itemListElement":[{"@type":"ListItem","position":1,"name":"Home","item":"https:\/\/www.athensdiversclub.com\/fr\/"},{"@type":"ListItem","position":2,"name":"FUN DIVES (CERTIFIED DIVERS)"}]},{"@type":"WebSite","@id":"https:\/\/www.athensdiversclub.com\/#website","url":"https:\/\/www.athensdiversclub.com\/","name":"Athens Divers Club","description":"","potentialAction":[{"@type":"SearchAction","target":{"@type":"EntryPoint","urlTemplate":"https:\/\/www.athensdiversclub.com\/?s={search_term_string}"},"query-input":{"@type":"PropertyValueSpecification","valueRequired":true,"valueName":"search_term_string"}}],"inLanguage":"fr-FR"}]}},"_links":{"self":[{"href":"https:\/\/www.athensdiversclub.com\/fr\/wp-json\/wp\/v2\/pages\/4225","targetHints":{"allow":["GET"]}}],"collection":[{"href":"https:\/\/www.athensdiversclub.com\/fr\/wp-json\/wp\/v2\/pages"}],"about":[{"href":"https:\/\/www.athensdiversclub.com\/fr\/wp-json\/wp\/v2\/types\/page"}],"author":[{"embeddable":true,"href":"https:\/\/www.athensdiversclub.com\/fr\/wp-json\/wp\/v2\/users\/1"}],"replies":[{"embeddable":true,"href":"https:\/\/www.athensdiversclub.com\/fr\/wp-json\/wp\/v2\/comments?post=4225"}],"version-history":[{"count":0,"href":"https:\/\/www.athensdiversclub.com\/fr\/wp-json\/wp\/v2\/pages\/4225\/revisions"}],"wp:featuredmedia":[{"embeddable":true,"href":"https:\/\/www.athensdiversclub.com\/fr\/wp-json\/wp\/v2\/media\/7508"}],"wp:attachment":[{"href":"https:\/\/www.athensdiversclub.com\/fr\/wp-json\/wp\/v2\/media?parent=4225"}],"curies":[{"name":"wp","href":"https:\/\/api.w.org\/{rel}","templated":true}]}}