{"id":4222,"date":"2016-12-18T12:29:07","date_gmt":"2016-12-18T10:29:07","guid":{"rendered":"http:\/\/www.athensdiversclub.com\/fr\/scuba-diver-sd\/"},"modified":"2022-09-07T17:54:23","modified_gmt":"2022-09-07T14:54:23","slug":"scuba-diver-sd","status":"publish","type":"page","link":"https:\/\/www.athensdiversclub.com\/fr\/scuba-diver-sd\/","title":{"rendered":"Scuba Diver (SD)"},"content":{"rendered":"<div class=\"wpb-content-wrapper\"><p>[vc_row content_width=\u00a0\u00bbgrid\u00a0\u00bb full_screen_section_height=\u00a0\u00bbno\u00a0\u00bb][vc_column css=\u00a0\u00bb.vc_custom_1489913201015{border-top-width: 0px !important;border-right-width: 0px !important;border-bottom-width: 2px !important;border-left-width: 0px !important;border-left-color: #dddddd !important;border-left-style: solid !important;border-right-color: #dddddd !important;border-right-style: solid !important;border-top-color: #dddddd !important;border-top-style: solid !important;border-bottom-color: #dddddd !important;border-bottom-style: solid !important;}\u00a0\u00bb][vc_row_inner full_screen_section_height=\u00a0\u00bbno\u00a0\u00bb][vc_column_inner el_class=\u00a0\u00bbexpand-left\u00a0\u00bb width=\u00a0\u00bb1\/3&Prime;][vc_empty_space]<div id=\"ultimate-heading-717269d847d8a14b4\" class=\"uvc-heading ult-adjust-bottom-margin ultimate-heading-717269d847d8a14b4 uvc-8335 \" data-hspacer=\"no_spacer\"  data-halign=\"center\" style=\"text-align:center\"><div class=\"uvc-heading-spacer no_spacer\" style=\"top\"><\/div><div class=\"uvc-main-heading ult-responsive\"  data-ultimate-target='.uvc-heading.ultimate-heading-717269d847d8a14b4 h2'  data-responsive-json-new='{\"font-size\":\"\",\"line-height\":\"\"}' ><h2 style=\"font-weight:normal;\">Scuba Diver (SD)<\/h2><\/div><\/div>[vc_empty_space]<div id=\"modal-trg-txt-wrap-8688\" class=\"ult-modal-input-wrapper ult-adjust-bottom-margin lets-go-diving qodef-btn qodef-btn-medium qodef-btn-outline qodef-btn-custom-hover-bg qodef-btn-custom-border-hover   \" data-keypress-control=\"keypress-control-enable\" data-overlay-control=\"overlay-control-enable\"><button  data-ultimate-target='#modal-trg-txt-wrap-8688 .btn-modal'  data-responsive-json-new='{\"font-size\":\"desktop:18px;\",\"line-height\":\"desktop:18px;\"}'  style=\"background:rgba(0,0,0,0.01);border-color:rgba(0,0,0,0.01);color:#2e9298; \" data-class-id=\"content-69d847d8a151c6-28563692\" class=\"btn-modal ult-responsive btn-primary btn-modal-lg overlay-show .expand-deep-modal-button  ult-align-center btn-id-69d847d8a151c6-28563692\" data-overlay-class=\"overlay-zoomin\">Become a Scuba Diver<\/button><\/div>\n<div class=\"ult-overlay content-69d847d8a151c6-28563692 .expand-deep-modal\" data-class=\"content-69d847d8a151c6-28563692\" id=\"button-click-overlay\" style=\"background:rgba(51,51,51,0.8); display:none;\">\n\t<div class=\"ult_modal ult-fade ult-medium\">\n\t\t<div id=\"ult-modal-wrap-6573\" class=\"ult_modal-content ult-hide\" style=\"border-style:solid;border-width:2px;border-radius:0px;border-color:#333333;\">\n\t\t\t<div class=\"ult_modal-header\" style=\"color:#333333;border-color:#333333;\">\n\t\t\t\t<h3  data-ultimate-target='#ult-modal-wrap-6573 .ult_modal-title'  data-responsive-json-new='{\"font-size\":\"\",\"line-height\":\"\"}'  class=\"ult_modal-title ult-responsive\">Become a Scuba Diver<\/h3>\n\t\t\t<\/div>\n\t\t\t<div  data-ultimate-target='#ult-modal-wrap-6573 .ult_modal-body'  data-responsive-json-new='{\"font-size\":\"\",\"line-height\":\"\"}'  class=\"ult_modal-body ult-responsive ult-html\" style=\"\">\n\t\t\t\n<div class=\"wpcf7 no-js\" id=\"wpcf7-f27-o1\" lang=\"en-US\" dir=\"ltr\" data-wpcf7-id=\"27\">\n<div class=\"screen-reader-response\"><p role=\"status\" aria-live=\"polite\" aria-atomic=\"true\"><\/p> <ul><\/ul><\/div>\n<form action=\"\/fr\/wp-json\/wp\/v2\/pages\/4222#wpcf7-f27-o1\" method=\"post\" class=\"wpcf7-form init\" aria-label=\"Contact form\" novalidate=\"novalidate\" data-status=\"init\">\n<fieldset class=\"hidden-fields-container\"><input type=\"hidden\" name=\"_wpcf7\" value=\"27\" \/><input type=\"hidden\" name=\"_wpcf7_version\" value=\"6.1.5\" \/><input type=\"hidden\" name=\"_wpcf7_locale\" value=\"en_US\" \/><input type=\"hidden\" name=\"_wpcf7_unit_tag\" value=\"wpcf7-f27-o1\" \/><input type=\"hidden\" name=\"_wpcf7_container_post\" value=\"0\" \/><input type=\"hidden\" name=\"_wpcf7_posted_data_hash\" value=\"\" \/>\n<\/fieldset>\n<p><label> Your Name (required)<br \/>\n<span class=\"wpcf7-form-control-wrap\" data-name=\"your-name\"><input size=\"40\" maxlength=\"400\" class=\"wpcf7-form-control wpcf7-text wpcf7-validates-as-required\" aria-required=\"true\" aria-invalid=\"false\" value=\"\" type=\"text\" name=\"your-name\" \/><\/span> <\/label>\n<\/p>\n<p><label> Your Email (required)<br \/>\n<span class=\"wpcf7-form-control-wrap\" data-name=\"your-email\"><input size=\"40\" maxlength=\"400\" class=\"wpcf7-form-control wpcf7-email wpcf7-validates-as-required wpcf7-text wpcf7-validates-as-email\" aria-required=\"true\" aria-invalid=\"false\" value=\"\" type=\"email\" name=\"your-email\" \/><\/span> <\/label>\n<\/p>\n<p><label> Subject<br \/>\n<span class=\"wpcf7-form-control-wrap\" data-name=\"your-subject\"><input size=\"40\" maxlength=\"400\" class=\"wpcf7-form-control wpcf7-text\" aria-invalid=\"false\" value=\"\" type=\"text\" name=\"your-subject\" \/><\/span> <\/label>\n<\/p>\n<p><label> Your Message<br \/>\n<span class=\"wpcf7-form-control-wrap\" data-name=\"your-message\"><textarea cols=\"40\" rows=\"10\" maxlength=\"2000\" class=\"wpcf7-form-control wpcf7-textarea\" aria-invalid=\"false\" name=\"your-message\"><\/textarea><\/span> <\/label>\n<\/p>\n<p>[wpgdprc \"By using this form you agree with the storage and handling of your data by this website.\"]\n<\/p>\n<p><input class=\"wpcf7-form-control wpcf7-submit has-spinner\" type=\"submit\" value=\"Send\" \/>\n<\/p><p style=\"display: none !important;\" class=\"akismet-fields-container\" data-prefix=\"_wpcf7_ak_\"><label>&#916;<textarea name=\"_wpcf7_ak_hp_textarea\" cols=\"45\" rows=\"8\" maxlength=\"100\"><\/textarea><\/label><input type=\"hidden\" id=\"ak_js_1\" name=\"_wpcf7_ak_js\" value=\"216\"\/><script>document.getElementById( \"ak_js_1\" ).setAttribute( \"value\", ( new Date() ).getTime() );<\/script><\/p><div class=\"wpcf7-response-output\" aria-hidden=\"true\"><\/div>\n<\/form>\n<\/div>\n\n\t\t\t<\/div>\n\t<\/div>\n\t<\/div>\n\t<div class=\"ult-overlay-close top-right\" style=\" \"><div class=\"ult-overlay-close-inside\">Close<\/div><\/div>\n<\/div>[\/vc_column_inner][vc_column_inner width=\u00a0\u00bb2\/3&Prime;][vc_column_text]<\/p>\n<div class=\"wpb_text_column wpb_content_element \">\n<div class=\"wpb_wrapper\">\n<h4>\u00cates-vous pr\u00eat \u00e0 devenir un Scuba Diver PADI?<\/h4>\n<p>Le cours PADI Scuba Diver est un sous-ensemble du cours Open Water PADI. Si vous n\u2019avez que peu de temps mais que vous voulez vraiment devenir plongeur, le PADI Scuba Diver est fait pour vous surtout si vous voulez aller plonger avec un guide de palanqu\u00e9e. Ce cours est une \u00e9tape interm\u00e9diaire pour l\u2019obtention du dipl\u00f4me Open Water si c\u2019est votre objectif final.<br \/>\nLes Scuba Divers PADI peuvent:<\/p>\n<ul>\n<li>Plonger sous la supervision directe d\u2019un professionnel PADI \u00e0 une profondeur maximum de 12 m\u00e8tres \/ 40 pieds.<\/li>\n<li>Faire remplir leur bouteille, louer ou acheter de l\u2019\u00e9quipement de plong\u00e9e et participer \u00e0 des activit\u00e9s de plong\u00e9e sous la surveillance d\u2019un professionnel.<\/li>\n<li>Continuer leur formation de plong\u00e9e en obtenant le dipl\u00f4me PADI Open water et suivre plusieurs sp\u00e9cialit\u00e9s.<\/li>\n<\/ul>\n<p>Pour s\u2019inscrire \u00e0 un cours Scuba Diver PADI (ou un cours Junior Scuba Diver) il faut \u00eatre \u00e2g\u00e9 d\u2019au moins 10 ans. Vous devez savoir nager et \u00eatre en bonne condition physique. Aucune exp\u00e9rience pr\u00e9alable de plong\u00e9e n\u2019est n\u00e9cessaire, mais vous pouvez d\u2019abord essayer en faisant un bapt\u00eame (Discover Scuba Diving).<\/p>\n<\/div>\n<\/div>\n<p>[\/vc_column_text]<div id=\"ultimate-heading-979069d847d8a2ddc\" class=\"uvc-heading ult-adjust-bottom-margin ultimate-heading-979069d847d8a2ddc uvc-4888 \" data-hspacer=\"no_spacer\"  data-halign=\"left\" style=\"text-align:left\"><div class=\"uvc-heading-spacer no_spacer\" style=\"top\"><\/div><div class=\"uvc-main-heading ult-responsive\"  data-ultimate-target='.uvc-heading.ultimate-heading-979069d847d8a2ddc h4'  data-responsive-json-new='{\"font-size\":\"\",\"line-height\":\"\"}' ><h4 style=\"font-weight:normal;margin-top:20px;\">Que comprend ce cours?<\/h4><\/div><\/div>[vc_column_text]Le cours Scuba Diver PADI comprend trois phases principales:<\/p>\n<ul>\n<li>D\u00e9veloppement des connaissances (en ligne, apprentissage individuel ou dans une classe) afin de comprendre les principes de base de la plong\u00e9e, les trois premi\u00e8res des cinq chapitres du cours Open Water.<\/li>\n<li>Plong\u00e9es en milieu prot\u00e9g\u00e9 afin d\u2019apprendre les bases de la plong\u00e9e, trois des cinq plong\u00e9es du cours Open Water.<\/li>\n<li>Plong\u00e9es en milieu naturel, deux des quatre plong\u00e9es du cours Open Water.<\/li>\n<\/ul>\n<p>[\/vc_column_text]<div id=\"ultimate-heading-575469d847d8a2e1d\" class=\"uvc-heading ult-adjust-bottom-margin ultimate-heading-575469d847d8a2e1d uvc-8003 \" data-hspacer=\"no_spacer\"  data-halign=\"left\" style=\"text-align:left\"><div class=\"uvc-heading-spacer no_spacer\" style=\"top\"><\/div><div class=\"uvc-main-heading ult-responsive\"  data-ultimate-target='.uvc-heading.ultimate-heading-575469d847d8a2e1d h4'  data-responsive-json-new='{\"font-size\":\"\",\"line-height\":\"\"}' ><h4 style=\"font-weight:normal;margin-top:20px;\">Comment commencer d\u00e8s maintenant?<\/h4><\/div><\/div>[vc_column_text]Commencez par vous inscrire au cours en ligne Open Water, l\u2019option eLearning PADI. Le syst\u00e8me en ligne vous donne les comp\u00e9tences n\u00e9cessaires pour plonger en toute s\u00e9curit\u00e9 et vous permet d\u2019\u00e9tudier chez vous gr\u00e2ce \u00e0 un programme interactif, facile \u00e0 utiliser. Vous devez terminer les trois premiers chapitres, mais vous avez un an pour finir le programme entier si vous souhaitez obtenir le dipl\u00f4me Open Water PADI.<br \/>\nVous pouvez choisir d\u2019autres mat\u00e9riels pour \u00e9tudier \u00e0 la maison comme leOpen Water Diver TouchTM (application pour tablette) et le Open Water Diver Manual et le Open Water Diver Video (livre+DVD).<br \/>\nN\u2019h\u00e9sitez pas \u00e0 nous contacter pour plus d\u2019informations, achetez le mat\u00e9riel et commencez \u00e0 lire le livre et \u00e0 regarder la vid\u00e9o. Nous entrerons en contact avec vous pour programmer des sessions de r\u00e9visions et des plong\u00e9es en milieu naturel et en milieu prot\u00e9g\u00e9.[\/vc_column_text]<div id=\"ultimate-heading-986469d847d8a2e56\" class=\"uvc-heading ult-adjust-bottom-margin ultimate-heading-986469d847d8a2e56 uvc-6563 \" data-hspacer=\"no_spacer\"  data-halign=\"left\" style=\"text-align:left\"><div class=\"uvc-heading-spacer no_spacer\" style=\"top\"><\/div><div class=\"uvc-main-heading ult-responsive\"  data-ultimate-target='.uvc-heading.ultimate-heading-986469d847d8a2e56 h4'  data-responsive-json-new='{\"font-size\":\"\",\"line-height\":\"\"}' ><h4 style=\"font-weight:normal;margin-top:20px;\">Quel \u00e9quipement de plong\u00e9e allez-vous utiliser?<\/h4><\/div><\/div>[vc_column_text]Vous apprendrez \u00e0 utiliser l\u2019\u00e9quipement de plong\u00e9e dont le masque, le tuba, les palmes, le d\u00e9tendeur, le gilet stabilisateur et la bouteille.[\/vc_column_text][vc_empty_space][\/vc_column_inner][\/vc_row_inner][\/vc_column][\/vc_row]<\/p>\n<\/div>","protected":false},"excerpt":{"rendered":"<p>[vc_row content_width=\u00a0\u00bbgrid\u00a0\u00bb full_screen_section_height=\u00a0\u00bbno\u00a0\u00bb][vc_column css=\u00a0\u00bb.vc_custom_1489913201015{border-top-width: 0px !important;border-right-width: 0px !important;border-bottom-width: 2px !important;border-left-width: 0px !important;border-left-color: #dddddd !important;border-left-style: solid !important;border-right-color: #dddddd !important;border-right-style: solid !important;border-top-color: #dddddd !important;border-top-style: solid !important;border-bottom-color: #dddddd !important;border-bottom-style: solid !important;}\u00a0\u00bb][vc_row_inner full_screen_section_height=\u00a0\u00bbno\u00a0\u00bb][vc_column_inner el_class=\u00a0\u00bbexpand-left\u00a0\u00bb width=\u00a0\u00bb1\/3&Prime;][vc_empty_space][vc_empty_space][\/vc_column_inner][vc_column_inner width=\u00a0\u00bb2\/3&Prime;][vc_column_text] \u00cates-vous pr\u00eat \u00e0 devenir un Scuba Diver PADI? Le cours PADI Scuba Diver&#8230;<\/p>\n","protected":false},"author":1,"featured_media":0,"parent":0,"menu_order":0,"comment_status":"closed","ping_status":"closed","template":"full-width.php","meta":{"footnotes":""},"class_list":["post-4222","page","type-page","status-publish","hentry"],"yoast_head":"<!-- This site is optimized with the Yoast SEO plugin v27.0 - https:\/\/yoast.com\/product\/yoast-seo-wordpress\/ -->\n<title>Scuba Diver (SD) - Athens Divers Club<\/title>\n<meta name=\"description\" content=\"Le cours PADI Scuba Diver est un sous-ensemble du cours Open Water PADI. Si vous n\u2019avez que peu de temps mais que vous voulez vraiment devenir plongeur, le PADI Scuba Diver est fait pour vous surtout si vous voulez aller plonger avec un guide de palanqu\u00e9e. Ce cours est une \u00e9tape interm\u00e9diaire pour l\u2019obtention du dipl\u00f4me Open Water si c\u2019est votre objectif final.\" \/>\n<meta name=\"robots\" content=\"index, follow, max-snippet:-1, max-image-preview:large, max-video-preview:-1\" \/>\n<link rel=\"canonical\" href=\"https:\/\/www.athensdiversclub.com\/fr\/scuba-diver-sd\/\" \/>\n<meta property=\"og:locale\" content=\"fr_FR\" \/>\n<meta property=\"og:type\" content=\"article\" \/>\n<meta property=\"og:title\" content=\"Scuba Diver (SD) - Athens Divers Club\" \/>\n<meta property=\"og:description\" content=\"Le cours PADI Scuba Diver est un sous-ensemble du cours Open Water PADI. Si vous n\u2019avez que peu de temps mais que vous voulez vraiment devenir plongeur, le PADI Scuba Diver est fait pour vous surtout si vous voulez aller plonger avec un guide de palanqu\u00e9e. Ce cours est une \u00e9tape interm\u00e9diaire pour l\u2019obtention du dipl\u00f4me Open Water si c\u2019est votre objectif final.\" \/>\n<meta property=\"og:url\" content=\"https:\/\/www.athensdiversclub.com\/fr\/scuba-diver-sd\/\" \/>\n<meta property=\"og:site_name\" content=\"Athens Divers Club\" \/>\n<meta property=\"article:publisher\" content=\"https:\/\/www.facebook.com\/athensdiversclub\/\" \/>\n<meta property=\"article:modified_time\" content=\"2022-09-07T14:54:23+00:00\" \/>\n<meta name=\"twitter:card\" content=\"summary_large_image\" \/>\n<meta name=\"twitter:site\" content=\"@AthensDivers\" \/>\n<meta name=\"twitter:label1\" content=\"Dur\u00e9e de lecture estim\u00e9e\" \/>\n\t<meta name=\"twitter:data1\" content=\"3 minutes\" \/>\n<script type=\"application\/ld+json\" class=\"yoast-schema-graph\">{\"@context\":\"https:\/\/schema.org\",\"@graph\":[{\"@type\":\"WebPage\",\"@id\":\"https:\/\/www.athensdiversclub.com\/fr\/scuba-diver-sd\/\",\"url\":\"https:\/\/www.athensdiversclub.com\/fr\/scuba-diver-sd\/\",\"name\":\"Scuba Diver (SD) - Athens Divers Club\",\"isPartOf\":{\"@id\":\"https:\/\/www.athensdiversclub.com\/#website\"},\"datePublished\":\"2016-12-18T10:29:07+00:00\",\"dateModified\":\"2022-09-07T14:54:23+00:00\",\"description\":\"Le cours PADI Scuba Diver est un sous-ensemble du cours Open Water PADI. Si vous n\u2019avez que peu de temps mais que vous voulez vraiment devenir plongeur, le PADI Scuba Diver est fait pour vous surtout si vous voulez aller plonger avec un guide de palanqu\u00e9e. Ce cours est une \u00e9tape interm\u00e9diaire pour l\u2019obtention du dipl\u00f4me Open Water si c\u2019est votre objectif final.\",\"breadcrumb\":{\"@id\":\"https:\/\/www.athensdiversclub.com\/fr\/scuba-diver-sd\/#breadcrumb\"},\"inLanguage\":\"fr-FR\",\"potentialAction\":[{\"@type\":\"ReadAction\",\"target\":[\"https:\/\/www.athensdiversclub.com\/fr\/scuba-diver-sd\/\"]}]},{\"@type\":\"BreadcrumbList\",\"@id\":\"https:\/\/www.athensdiversclub.com\/fr\/scuba-diver-sd\/#breadcrumb\",\"itemListElement\":[{\"@type\":\"ListItem\",\"position\":1,\"name\":\"Home\",\"item\":\"https:\/\/www.athensdiversclub.com\/fr\/\"},{\"@type\":\"ListItem\",\"position\":2,\"name\":\"Scuba Diver (SD)\"}]},{\"@type\":\"WebSite\",\"@id\":\"https:\/\/www.athensdiversclub.com\/#website\",\"url\":\"https:\/\/www.athensdiversclub.com\/\",\"name\":\"Athens Divers Club\",\"description\":\"\",\"potentialAction\":[{\"@type\":\"SearchAction\",\"target\":{\"@type\":\"EntryPoint\",\"urlTemplate\":\"https:\/\/www.athensdiversclub.com\/?s={search_term_string}\"},\"query-input\":{\"@type\":\"PropertyValueSpecification\",\"valueRequired\":true,\"valueName\":\"search_term_string\"}}],\"inLanguage\":\"fr-FR\"}]}<\/script>\n<!-- \/ Yoast SEO plugin. -->","yoast_head_json":{"title":"Scuba Diver (SD) - Athens Divers Club","description":"Le cours PADI Scuba Diver est un sous-ensemble du cours Open Water PADI. Si vous n\u2019avez que peu de temps mais que vous voulez vraiment devenir plongeur, le PADI Scuba Diver est fait pour vous surtout si vous voulez aller plonger avec un guide de palanqu\u00e9e. Ce cours est une \u00e9tape interm\u00e9diaire pour l\u2019obtention du dipl\u00f4me Open Water si c\u2019est votre objectif final.","robots":{"index":"index","follow":"follow","max-snippet":"max-snippet:-1","max-image-preview":"max-image-preview:large","max-video-preview":"max-video-preview:-1"},"canonical":"https:\/\/www.athensdiversclub.com\/fr\/scuba-diver-sd\/","og_locale":"fr_FR","og_type":"article","og_title":"Scuba Diver (SD) - Athens Divers Club","og_description":"Le cours PADI Scuba Diver est un sous-ensemble du cours Open Water PADI. Si vous n\u2019avez que peu de temps mais que vous voulez vraiment devenir plongeur, le PADI Scuba Diver est fait pour vous surtout si vous voulez aller plonger avec un guide de palanqu\u00e9e. Ce cours est une \u00e9tape interm\u00e9diaire pour l\u2019obtention du dipl\u00f4me Open Water si c\u2019est votre objectif final.","og_url":"https:\/\/www.athensdiversclub.com\/fr\/scuba-diver-sd\/","og_site_name":"Athens Divers Club","article_publisher":"https:\/\/www.facebook.com\/athensdiversclub\/","article_modified_time":"2022-09-07T14:54:23+00:00","twitter_card":"summary_large_image","twitter_site":"@AthensDivers","twitter_misc":{"Dur\u00e9e de lecture estim\u00e9e":"3 minutes"},"schema":{"@context":"https:\/\/schema.org","@graph":[{"@type":"WebPage","@id":"https:\/\/www.athensdiversclub.com\/fr\/scuba-diver-sd\/","url":"https:\/\/www.athensdiversclub.com\/fr\/scuba-diver-sd\/","name":"Scuba Diver (SD) - Athens Divers Club","isPartOf":{"@id":"https:\/\/www.athensdiversclub.com\/#website"},"datePublished":"2016-12-18T10:29:07+00:00","dateModified":"2022-09-07T14:54:23+00:00","description":"Le cours PADI Scuba Diver est un sous-ensemble du cours Open Water PADI. Si vous n\u2019avez que peu de temps mais que vous voulez vraiment devenir plongeur, le PADI Scuba Diver est fait pour vous surtout si vous voulez aller plonger avec un guide de palanqu\u00e9e. Ce cours est une \u00e9tape interm\u00e9diaire pour l\u2019obtention du dipl\u00f4me Open Water si c\u2019est votre objectif final.","breadcrumb":{"@id":"https:\/\/www.athensdiversclub.com\/fr\/scuba-diver-sd\/#breadcrumb"},"inLanguage":"fr-FR","potentialAction":[{"@type":"ReadAction","target":["https:\/\/www.athensdiversclub.com\/fr\/scuba-diver-sd\/"]}]},{"@type":"BreadcrumbList","@id":"https:\/\/www.athensdiversclub.com\/fr\/scuba-diver-sd\/#breadcrumb","itemListElement":[{"@type":"ListItem","position":1,"name":"Home","item":"https:\/\/www.athensdiversclub.com\/fr\/"},{"@type":"ListItem","position":2,"name":"Scuba Diver (SD)"}]},{"@type":"WebSite","@id":"https:\/\/www.athensdiversclub.com\/#website","url":"https:\/\/www.athensdiversclub.com\/","name":"Athens Divers Club","description":"","potentialAction":[{"@type":"SearchAction","target":{"@type":"EntryPoint","urlTemplate":"https:\/\/www.athensdiversclub.com\/?s={search_term_string}"},"query-input":{"@type":"PropertyValueSpecification","valueRequired":true,"valueName":"search_term_string"}}],"inLanguage":"fr-FR"}]}},"_links":{"self":[{"href":"https:\/\/www.athensdiversclub.com\/fr\/wp-json\/wp\/v2\/pages\/4222","targetHints":{"allow":["GET"]}}],"collection":[{"href":"https:\/\/www.athensdiversclub.com\/fr\/wp-json\/wp\/v2\/pages"}],"about":[{"href":"https:\/\/www.athensdiversclub.com\/fr\/wp-json\/wp\/v2\/types\/page"}],"author":[{"embeddable":true,"href":"https:\/\/www.athensdiversclub.com\/fr\/wp-json\/wp\/v2\/users\/1"}],"replies":[{"embeddable":true,"href":"https:\/\/www.athensdiversclub.com\/fr\/wp-json\/wp\/v2\/comments?post=4222"}],"version-history":[{"count":0,"href":"https:\/\/www.athensdiversclub.com\/fr\/wp-json\/wp\/v2\/pages\/4222\/revisions"}],"wp:attachment":[{"href":"https:\/\/www.athensdiversclub.com\/fr\/wp-json\/wp\/v2\/media?parent=4222"}],"curies":[{"name":"wp","href":"https:\/\/api.w.org\/{rel}","templated":true}]}}