{"id":4218,"date":"2016-12-18T12:32:29","date_gmt":"2016-12-18T10:32:29","guid":{"rendered":"http:\/\/www.athensdiversclub.com\/fr\/advanced-open-water-diver-aowd\/"},"modified":"2021-02-08T14:26:55","modified_gmt":"2021-02-08T12:26:55","slug":"advanced-open-water-diver-aowd","status":"publish","type":"page","link":"https:\/\/www.athensdiversclub.com\/fr\/advanced-open-water-diver-aowd\/","title":{"rendered":"Advanced Open Water Diver (AOWD)"},"content":{"rendered":"<div class=\"wpb-content-wrapper\"><p>[vc_row content_width=\u00a0\u00bbgrid\u00a0\u00bb full_screen_section_height=\u00a0\u00bbno\u00a0\u00bb css=\u00a0\u00bb.vc_custom_1486026377670{padding-top: 30px !important;padding-bottom: 30px !important;}\u00a0\u00bb][vc_column]<div id=\"ultimate-heading-274569d847dfcfeae\" class=\"uvc-heading ult-adjust-bottom-margin ultimate-heading-274569d847dfcfeae uvc-4781 \" data-hspacer=\"line_only\"  data-halign=\"left\" style=\"text-align:left\"><div class=\"uvc-main-heading ult-responsive\"  data-ultimate-target='.uvc-heading.ultimate-heading-274569d847dfcfeae h2'  data-responsive-json-new='{\"font-size\":\"\",\"line-height\":\"\"}' ><h2 style=\"font-weight:normal;\">Explorer, exp\u00e9rimenter, avancer en plong\u00e9e<\/h2><\/div><div class=\"uvc-heading-spacer line_only\" style=\"topheight:1px;\"><span class=\"uvc-headings-line\" style=\"border-style:solid;border-bottom-width:1px;border-color:#ccc;width:autopx;\"><\/span><\/div><\/div>[vc_column_text]C\u2019est exactement ce que contient le cours Advanced Open Water.<\/p>\n<p>Vous n\u2019avez pas besoin d\u2019\u00eatre \u00abexp\u00e9riment\u00e9\u00bb pour suivre le cours, il est justement cr\u00e9\u00e9 pour&nbsp;<em>continuer<\/em>&nbsp;votre exp\u00e9rience de la plong\u00e9e afin que vous puissiez commencer juste apr\u00e8s avoir obtenu votre dipl\u00f4me Open Water PADI. Le cours vous fera gagner confiance en vous et \u00e9tendre vos comp\u00e9tences en plong\u00e9e sous-marine gr\u00e2ce \u00e0 diff\u00e9rentes Adventure Dive. Vous essaierez plusieurs sp\u00e9cialit\u00e9s tout en gagnant de l\u2019exp\u00e9rience sous la supervision de votre instructeur.<\/p>\n<p>Obtenez des cr\u00e9dits! Chaque plong\u00e9e peut vous emmener vers le premier cours de sp\u00e9cialit\u00e9 de plong\u00e9e PADI. Si vous avez d\u00e9j\u00e0 suivi un cours de sp\u00e9cialit\u00e9, demandez \u00e0 votre instructeur si vous avez obtenu des cr\u00e9dits pour une Adventure Dive.[\/vc_column_text][\/vc_column][\/vc_row][vc_row content_width=\u00a0\u00bbgrid\u00a0\u00bb full_screen_section_height=\u00a0\u00bbno\u00a0\u00bb][vc_column]<div class=\"qodef-tabs qodef-vertical-tab qodef-dark-tab qodef-tab-without-icon clearfix\">\n\t<ul class=\"qodef-tabs-nav\">\n\t\t\t\t\t<li>\n\t\t\t\t<a href=\"#tab-qui-peut-suivre-ce-cours\">\n\t\t\t\t\t\n\t\t\t\t\t\t\t\t\t\t\t<span class=\"qodef-tab-text-after-icon\">\n\t\t\t\t\t\t\tQui peut suivre ce cours? \t\t\t\t\t\t<\/span>\n\t\t\t\t\t\t\t\t\t\t\t\n\t\t\t\t\t\t\t\t\t<\/a>\n\t\t\t <\/li>\n\t\t\t\t\t<li>\n\t\t\t\t<a href=\"#tab-que-vais-je-apprendre\">\n\t\t\t\t\t\n\t\t\t\t\t\t\t\t\t\t\t<span class=\"qodef-tab-text-after-icon\">\n\t\t\t\t\t\t\tQue vais-je apprendre? \t\t\t\t\t\t<\/span>\n\t\t\t\t\t\t\t\t\t\t\t\n\t\t\t\t\t\t\t\t\t<\/a>\n\t\t\t <\/li>\n\t\t\t\t\t<li>\n\t\t\t\t<a href=\"#tab-comment-commencer-des-maintenant\">\n\t\t\t\t\t\n\t\t\t\t\t\t\t\t\t\t\t<span class=\"qodef-tab-text-after-icon\">\n\t\t\t\t\t\t\tComment commencer d\u00e8s maintenant? \t\t\t\t\t\t<\/span>\n\t\t\t\t\t\t\t\t\t\t\t\n\t\t\t\t\t\t\t\t\t<\/a>\n\t\t\t <\/li>\n\t\t\t\t\t<li>\n\t\t\t\t<a href=\"#tab-quel-equipement-de-plongee-allez-vous-utiliser\">\n\t\t\t\t\t\n\t\t\t\t\t\t\t\t\t\t\t<span class=\"qodef-tab-text-after-icon\">\n\t\t\t\t\t\t\tQuel \u00e9quipement de plong\u00e9e allez-vous utiliser? \t\t\t\t\t\t<\/span>\n\t\t\t\t\t\t\t\t\t\t\t\n\t\t\t\t\t\t\t\t\t<\/a>\n\t\t\t <\/li>\n\t\t\t\t\t<li>\n\t\t\t\t<a href=\"#tab-etape-suivante\">\n\t\t\t\t\t\n\t\t\t\t\t\t\t\t\t\t\t<span class=\"qodef-tab-text-after-icon\">\n\t\t\t\t\t\t\t\u00c9tape suivante \t\t\t\t\t\t<\/span>\n\t\t\t\t\t\t\t\t\t\t\t\n\t\t\t\t\t\t\t\t\t<\/a>\n\t\t\t <\/li>\n\t\t\t\t\t<li>\n\t\t\t\t<a href=\"#tab-votre-prochaine-aventure\">\n\t\t\t\t\t\n\t\t\t\t\t\t\t\t\t\t\t<span class=\"qodef-tab-text-after-icon\">\n\t\t\t\t\t\t\tVotre prochaine aventure\t\t\t\t\t\t<\/span>\n\t\t\t\t\t\t\t\t\t\t\t\n\t\t\t\t\t\t\t\t\t<\/a>\n\t\t\t <\/li>\n\t\t\t<\/ul> \n\t<div class=\"qodef-tab-container\" id=\"tab-qui-peut-suivre-ce-cours-435\" data-icon-pack=&quot;font_awesome&quot; data-icon-html=&quot;&lt;i class=&quot;qodef-icon-font-awesome fa  &quot; &gt;&lt;\/i&gt;&quot;>[vc_column_text]Les plongeurs PADI Open Water (Junior) \u00e2g\u00e9s d\u2019au moins 12 ans peuvent suivre les cours Advanced Open Water. Les plongeurs plus jeunes ne pourront participer qu\u2019\u00e0 certaines Adventure Dives &#8211; nous consulter.<\/p>\n<p>Si vous \u00eates d\u00e9j\u00e0 Adventure Diver, vous n\u2019avez besoin que de deux Adventure Dives suppl\u00e9mentaires pour obtenir le dipl\u00f4me Advanced Open Water.[\/vc_column_text]<\/div><div class=\"qodef-tab-container\" id=\"tab-que-vais-je-apprendre-921\" data-icon-pack=&quot;font_awesome&quot; data-icon-html=&quot;&lt;i class=&quot;qodef-icon-font-awesome fa  &quot; &gt;&lt;\/i&gt;&quot;>[vc_column_text]Vous \u00e9laborerez votre parcours d\u2019apprentissage avec votre instructeur en choisissant parmi de nombreux Adventure Dives. Il y a deux plong\u00e9es obligatoires (plong\u00e9e profonde et navigation) et vous devez en choisir trois autres, pour un total de cinq plong\u00e9es.<br \/>\nLors de la plong\u00e9e profonde, vous apprendrez \u00e0 pr\u00e9parer des plong\u00e9es et faire face aux effets et enjeux physiologiques de la profondeur. L\u2019Adventure Dive navigation am\u00e9liore vos comp\u00e9tences en navigation et vous aide \u00e0 mieux vous orienter en utilisant les cycles de palmage, les rep\u00e8res visuels et le temps.<\/p>\n<p>Les autres comp\u00e9tences acquises varient selon votre int\u00e9r\u00eat et vos envies (photographie, ma\u00eetrise de la flottabilit\u00e9, identification poissons, plong\u00e9e sur \u00e9paves et bien d\u2019autres encore).<\/p>\n<p>Vous aurez la possibilit\u00e9 d\u2019obtenir des&nbsp;<a href=\"https:\/\/www.padi.com\/padi-courses\/earn-college-or-vocational-credit-padi-scuba-courses\">cr\u00e9dits universitaires<\/a>&nbsp;pour le cours Advanced Open Water.[\/vc_column_text]<\/div><div class=\"qodef-tab-container\" id=\"tab-comment-commencer-des-maintenant-267\" data-icon-pack=&quot;font_awesome&quot; data-icon-html=&quot;&lt;i class=&quot;qodef-icon-font-awesome fa  &quot; &gt;&lt;\/i&gt;&quot;>[vc_column_text]Inscrivez-vous au cours Advanced Open Water en ligne (une option eLearning de PADI) pour commencer imm\u00e9diatement. Le syst\u00e8me en ligne vous permet d\u2019apprendre les sept Adventure Dives les plus populaires y compris la plong\u00e9e profonde et la navigation n\u00e9cessaires \u00e0 l\u2019obtention du dipl\u00f4me mais \u00e9galement plong\u00e9e du bateau, de nuit, ma\u00eetrise de la flottabilit\u00e9, naturaliste sous-marin et plong\u00e9e sur \u00e9pave. Vous \u00e9tudiez depuis chez vous gr\u00e2ce \u00e0 un programme interactif tr\u00e8s facile d\u2019utilisation. Vous avez \u00e9galement acc\u00e8s \u00e0 une version en ligne du manuel&nbsp;<em>Adventures in Diving<\/em>&nbsp;et vous pouvez remplir les chapitres pour d\u2019autres Adventure Dives comme indiqu\u00e9 par votre instructeur PADI.<\/p>\n<p>Vous pouvez \u00e9galement lire le manuel&nbsp;<em>Adventures in Diving&nbsp;<\/em>et regarder la vid\u00e9o&nbsp;<em>Adventures in Diving<\/em>&nbsp;(livre+DVD).<\/p>\n<p>Si vous choisissez le e-learning, vous devez vous inscrire sur notre site web. N\u2019h\u00e9sitez pas \u00e0 nous contacter pour savoir comment vous inscrire au cours advanced open water diver PADI.[\/vc_column_text]<\/div><div class=\"qodef-tab-container\" id=\"tab-quel-equipement-de-plongee-allez-vous-utiliser-824\" data-icon-pack=&quot;font_awesome&quot; data-icon-html=&quot;&lt;i class=&quot;qodef-icon-font-awesome fa  &quot; &gt;&lt;\/i&gt;&quot;>[vc_column_text]En plus de l\u2019\u00e9quipement de base de plong\u00e9e, vous aurez besoin d\u2019une boussole, d\u2019un couteau de plong\u00e9e ou d\u2019un outil de plong\u00e9e. Vous utiliserez \u00e9galement un \u00e9quipement sp\u00e9cialis\u00e9 selon l\u2019adventure dive que vous choisirez. Par exemple, vous aurez \u00e9videmment une combinaison \u00e9tanche pour la plong\u00e9e en combinaison \u00e9tanche ou une bouteille sur le c\u00f4t\u00e9 pour la plong\u00e9e Sidemount. On vous expliquera l\u2019\u00e9quipement dont vous aurez besoin et nous vous proposerons \u00e9ventuellement un \u00e9quipement suppl\u00e9mentaire comme un phare de plong\u00e9e pour les plong\u00e9es de nuit ou un parachute de levage pour la plong\u00e9e recherche et r\u00e9cup\u00e9ration.<\/p>\n<p>Contactez-nous pour en savoir plus concernant l\u2019\u00e9quipement dont vous aurez besoin pour commencer vos aventures dans le cours Advanced Open Water.[\/vc_column_text]<\/div><div class=\"qodef-tab-container\" id=\"tab-etape-suivante-410\" data-icon-pack=&quot;font_awesome&quot; data-icon-html=&quot;&lt;i class=&quot;qodef-icon-font-awesome fa  &quot; &gt;&lt;\/i&gt;&quot;>[vc_column_text]<\/p>\n<ul>\n<li>Gagnez en exp\u00e9rience et obtenez votre dipl\u00f4me.<\/li>\n<li>Inscrivez-vous \u00e0 l\u2019Advanced Open Water en ligne et commencez votre apprentissage d\u00e8s maintenant.<\/li>\n<li><a href=\"https:\/\/www.padi.com\/sites\/default\/files\/2017-03\/10063_RSTC_MedState_v201_07_web.pdf\">T\u00e9l\u00e9chargez <\/a>le questionnaire et certificat m\u00e9dical PADI (pdf).<\/li>\n<\/ul>\n<p>[\/vc_column_text]<\/div><div class=\"qodef-tab-container\" id=\"tab-votre-prochaine-aventure-452\" data-icon-pack=&quot;font_awesome&quot; data-icon-html=&quot;&lt;i class=&quot;qodef-icon-font-awesome fa  &quot; &gt;&lt;\/i&gt;&quot;>[vc_column_text]Devenez <a href=\"http:\/\/www.athensdiversclub.com\/open-water-diver-owd\/\">Rescue Diver<\/a>.<br \/>\nApprenez \u00e0 anticiper et g\u00e9rer les probl\u00e8mes dans l\u2019eau, et gagnez en confiance en tant que plongeur, en sachant que vous pouvez aider les autres si besoin.<\/p>\n<p>&nbsp;[\/vc_column_text]<\/div><\/div>[\/vc_column][\/vc_row][vc_row content_width=\u00a0\u00bbgrid\u00a0\u00bb content_aligment=\u00a0\u00bbcenter\u00a0\u00bb full_screen_section_height=\u00a0\u00bbno\u00a0\u00bb][vc_column]<div id=\"modal-trg-txt-wrap-9533\" class=\"ult-modal-input-wrapper ult-adjust-bottom-margin lets-go-diving qodef-btn qodef-btn-medium qodef-btn-outline qodef-btn-custom-hover-bg qodef-btn-custom-border-hover   \" data-keypress-control=\"keypress-control-enable\" data-overlay-control=\"overlay-control-enable\"><button  data-ultimate-target='#modal-trg-txt-wrap-9533 .btn-modal'  data-responsive-json-new='{\"font-size\":\"desktop:22px;\",\"line-height\":\"desktop:22px;\"}'  style=\"background:rgba(0,0,0,0.01);border-color:rgba(0,0,0,0.01);color:#2e9298; \" data-class-id=\"content-69d847dfd02476-15846343\" class=\"btn-modal ult-responsive btn-primary btn-modal-lg overlay-show ult-align-center btn-id-69d847dfd02476-15846343\" data-overlay-class=\"overlay-zoomin\">Contact us to learn more <\/button><\/div>\n<div class=\"ult-overlay content-69d847dfd02476-15846343 \" data-class=\"content-69d847dfd02476-15846343\" id=\"button-click-overlay\" style=\"background:rgba(51,51,51,0.8); display:none;\">\n\t<div class=\"ult_modal ult-fade ult-container\">\n\t\t<div id=\"ult-modal-wrap-1532\" class=\"ult_modal-content ult-hide\" style=\"border-style:solid;border-width:2px;border-radius:0px;border-color:#333333;\">\n\t\t\t<div class=\"ult_modal-header\" style=\"color:#333333;border-color:#333333;\">\n\t\t\t\t<h3  data-ultimate-target='#ult-modal-wrap-1532 .ult_modal-title'  data-responsive-json-new='{\"font-size\":\"\",\"line-height\":\"\"}'  class=\"ult_modal-title ult-responsive\">Advanced Open Water Diver<\/h3>\n\t\t\t<\/div>\n\t\t\t<div  data-ultimate-target='#ult-modal-wrap-1532 .ult_modal-body'  data-responsive-json-new='{\"font-size\":\"\",\"line-height\":\"\"}'  class=\"ult_modal-body ult-responsive ult-html\" style=\"\">\n\t\t\t\n<div class=\"wpcf7 no-js\" id=\"wpcf7-f27-o1\" lang=\"en-US\" dir=\"ltr\" data-wpcf7-id=\"27\">\n<div class=\"screen-reader-response\"><p role=\"status\" aria-live=\"polite\" aria-atomic=\"true\"><\/p> <ul><\/ul><\/div>\n<form action=\"\/fr\/wp-json\/wp\/v2\/pages\/4218#wpcf7-f27-o1\" method=\"post\" class=\"wpcf7-form init\" aria-label=\"Contact form\" novalidate=\"novalidate\" data-status=\"init\">\n<fieldset class=\"hidden-fields-container\"><input type=\"hidden\" name=\"_wpcf7\" value=\"27\" \/><input type=\"hidden\" name=\"_wpcf7_version\" value=\"6.1.5\" \/><input type=\"hidden\" name=\"_wpcf7_locale\" value=\"en_US\" \/><input type=\"hidden\" name=\"_wpcf7_unit_tag\" value=\"wpcf7-f27-o1\" \/><input type=\"hidden\" name=\"_wpcf7_container_post\" value=\"0\" \/><input type=\"hidden\" name=\"_wpcf7_posted_data_hash\" value=\"\" \/>\n<\/fieldset>\n<p><label> Your Name (required)<br \/>\n<span class=\"wpcf7-form-control-wrap\" data-name=\"your-name\"><input size=\"40\" maxlength=\"400\" class=\"wpcf7-form-control wpcf7-text wpcf7-validates-as-required\" aria-required=\"true\" aria-invalid=\"false\" value=\"\" type=\"text\" name=\"your-name\" \/><\/span> <\/label>\n<\/p>\n<p><label> Your Email (required)<br \/>\n<span class=\"wpcf7-form-control-wrap\" data-name=\"your-email\"><input size=\"40\" maxlength=\"400\" class=\"wpcf7-form-control wpcf7-email wpcf7-validates-as-required wpcf7-text wpcf7-validates-as-email\" aria-required=\"true\" aria-invalid=\"false\" value=\"\" type=\"email\" name=\"your-email\" \/><\/span> <\/label>\n<\/p>\n<p><label> Subject<br \/>\n<span class=\"wpcf7-form-control-wrap\" data-name=\"your-subject\"><input size=\"40\" maxlength=\"400\" class=\"wpcf7-form-control wpcf7-text\" aria-invalid=\"false\" value=\"\" type=\"text\" name=\"your-subject\" \/><\/span> <\/label>\n<\/p>\n<p><label> Your Message<br \/>\n<span class=\"wpcf7-form-control-wrap\" data-name=\"your-message\"><textarea cols=\"40\" rows=\"10\" maxlength=\"2000\" class=\"wpcf7-form-control wpcf7-textarea\" aria-invalid=\"false\" name=\"your-message\"><\/textarea><\/span> <\/label>\n<\/p>\n<p>[wpgdprc \"By using this form you agree with the storage and handling of your data by this website.\"]\n<\/p>\n<p><input class=\"wpcf7-form-control wpcf7-submit has-spinner\" type=\"submit\" value=\"Send\" \/>\n<\/p><p style=\"display: none !important;\" class=\"akismet-fields-container\" data-prefix=\"_wpcf7_ak_\"><label>&#916;<textarea name=\"_wpcf7_ak_hp_textarea\" cols=\"45\" rows=\"8\" maxlength=\"100\"><\/textarea><\/label><input type=\"hidden\" id=\"ak_js_1\" name=\"_wpcf7_ak_js\" value=\"142\"\/><script>document.getElementById( \"ak_js_1\" ).setAttribute( \"value\", ( new Date() ).getTime() );<\/script><\/p><div class=\"wpcf7-response-output\" aria-hidden=\"true\"><\/div>\n<\/form>\n<\/div>\n\n\t\t\t<\/div>\n\t<\/div>\n\t<\/div>\n\t<div class=\"ult-overlay-close top-right\" style=\" \"><div class=\"ult-overlay-close-inside\">Close<\/div><\/div>\n<\/div>[\/vc_column][\/vc_row]<\/p>\n<\/div>","protected":false},"excerpt":{"rendered":"<p>[vc_row content_width=\u00a0\u00bbgrid\u00a0\u00bb full_screen_section_height=\u00a0\u00bbno\u00a0\u00bb css=\u00a0\u00bb.vc_custom_1486026377670{padding-top: 30px !important;padding-bottom: 30px !important;}\u00a0\u00bb][vc_column][vc_column_text]C\u2019est exactement ce que contient le cours Advanced Open Water. Vous n\u2019avez pas besoin d\u2019\u00eatre \u00abexp\u00e9riment\u00e9\u00bb pour suivre le cours, il est justement cr\u00e9\u00e9 pour&nbsp;continuer&nbsp;votre exp\u00e9rience de la plong\u00e9e afin que vous puissiez commencer juste apr\u00e8s avoir obtenu&#8230;<\/p>\n","protected":false},"author":1,"featured_media":0,"parent":0,"menu_order":0,"comment_status":"closed","ping_status":"closed","template":"full-width.php","meta":{"footnotes":""},"class_list":["post-4218","page","type-page","status-publish","hentry"],"yoast_head":"<!-- This site is optimized with the Yoast SEO plugin v27.0 - https:\/\/yoast.com\/product\/yoast-seo-wordpress\/ -->\n<title>Advanced Open Water Diver (AOWD) - Athens Divers Club<\/title>\n<meta name=\"description\" content=\"Vous n\u2019avez pas besoin d\u2019\u00eatre \u00abexp\u00e9riment\u00e9\u00bb pour suivre le cours, il est justement cr\u00e9\u00e9 pour\u00a0continuer\u00a0votre exp\u00e9rience de la plong\u00e9e\" \/>\n<meta name=\"robots\" content=\"index, follow, max-snippet:-1, max-image-preview:large, max-video-preview:-1\" \/>\n<link rel=\"canonical\" href=\"https:\/\/www.athensdiversclub.com\/fr\/advanced-open-water-diver-aowd\/\" \/>\n<meta property=\"og:locale\" content=\"fr_FR\" \/>\n<meta property=\"og:type\" content=\"article\" \/>\n<meta property=\"og:title\" content=\"Advanced Open Water Diver (AOWD) - Athens Divers Club\" \/>\n<meta property=\"og:description\" content=\"Vous n\u2019avez pas besoin d\u2019\u00eatre \u00abexp\u00e9riment\u00e9\u00bb pour suivre le cours, il est justement cr\u00e9\u00e9 pour\u00a0continuer\u00a0votre exp\u00e9rience de la plong\u00e9e\" \/>\n<meta property=\"og:url\" content=\"https:\/\/www.athensdiversclub.com\/fr\/advanced-open-water-diver-aowd\/\" \/>\n<meta property=\"og:site_name\" content=\"Athens Divers Club\" \/>\n<meta property=\"article:publisher\" content=\"https:\/\/www.facebook.com\/athensdiversclub\/\" \/>\n<meta property=\"article:modified_time\" content=\"2021-02-08T12:26:55+00:00\" \/>\n<meta name=\"twitter:card\" content=\"summary_large_image\" \/>\n<meta name=\"twitter:site\" content=\"@AthensDivers\" \/>\n<meta name=\"twitter:label1\" content=\"Dur\u00e9e de lecture estim\u00e9e\" \/>\n\t<meta name=\"twitter:data1\" content=\"5 minutes\" \/>\n<script type=\"application\/ld+json\" class=\"yoast-schema-graph\">{\"@context\":\"https:\/\/schema.org\",\"@graph\":[{\"@type\":\"WebPage\",\"@id\":\"https:\/\/www.athensdiversclub.com\/fr\/advanced-open-water-diver-aowd\/\",\"url\":\"https:\/\/www.athensdiversclub.com\/fr\/advanced-open-water-diver-aowd\/\",\"name\":\"Advanced Open Water Diver (AOWD) - Athens Divers Club\",\"isPartOf\":{\"@id\":\"https:\/\/www.athensdiversclub.com\/#website\"},\"datePublished\":\"2016-12-18T10:32:29+00:00\",\"dateModified\":\"2021-02-08T12:26:55+00:00\",\"description\":\"Vous n\u2019avez pas besoin d\u2019\u00eatre \u00abexp\u00e9riment\u00e9\u00bb pour suivre le cours, il est justement cr\u00e9\u00e9 pour\u00a0continuer\u00a0votre exp\u00e9rience de la plong\u00e9e\",\"breadcrumb\":{\"@id\":\"https:\/\/www.athensdiversclub.com\/fr\/advanced-open-water-diver-aowd\/#breadcrumb\"},\"inLanguage\":\"fr-FR\",\"potentialAction\":[{\"@type\":\"ReadAction\",\"target\":[\"https:\/\/www.athensdiversclub.com\/fr\/advanced-open-water-diver-aowd\/\"]}]},{\"@type\":\"BreadcrumbList\",\"@id\":\"https:\/\/www.athensdiversclub.com\/fr\/advanced-open-water-diver-aowd\/#breadcrumb\",\"itemListElement\":[{\"@type\":\"ListItem\",\"position\":1,\"name\":\"Home\",\"item\":\"https:\/\/www.athensdiversclub.com\/fr\/\"},{\"@type\":\"ListItem\",\"position\":2,\"name\":\"Advanced Open Water Diver (AOWD)\"}]},{\"@type\":\"WebSite\",\"@id\":\"https:\/\/www.athensdiversclub.com\/#website\",\"url\":\"https:\/\/www.athensdiversclub.com\/\",\"name\":\"Athens Divers Club\",\"description\":\"\",\"potentialAction\":[{\"@type\":\"SearchAction\",\"target\":{\"@type\":\"EntryPoint\",\"urlTemplate\":\"https:\/\/www.athensdiversclub.com\/?s={search_term_string}\"},\"query-input\":{\"@type\":\"PropertyValueSpecification\",\"valueRequired\":true,\"valueName\":\"search_term_string\"}}],\"inLanguage\":\"fr-FR\"}]}<\/script>\n<!-- \/ Yoast SEO plugin. -->","yoast_head_json":{"title":"Advanced Open Water Diver (AOWD) - Athens Divers Club","description":"Vous n\u2019avez pas besoin d\u2019\u00eatre \u00abexp\u00e9riment\u00e9\u00bb pour suivre le cours, il est justement cr\u00e9\u00e9 pour\u00a0continuer\u00a0votre exp\u00e9rience de la plong\u00e9e","robots":{"index":"index","follow":"follow","max-snippet":"max-snippet:-1","max-image-preview":"max-image-preview:large","max-video-preview":"max-video-preview:-1"},"canonical":"https:\/\/www.athensdiversclub.com\/fr\/advanced-open-water-diver-aowd\/","og_locale":"fr_FR","og_type":"article","og_title":"Advanced Open Water Diver (AOWD) - Athens Divers Club","og_description":"Vous n\u2019avez pas besoin d\u2019\u00eatre \u00abexp\u00e9riment\u00e9\u00bb pour suivre le cours, il est justement cr\u00e9\u00e9 pour\u00a0continuer\u00a0votre exp\u00e9rience de la plong\u00e9e","og_url":"https:\/\/www.athensdiversclub.com\/fr\/advanced-open-water-diver-aowd\/","og_site_name":"Athens Divers Club","article_publisher":"https:\/\/www.facebook.com\/athensdiversclub\/","article_modified_time":"2021-02-08T12:26:55+00:00","twitter_card":"summary_large_image","twitter_site":"@AthensDivers","twitter_misc":{"Dur\u00e9e de lecture estim\u00e9e":"5 minutes"},"schema":{"@context":"https:\/\/schema.org","@graph":[{"@type":"WebPage","@id":"https:\/\/www.athensdiversclub.com\/fr\/advanced-open-water-diver-aowd\/","url":"https:\/\/www.athensdiversclub.com\/fr\/advanced-open-water-diver-aowd\/","name":"Advanced Open Water Diver (AOWD) - Athens Divers Club","isPartOf":{"@id":"https:\/\/www.athensdiversclub.com\/#website"},"datePublished":"2016-12-18T10:32:29+00:00","dateModified":"2021-02-08T12:26:55+00:00","description":"Vous n\u2019avez pas besoin d\u2019\u00eatre \u00abexp\u00e9riment\u00e9\u00bb pour suivre le cours, il est justement cr\u00e9\u00e9 pour\u00a0continuer\u00a0votre exp\u00e9rience de la plong\u00e9e","breadcrumb":{"@id":"https:\/\/www.athensdiversclub.com\/fr\/advanced-open-water-diver-aowd\/#breadcrumb"},"inLanguage":"fr-FR","potentialAction":[{"@type":"ReadAction","target":["https:\/\/www.athensdiversclub.com\/fr\/advanced-open-water-diver-aowd\/"]}]},{"@type":"BreadcrumbList","@id":"https:\/\/www.athensdiversclub.com\/fr\/advanced-open-water-diver-aowd\/#breadcrumb","itemListElement":[{"@type":"ListItem","position":1,"name":"Home","item":"https:\/\/www.athensdiversclub.com\/fr\/"},{"@type":"ListItem","position":2,"name":"Advanced Open Water Diver (AOWD)"}]},{"@type":"WebSite","@id":"https:\/\/www.athensdiversclub.com\/#website","url":"https:\/\/www.athensdiversclub.com\/","name":"Athens Divers Club","description":"","potentialAction":[{"@type":"SearchAction","target":{"@type":"EntryPoint","urlTemplate":"https:\/\/www.athensdiversclub.com\/?s={search_term_string}"},"query-input":{"@type":"PropertyValueSpecification","valueRequired":true,"valueName":"search_term_string"}}],"inLanguage":"fr-FR"}]}},"_links":{"self":[{"href":"https:\/\/www.athensdiversclub.com\/fr\/wp-json\/wp\/v2\/pages\/4218","targetHints":{"allow":["GET"]}}],"collection":[{"href":"https:\/\/www.athensdiversclub.com\/fr\/wp-json\/wp\/v2\/pages"}],"about":[{"href":"https:\/\/www.athensdiversclub.com\/fr\/wp-json\/wp\/v2\/types\/page"}],"author":[{"embeddable":true,"href":"https:\/\/www.athensdiversclub.com\/fr\/wp-json\/wp\/v2\/users\/1"}],"replies":[{"embeddable":true,"href":"https:\/\/www.athensdiversclub.com\/fr\/wp-json\/wp\/v2\/comments?post=4218"}],"version-history":[{"count":0,"href":"https:\/\/www.athensdiversclub.com\/fr\/wp-json\/wp\/v2\/pages\/4218\/revisions"}],"wp:attachment":[{"href":"https:\/\/www.athensdiversclub.com\/fr\/wp-json\/wp\/v2\/media?parent=4218"}],"curies":[{"name":"wp","href":"https:\/\/api.w.org\/{rel}","templated":true}]}}