{"id":4214,"date":"2016-12-18T12:22:54","date_gmt":"2016-12-18T10:22:54","guid":{"rendered":"http:\/\/www.athensdiversclub.com\/fr\/bubblemaker-8-10-years-old\/"},"modified":"2021-01-22T13:38:16","modified_gmt":"2021-01-22T11:38:16","slug":"bubblemaker-8-10-years-old","status":"publish","type":"page","link":"https:\/\/www.athensdiversclub.com\/fr\/bubblemaker-8-10-years-old\/","title":{"rendered":"BUBBLEMAKER"},"content":{"rendered":"<div class=\"wpb-content-wrapper\"><p>[vc_row content_width=\u00a0\u00bbgrid\u00a0\u00bb full_screen_section_height=\u00a0\u00bbno\u00a0\u00bb css=\u00a0\u00bb.vc_custom_1485513660893{padding-top: 30px !important;padding-bottom: 30px !important;background-color: #fbfbfb !important;}\u00a0\u00bb][vc_column offset=\u00a0\u00bbvc_col-lg-5 vc_col-md-5&Prime;][vc_empty_space height=\u00a0\u00bb13px\u00a0\u00bb][vc_single_image image=\u00a0\u00bb7984&Prime; img_size=\u00a0\u00bbmedium\u00a0\u00bb css=\u00a0\u00bb.vc_custom_1611315490464{padding-bottom: 20px !important;}\u00a0\u00bb][vc_column_text](8-10 ans)[\/vc_column_text][\/vc_column][vc_column offset=\u00a0\u00bbvc_col-lg-7 vc_col-md-7&Prime;][vc_column_text]Vous cherchez des activit\u00e9s de qualit\u00e9 pour toute la famille?<\/p>\n<p>Vous cherchez des activit\u00e9s de qualit\u00e9 pour toute la famille?<\/p>\n<p>Le programme \u00ab&nbsp;Bubblemaker&nbsp;\u00bb est fait pour vous&nbsp;!<br \/>\nCe programme est destin\u00e9 aux enfants \u00e2g\u00e9s de 8 \u00e0 10 ans.<\/p>\n<p>Avec un peu d\u2019aide de notre part et avec PADI, vous donnerez \u00e0 vos enfants la possibilit\u00e9 de suivre vos pas dans le monde sous-marin et de leur faire conna\u00eetre ce que vous aimez tant dans la plong\u00e9e autonome.<\/p>\n<p>&nbsp;<\/p>\n<p>[\/vc_column_text][\/vc_column][\/vc_row][vc_row full_screen_section_height=\u00a0\u00bbno\u00a0\u00bb css=\u00a0\u00bb.vc_custom_1484036404712{padding-top: 30px !important;padding-bottom: 30px !important;}\u00a0\u00bb][vc_column][vc_text_separator title=\u00a0\u00bbLes enfants qui participent au programme \u00ab&nbsp;Bubblemaker&nbsp;\u00bb d\u00e9veloppent de nouvelles aptitudes et d\u00e9couvrent un monde totalement nouveau.\u00a0\u00bb][\/vc_column][\/vc_row][vc_row content_width=\u00a0\u00bbgrid\u00a0\u00bb content_aligment=\u00a0\u00bbcenter\u00a0\u00bb full_screen_section_height=\u00a0\u00bbno\u00a0\u00bb css=\u00a0\u00bb.vc_custom_1486727465430{padding-top: 113px !important;}\u00a0\u00bb][vc_column offset=\u00a0\u00bbvc_col-lg-6 vc_col-md-6&Prime; css=\u00a0\u00bb.vc_custom_1473689678910{padding-right: 5% !important;}\u00a0\u00bb][vc_column_text]<\/p>\n<p>Respirez sous l\u2019eau pour la premi\u00e8re fois!<\/p>\n<p>[\/vc_column_text][vc_column_text]<\/p>\n<p>Vos enfants respireront sous l\u2019eau pour la premi\u00e8re fois et vous serez l\u00e0 pour les admirer et les encourager! Les petits plongeurs stagiaires apprendront \u00e0 utiliser l\u2019\u00e9quipement de plong\u00e9e de base de fa\u00e7on s\u00fbre et efficace, un premier pas important vers leurs futures explorations!<\/p>\n<p>La plong\u00e9e autonome est bien plus qu\u2019une simple activit\u00e9 divertissante pour vos enfants.<br \/>\nLa plong\u00e9e autonome les encourage \u00e0 suivre un mode de vie actif.<br \/>\nL\u2019int\u00e9r\u00eat pour la mer aidera vos enfants \u00e0 d\u00e9velopper leur sant\u00e9 physique et psychique, \u00e0 d\u00e9velopper leur sociabilit\u00e9 et leur confiance en eux.<br \/>\nProgrammez une plong\u00e9e pour toute la famille d\u00e8s demain.<\/p>\n<p>[\/vc_column_text][vc_empty_space height=\u00a0\u00bb30px\u00a0\u00bb][\/vc_column][vc_column offset=\u00a0\u00bbvc_col-lg-6 vc_col-md-6&Prime; el_class=\u00a0\u00bbservices-orange\u00a0\u00bb]<div class=\"qodef-iwt clearfix qodef-iwt-icon-top qodef-iwt-icon-large\"  style=\"text-align: center\">\n    <div class=\"qodef-iwt-icon-holder\">\n\t\t            <div class=\"qodef-icon-animation-holder qodef-custom-icon-animation-holder\" style=\"transition-delay: 300ms;-ms-transition-delay: 300ms;-moz-transition-delay: 300ms;-webkit-transition-delay: 300ms\">\n                <div class=\"qodef-icon-shortcode qodef-icon-animation qodef-custom-icon\">\n\t\t\t\t\t<img loading=\"lazy\" decoding=\"async\" width=\"253\" height=\"253\" src=\"https:\/\/www.athensdiversclub.com\/wp-content\/uploads\/2017\/04\/BLM1.png\" class=\"attachment-full size-full\" alt=\"\" srcset=\"https:\/\/www.athensdiversclub.com\/wp-content\/uploads\/2017\/04\/BLM1.png 253w, https:\/\/www.athensdiversclub.com\/wp-content\/uploads\/2017\/04\/BLM1-150x150.png 150w\" sizes=\"auto, (max-width: 253px) 100vw, 253px\" \/>                <\/div>\n            <\/div>\n\t\t    <\/div>\n    <div class=\"qodef-iwt-content-holder\" >\n        <div class=\"qodef-iwt-title-holder\">\n            <h4 >\n\t\t\t        <\/h4>\n    <\/div>\n\t        <div class=\"qodef-iwt-title-separator-holder\">\n            <span class=\"qodef-iwt-title-separator\" style=\"border-bottom: 2px solid #00556e\"><\/span>\n        <\/div>\n\t    <div class=\"qodef-iwt-text-holder\">\n        <p ><\/p>\n\n\t\t    <\/div>\n<\/div>\n<\/div><div id=\"modal-trg-txt-wrap-9084\" class=\"ult-modal-input-wrapper ult-adjust-bottom-margin lets-go-diving qodef-btn qodef-btn-medium qodef-btn-outline qodef-btn-custom-hover-bg qodef-btn-custom-border-hover   \" data-keypress-control=\"keypress-control-enable\" data-overlay-control=\"overlay-control-enable\"><button  data-ultimate-target='#modal-trg-txt-wrap-9084 .btn-modal'  data-responsive-json-new='{\"font-size\":\"desktop:22px;\",\"line-height\":\"desktop:22px;\"}'  style=\"background:rgba(0,0,0,0.01);border-color:rgba(0,0,0,0.01);color:#2e9298; \" data-class-id=\"content-69d84816072c38-64100370\" class=\"btn-modal ult-responsive btn-primary btn-modal-lg overlay-show ult-align-center btn-id-69d84816072c38-64100370\" data-overlay-class=\"overlay-zoomin\">TAKE A DIVE!<\/button><\/div>\n<div class=\"ult-overlay content-69d84816072c38-64100370 \" data-class=\"content-69d84816072c38-64100370\" id=\"button-click-overlay\" style=\"background:rgba(51,51,51,0.8); display:none;\">\n\t<div class=\"ult_modal ult-fade ult-container\">\n\t\t<div id=\"ult-modal-wrap-5020\" class=\"ult_modal-content ult-hide\" style=\"border-style:solid;border-width:2px;border-radius:0px;border-color:#333333;\">\n\t\t\t<div  data-ultimate-target='#ult-modal-wrap-5020 .ult_modal-body'  data-responsive-json-new='{\"font-size\":\"\",\"line-height\":\"\"}'  class=\"ult_modal-body ult-responsive ult-html\" style=\"\">\n\t\t\t\n<div class=\"wpcf7 no-js\" id=\"wpcf7-f27-o1\" lang=\"en-US\" dir=\"ltr\" data-wpcf7-id=\"27\">\n<div class=\"screen-reader-response\"><p role=\"status\" aria-live=\"polite\" aria-atomic=\"true\"><\/p> <ul><\/ul><\/div>\n<form action=\"\/fr\/wp-json\/wp\/v2\/pages\/4214#wpcf7-f27-o1\" method=\"post\" class=\"wpcf7-form init\" aria-label=\"Contact form\" novalidate=\"novalidate\" data-status=\"init\">\n<fieldset class=\"hidden-fields-container\"><input type=\"hidden\" name=\"_wpcf7\" value=\"27\" \/><input type=\"hidden\" name=\"_wpcf7_version\" value=\"6.1.5\" \/><input type=\"hidden\" name=\"_wpcf7_locale\" value=\"en_US\" \/><input type=\"hidden\" name=\"_wpcf7_unit_tag\" value=\"wpcf7-f27-o1\" \/><input type=\"hidden\" name=\"_wpcf7_container_post\" value=\"0\" \/><input type=\"hidden\" name=\"_wpcf7_posted_data_hash\" value=\"\" \/>\n<\/fieldset>\n<p><label> Your Name (required)<br \/>\n<span class=\"wpcf7-form-control-wrap\" data-name=\"your-name\"><input size=\"40\" maxlength=\"400\" class=\"wpcf7-form-control wpcf7-text wpcf7-validates-as-required\" aria-required=\"true\" aria-invalid=\"false\" value=\"\" type=\"text\" name=\"your-name\" \/><\/span> <\/label>\n<\/p>\n<p><label> Your Email (required)<br \/>\n<span class=\"wpcf7-form-control-wrap\" data-name=\"your-email\"><input size=\"40\" maxlength=\"400\" class=\"wpcf7-form-control wpcf7-email wpcf7-validates-as-required wpcf7-text wpcf7-validates-as-email\" aria-required=\"true\" aria-invalid=\"false\" value=\"\" type=\"email\" name=\"your-email\" \/><\/span> <\/label>\n<\/p>\n<p><label> Subject<br \/>\n<span class=\"wpcf7-form-control-wrap\" data-name=\"your-subject\"><input size=\"40\" maxlength=\"400\" class=\"wpcf7-form-control wpcf7-text\" aria-invalid=\"false\" value=\"\" type=\"text\" name=\"your-subject\" \/><\/span> <\/label>\n<\/p>\n<p><label> Your Message<br \/>\n<span class=\"wpcf7-form-control-wrap\" data-name=\"your-message\"><textarea cols=\"40\" rows=\"10\" maxlength=\"2000\" class=\"wpcf7-form-control wpcf7-textarea\" aria-invalid=\"false\" name=\"your-message\"><\/textarea><\/span> <\/label>\n<\/p>\n<p>[wpgdprc \"By using this form you agree with the storage and handling of your data by this website.\"]\n<\/p>\n<p><input class=\"wpcf7-form-control wpcf7-submit has-spinner\" type=\"submit\" value=\"Send\" \/>\n<\/p><p style=\"display: none !important;\" class=\"akismet-fields-container\" data-prefix=\"_wpcf7_ak_\"><label>&#916;<textarea name=\"_wpcf7_ak_hp_textarea\" cols=\"45\" rows=\"8\" maxlength=\"100\"><\/textarea><\/label><input type=\"hidden\" id=\"ak_js_1\" name=\"_wpcf7_ak_js\" value=\"107\"\/><script>document.getElementById( \"ak_js_1\" ).setAttribute( \"value\", ( new Date() ).getTime() );<\/script><\/p><div class=\"wpcf7-response-output\" aria-hidden=\"true\"><\/div>\n<\/form>\n<\/div>\n\n\t\t\t<\/div>\n\t<\/div>\n\t<\/div>\n\t<div class=\"ult-overlay-close top-right\" style=\" \"><div class=\"ult-overlay-close-inside\">Close<\/div><\/div>\n<\/div>[vc_empty_space height=\u00a0\u00bb6px\u00a0\u00bb][\/vc_column][\/vc_row]<\/p>\n<\/div>","protected":false},"excerpt":{"rendered":"<p>[vc_row content_width=\u00a0\u00bbgrid\u00a0\u00bb full_screen_section_height=\u00a0\u00bbno\u00a0\u00bb css=\u00a0\u00bb.vc_custom_1485513660893{padding-top: 30px !important;padding-bottom: 30px !important;background-color: #fbfbfb !important;}\u00a0\u00bb][vc_column offset=\u00a0\u00bbvc_col-lg-5 vc_col-md-5&Prime;][vc_empty_space height=\u00a0\u00bb13px\u00a0\u00bb][vc_single_image image=\u00a0\u00bb7984&Prime; img_size=\u00a0\u00bbmedium\u00a0\u00bb css=\u00a0\u00bb.vc_custom_1611315490464{padding-bottom: 20px !important;}\u00a0\u00bb][vc_column_text](8-10 ans)[\/vc_column_text][\/vc_column][vc_column offset=\u00a0\u00bbvc_col-lg-7 vc_col-md-7&Prime;][vc_column_text]Vous cherchez des activit\u00e9s de qualit\u00e9 pour toute la famille? Vous cherchez des activit\u00e9s de qualit\u00e9 pour toute la famille? Le programme \u00ab&nbsp;Bubblemaker&nbsp;\u00bb est fait&#8230;<\/p>\n","protected":false},"author":1,"featured_media":0,"parent":0,"menu_order":0,"comment_status":"closed","ping_status":"closed","template":"full-width.php","meta":{"footnotes":""},"class_list":["post-4214","page","type-page","status-publish","hentry"],"yoast_head":"<!-- This site is optimized with the Yoast SEO plugin v27.0 - https:\/\/yoast.com\/product\/yoast-seo-wordpress\/ -->\n<title>BUBBLEMAKER - Athens Divers Club<\/title>\n<meta name=\"description\" content=\"Le programme \u00ab\u00a0Bubblemaker\u00a0\u00bb est fait pour vous\u00a0!Ce programme est destin\u00e9 aux enfants \u00e2g\u00e9s de 8 \u00e0 10 ans.\" \/>\n<meta name=\"robots\" content=\"index, follow, max-snippet:-1, max-image-preview:large, max-video-preview:-1\" \/>\n<link rel=\"canonical\" href=\"https:\/\/www.athensdiversclub.com\/fr\/bubblemaker-8-10-years-old\/\" \/>\n<meta property=\"og:locale\" content=\"fr_FR\" \/>\n<meta property=\"og:type\" content=\"article\" \/>\n<meta property=\"og:title\" content=\"BUBBLEMAKER - Athens Divers Club\" \/>\n<meta property=\"og:description\" content=\"Le programme \u00ab\u00a0Bubblemaker\u00a0\u00bb est fait pour vous\u00a0!Ce programme est destin\u00e9 aux enfants \u00e2g\u00e9s de 8 \u00e0 10 ans.\" \/>\n<meta property=\"og:url\" content=\"https:\/\/www.athensdiversclub.com\/fr\/bubblemaker-8-10-years-old\/\" \/>\n<meta property=\"og:site_name\" content=\"Athens Divers Club\" \/>\n<meta property=\"article:publisher\" content=\"https:\/\/www.facebook.com\/athensdiversclub\/\" \/>\n<meta property=\"article:modified_time\" content=\"2021-01-22T11:38:16+00:00\" \/>\n<meta name=\"twitter:card\" content=\"summary_large_image\" \/>\n<meta name=\"twitter:site\" content=\"@AthensDivers\" \/>\n<meta name=\"twitter:label1\" content=\"Dur\u00e9e de lecture estim\u00e9e\" \/>\n\t<meta name=\"twitter:data1\" content=\"2 minutes\" \/>\n<script type=\"application\/ld+json\" class=\"yoast-schema-graph\">{\"@context\":\"https:\/\/schema.org\",\"@graph\":[{\"@type\":\"WebPage\",\"@id\":\"https:\/\/www.athensdiversclub.com\/fr\/bubblemaker-8-10-years-old\/\",\"url\":\"https:\/\/www.athensdiversclub.com\/fr\/bubblemaker-8-10-years-old\/\",\"name\":\"BUBBLEMAKER - Athens Divers Club\",\"isPartOf\":{\"@id\":\"https:\/\/www.athensdiversclub.com\/#website\"},\"datePublished\":\"2016-12-18T10:22:54+00:00\",\"dateModified\":\"2021-01-22T11:38:16+00:00\",\"description\":\"Le programme \u00ab\u00a0Bubblemaker\u00a0\u00bb est fait pour vous\u00a0!Ce programme est destin\u00e9 aux enfants \u00e2g\u00e9s de 8 \u00e0 10 ans.\",\"breadcrumb\":{\"@id\":\"https:\/\/www.athensdiversclub.com\/fr\/bubblemaker-8-10-years-old\/#breadcrumb\"},\"inLanguage\":\"fr-FR\",\"potentialAction\":[{\"@type\":\"ReadAction\",\"target\":[\"https:\/\/www.athensdiversclub.com\/fr\/bubblemaker-8-10-years-old\/\"]}]},{\"@type\":\"BreadcrumbList\",\"@id\":\"https:\/\/www.athensdiversclub.com\/fr\/bubblemaker-8-10-years-old\/#breadcrumb\",\"itemListElement\":[{\"@type\":\"ListItem\",\"position\":1,\"name\":\"Home\",\"item\":\"https:\/\/www.athensdiversclub.com\/fr\/\"},{\"@type\":\"ListItem\",\"position\":2,\"name\":\"BUBBLEMAKER\"}]},{\"@type\":\"WebSite\",\"@id\":\"https:\/\/www.athensdiversclub.com\/#website\",\"url\":\"https:\/\/www.athensdiversclub.com\/\",\"name\":\"Athens Divers Club\",\"description\":\"\",\"potentialAction\":[{\"@type\":\"SearchAction\",\"target\":{\"@type\":\"EntryPoint\",\"urlTemplate\":\"https:\/\/www.athensdiversclub.com\/?s={search_term_string}\"},\"query-input\":{\"@type\":\"PropertyValueSpecification\",\"valueRequired\":true,\"valueName\":\"search_term_string\"}}],\"inLanguage\":\"fr-FR\"}]}<\/script>\n<!-- \/ Yoast SEO plugin. -->","yoast_head_json":{"title":"BUBBLEMAKER - Athens Divers Club","description":"Le programme \u00ab\u00a0Bubblemaker\u00a0\u00bb est fait pour vous\u00a0!Ce programme est destin\u00e9 aux enfants \u00e2g\u00e9s de 8 \u00e0 10 ans.","robots":{"index":"index","follow":"follow","max-snippet":"max-snippet:-1","max-image-preview":"max-image-preview:large","max-video-preview":"max-video-preview:-1"},"canonical":"https:\/\/www.athensdiversclub.com\/fr\/bubblemaker-8-10-years-old\/","og_locale":"fr_FR","og_type":"article","og_title":"BUBBLEMAKER - Athens Divers Club","og_description":"Le programme \u00ab\u00a0Bubblemaker\u00a0\u00bb est fait pour vous\u00a0!Ce programme est destin\u00e9 aux enfants \u00e2g\u00e9s de 8 \u00e0 10 ans.","og_url":"https:\/\/www.athensdiversclub.com\/fr\/bubblemaker-8-10-years-old\/","og_site_name":"Athens Divers Club","article_publisher":"https:\/\/www.facebook.com\/athensdiversclub\/","article_modified_time":"2021-01-22T11:38:16+00:00","twitter_card":"summary_large_image","twitter_site":"@AthensDivers","twitter_misc":{"Dur\u00e9e de lecture estim\u00e9e":"2 minutes"},"schema":{"@context":"https:\/\/schema.org","@graph":[{"@type":"WebPage","@id":"https:\/\/www.athensdiversclub.com\/fr\/bubblemaker-8-10-years-old\/","url":"https:\/\/www.athensdiversclub.com\/fr\/bubblemaker-8-10-years-old\/","name":"BUBBLEMAKER - Athens Divers Club","isPartOf":{"@id":"https:\/\/www.athensdiversclub.com\/#website"},"datePublished":"2016-12-18T10:22:54+00:00","dateModified":"2021-01-22T11:38:16+00:00","description":"Le programme \u00ab\u00a0Bubblemaker\u00a0\u00bb est fait pour vous\u00a0!Ce programme est destin\u00e9 aux enfants \u00e2g\u00e9s de 8 \u00e0 10 ans.","breadcrumb":{"@id":"https:\/\/www.athensdiversclub.com\/fr\/bubblemaker-8-10-years-old\/#breadcrumb"},"inLanguage":"fr-FR","potentialAction":[{"@type":"ReadAction","target":["https:\/\/www.athensdiversclub.com\/fr\/bubblemaker-8-10-years-old\/"]}]},{"@type":"BreadcrumbList","@id":"https:\/\/www.athensdiversclub.com\/fr\/bubblemaker-8-10-years-old\/#breadcrumb","itemListElement":[{"@type":"ListItem","position":1,"name":"Home","item":"https:\/\/www.athensdiversclub.com\/fr\/"},{"@type":"ListItem","position":2,"name":"BUBBLEMAKER"}]},{"@type":"WebSite","@id":"https:\/\/www.athensdiversclub.com\/#website","url":"https:\/\/www.athensdiversclub.com\/","name":"Athens Divers Club","description":"","potentialAction":[{"@type":"SearchAction","target":{"@type":"EntryPoint","urlTemplate":"https:\/\/www.athensdiversclub.com\/?s={search_term_string}"},"query-input":{"@type":"PropertyValueSpecification","valueRequired":true,"valueName":"search_term_string"}}],"inLanguage":"fr-FR"}]}},"_links":{"self":[{"href":"https:\/\/www.athensdiversclub.com\/fr\/wp-json\/wp\/v2\/pages\/4214","targetHints":{"allow":["GET"]}}],"collection":[{"href":"https:\/\/www.athensdiversclub.com\/fr\/wp-json\/wp\/v2\/pages"}],"about":[{"href":"https:\/\/www.athensdiversclub.com\/fr\/wp-json\/wp\/v2\/types\/page"}],"author":[{"embeddable":true,"href":"https:\/\/www.athensdiversclub.com\/fr\/wp-json\/wp\/v2\/users\/1"}],"replies":[{"embeddable":true,"href":"https:\/\/www.athensdiversclub.com\/fr\/wp-json\/wp\/v2\/comments?post=4214"}],"version-history":[{"count":0,"href":"https:\/\/www.athensdiversclub.com\/fr\/wp-json\/wp\/v2\/pages\/4214\/revisions"}],"wp:attachment":[{"href":"https:\/\/www.athensdiversclub.com\/fr\/wp-json\/wp\/v2\/media?parent=4214"}],"curies":[{"name":"wp","href":"https:\/\/api.w.org\/{rel}","templated":true}]}}