{"id":7431,"date":"2021-01-16T12:39:56","date_gmt":"2021-01-16T10:39:56","guid":{"rendered":"https:\/\/www.athensdiversclub.com\/?page_id=7431"},"modified":"2021-02-09T12:28:28","modified_gmt":"2021-02-09T10:28:28","slug":"evereden-beach-resort","status":"publish","type":"page","link":"https:\/\/www.athensdiversclub.com\/es\/evereden-beach-resort\/","title":{"rendered":"EverEden Beach Resort"},"content":{"rendered":"<div class=\"wpb-content-wrapper\"><p>[vc_row full_screen_section_height=\u00bbno\u00bb][vc_column][vc_text_separator title=\u00bbLa playa EverEden ha sido galardonada con la \u201cBandera azul\u201d durante veinte a\u00f1os consecutivos, un premio que refleja la limpieza del agua del mar, los servicios y las instalaciones de la playa.\u00bb]<div class=\"ult-spacer spacer-69d847a967866\" data-id=\"69d847a967866\" data-height=\"80\" data-height-mobile=\"80\" data-height-tab=\"80\" data-height-tab-portrait=\"\" data-height-mobile-landscape=\"\" style=\"clear:both;display:block;\"><\/div>[\/vc_column][\/vc_row][vc_row full_screen_section_height=\u00bbno\u00bb][vc_column]<div class=\"qodef-image-gallery\" style=\"height: 200px\">\n\t<div class=\"qodef-image-gallery-slider\" data-navigation=\"yes\" data-pagination=\"yes\">\n\t\t\t\t\t\t<a itemprop=\"image\" href=\"https:\/\/www.athensdiversclub.com\/wp-content\/uploads\/2021\/01\/BELVEDERE-2-scaled.jpg\" data-rel=\"prettyPhoto[single_pretty_photo]\" title=\"BELVEDERE (2)\">\n\t\t\t\n\t\t\t\n\t\t\t\t<img decoding=\"async\" class=\"qodef-image-gallery-defined-height\" style=\"height: 200px\" src=\"https:\/\/www.athensdiversclub.com\/wp-content\/uploads\/2021\/01\/BELVEDERE-2-scaled.jpg\" alt=\"BELVEDERE (2)\" \/>\n\n\t\t\t\n\t\t\t<\/a>\n\n\t\t\t\t\t\t<a itemprop=\"image\" href=\"https:\/\/www.athensdiversclub.com\/wp-content\/uploads\/2021\/01\/evereden20-0547-scaled.jpg\" data-rel=\"prettyPhoto[single_pretty_photo]\" title=\"evereden20-0547\">\n\t\t\t\n\t\t\t\n\t\t\t\t<img decoding=\"async\" class=\"qodef-image-gallery-defined-height\" style=\"height: 200px\" src=\"https:\/\/www.athensdiversclub.com\/wp-content\/uploads\/2021\/01\/evereden20-0547-scaled.jpg\" alt=\"evereden20-0547\" \/>\n\n\t\t\t\n\t\t\t<\/a>\n\n\t\t\t\t\t\t<a itemprop=\"image\" href=\"https:\/\/www.athensdiversclub.com\/wp-content\/uploads\/2021\/01\/evereden20-0444-scaled.jpg\" data-rel=\"prettyPhoto[single_pretty_photo]\" title=\"evereden20-0444\">\n\t\t\t\n\t\t\t\n\t\t\t\t<img decoding=\"async\" class=\"qodef-image-gallery-defined-height\" style=\"height: 200px\" src=\"https:\/\/www.athensdiversclub.com\/wp-content\/uploads\/2021\/01\/evereden20-0444-scaled.jpg\" alt=\"evereden20-0444\" \/>\n\n\t\t\t\n\t\t\t<\/a>\n\n\t\t\t<\/div>\n<\/div><div class=\"ult-spacer spacer-69d847a967e08\" data-id=\"69d847a967e08\" data-height=\"80\" data-height-mobile=\"80\" data-height-tab=\"80\" data-height-tab-portrait=\"\" data-height-mobile-landscape=\"\" style=\"clear:both;display:block;\"><\/div>[\/vc_column][\/vc_row][vc_row full_screen_section_height=\u00bbno\u00bb][vc_column][vc_column_text]<\/p>\n<p style=\"text-align: center;\">Hosp\u00e9dese en EverEden Beach Resort y disfrute de la hospitalidad de clase mundial, en un entorno natural, en el coraz\u00f3n de Attica Riviera;<\/p>\n<p style=\"text-align: center;\">Ofreciendo elegantes habitaciones de 4+ estrellas en medio de un terreno de 45 acres con 350 metros de frente de playa; que todo ello garantiza un relax absoluto para quien lo busca junto a un sinf\u00edn de experiencias de buceo.<\/p>\n<p style=\"text-align: center;\">&nbsp;<\/p>\n<p style=\"text-align: center;\"><strong>Magn\u00edficas ofertas para nuestros valiosos hu\u00e9spedes<\/strong><br \/>\nDesde nuestros incre\u00edbles restaurantes y bares hasta todas las actividades e instalaciones de ocio disponibles, hay mucho para que todos disfruten.<\/p>\n<p>[\/vc_column_text][vc_column_text]<strong>Ubicaci\u00f3n y atracciones cercanas<\/strong><\/p>\n<p>La playa se encuentra a 100 m del hotel;<img loading=\"lazy\" decoding=\"async\" class=\"alignright size-thumbnail wp-image-7197\" src=\"https:\/\/www.athensdiversclub.com\/wp-content\/uploads\/2021\/01\/evereden20-0176-150x150.jpg\" alt=\"\" width=\"150\" height=\"150\" srcset=\"https:\/\/www.athensdiversclub.com\/wp-content\/uploads\/2021\/01\/evereden20-0176-150x150.jpg 150w, https:\/\/www.athensdiversclub.com\/wp-content\/uploads\/2021\/01\/evereden20-0176-550x550.jpg 550w, https:\/\/www.athensdiversclub.com\/wp-content\/uploads\/2021\/01\/evereden20-0176-485x485.jpg 485w, https:\/\/www.athensdiversclub.com\/wp-content\/uploads\/2021\/01\/evereden20-0176-1000x1000.jpg 1000w\" sizes=\"auto, (max-width: 150px) 100vw, 150px\" \/><br \/>\nInformaci\u00f3n de la playa: distintivo de calidad Bandera Azul<br \/>\nDistancia al aeropuerto de Atenas (aprox.) 27 km,<br \/>\nAl centro de la ciudad de Saronida 2 km,<br \/>\nA la parada de autob\u00fas 1 minuto a pie,<br \/>\nAl puerto de Lavrion 30 km<\/p>\n<p>&nbsp;<\/p>\n<p style=\"text-align: center;\">&nbsp;<\/p>\n<p>[\/vc_column_text][vc_column_text][\/vc_column_text][vc_column_text]Servicios e instalaciones<\/p>\n<p>N\u00famero total de habitaciones \/ unidades de alojamiento: 260<img loading=\"lazy\" decoding=\"async\" class=\"alignright size-thumbnail wp-image-7213\" src=\"https:\/\/www.athensdiversclub.com\/wp-content\/uploads\/2021\/01\/evereden20-0189-150x150.jpg\" alt=\"\" width=\"150\" height=\"150\" srcset=\"https:\/\/www.athensdiversclub.com\/wp-content\/uploads\/2021\/01\/evereden20-0189-150x150.jpg 150w, https:\/\/www.athensdiversclub.com\/wp-content\/uploads\/2021\/01\/evereden20-0189-550x550.jpg 550w, https:\/\/www.athensdiversclub.com\/wp-content\/uploads\/2021\/01\/evereden20-0189-485x485.jpg 485w, https:\/\/www.athensdiversclub.com\/wp-content\/uploads\/2021\/01\/evereden20-0189-1000x1000.jpg 1000w\" sizes=\"auto, (max-width: 150px) 100vw, 150px\" \/><br \/>\nLobby, recepci\u00f3n, 24 horas, ascensor (s), WiFi (incluido), en todo el edificio<br \/>\nN\u00famero total de restaurantes y bares de copas \/ aperitivos: 4<br \/>\nConsulta m\u00e9dica, servicio de lavander\u00eda \/ planchado,<br \/>\nInstalaciones \/ equipamiento exterior: jard\u00edn; instalaciones al aire libre disponibles dependiendo de las condiciones clim\u00e1ticas,<br \/>\nN\u00famero total de piscinas: 3 (agua dulce, estacional, seg\u00fan el clima)<br \/>\nAparcamiento: planta baja del hotel: incluido<br \/>\nTarjetas de cr\u00e9dito: VISA, Mastercard, Amexco<br \/>\nTasa tur\u00edstica (3 EUR por habitaci\u00f3n \/ noche)<\/p>\n<p>&nbsp;<\/p>\n<p style=\"text-align: center;\"><a href=\"https:\/\/www.evereden.gr\/offers\/\">Paquetes EVERDIVE EVERSCUBA<\/a><\/p>\n<p>&nbsp;<\/p>\n<p>&nbsp;<\/p>\n<p>&nbsp;<\/p>\n<p style=\"text-align: center;\">Para obtener m\u00e1s informaci\u00f3n sobre las categor\u00edas de habitaciones; por favor visite el enlace:<\/p>\n<p style=\"text-align: center;\"><a href=\"https:\/\/www.evereden.gr\/stay-athenian-riviera\/\">Alojamiento en la Riviera ateniense | Ever Eden Beach Resort Hotel<\/a><\/p>\n<p>&nbsp;<\/p>\n<p style=\"text-align: center;\"><a href=\"https:\/\/evereden.reserve-online.net\/\">RESERVAR<\/a><\/p>\n<p>[\/vc_column_text][\/vc_column][\/vc_row]<\/p>\n<\/div>","protected":false},"excerpt":{"rendered":"<p>[vc_row full_screen_section_height=\u00bbno\u00bb][vc_column][vc_text_separator title=\u00bbLa playa EverEden ha sido galardonada con la \u201cBandera azul\u201d durante veinte a\u00f1os consecutivos, un premio que refleja la limpieza del agua del mar, los servicios y las instalaciones de la playa.\u00bb][\/vc_column][\/vc_row][vc_row full_screen_section_height=\u00bbno\u00bb][vc_column][\/vc_column][\/vc_row][vc_row full_screen_section_height=\u00bbno\u00bb][vc_column][vc_column_text] Hosp\u00e9dese en EverEden Beach Resort y disfrute de la&#8230;<\/p>\n","protected":false},"author":1,"featured_media":0,"parent":0,"menu_order":0,"comment_status":"closed","ping_status":"closed","template":"","meta":{"footnotes":""},"class_list":["post-7431","page","type-page","status-publish","hentry"],"yoast_head":"<!-- This site is optimized with the Yoast SEO plugin v27.0 - https:\/\/yoast.com\/product\/yoast-seo-wordpress\/ -->\n<title>EverEden Beach Resort - Athens Divers Club<\/title>\n<meta name=\"description\" content=\"Ofreciendo elegantes habitaciones de 4+ estrellas en medio de un terreno de 45 acres con 350 metros de frente de playa; que todo ello garantiza un relax absoluto para quien lo busca junto a un sinf\u00edn de experiencias de buceo.\" \/>\n<meta name=\"robots\" content=\"index, follow, max-snippet:-1, max-image-preview:large, max-video-preview:-1\" \/>\n<link rel=\"canonical\" href=\"https:\/\/www.athensdiversclub.com\/es\/evereden-beach-resort\/\" \/>\n<meta property=\"og:locale\" content=\"es_ES\" \/>\n<meta property=\"og:type\" content=\"article\" \/>\n<meta property=\"og:title\" content=\"EverEden Beach Resort - Athens Divers Club\" \/>\n<meta property=\"og:description\" content=\"Ofreciendo elegantes habitaciones de 4+ estrellas en medio de un terreno de 45 acres con 350 metros de frente de playa; que todo ello garantiza un relax absoluto para quien lo busca junto a un sinf\u00edn de experiencias de buceo.\" \/>\n<meta property=\"og:url\" content=\"https:\/\/www.athensdiversclub.com\/es\/evereden-beach-resort\/\" \/>\n<meta property=\"og:site_name\" content=\"Athens Divers Club\" \/>\n<meta property=\"article:publisher\" content=\"https:\/\/www.facebook.com\/athensdiversclub\/\" \/>\n<meta property=\"article:modified_time\" content=\"2021-02-09T10:28:28+00:00\" \/>\n<meta property=\"og:image\" content=\"https:\/\/www.athensdiversclub.com\/wp-content\/uploads\/2021\/01\/evereden20-0176-150x150.jpg\" \/>\n<meta name=\"twitter:card\" content=\"summary_large_image\" \/>\n<meta name=\"twitter:site\" content=\"@AthensDivers\" \/>\n<meta name=\"twitter:label1\" content=\"Tiempo de lectura\" \/>\n\t<meta name=\"twitter:data1\" content=\"2 minutos\" \/>\n<script type=\"application\/ld+json\" class=\"yoast-schema-graph\">{\"@context\":\"https:\/\/schema.org\",\"@graph\":[{\"@type\":\"WebPage\",\"@id\":\"https:\/\/www.athensdiversclub.com\/es\/evereden-beach-resort\/\",\"url\":\"https:\/\/www.athensdiversclub.com\/es\/evereden-beach-resort\/\",\"name\":\"EverEden Beach Resort - Athens Divers Club\",\"isPartOf\":{\"@id\":\"https:\/\/www.athensdiversclub.com\/#website\"},\"primaryImageOfPage\":{\"@id\":\"https:\/\/www.athensdiversclub.com\/es\/evereden-beach-resort\/#primaryimage\"},\"image\":{\"@id\":\"https:\/\/www.athensdiversclub.com\/es\/evereden-beach-resort\/#primaryimage\"},\"thumbnailUrl\":\"https:\/\/www.athensdiversclub.com\/wp-content\/uploads\/2021\/01\/evereden20-0176-150x150.jpg\",\"datePublished\":\"2021-01-16T10:39:56+00:00\",\"dateModified\":\"2021-02-09T10:28:28+00:00\",\"description\":\"Ofreciendo elegantes habitaciones de 4+ estrellas en medio de un terreno de 45 acres con 350 metros de frente de playa; que todo ello garantiza un relax absoluto para quien lo busca junto a un sinf\u00edn de experiencias de buceo.\",\"breadcrumb\":{\"@id\":\"https:\/\/www.athensdiversclub.com\/es\/evereden-beach-resort\/#breadcrumb\"},\"inLanguage\":\"es\",\"potentialAction\":[{\"@type\":\"ReadAction\",\"target\":[\"https:\/\/www.athensdiversclub.com\/es\/evereden-beach-resort\/\"]}]},{\"@type\":\"ImageObject\",\"inLanguage\":\"es\",\"@id\":\"https:\/\/www.athensdiversclub.com\/es\/evereden-beach-resort\/#primaryimage\",\"url\":\"https:\/\/www.athensdiversclub.com\/wp-content\/uploads\/2021\/01\/evereden20-0176-150x150.jpg\",\"contentUrl\":\"https:\/\/www.athensdiversclub.com\/wp-content\/uploads\/2021\/01\/evereden20-0176-150x150.jpg\"},{\"@type\":\"BreadcrumbList\",\"@id\":\"https:\/\/www.athensdiversclub.com\/es\/evereden-beach-resort\/#breadcrumb\",\"itemListElement\":[{\"@type\":\"ListItem\",\"position\":1,\"name\":\"Home\",\"item\":\"https:\/\/www.athensdiversclub.com\/es\/\"},{\"@type\":\"ListItem\",\"position\":2,\"name\":\"EverEden Beach Resort\"}]},{\"@type\":\"WebSite\",\"@id\":\"https:\/\/www.athensdiversclub.com\/#website\",\"url\":\"https:\/\/www.athensdiversclub.com\/\",\"name\":\"Athens Divers Club\",\"description\":\"\",\"potentialAction\":[{\"@type\":\"SearchAction\",\"target\":{\"@type\":\"EntryPoint\",\"urlTemplate\":\"https:\/\/www.athensdiversclub.com\/?s={search_term_string}\"},\"query-input\":{\"@type\":\"PropertyValueSpecification\",\"valueRequired\":true,\"valueName\":\"search_term_string\"}}],\"inLanguage\":\"es\"}]}<\/script>\n<!-- \/ Yoast SEO plugin. -->","yoast_head_json":{"title":"EverEden Beach Resort - Athens Divers Club","description":"Ofreciendo elegantes habitaciones de 4+ estrellas en medio de un terreno de 45 acres con 350 metros de frente de playa; que todo ello garantiza un relax absoluto para quien lo busca junto a un sinf\u00edn de experiencias de buceo.","robots":{"index":"index","follow":"follow","max-snippet":"max-snippet:-1","max-image-preview":"max-image-preview:large","max-video-preview":"max-video-preview:-1"},"canonical":"https:\/\/www.athensdiversclub.com\/es\/evereden-beach-resort\/","og_locale":"es_ES","og_type":"article","og_title":"EverEden Beach Resort - Athens Divers Club","og_description":"Ofreciendo elegantes habitaciones de 4+ estrellas en medio de un terreno de 45 acres con 350 metros de frente de playa; que todo ello garantiza un relax absoluto para quien lo busca junto a un sinf\u00edn de experiencias de buceo.","og_url":"https:\/\/www.athensdiversclub.com\/es\/evereden-beach-resort\/","og_site_name":"Athens Divers Club","article_publisher":"https:\/\/www.facebook.com\/athensdiversclub\/","article_modified_time":"2021-02-09T10:28:28+00:00","og_image":[{"url":"https:\/\/www.athensdiversclub.com\/wp-content\/uploads\/2021\/01\/evereden20-0176-150x150.jpg","type":"","width":"","height":""}],"twitter_card":"summary_large_image","twitter_site":"@AthensDivers","twitter_misc":{"Tiempo de lectura":"2 minutos"},"schema":{"@context":"https:\/\/schema.org","@graph":[{"@type":"WebPage","@id":"https:\/\/www.athensdiversclub.com\/es\/evereden-beach-resort\/","url":"https:\/\/www.athensdiversclub.com\/es\/evereden-beach-resort\/","name":"EverEden Beach Resort - Athens Divers Club","isPartOf":{"@id":"https:\/\/www.athensdiversclub.com\/#website"},"primaryImageOfPage":{"@id":"https:\/\/www.athensdiversclub.com\/es\/evereden-beach-resort\/#primaryimage"},"image":{"@id":"https:\/\/www.athensdiversclub.com\/es\/evereden-beach-resort\/#primaryimage"},"thumbnailUrl":"https:\/\/www.athensdiversclub.com\/wp-content\/uploads\/2021\/01\/evereden20-0176-150x150.jpg","datePublished":"2021-01-16T10:39:56+00:00","dateModified":"2021-02-09T10:28:28+00:00","description":"Ofreciendo elegantes habitaciones de 4+ estrellas en medio de un terreno de 45 acres con 350 metros de frente de playa; que todo ello garantiza un relax absoluto para quien lo busca junto a un sinf\u00edn de experiencias de buceo.","breadcrumb":{"@id":"https:\/\/www.athensdiversclub.com\/es\/evereden-beach-resort\/#breadcrumb"},"inLanguage":"es","potentialAction":[{"@type":"ReadAction","target":["https:\/\/www.athensdiversclub.com\/es\/evereden-beach-resort\/"]}]},{"@type":"ImageObject","inLanguage":"es","@id":"https:\/\/www.athensdiversclub.com\/es\/evereden-beach-resort\/#primaryimage","url":"https:\/\/www.athensdiversclub.com\/wp-content\/uploads\/2021\/01\/evereden20-0176-150x150.jpg","contentUrl":"https:\/\/www.athensdiversclub.com\/wp-content\/uploads\/2021\/01\/evereden20-0176-150x150.jpg"},{"@type":"BreadcrumbList","@id":"https:\/\/www.athensdiversclub.com\/es\/evereden-beach-resort\/#breadcrumb","itemListElement":[{"@type":"ListItem","position":1,"name":"Home","item":"https:\/\/www.athensdiversclub.com\/es\/"},{"@type":"ListItem","position":2,"name":"EverEden Beach Resort"}]},{"@type":"WebSite","@id":"https:\/\/www.athensdiversclub.com\/#website","url":"https:\/\/www.athensdiversclub.com\/","name":"Athens Divers Club","description":"","potentialAction":[{"@type":"SearchAction","target":{"@type":"EntryPoint","urlTemplate":"https:\/\/www.athensdiversclub.com\/?s={search_term_string}"},"query-input":{"@type":"PropertyValueSpecification","valueRequired":true,"valueName":"search_term_string"}}],"inLanguage":"es"}]}},"_links":{"self":[{"href":"https:\/\/www.athensdiversclub.com\/es\/wp-json\/wp\/v2\/pages\/7431","targetHints":{"allow":["GET"]}}],"collection":[{"href":"https:\/\/www.athensdiversclub.com\/es\/wp-json\/wp\/v2\/pages"}],"about":[{"href":"https:\/\/www.athensdiversclub.com\/es\/wp-json\/wp\/v2\/types\/page"}],"author":[{"embeddable":true,"href":"https:\/\/www.athensdiversclub.com\/es\/wp-json\/wp\/v2\/users\/1"}],"replies":[{"embeddable":true,"href":"https:\/\/www.athensdiversclub.com\/es\/wp-json\/wp\/v2\/comments?post=7431"}],"version-history":[{"count":0,"href":"https:\/\/www.athensdiversclub.com\/es\/wp-json\/wp\/v2\/pages\/7431\/revisions"}],"wp:attachment":[{"href":"https:\/\/www.athensdiversclub.com\/es\/wp-json\/wp\/v2\/media?parent=7431"}],"curies":[{"name":"wp","href":"https:\/\/api.w.org\/{rel}","templated":true}]}}