{"id":4910,"date":"2018-02-06T15:57:19","date_gmt":"2018-02-06T13:57:19","guid":{"rendered":"http:\/\/www.athensdiversclub.com\/fun-dives-certified-divers\/"},"modified":"2021-01-19T20:56:31","modified_gmt":"2021-01-19T18:56:31","slug":"buceo-recreativo-buceadores-certificados","status":"publish","type":"page","link":"https:\/\/www.athensdiversclub.com\/es\/buceo-recreativo-buceadores-certificados\/","title":{"rendered":"BUCEO RECREATIVO (BUCEADORES CERTIFICADOS)"},"content":{"rendered":"<div class=\"wpb-content-wrapper\"><p>[vc_row full_screen_section_height=\u00bbno\u00bb css=\u00bb.vc_custom_1484036404712{padding-top: 30px !important;padding-bottom: 30px !important;}\u00bb][vc_column][vc_text_separator title=\u00bbCuando se trata de buceo recreativo nuestro objetivo es brindarle el m\u00e1ximo disfrute en una variada lista de sitios de inmersiones, por supuesto en las condiciones de buceo m\u00e1s seguras.\u00bb][\/vc_column][\/vc_row][vc_row content_width=\u00bbgrid\u00bb full_screen_section_height=\u00bbno\u00bb css=\u00bb.vc_custom_1485513660893{padding-top: 30px !important;padding-bottom: 30px !important;background-color: #fbfbfb !important;}\u00bb][vc_column offset=\u00bbvc_col-lg-5 vc_col-md-5&#8243;][vc_single_image image=\u00bb7557&#8243; img_size=\u00bbmedium\u00bb alignment=\u00bbcenter\u00bb onclick=\u00bblink_image\u00bb css=\u00bb.vc_custom_1611082155809{padding-bottom: 20px !important;}\u00bb]<div class=\"qodef-separator-holder clearfix  qodef-separator-center\">\n\t<div class=\"qodef-separator\" ><\/div>\n<\/div>\n[vc_single_image image=\u00bb7624&#8243; img_size=\u00bbmedium\u00bb alignment=\u00bbcenter\u00bb onclick=\u00bblink_image\u00bb css=\u00bb.vc_custom_1611082195136{padding-bottom: 20px !important;}\u00bb]<div class=\"qodef-separator-holder clearfix  qodef-separator-center\">\n\t<div class=\"qodef-separator\" ><\/div>\n<\/div>\n[vc_single_image image=\u00bb7614&#8243; img_size=\u00bbmedium\u00bb alignment=\u00bbcenter\u00bb onclick=\u00bblink_image\u00bb css=\u00bb.vc_custom_1611082239660{padding-bottom: 20px !important;}\u00bb]<div class=\"qodef-separator-holder clearfix  qodef-separator-center\">\n\t<div class=\"qodef-separator\" ><\/div>\n<\/div>\n[vc_single_image image=\u00bb7040&#8243; img_size=\u00bbmedium\u00bb alignment=\u00bbcenter\u00bb onclick=\u00bblink_image\u00bb css=\u00bb.vc_custom_1611082299368{padding-bottom: 20px !important;}\u00bb][\/vc_column][vc_column offset=\u00bbvc_col-lg-7 vc_col-md-7&#8243;][vc_column_text]Para garantizar esto mantenemos los grupos con un m\u00e1ximo de 4 buceadores por Divemaster o Instructor.<\/p>\n<h4>L\u00edder de expedici\u00f3n<\/h4>\n<p>Proporcionamos un l\u00edder la expedici\u00f3n entre nuestro equipo profesional e internacional para garantizar que las inmersiones recreativas se llevan a cabo con los m\u00e1s altos est\u00e1ndares de seguridad.<br \/>\nSi vienes solo, te buscaremos un compa\u00f1ero de buceo en funci\u00f3n de tu nivel de certificaci\u00f3n, experiencia de buceo y comodidad en el agua.<\/p>\n<h4>Sitios de buceo<\/h4>\n<p>Variamos los sitios de buceo tanto como es posible y sobretodo para aquellos que reservan inmersiones m\u00faltiples con el fin de brindarle un servicio variado y personalizado de acuerdo con su experiencia y preferencias de buceo.<\/p>\n<p><strong>Si hay alg\u00fan sitio de buceo que te interese en especial, h\u00e1znoslo saber para que podamos hacer lo posible para llevarte.<\/strong><\/p>\n<p>Athens Divers Club ha estado buceando en estas aguas durante a\u00f1os. Nuestros experimentados instructores de buceo est\u00e1n bien versados en los sitios de buceo, las condiciones y la vida marina.<\/p>\n<h4>Horario de inmersiones de recreo<\/h4>\n<p>Tambi\u00e9n ofrecemos inmersiones en bah\u00edas arenosas protegidas, que brindan la profundidad perfecta para buceadores principiantes.<br \/>\nEn general, los barcos salen de 2 a 3 veces al d\u00eda.<br \/>\nEl viaje de la ma\u00f1ana sale a las 10.00 para hacer una inmersi\u00f3n de doble tanque; vuelve brevemente a la base entre la primera y la segunda inmersi\u00f3n &#8211; alrededor de las 12.00- para recoger a los que no les gusta madrugar.<br \/>\nEl viaje de la tarde sale sobre las 15.00 y regresa alrededor de las 17.30.<br \/>\nTodas las inmersiones se hacen en diferentes sitios, siendo la primera de la ma\u00f1ana la que m\u00e1s lejana.<br \/>\nGeneralmente no hay casi corrientes en las aguas en las que nos sumergimos y hay una excelente visibilidad.<\/p>\n<p>&nbsp;<\/p>\n<h4>M\u00e1s informaci\u00f3n<\/h4>\n<p>Cont\u00e1ctanos si necesitas m\u00e1s informaci\u00f3n sobre los destinos de buceo o sobre cualquier otro aspecto de nuestro buceo de recreo. Hablamos en espa\u00f1ol.<\/p>\n<p>&nbsp;<\/p>\n<p>&nbsp;[\/vc_column_text]<div id=\"modal-trg-txt-wrap-3830\" class=\"ult-modal-input-wrapper ult-adjust-bottom-margin lets-go-diving qodef-btn qodef-btn-medium qodef-btn-outline qodef-btn-custom-hover-bg qodef-btn-custom-border-hover   \" data-keypress-control=\"keypress-control-enable\" data-overlay-control=\"overlay-control-enable\"><button  data-ultimate-target='#modal-trg-txt-wrap-3830 .btn-modal'  data-responsive-json-new='{\"font-size\":\"desktop:22px;\",\"line-height\":\"desktop:22px;\"}'  style=\"background:rgba(0,0,0,0.01);border-color:rgba(0,0,0,0.01);color:#2e9298; \" data-class-id=\"content-69d847a9ed00c0-50620791\" class=\"btn-modal ult-responsive btn-primary btn-modal-lg overlay-show ult-align-center btn-id-69d847a9ed00c0-50620791\" data-overlay-class=\"overlay-zoomin\">M\u00e1s informaci\u00f3n sobre buceo recreativo<\/button><\/div>\n<div class=\"ult-overlay content-69d847a9ed00c0-50620791 \" data-class=\"content-69d847a9ed00c0-50620791\" id=\"button-click-overlay\" style=\"background:rgba(51,51,51,0.8); display:none;\">\n\t<div class=\"ult_modal ult-fade ult-container\">\n\t\t<div id=\"ult-modal-wrap-9161\" class=\"ult_modal-content ult-hide\" style=\"border-style:solid;border-width:2px;border-radius:0px;border-color:#333333;\">\n\t\t\t<div class=\"ult_modal-header\" style=\"color:#333333;border-color:#333333;\">\n\t\t\t\t<h3  data-ultimate-target='#ult-modal-wrap-9161 .ult_modal-title'  data-responsive-json-new='{\"font-size\":\"\",\"line-height\":\"\"}'  class=\"ult_modal-title ult-responsive\">M\u00e1s informaci\u00f3n sobre buceo recreativo<\/h3>\n\t\t\t<\/div>\n\t\t\t<div  data-ultimate-target='#ult-modal-wrap-9161 .ult_modal-body'  data-responsive-json-new='{\"font-size\":\"\",\"line-height\":\"\"}'  class=\"ult_modal-body ult-responsive ult-html\" style=\"\">\n\t\t\t\n<div class=\"wpcf7 no-js\" id=\"wpcf7-f27-o1\" lang=\"en-US\" dir=\"ltr\" data-wpcf7-id=\"27\">\n<div class=\"screen-reader-response\"><p role=\"status\" aria-live=\"polite\" aria-atomic=\"true\"><\/p> <ul><\/ul><\/div>\n<form action=\"\/es\/wp-json\/wp\/v2\/pages\/4910#wpcf7-f27-o1\" method=\"post\" class=\"wpcf7-form init\" aria-label=\"Contact form\" novalidate=\"novalidate\" data-status=\"init\">\n<fieldset class=\"hidden-fields-container\"><input type=\"hidden\" name=\"_wpcf7\" value=\"27\" \/><input type=\"hidden\" name=\"_wpcf7_version\" value=\"6.1.5\" \/><input type=\"hidden\" name=\"_wpcf7_locale\" value=\"en_US\" \/><input type=\"hidden\" name=\"_wpcf7_unit_tag\" value=\"wpcf7-f27-o1\" \/><input type=\"hidden\" name=\"_wpcf7_container_post\" value=\"0\" \/><input type=\"hidden\" name=\"_wpcf7_posted_data_hash\" value=\"\" \/>\n<\/fieldset>\n<p><label> Your Name (required)<br \/>\n<span class=\"wpcf7-form-control-wrap\" data-name=\"your-name\"><input size=\"40\" maxlength=\"400\" class=\"wpcf7-form-control wpcf7-text wpcf7-validates-as-required\" aria-required=\"true\" aria-invalid=\"false\" value=\"\" type=\"text\" name=\"your-name\" \/><\/span> <\/label>\n<\/p>\n<p><label> Your Email (required)<br \/>\n<span class=\"wpcf7-form-control-wrap\" data-name=\"your-email\"><input size=\"40\" maxlength=\"400\" class=\"wpcf7-form-control wpcf7-email wpcf7-validates-as-required wpcf7-text wpcf7-validates-as-email\" aria-required=\"true\" aria-invalid=\"false\" value=\"\" type=\"email\" name=\"your-email\" \/><\/span> <\/label>\n<\/p>\n<p><label> Subject<br \/>\n<span class=\"wpcf7-form-control-wrap\" data-name=\"your-subject\"><input size=\"40\" maxlength=\"400\" class=\"wpcf7-form-control wpcf7-text\" aria-invalid=\"false\" value=\"\" type=\"text\" name=\"your-subject\" \/><\/span> <\/label>\n<\/p>\n<p><label> Your Message<br \/>\n<span class=\"wpcf7-form-control-wrap\" data-name=\"your-message\"><textarea cols=\"40\" rows=\"10\" maxlength=\"2000\" class=\"wpcf7-form-control wpcf7-textarea\" aria-invalid=\"false\" name=\"your-message\"><\/textarea><\/span> <\/label>\n<\/p>\n<p>[wpgdprc \"By using this form you agree with the storage and handling of your data by this website.\"]\n<\/p>\n<p><input class=\"wpcf7-form-control wpcf7-submit has-spinner\" type=\"submit\" value=\"Send\" \/>\n<\/p><p style=\"display: none !important;\" class=\"akismet-fields-container\" data-prefix=\"_wpcf7_ak_\"><label>&#916;<textarea name=\"_wpcf7_ak_hp_textarea\" cols=\"45\" rows=\"8\" maxlength=\"100\"><\/textarea><\/label><input type=\"hidden\" id=\"ak_js_1\" name=\"_wpcf7_ak_js\" value=\"28\"\/><script>document.getElementById( \"ak_js_1\" ).setAttribute( \"value\", ( new Date() ).getTime() );<\/script><\/p><div class=\"wpcf7-response-output\" aria-hidden=\"true\"><\/div>\n<\/form>\n<\/div>\n\n\t\t\t<\/div>\n\t<\/div>\n\t<\/div>\n\t<div class=\"ult-overlay-close top-right\" style=\" \"><div class=\"ult-overlay-close-inside\">Close<\/div><\/div>\n<\/div>[\/vc_column][\/vc_row]<\/p>\n<\/div>","protected":false},"excerpt":{"rendered":"<p>[vc_row full_screen_section_height=\u00bbno\u00bb css=\u00bb.vc_custom_1484036404712{padding-top: 30px !important;padding-bottom: 30px !important;}\u00bb][vc_column][vc_text_separator title=\u00bbCuando se trata de buceo recreativo nuestro objetivo es brindarle el m\u00e1ximo disfrute en una variada lista de sitios de inmersiones, por supuesto en las condiciones de buceo m\u00e1s seguras.\u00bb][\/vc_column][\/vc_row][vc_row content_width=\u00bbgrid\u00bb full_screen_section_height=\u00bbno\u00bb css=\u00bb.vc_custom_1485513660893{padding-top: 30px !important;padding-bottom: 30px !important;background-color: #fbfbfb&#8230;<\/p>\n","protected":false},"author":1,"featured_media":7510,"parent":0,"menu_order":0,"comment_status":"closed","ping_status":"closed","template":"","meta":{"footnotes":""},"class_list":["post-4910","page","type-page","status-publish","has-post-thumbnail","hentry"],"yoast_head":"<!-- This site is optimized with the Yoast SEO plugin v27.0 - https:\/\/yoast.com\/product\/yoast-seo-wordpress\/ -->\n<title>BUCEO RECREATIVO (BUCEADORES CERTIFICADOS) - Athens Divers Club<\/title>\n<meta name=\"description\" content=\"Proporcionamos un l\u00edder la expedici\u00f3n entre nuestro equipo profesional e internacional para garantizar que las inmersiones recreativas se llevan a cabo con los m\u00e1s altos est\u00e1ndares de seguridad.\" \/>\n<meta name=\"robots\" content=\"index, follow, max-snippet:-1, max-image-preview:large, max-video-preview:-1\" \/>\n<link rel=\"canonical\" href=\"https:\/\/www.athensdiversclub.com\/es\/buceo-recreativo-buceadores-certificados\/\" \/>\n<meta property=\"og:locale\" content=\"es_ES\" \/>\n<meta property=\"og:type\" content=\"article\" \/>\n<meta property=\"og:title\" content=\"BUCEO RECREATIVO (BUCEADORES CERTIFICADOS) - Athens Divers Club\" \/>\n<meta property=\"og:description\" content=\"Proporcionamos un l\u00edder la expedici\u00f3n entre nuestro equipo profesional e internacional para garantizar que las inmersiones recreativas se llevan a cabo con los m\u00e1s altos est\u00e1ndares de seguridad.\" \/>\n<meta property=\"og:url\" content=\"https:\/\/www.athensdiversclub.com\/es\/buceo-recreativo-buceadores-certificados\/\" \/>\n<meta property=\"og:site_name\" content=\"Athens Divers Club\" \/>\n<meta property=\"article:publisher\" content=\"https:\/\/www.facebook.com\/athensdiversclub\/\" \/>\n<meta property=\"article:modified_time\" content=\"2021-01-19T18:56:31+00:00\" \/>\n<meta property=\"og:image\" content=\"https:\/\/www.athensdiversclub.com\/wp-content\/uploads\/2021\/01\/GOPR0172.jpg\" \/>\n\t<meta property=\"og:image:width\" content=\"2560\" \/>\n\t<meta property=\"og:image:height\" content=\"1776\" \/>\n\t<meta property=\"og:image:type\" content=\"image\/jpeg\" \/>\n<meta name=\"twitter:card\" content=\"summary_large_image\" \/>\n<meta name=\"twitter:site\" content=\"@AthensDivers\" \/>\n<meta name=\"twitter:label1\" content=\"Tiempo de lectura\" \/>\n\t<meta name=\"twitter:data1\" content=\"2 minutos\" \/>\n<script type=\"application\/ld+json\" class=\"yoast-schema-graph\">{\"@context\":\"https:\/\/schema.org\",\"@graph\":[{\"@type\":\"WebPage\",\"@id\":\"https:\/\/www.athensdiversclub.com\/es\/buceo-recreativo-buceadores-certificados\/\",\"url\":\"https:\/\/www.athensdiversclub.com\/es\/buceo-recreativo-buceadores-certificados\/\",\"name\":\"BUCEO RECREATIVO (BUCEADORES CERTIFICADOS) - Athens Divers Club\",\"isPartOf\":{\"@id\":\"https:\/\/www.athensdiversclub.com\/#website\"},\"primaryImageOfPage\":{\"@id\":\"https:\/\/www.athensdiversclub.com\/es\/buceo-recreativo-buceadores-certificados\/#primaryimage\"},\"image\":{\"@id\":\"https:\/\/www.athensdiversclub.com\/es\/buceo-recreativo-buceadores-certificados\/#primaryimage\"},\"thumbnailUrl\":\"https:\/\/www.athensdiversclub.com\/wp-content\/uploads\/2021\/01\/GOPR0172.jpg\",\"datePublished\":\"2018-02-06T13:57:19+00:00\",\"dateModified\":\"2021-01-19T18:56:31+00:00\",\"description\":\"Proporcionamos un l\u00edder la expedici\u00f3n entre nuestro equipo profesional e internacional para garantizar que las inmersiones recreativas se llevan a cabo con los m\u00e1s altos est\u00e1ndares de seguridad.\",\"breadcrumb\":{\"@id\":\"https:\/\/www.athensdiversclub.com\/es\/buceo-recreativo-buceadores-certificados\/#breadcrumb\"},\"inLanguage\":\"es\",\"potentialAction\":[{\"@type\":\"ReadAction\",\"target\":[\"https:\/\/www.athensdiversclub.com\/es\/buceo-recreativo-buceadores-certificados\/\"]}]},{\"@type\":\"ImageObject\",\"inLanguage\":\"es\",\"@id\":\"https:\/\/www.athensdiversclub.com\/es\/buceo-recreativo-buceadores-certificados\/#primaryimage\",\"url\":\"https:\/\/www.athensdiversclub.com\/wp-content\/uploads\/2021\/01\/GOPR0172.jpg\",\"contentUrl\":\"https:\/\/www.athensdiversclub.com\/wp-content\/uploads\/2021\/01\/GOPR0172.jpg\",\"width\":2560,\"height\":1776,\"caption\":\"DCIM100GOPROGOPR0172.\"},{\"@type\":\"BreadcrumbList\",\"@id\":\"https:\/\/www.athensdiversclub.com\/es\/buceo-recreativo-buceadores-certificados\/#breadcrumb\",\"itemListElement\":[{\"@type\":\"ListItem\",\"position\":1,\"name\":\"Home\",\"item\":\"https:\/\/www.athensdiversclub.com\/es\/\"},{\"@type\":\"ListItem\",\"position\":2,\"name\":\"BUCEO RECREATIVO (BUCEADORES CERTIFICADOS)\"}]},{\"@type\":\"WebSite\",\"@id\":\"https:\/\/www.athensdiversclub.com\/#website\",\"url\":\"https:\/\/www.athensdiversclub.com\/\",\"name\":\"Athens Divers Club\",\"description\":\"\",\"potentialAction\":[{\"@type\":\"SearchAction\",\"target\":{\"@type\":\"EntryPoint\",\"urlTemplate\":\"https:\/\/www.athensdiversclub.com\/?s={search_term_string}\"},\"query-input\":{\"@type\":\"PropertyValueSpecification\",\"valueRequired\":true,\"valueName\":\"search_term_string\"}}],\"inLanguage\":\"es\"}]}<\/script>\n<!-- \/ Yoast SEO plugin. -->","yoast_head_json":{"title":"BUCEO RECREATIVO (BUCEADORES CERTIFICADOS) - Athens Divers Club","description":"Proporcionamos un l\u00edder la expedici\u00f3n entre nuestro equipo profesional e internacional para garantizar que las inmersiones recreativas se llevan a cabo con los m\u00e1s altos est\u00e1ndares de seguridad.","robots":{"index":"index","follow":"follow","max-snippet":"max-snippet:-1","max-image-preview":"max-image-preview:large","max-video-preview":"max-video-preview:-1"},"canonical":"https:\/\/www.athensdiversclub.com\/es\/buceo-recreativo-buceadores-certificados\/","og_locale":"es_ES","og_type":"article","og_title":"BUCEO RECREATIVO (BUCEADORES CERTIFICADOS) - Athens Divers Club","og_description":"Proporcionamos un l\u00edder la expedici\u00f3n entre nuestro equipo profesional e internacional para garantizar que las inmersiones recreativas se llevan a cabo con los m\u00e1s altos est\u00e1ndares de seguridad.","og_url":"https:\/\/www.athensdiversclub.com\/es\/buceo-recreativo-buceadores-certificados\/","og_site_name":"Athens Divers Club","article_publisher":"https:\/\/www.facebook.com\/athensdiversclub\/","article_modified_time":"2021-01-19T18:56:31+00:00","og_image":[{"width":2560,"height":1776,"url":"https:\/\/www.athensdiversclub.com\/wp-content\/uploads\/2021\/01\/GOPR0172.jpg","type":"image\/jpeg"}],"twitter_card":"summary_large_image","twitter_site":"@AthensDivers","twitter_misc":{"Tiempo de lectura":"2 minutos"},"schema":{"@context":"https:\/\/schema.org","@graph":[{"@type":"WebPage","@id":"https:\/\/www.athensdiversclub.com\/es\/buceo-recreativo-buceadores-certificados\/","url":"https:\/\/www.athensdiversclub.com\/es\/buceo-recreativo-buceadores-certificados\/","name":"BUCEO RECREATIVO (BUCEADORES CERTIFICADOS) - Athens Divers Club","isPartOf":{"@id":"https:\/\/www.athensdiversclub.com\/#website"},"primaryImageOfPage":{"@id":"https:\/\/www.athensdiversclub.com\/es\/buceo-recreativo-buceadores-certificados\/#primaryimage"},"image":{"@id":"https:\/\/www.athensdiversclub.com\/es\/buceo-recreativo-buceadores-certificados\/#primaryimage"},"thumbnailUrl":"https:\/\/www.athensdiversclub.com\/wp-content\/uploads\/2021\/01\/GOPR0172.jpg","datePublished":"2018-02-06T13:57:19+00:00","dateModified":"2021-01-19T18:56:31+00:00","description":"Proporcionamos un l\u00edder la expedici\u00f3n entre nuestro equipo profesional e internacional para garantizar que las inmersiones recreativas se llevan a cabo con los m\u00e1s altos est\u00e1ndares de seguridad.","breadcrumb":{"@id":"https:\/\/www.athensdiversclub.com\/es\/buceo-recreativo-buceadores-certificados\/#breadcrumb"},"inLanguage":"es","potentialAction":[{"@type":"ReadAction","target":["https:\/\/www.athensdiversclub.com\/es\/buceo-recreativo-buceadores-certificados\/"]}]},{"@type":"ImageObject","inLanguage":"es","@id":"https:\/\/www.athensdiversclub.com\/es\/buceo-recreativo-buceadores-certificados\/#primaryimage","url":"https:\/\/www.athensdiversclub.com\/wp-content\/uploads\/2021\/01\/GOPR0172.jpg","contentUrl":"https:\/\/www.athensdiversclub.com\/wp-content\/uploads\/2021\/01\/GOPR0172.jpg","width":2560,"height":1776,"caption":"DCIM100GOPROGOPR0172."},{"@type":"BreadcrumbList","@id":"https:\/\/www.athensdiversclub.com\/es\/buceo-recreativo-buceadores-certificados\/#breadcrumb","itemListElement":[{"@type":"ListItem","position":1,"name":"Home","item":"https:\/\/www.athensdiversclub.com\/es\/"},{"@type":"ListItem","position":2,"name":"BUCEO RECREATIVO (BUCEADORES CERTIFICADOS)"}]},{"@type":"WebSite","@id":"https:\/\/www.athensdiversclub.com\/#website","url":"https:\/\/www.athensdiversclub.com\/","name":"Athens Divers Club","description":"","potentialAction":[{"@type":"SearchAction","target":{"@type":"EntryPoint","urlTemplate":"https:\/\/www.athensdiversclub.com\/?s={search_term_string}"},"query-input":{"@type":"PropertyValueSpecification","valueRequired":true,"valueName":"search_term_string"}}],"inLanguage":"es"}]}},"_links":{"self":[{"href":"https:\/\/www.athensdiversclub.com\/es\/wp-json\/wp\/v2\/pages\/4910","targetHints":{"allow":["GET"]}}],"collection":[{"href":"https:\/\/www.athensdiversclub.com\/es\/wp-json\/wp\/v2\/pages"}],"about":[{"href":"https:\/\/www.athensdiversclub.com\/es\/wp-json\/wp\/v2\/types\/page"}],"author":[{"embeddable":true,"href":"https:\/\/www.athensdiversclub.com\/es\/wp-json\/wp\/v2\/users\/1"}],"replies":[{"embeddable":true,"href":"https:\/\/www.athensdiversclub.com\/es\/wp-json\/wp\/v2\/comments?post=4910"}],"version-history":[{"count":0,"href":"https:\/\/www.athensdiversclub.com\/es\/wp-json\/wp\/v2\/pages\/4910\/revisions"}],"wp:featuredmedia":[{"embeddable":true,"href":"https:\/\/www.athensdiversclub.com\/es\/wp-json\/wp\/v2\/media\/7510"}],"wp:attachment":[{"href":"https:\/\/www.athensdiversclub.com\/es\/wp-json\/wp\/v2\/media?parent=4910"}],"curies":[{"name":"wp","href":"https:\/\/api.w.org\/{rel}","templated":true}]}}