{"id":4793,"date":"2018-01-09T16:10:34","date_gmt":"2018-01-09T14:10:34","guid":{"rendered":"http:\/\/www.athensdiversclub.com\/advanced-open-water-diver-aowd\/"},"modified":"2021-01-16T16:00:50","modified_gmt":"2021-01-16T14:00:50","slug":"advanced-open-water-diver-aowd","status":"publish","type":"page","link":"https:\/\/www.athensdiversclub.com\/es\/advanced-open-water-diver-aowd\/","title":{"rendered":"Advanced Open Water Diver (AOWD)"},"content":{"rendered":"<div class=\"wpb-content-wrapper\"><p>[vc_row content_width=\u00bbgrid\u00bb full_screen_section_height=\u00bbno\u00bb css=\u00bb.vc_custom_1486026377670{padding-top: 30px !important;padding-bottom: 30px !important;}\u00bb][vc_column]<div id=\"ultimate-heading-312869d847a89bba3\" class=\"uvc-heading ult-adjust-bottom-margin ultimate-heading-312869d847a89bba3 uvc-7877 \" data-hspacer=\"line_only\"  data-halign=\"left\" style=\"text-align:left\"><div class=\"uvc-main-heading ult-responsive\"  data-ultimate-target='.uvc-heading.ultimate-heading-312869d847a89bba3 h2'  data-responsive-json-new='{\"font-size\":\"\",\"line-height\":\"\"}' ><h2 style=\"font-weight:normal;\">Explora, Experimenta, Desarrolla tu buceo<\/h2><\/div><div class=\"uvc-heading-spacer line_only\" style=\"topheight:1px;\"><span class=\"uvc-headings-line\" style=\"border-style:solid;border-bottom-width:1px;border-color:#ccc;width:autopx;\"><\/span><\/div><\/div>[vc_column_text]En esto consiste el curso PADI Advanced Open Water Diver.<\/p>\n<p>No tienes que estar en un nivel \u00abavanzado\u00bb para hacerlo. Est\u00e1 dise\u00f1ado para avanzar en tu buceo, por lo que puedes empezarlo inmediatamente despu\u00e9s de obtener tu certificaci\u00f3n PADI Open Water Diver. El curso ayuda a aumentar tu confianza y expandir tus habilidades de buceo a trav\u00e9s de diferentes inmersiones de recreo. Probar\u00e1s diferentes especialidades mientras adquieres experiencia bajo la supervisi\u00f3n de nuestro instructor.<\/p>\n<p>Y adem\u00e1s vas acumulando cr\u00e9ditos. Cada inmersi\u00f3n de recreo que vayas haciendo, puede contar para completar la primera inmersi\u00f3n del Curso PADI Specialty Diver correspondiente. Si ya has hecho alg\u00fan curso de buceo especializado, pregunta a tu instructor si se te ha contado como cr\u00e9dito de inmersi\u00f3n de recreo.[\/vc_column_text][\/vc_column][\/vc_row][vc_row content_width=\u00bbgrid\u00bb full_screen_section_height=\u00bbno\u00bb][vc_column]<div class=\"qodef-tabs qodef-vertical-tab qodef-dark-tab qodef-tab-without-icon clearfix\">\n\t<ul class=\"qodef-tabs-nav\">\n\t\t\t\t\t<li>\n\t\t\t\t<a href=\"#tab-quien-debe-hacer-este-curso\">\n\t\t\t\t\t\n\t\t\t\t\t\t\t\t\t\t\t<span class=\"qodef-tab-text-after-icon\">\n\t\t\t\t\t\t\t\u00bfQui\u00e9n debe hacer este curso?\t\t\t\t\t\t<\/span>\n\t\t\t\t\t\t\t\t\t\t\t\n\t\t\t\t\t\t\t\t\t<\/a>\n\t\t\t <\/li>\n\t\t\t<\/ul> \n\t<div class=\"qodef-tab-container\" id=\"tab-quien-debe-hacer-este-curso-918\" data-icon-pack=&quot;font_awesome&quot; data-icon-html=&quot;&lt;i class=&quot;qodef-icon-font-awesome fa  &quot; &gt;&lt;\/i&gt;&quot;>[vc_column_text]Los PADI (Junior) Open Water Divers que tienen al menos 12 a\u00f1os de edad est\u00e1n listos para avanzar e inscribirse en un curso Advanced Open Water Diver. Los buceadores j\u00f3venes solo pueden participar en ciertas inmersiones de aventuras: cons\u00faltenos.&nbsp;Si ya eres un Adventure Diver, solo necesitas completar dos Adventure Dives m\u00e1s para obtener la certificaci\u00f3n Advanced Open Water Diver.[\/vc_column_text]<\/div><\/div><div class=\"qodef-tabs qodef-vertical-tab qodef-dark-tab qodef-tab-without-icon clearfix\">\n\t<ul class=\"qodef-tabs-nav\">\n\t\t\t\t\t<li>\n\t\t\t\t<a href=\"#tab-que-aprenderas\">\n\t\t\t\t\t\n\t\t\t\t\t\t\t\t\t\t\t<span class=\"qodef-tab-text-after-icon\">\n\t\t\t\t\t\t\t\u00bfQu\u00e9 aprender\u00e1s? \t\t\t\t\t\t<\/span>\n\t\t\t\t\t\t\t\t\t\t\t\n\t\t\t\t\t\t\t\t\t<\/a>\n\t\t\t <\/li>\n\t\t\t<\/ul> \n\t<div class=\"qodef-tab-container\" id=\"tab-que-aprenderas-770\" data-icon-pack=&quot;font_awesome&quot; data-icon-html=&quot;&lt;i class=&quot;qodef-icon-font-awesome fa  &quot; &gt;&lt;\/i&gt;&quot;>[vc_column_text]Planificar\u00e1s tu ruta de aprendizaje con tu instructor eligiendo entre una larga lista de inmersiones de aventura. Hay dos inmersiones obligatorias, navegaci\u00f3n profunda y submarina, y t\u00fa eliges las otras tres; total cinco inmersiones.<br \/>\nDurante el Deep Adventure Dive, aprender\u00e1s c\u00f3mo planear inmersiones para gestionar los efectos fisiol\u00f3gicos y los desaf\u00edos del buceo m\u00e1s profundo. La inmersi\u00f3n de Aventuras de Navegaci\u00f3n perfecciona tus habilidades de orientaci\u00f3n en la navegaci\u00f3n, y te ense\u00f1a a usar puntos de referencia visuales y a gestionar tu tiempo.<\/p>\n<p>El resto de conocimientos y habilidades que obtengas depender\u00e1n en gran medida de tu inter\u00e9s y las aventuras que elijas entre: fotograf\u00eda, control de la flotabilidad, identificaci\u00f3n de peces, exploraci\u00f3n de naufragios y otras muchas m\u00e1s.<\/p>\n<p>En algunas universidades puede que acepten cr\u00e9ditos por haber acabado el curso <a href=\"https:\/\/www.padi.com\/padi-courses\/earn-college-or-vocational-credit-padi-scuba-courses\">Advanced Open Water Diver<\/a>[\/vc_column_text]<\/div><\/div><div class=\"qodef-tabs qodef-vertical-tab qodef-dark-tab qodef-tab-without-icon clearfix\">\n\t<ul class=\"qodef-tabs-nav\">\n\t\t\t\t\t<li>\n\t\t\t\t<a href=\"#tab-como-puedes-empezar-a-aprender-ya\">\n\t\t\t\t\t\n\t\t\t\t\t\t\t\t\t\t\t<span class=\"qodef-tab-text-after-icon\">\n\t\t\t\t\t\t\t\u00bfC\u00f3mo puedes empezar a aprender ya? \t\t\t\t\t\t<\/span>\n\t\t\t\t\t\t\t\t\t\t\t\n\t\t\t\t\t\t\t\t\t<\/a>\n\t\t\t <\/li>\n\t\t\t<\/ul> \n\t<div class=\"qodef-tab-container\" id=\"tab-como-puedes-empezar-a-aprender-ya-152\" data-icon-pack=&quot;font_awesome&quot; data-icon-html=&quot;&lt;i class=&quot;qodef-icon-font-awesome fa  &quot; &gt;&lt;\/i&gt;&quot;>[vc_column_text]Matric\u00falate en el curso Advanced Open Water Diver en l\u00ednea &#8211; Opci\u00f3n de eLearning de PADI &#8211; para comenzar de inmediato. El sistema en l\u00ednea te permite aprender siete de las inmersiones de aventuras m\u00e1s populares, incluidas las inmersiones de aventura de navegaci\u00f3n profunda y subacu\u00e1tica requeridas, adem\u00e1s de buceo en motora, noche, m\u00e1ximo rendimiento, submarinismo natural y aventura en naufragio. T\u00fa estudias a tu ritmo a trav\u00e9s de un programa interactivo f\u00e1cil de usar. Tambi\u00e9n tienes acceso a una versi\u00f3n en l\u00ednea del manual <em>Adventures in Diving<\/em> y puedes completar secciones para otras inmersiones de aventura, lo cual te indicar\u00e1 tu instructor PADI.<br \/>\nTambi\u00e9n puedes optar por leer el manual y ver el video de <em>Adventures in Diving<\/em> (un libro y un paquete de DVD en espa\u00f1ol).<br \/>\nTen en cuenta que si eliges la ruta de aprendizaje en l\u00ednea debes matricularte a trav\u00e9s de nuestro sitio web. No dudes en ponerte en contacto con nosotros para obtener informaci\u00f3n sobre c\u00f3mo matricularte en el curso avanzado de buceo de aguas abiertas de PADI.<br \/>\nTenemos instructores que hablan espa\u00f1ol.[\/vc_column_text]<\/div><\/div><div class=\"qodef-tabs qodef-vertical-tab qodef-dark-tab qodef-tab-without-icon clearfix\">\n\t<ul class=\"qodef-tabs-nav\">\n\t\t\t\t\t<li>\n\t\t\t\t<a href=\"#tab-que-equipacion-de-buceo-usaras\">\n\t\t\t\t\t\n\t\t\t\t\t\t\t\t\t\t\t<span class=\"qodef-tab-text-after-icon\">\n\t\t\t\t\t\t\t\u00bfQu\u00e9 equipaci\u00f3n de buceo usar\u00e1s?\t\t\t\t\t\t<\/span>\n\t\t\t\t\t\t\t\t\t\t\t\n\t\t\t\t\t\t\t\t\t<\/a>\n\t\t\t <\/li>\n\t\t\t<\/ul> \n\t<div class=\"qodef-tab-container\" id=\"tab-que-equipacion-de-buceo-usaras-878\" data-icon-pack=&quot;font_awesome&quot; data-icon-html=&quot;&lt;i class=&quot;qodef-icon-font-awesome fa  &quot; &gt;&lt;\/i&gt;&quot;>[vc_column_text]Adem\u00e1s de usar equipo de buceo b\u00e1sico, necesitar\u00e1s una br\u00fajula y un cuchillo de buceo. Hay un equipo especializado dependiendo de las inmersiones de aventura que elijas. Por ejemplo, usar\u00e1s un traje seco para la inmersi\u00f3n de Aventura de Traje Seco, y un montaje lateral durante la inmersi\u00f3n de Aventura Sidemount. Nosotros te explicaremos el equipo que necesitas y puede que se te sugiera alg\u00fan accesorio adicional, como luz de buceo para buceo nocturno o un globo elevador para b\u00fasqueda y recuperaci\u00f3n de buceo.<\/p>\n<p>Ponte en contacto con nosotros para obtener m\u00e1s informaci\u00f3n sobre el equipo que necesitar\u00e1s para comenzar tus aventuras en el curso Advanced Open Water Diver. Hablamos espa\u00f1ol.<\/p>\n<p>Tenemos instructores que hablan espa\u00f1ol.[\/vc_column_text]<\/div><\/div><div class=\"qodef-tabs qodef-vertical-tab qodef-dark-tab qodef-tab-without-icon clearfix\">\n\t<ul class=\"qodef-tabs-nav\">\n\t\t\t\t\t<li>\n\t\t\t\t<a href=\"#tab-paso-siguiente\">\n\t\t\t\t\t\n\t\t\t\t\t\t\t\t\t\t\t<span class=\"qodef-tab-text-after-icon\">\n\t\t\t\t\t\t\tPaso siguiente\t\t\t\t\t\t<\/span>\n\t\t\t\t\t\t\t\t\t\t\t\n\t\t\t\t\t\t\t\t\t<\/a>\n\t\t\t <\/li>\n\t\t\t<\/ul> \n\t<div class=\"qodef-tab-container\" id=\"tab-paso-siguiente-904\" data-icon-pack=&quot;font_awesome&quot; data-icon-html=&quot;&lt;i class=&quot;qodef-icon-font-awesome fa  &quot; &gt;&lt;\/i&gt;&quot;>[vc_column_text]<\/p>\n<ul>\n<li>Obt\u00e9n experiencia y consigue tu certificaci\u00f3n siguiente:<\/li>\n<li>Matric\u00falate en Advanced Open Water Diver en l\u00ednea y comienza a aprender de inmediato.<\/li>\n<li><a href=\"https:\/\/www.padi.com\/sites\/default\/files\/2017-03\/10063_RSTC_MedState_v201_07_web.pdf\">Descarga<\/a> la Declaraci\u00f3n\/Cuestionario m\u00e9dico PADI (pdf).<\/li>\n<\/ul>\n<p>[\/vc_column_text]<\/div><\/div><div class=\"qodef-tabs qodef-vertical-tab qodef-dark-tab qodef-tab-without-icon clearfix\">\n\t<ul class=\"qodef-tabs-nav\">\n\t\t\t\t\t<li>\n\t\t\t\t<a href=\"#tab-aventura-siguiente\">\n\t\t\t\t\t\n\t\t\t\t\t\t\t\t\t\t\t<span class=\"qodef-tab-text-after-icon\">\n\t\t\t\t\t\t\tAventura siguiente\t\t\t\t\t\t<\/span>\n\t\t\t\t\t\t\t\t\t\t\t\n\t\t\t\t\t\t\t\t\t<\/a>\n\t\t\t <\/li>\n\t\t\t<\/ul> \n\t<div class=\"qodef-tab-container\" id=\"tab-aventura-siguiente-185\" data-icon-pack=&quot;font_awesome&quot; data-icon-html=&quot;&lt;i class=&quot;qodef-icon-font-awesome fa  &quot; &gt;&lt;\/i&gt;&quot;>[vc_column_text]Convi\u00e9rtete en un buceador de <a href=\"http:\/\/http:\/\/www.athensdiversclub.com\/es\/open-water-diver-owd\/\">rescate<\/a>.<br \/>\nAprende a prevenir y gestionar problemas en el agua, y aumenta la confianza en tus capacidades como buceador, sabiendo que puedes ayudar a otros si fuera necesario.[\/vc_column_text]<\/div><\/div>[\/vc_column][\/vc_row][vc_row content_width=\u00bbgrid\u00bb content_aligment=\u00bbcenter\u00bb full_screen_section_height=\u00bbno\u00bb][vc_column]<div id=\"modal-trg-txt-wrap-6083\" class=\"ult-modal-input-wrapper ult-adjust-bottom-margin lets-go-diving qodef-btn qodef-btn-medium qodef-btn-outline qodef-btn-custom-hover-bg qodef-btn-custom-border-hover   \" data-keypress-control=\"keypress-control-enable\" data-overlay-control=\"overlay-control-enable\"><button  data-ultimate-target='#modal-trg-txt-wrap-6083 .btn-modal'  data-responsive-json-new='{\"font-size\":\"desktop:22px;\",\"line-height\":\"desktop:22px;\"}'  style=\"background:rgba(0,0,0,0.01);border-color:rgba(0,0,0,0.01);color:#2e9298; \" data-class-id=\"content-69d847a89bfce4-44153895\" class=\"btn-modal ult-responsive btn-primary btn-modal-lg overlay-show ult-align-center btn-id-69d847a89bfce4-44153895\" data-overlay-class=\"overlay-zoomin\">Contact us to learn more <\/button><\/div>\n<div class=\"ult-overlay content-69d847a89bfce4-44153895 \" data-class=\"content-69d847a89bfce4-44153895\" id=\"button-click-overlay\" style=\"background:rgba(51,51,51,0.8); display:none;\">\n\t<div class=\"ult_modal ult-fade ult-container\">\n\t\t<div id=\"ult-modal-wrap-8598\" class=\"ult_modal-content ult-hide\" style=\"border-style:solid;border-width:2px;border-radius:0px;border-color:#333333;\">\n\t\t\t<div class=\"ult_modal-header\" style=\"color:#333333;border-color:#333333;\">\n\t\t\t\t<h3  data-ultimate-target='#ult-modal-wrap-8598 .ult_modal-title'  data-responsive-json-new='{\"font-size\":\"\",\"line-height\":\"\"}'  class=\"ult_modal-title ult-responsive\">Advanced Open Water Diver<\/h3>\n\t\t\t<\/div>\n\t\t\t<div  data-ultimate-target='#ult-modal-wrap-8598 .ult_modal-body'  data-responsive-json-new='{\"font-size\":\"\",\"line-height\":\"\"}'  class=\"ult_modal-body ult-responsive ult-html\" style=\"\">\n\t\t\t\n<div class=\"wpcf7 no-js\" id=\"wpcf7-f27-o1\" lang=\"en-US\" dir=\"ltr\" data-wpcf7-id=\"27\">\n<div class=\"screen-reader-response\"><p role=\"status\" aria-live=\"polite\" aria-atomic=\"true\"><\/p> <ul><\/ul><\/div>\n<form action=\"\/es\/wp-json\/wp\/v2\/pages\/4793#wpcf7-f27-o1\" method=\"post\" class=\"wpcf7-form init\" aria-label=\"Contact form\" novalidate=\"novalidate\" data-status=\"init\">\n<fieldset class=\"hidden-fields-container\"><input type=\"hidden\" name=\"_wpcf7\" value=\"27\" \/><input type=\"hidden\" name=\"_wpcf7_version\" value=\"6.1.5\" \/><input type=\"hidden\" name=\"_wpcf7_locale\" value=\"en_US\" \/><input type=\"hidden\" name=\"_wpcf7_unit_tag\" value=\"wpcf7-f27-o1\" \/><input type=\"hidden\" name=\"_wpcf7_container_post\" value=\"0\" \/><input type=\"hidden\" name=\"_wpcf7_posted_data_hash\" value=\"\" \/>\n<\/fieldset>\n<p><label> Your Name (required)<br \/>\n<span class=\"wpcf7-form-control-wrap\" data-name=\"your-name\"><input size=\"40\" maxlength=\"400\" class=\"wpcf7-form-control wpcf7-text wpcf7-validates-as-required\" aria-required=\"true\" aria-invalid=\"false\" value=\"\" type=\"text\" name=\"your-name\" \/><\/span> <\/label>\n<\/p>\n<p><label> Your Email (required)<br \/>\n<span class=\"wpcf7-form-control-wrap\" data-name=\"your-email\"><input size=\"40\" maxlength=\"400\" class=\"wpcf7-form-control wpcf7-email wpcf7-validates-as-required wpcf7-text wpcf7-validates-as-email\" aria-required=\"true\" aria-invalid=\"false\" value=\"\" type=\"email\" name=\"your-email\" \/><\/span> <\/label>\n<\/p>\n<p><label> Subject<br \/>\n<span class=\"wpcf7-form-control-wrap\" data-name=\"your-subject\"><input size=\"40\" maxlength=\"400\" class=\"wpcf7-form-control wpcf7-text\" aria-invalid=\"false\" value=\"\" type=\"text\" name=\"your-subject\" \/><\/span> <\/label>\n<\/p>\n<p><label> Your Message<br \/>\n<span class=\"wpcf7-form-control-wrap\" data-name=\"your-message\"><textarea cols=\"40\" rows=\"10\" maxlength=\"2000\" class=\"wpcf7-form-control wpcf7-textarea\" aria-invalid=\"false\" name=\"your-message\"><\/textarea><\/span> <\/label>\n<\/p>\n<p>[wpgdprc \"By using this form you agree with the storage and handling of your data by this website.\"]\n<\/p>\n<p><input class=\"wpcf7-form-control wpcf7-submit has-spinner\" type=\"submit\" value=\"Send\" \/>\n<\/p><p style=\"display: none !important;\" class=\"akismet-fields-container\" data-prefix=\"_wpcf7_ak_\"><label>&#916;<textarea name=\"_wpcf7_ak_hp_textarea\" cols=\"45\" rows=\"8\" maxlength=\"100\"><\/textarea><\/label><input type=\"hidden\" id=\"ak_js_1\" name=\"_wpcf7_ak_js\" value=\"127\"\/><script>document.getElementById( \"ak_js_1\" ).setAttribute( \"value\", ( new Date() ).getTime() );<\/script><\/p><div class=\"wpcf7-response-output\" aria-hidden=\"true\"><\/div>\n<\/form>\n<\/div>\n\n\t\t\t<\/div>\n\t<\/div>\n\t<\/div>\n\t<div class=\"ult-overlay-close top-right\" style=\" \"><div class=\"ult-overlay-close-inside\">Close<\/div><\/div>\n<\/div>[\/vc_column][\/vc_row]<\/p>\n<\/div>","protected":false},"excerpt":{"rendered":"<p>[vc_row content_width=\u00bbgrid\u00bb full_screen_section_height=\u00bbno\u00bb css=\u00bb.vc_custom_1486026377670{padding-top: 30px !important;padding-bottom: 30px !important;}\u00bb][vc_column][vc_column_text]En esto consiste el curso PADI Advanced Open Water Diver. No tienes que estar en un nivel \u00abavanzado\u00bb para hacerlo. Est\u00e1 dise\u00f1ado para avanzar en tu buceo, por lo que puedes empezarlo inmediatamente despu\u00e9s de obtener tu certificaci\u00f3n&#8230;<\/p>\n","protected":false},"author":1,"featured_media":0,"parent":0,"menu_order":0,"comment_status":"closed","ping_status":"closed","template":"full-width.php","meta":{"footnotes":""},"class_list":["post-4793","page","type-page","status-publish","hentry"],"yoast_head":"<!-- This site is optimized with the Yoast SEO plugin v27.0 - https:\/\/yoast.com\/product\/yoast-seo-wordpress\/ -->\n<title>Advanced Open Water Diver (AOWD) - Athens Divers Club<\/title>\n<meta name=\"description\" content=\"No tienes que estar en un nivel &quot;avanzado&quot; para hacerlo. Est\u00e1 dise\u00f1ado para avanzar en tu buceo, por lo que puedes empezarlo inmediatamente despu\u00e9s de obtener tu certificaci\u00f3n PADI Open Water Diver\" \/>\n<meta name=\"robots\" content=\"index, follow, max-snippet:-1, max-image-preview:large, max-video-preview:-1\" \/>\n<link rel=\"canonical\" href=\"https:\/\/www.athensdiversclub.com\/es\/advanced-open-water-diver-aowd\/\" \/>\n<meta property=\"og:locale\" content=\"es_ES\" \/>\n<meta property=\"og:type\" content=\"article\" \/>\n<meta property=\"og:title\" content=\"Advanced Open Water Diver (AOWD) - Athens Divers Club\" \/>\n<meta property=\"og:description\" content=\"No tienes que estar en un nivel &quot;avanzado&quot; para hacerlo. Est\u00e1 dise\u00f1ado para avanzar en tu buceo, por lo que puedes empezarlo inmediatamente despu\u00e9s de obtener tu certificaci\u00f3n PADI Open Water Diver\" \/>\n<meta property=\"og:url\" content=\"https:\/\/www.athensdiversclub.com\/es\/advanced-open-water-diver-aowd\/\" \/>\n<meta property=\"og:site_name\" content=\"Athens Divers Club\" \/>\n<meta property=\"article:publisher\" content=\"https:\/\/www.facebook.com\/athensdiversclub\/\" \/>\n<meta property=\"article:modified_time\" content=\"2021-01-16T14:00:50+00:00\" \/>\n<meta name=\"twitter:card\" content=\"summary_large_image\" \/>\n<meta name=\"twitter:site\" content=\"@AthensDivers\" \/>\n<meta name=\"twitter:label1\" content=\"Tiempo de lectura\" \/>\n\t<meta name=\"twitter:data1\" content=\"6 minutos\" \/>\n<script type=\"application\/ld+json\" class=\"yoast-schema-graph\">{\"@context\":\"https:\/\/schema.org\",\"@graph\":[{\"@type\":\"WebPage\",\"@id\":\"https:\/\/www.athensdiversclub.com\/es\/advanced-open-water-diver-aowd\/\",\"url\":\"https:\/\/www.athensdiversclub.com\/es\/advanced-open-water-diver-aowd\/\",\"name\":\"Advanced Open Water Diver (AOWD) - Athens Divers Club\",\"isPartOf\":{\"@id\":\"https:\/\/www.athensdiversclub.com\/#website\"},\"datePublished\":\"2018-01-09T14:10:34+00:00\",\"dateModified\":\"2021-01-16T14:00:50+00:00\",\"description\":\"No tienes que estar en un nivel \\\"avanzado\\\" para hacerlo. Est\u00e1 dise\u00f1ado para avanzar en tu buceo, por lo que puedes empezarlo inmediatamente despu\u00e9s de obtener tu certificaci\u00f3n PADI Open Water Diver\",\"breadcrumb\":{\"@id\":\"https:\/\/www.athensdiversclub.com\/es\/advanced-open-water-diver-aowd\/#breadcrumb\"},\"inLanguage\":\"es\",\"potentialAction\":[{\"@type\":\"ReadAction\",\"target\":[\"https:\/\/www.athensdiversclub.com\/es\/advanced-open-water-diver-aowd\/\"]}]},{\"@type\":\"BreadcrumbList\",\"@id\":\"https:\/\/www.athensdiversclub.com\/es\/advanced-open-water-diver-aowd\/#breadcrumb\",\"itemListElement\":[{\"@type\":\"ListItem\",\"position\":1,\"name\":\"Home\",\"item\":\"https:\/\/www.athensdiversclub.com\/es\/\"},{\"@type\":\"ListItem\",\"position\":2,\"name\":\"Advanced Open Water Diver (AOWD)\"}]},{\"@type\":\"WebSite\",\"@id\":\"https:\/\/www.athensdiversclub.com\/#website\",\"url\":\"https:\/\/www.athensdiversclub.com\/\",\"name\":\"Athens Divers Club\",\"description\":\"\",\"potentialAction\":[{\"@type\":\"SearchAction\",\"target\":{\"@type\":\"EntryPoint\",\"urlTemplate\":\"https:\/\/www.athensdiversclub.com\/?s={search_term_string}\"},\"query-input\":{\"@type\":\"PropertyValueSpecification\",\"valueRequired\":true,\"valueName\":\"search_term_string\"}}],\"inLanguage\":\"es\"}]}<\/script>\n<!-- \/ Yoast SEO plugin. -->","yoast_head_json":{"title":"Advanced Open Water Diver (AOWD) - Athens Divers Club","description":"No tienes que estar en un nivel \"avanzado\" para hacerlo. Est\u00e1 dise\u00f1ado para avanzar en tu buceo, por lo que puedes empezarlo inmediatamente despu\u00e9s de obtener tu certificaci\u00f3n PADI Open Water Diver","robots":{"index":"index","follow":"follow","max-snippet":"max-snippet:-1","max-image-preview":"max-image-preview:large","max-video-preview":"max-video-preview:-1"},"canonical":"https:\/\/www.athensdiversclub.com\/es\/advanced-open-water-diver-aowd\/","og_locale":"es_ES","og_type":"article","og_title":"Advanced Open Water Diver (AOWD) - Athens Divers Club","og_description":"No tienes que estar en un nivel \"avanzado\" para hacerlo. Est\u00e1 dise\u00f1ado para avanzar en tu buceo, por lo que puedes empezarlo inmediatamente despu\u00e9s de obtener tu certificaci\u00f3n PADI Open Water Diver","og_url":"https:\/\/www.athensdiversclub.com\/es\/advanced-open-water-diver-aowd\/","og_site_name":"Athens Divers Club","article_publisher":"https:\/\/www.facebook.com\/athensdiversclub\/","article_modified_time":"2021-01-16T14:00:50+00:00","twitter_card":"summary_large_image","twitter_site":"@AthensDivers","twitter_misc":{"Tiempo de lectura":"6 minutos"},"schema":{"@context":"https:\/\/schema.org","@graph":[{"@type":"WebPage","@id":"https:\/\/www.athensdiversclub.com\/es\/advanced-open-water-diver-aowd\/","url":"https:\/\/www.athensdiversclub.com\/es\/advanced-open-water-diver-aowd\/","name":"Advanced Open Water Diver (AOWD) - Athens Divers Club","isPartOf":{"@id":"https:\/\/www.athensdiversclub.com\/#website"},"datePublished":"2018-01-09T14:10:34+00:00","dateModified":"2021-01-16T14:00:50+00:00","description":"No tienes que estar en un nivel \"avanzado\" para hacerlo. Est\u00e1 dise\u00f1ado para avanzar en tu buceo, por lo que puedes empezarlo inmediatamente despu\u00e9s de obtener tu certificaci\u00f3n PADI Open Water Diver","breadcrumb":{"@id":"https:\/\/www.athensdiversclub.com\/es\/advanced-open-water-diver-aowd\/#breadcrumb"},"inLanguage":"es","potentialAction":[{"@type":"ReadAction","target":["https:\/\/www.athensdiversclub.com\/es\/advanced-open-water-diver-aowd\/"]}]},{"@type":"BreadcrumbList","@id":"https:\/\/www.athensdiversclub.com\/es\/advanced-open-water-diver-aowd\/#breadcrumb","itemListElement":[{"@type":"ListItem","position":1,"name":"Home","item":"https:\/\/www.athensdiversclub.com\/es\/"},{"@type":"ListItem","position":2,"name":"Advanced Open Water Diver (AOWD)"}]},{"@type":"WebSite","@id":"https:\/\/www.athensdiversclub.com\/#website","url":"https:\/\/www.athensdiversclub.com\/","name":"Athens Divers Club","description":"","potentialAction":[{"@type":"SearchAction","target":{"@type":"EntryPoint","urlTemplate":"https:\/\/www.athensdiversclub.com\/?s={search_term_string}"},"query-input":{"@type":"PropertyValueSpecification","valueRequired":true,"valueName":"search_term_string"}}],"inLanguage":"es"}]}},"_links":{"self":[{"href":"https:\/\/www.athensdiversclub.com\/es\/wp-json\/wp\/v2\/pages\/4793","targetHints":{"allow":["GET"]}}],"collection":[{"href":"https:\/\/www.athensdiversclub.com\/es\/wp-json\/wp\/v2\/pages"}],"about":[{"href":"https:\/\/www.athensdiversclub.com\/es\/wp-json\/wp\/v2\/types\/page"}],"author":[{"embeddable":true,"href":"https:\/\/www.athensdiversclub.com\/es\/wp-json\/wp\/v2\/users\/1"}],"replies":[{"embeddable":true,"href":"https:\/\/www.athensdiversclub.com\/es\/wp-json\/wp\/v2\/comments?post=4793"}],"version-history":[{"count":0,"href":"https:\/\/www.athensdiversclub.com\/es\/wp-json\/wp\/v2\/pages\/4793\/revisions"}],"wp:attachment":[{"href":"https:\/\/www.athensdiversclub.com\/es\/wp-json\/wp\/v2\/media?parent=4793"}],"curies":[{"name":"wp","href":"https:\/\/api.w.org\/{rel}","templated":true}]}}