{"id":4777,"date":"2018-01-09T15:29:53","date_gmt":"2018-01-09T13:29:53","guid":{"rendered":"http:\/\/www.athensdiversclub.com\/open-water-diver-owd\/"},"modified":"2021-01-22T14:33:13","modified_gmt":"2021-01-22T12:33:13","slug":"open-water-diver-owd","status":"publish","type":"page","link":"https:\/\/www.athensdiversclub.com\/es\/open-water-diver-owd\/","title":{"rendered":"OPEN WATER DIVER (OWD)"},"content":{"rendered":"<div class=\"wpb-content-wrapper\"><p>[vc_row content_width=\u00bbgrid\u00bb full_screen_section_height=\u00bbno\u00bb css=\u00bb.vc_custom_1486028367465{padding-top: 30px !important;padding-bottom: 30px !important;background-color: #fbfbfb !important;}\u00bb][vc_column offset=\u00bbvc_col-lg-5 vc_col-md-5&#8243;][vc_empty_space height=\u00bb13px\u00bb][vc_single_image image=\u00bb7670&#8243;][vc_column_text]Open Water Diver (PADI)<br \/>\nObt\u00e9n la certificaci\u00f3n!La aventura comienza aqu\u00ed![\/vc_column_text][\/vc_column][vc_column offset=\u00bbvc_col-lg-7 vc_col-md-7&#8243;][vc_column_text]Si siempre has querido tener clases de buceo, experimentar una aventura sin igual y ver el mundo bajo las olas, aqu\u00ed es donde todo comienza.<\/p>\n<p>Obt\u00e9n tu curso<strong> PADI Open Water Diver <\/strong>el curso de buceo m\u00e1s popular y que est\u00e1 reconocido en todo el mundo. Millones de personas han aprendido a bucear con este curso y han podido despu\u00e9s ir a descubrir las maravillas del mundo acu\u00e1tico.<\/p>\n<p>Para inscribirse en un curso PADI Open Water Diver (o en el curso Junior Open Water Diver), se debe tener 10 a\u00f1os como m\u00ednimo. Hay que saber nadar y disfrutar de una buena salud. No se requiere experiencia previa en el buceo.[\/vc_column_text][\/vc_column][\/vc_row][vc_row content_width=\u00bbgrid\u00bb full_screen_section_height=\u00bbno\u00bb css=\u00bb.vc_custom_1486026377670{padding-top: 30px !important;padding-bottom: 30px !important;}\u00bb][vc_column][vc_text_separator title=\u00bb\u00a1Obt\u00e9n la certificaci\u00f3n! \u00a1La aventura comienza aqu\u00ed!\u00bb][vc_column_text]<\/p>\n<p style=\"text-align: center;\">Aprender a bucear es incre\u00edble. Respirar bajo el agua te lleva a un mundo nuevo fascinante.<br \/>\nDurante el curso realizar\u00e1s al menos cinco inmersiones en Aguas Confinadas y cuatro inmersiones en Aguas Abiertas, todo bajo la gu\u00eda de tu instructor personal PADI.<\/p>\n<p>[\/vc_column_text][\/vc_column][\/vc_row][vc_row content_width=\u00bbgrid\u00bb full_screen_section_height=\u00bbno\u00bb][vc_column css=\u00bb.vc_custom_1489913201015{border-top-width: 0px !important;border-right-width: 0px !important;border-bottom-width: 2px !important;border-left-width: 0px !important;border-left-color: #dddddd !important;border-left-style: solid !important;border-right-color: #dddddd !important;border-right-style: solid !important;border-top-color: #dddddd !important;border-top-style: solid !important;border-bottom-color: #dddddd !important;border-bottom-style: solid !important;}\u00bb][vc_row_inner full_screen_section_height=\u00bbno\u00bb][vc_column_inner el_class=\u00bbexpand-left\u00bb width=\u00bb1\/3&#8243;][vc_empty_space]<div id=\"ultimate-heading-880869d8479e2dd85\" class=\"uvc-heading ult-adjust-bottom-margin ultimate-heading-880869d8479e2dd85 uvc-8886 \" data-hspacer=\"no_spacer\"  data-halign=\"center\" style=\"text-align:center\"><div class=\"uvc-heading-spacer no_spacer\" style=\"top\"><\/div><div class=\"uvc-main-heading ult-responsive\"  data-ultimate-target='.uvc-heading.ultimate-heading-880869d8479e2dd85 h2'  data-responsive-json-new='{\"font-size\":\"\",\"line-height\":\"\"}' ><h2 style=\"font-weight:normal;\">Open Water Diver<\/h2><\/div><\/div>[vc_empty_space]<div id=\"modal-trg-txt-wrap-4016\" class=\"ult-modal-input-wrapper ult-adjust-bottom-margin lets-go-diving qodef-btn qodef-btn-medium qodef-btn-outline qodef-btn-custom-hover-bg qodef-btn-custom-border-hover   \" data-keypress-control=\"keypress-control-enable\" data-overlay-control=\"overlay-control-enable\"><button  data-ultimate-target='#modal-trg-txt-wrap-4016 .btn-modal'  data-responsive-json-new='{\"font-size\":\"desktop:18px;\",\"line-height\":\"desktop:18px;\"}'  style=\"background:rgba(0,0,0,0.01);border-color:rgba(0,0,0,0.01);color:#2e9298; \" data-class-id=\"content-69d8479e2ddec1-34963274\" class=\"btn-modal ult-responsive btn-primary btn-modal-lg overlay-show .expand-deep-modal-button  ult-align-center btn-id-69d8479e2ddec1-34963274\" data-overlay-class=\"overlay-zoomin\">Hazte Buceador<\/button><\/div>\n<div class=\"ult-overlay content-69d8479e2ddec1-34963274 .expand-deep-modal\" data-class=\"content-69d8479e2ddec1-34963274\" id=\"button-click-overlay\" style=\"background:rgba(51,51,51,0.8); display:none;\">\n\t<div class=\"ult_modal ult-fade ult-medium\">\n\t\t<div id=\"ult-modal-wrap-3147\" class=\"ult_modal-content ult-hide\" style=\"border-style:solid;border-width:2px;border-radius:0px;border-color:#333333;\">\n\t\t\t<div class=\"ult_modal-header\" style=\"color:#333333;border-color:#333333;\">\n\t\t\t\t<h3  data-ultimate-target='#ult-modal-wrap-3147 .ult_modal-title'  data-responsive-json-new='{\"font-size\":\"\",\"line-height\":\"\"}'  class=\"ult_modal-title ult-responsive\">Hazte Buceador<\/h3>\n\t\t\t<\/div>\n\t\t\t<div  data-ultimate-target='#ult-modal-wrap-3147 .ult_modal-body'  data-responsive-json-new='{\"font-size\":\"\",\"line-height\":\"\"}'  class=\"ult_modal-body ult-responsive ult-html\" style=\"\">\n\t\t\t\n<div class=\"wpcf7 no-js\" id=\"wpcf7-f27-o1\" lang=\"en-US\" dir=\"ltr\" data-wpcf7-id=\"27\">\n<div class=\"screen-reader-response\"><p role=\"status\" aria-live=\"polite\" aria-atomic=\"true\"><\/p> <ul><\/ul><\/div>\n<form action=\"\/es\/wp-json\/wp\/v2\/pages\/4777#wpcf7-f27-o1\" method=\"post\" class=\"wpcf7-form init\" aria-label=\"Contact form\" novalidate=\"novalidate\" data-status=\"init\">\n<fieldset class=\"hidden-fields-container\"><input type=\"hidden\" name=\"_wpcf7\" value=\"27\" \/><input type=\"hidden\" name=\"_wpcf7_version\" value=\"6.1.5\" \/><input type=\"hidden\" name=\"_wpcf7_locale\" value=\"en_US\" \/><input type=\"hidden\" name=\"_wpcf7_unit_tag\" value=\"wpcf7-f27-o1\" \/><input type=\"hidden\" name=\"_wpcf7_container_post\" value=\"0\" \/><input type=\"hidden\" name=\"_wpcf7_posted_data_hash\" value=\"\" \/>\n<\/fieldset>\n<p><label> Your Name (required)<br \/>\n<span class=\"wpcf7-form-control-wrap\" data-name=\"your-name\"><input size=\"40\" maxlength=\"400\" class=\"wpcf7-form-control wpcf7-text wpcf7-validates-as-required\" aria-required=\"true\" aria-invalid=\"false\" value=\"\" type=\"text\" name=\"your-name\" \/><\/span> <\/label>\n<\/p>\n<p><label> Your Email (required)<br \/>\n<span class=\"wpcf7-form-control-wrap\" data-name=\"your-email\"><input size=\"40\" maxlength=\"400\" class=\"wpcf7-form-control wpcf7-email wpcf7-validates-as-required wpcf7-text wpcf7-validates-as-email\" aria-required=\"true\" aria-invalid=\"false\" value=\"\" type=\"email\" name=\"your-email\" \/><\/span> <\/label>\n<\/p>\n<p><label> Subject<br \/>\n<span class=\"wpcf7-form-control-wrap\" data-name=\"your-subject\"><input size=\"40\" maxlength=\"400\" class=\"wpcf7-form-control wpcf7-text\" aria-invalid=\"false\" value=\"\" type=\"text\" name=\"your-subject\" \/><\/span> <\/label>\n<\/p>\n<p><label> Your Message<br \/>\n<span class=\"wpcf7-form-control-wrap\" data-name=\"your-message\"><textarea cols=\"40\" rows=\"10\" maxlength=\"2000\" class=\"wpcf7-form-control wpcf7-textarea\" aria-invalid=\"false\" name=\"your-message\"><\/textarea><\/span> <\/label>\n<\/p>\n<p>[wpgdprc \"By using this form you agree with the storage and handling of your data by this website.\"]\n<\/p>\n<p><input class=\"wpcf7-form-control wpcf7-submit has-spinner\" type=\"submit\" value=\"Send\" \/>\n<\/p><p style=\"display: none !important;\" class=\"akismet-fields-container\" data-prefix=\"_wpcf7_ak_\"><label>&#916;<textarea name=\"_wpcf7_ak_hp_textarea\" cols=\"45\" rows=\"8\" maxlength=\"100\"><\/textarea><\/label><input type=\"hidden\" id=\"ak_js_1\" name=\"_wpcf7_ak_js\" value=\"162\"\/><script>document.getElementById( \"ak_js_1\" ).setAttribute( \"value\", ( new Date() ).getTime() );<\/script><\/p><div class=\"wpcf7-response-output\" aria-hidden=\"true\"><\/div>\n<\/form>\n<\/div>\n\n\t\t\t<\/div>\n\t<\/div>\n\t<\/div>\n\t<div class=\"ult-overlay-close top-right\" style=\" \"><div class=\"ult-overlay-close-inside\">Close<\/div><\/div>\n<\/div>[\/vc_column_inner][vc_column_inner width=\u00bb2\/3&#8243;]<div id=\"ultimate-heading-59769d8479e2f6e0\" class=\"uvc-heading ult-adjust-bottom-margin ultimate-heading-59769d8479e2f6e0 uvc-6189 \" data-hspacer=\"no_spacer\"  data-halign=\"left\" style=\"text-align:left\"><div class=\"uvc-heading-spacer no_spacer\" style=\"top\"><\/div><div class=\"uvc-main-heading ult-responsive\"  data-ultimate-target='.uvc-heading.ultimate-heading-59769d8479e2f6e0 h4'  data-responsive-json-new='{\"font-size\":\"\",\"line-height\":\"\"}' ><h4 style=\"font-weight:normal;margin-top:20px;\">Partes del curso PADI Open Water Diver<\/h4><\/div><\/div>[vc_column_text]<\/p>\n<div class=\"wpb_text_column wpb_content_element \">\n<div class=\"wpb_wrapper\">\n<h4>El curso PADI Open Water Diver tiene tres partes:<\/h4>\n<ul>\n<li>Desarrollo de Conocimientos ( en l\u00ednea, estudio independiente, o en un aula)<\/li>\n<li>Cinco inmersiones en Aguas Confinadas para aprender las destrezas b\u00e1sicas de buceo<\/li>\n<li>Cuatro inmersiones en Aguas Abiertas (en el mar) para usar tus destrezas y \u00a1explorar!<\/li>\n<\/ul>\n<p>Si has hecho el Bautizo de Buceo, las destrezas que practicaste pueden contar como parte de este curso de Open Water Diver.<\/p>\n<p>Y recuerda que si no tienes tiempo suficiente para completar el curso entero de Aguas Abiertas, entonces el Curso PADI Scuba Diver podr\u00eda ser el curso adecuado para ti. Siempre puedes completar los requisitos para una certificaci\u00f3n completa de Open Water Diver m\u00e1s tarde, cuando te sea posible.<\/p>\n<\/div>\n<\/div>\n<p>[\/vc_column_text]<div id=\"ultimate-heading-835469d8479e2f720\" class=\"uvc-heading ult-adjust-bottom-margin ultimate-heading-835469d8479e2f720 uvc-1306 \" data-hspacer=\"no_spacer\"  data-halign=\"left\" style=\"text-align:left\"><div class=\"uvc-heading-spacer no_spacer\" style=\"top\"><\/div><div class=\"uvc-main-heading ult-responsive\"  data-ultimate-target='.uvc-heading.ultimate-heading-835469d8479e2f720 h4'  data-responsive-json-new='{\"font-size\":\"\",\"line-height\":\"\"}' ><h4 style=\"font-weight:normal;margin-top:20px;\">Puedes empezar hoy mismo a estudiar la teor\u00eda<\/h4><\/div><\/div>[vc_column_text]Puedes, antes de venir a nuestro club, comenzar a estudiar la teor\u00eda del Curso Open Water, para el entrenamiento en Aguas Confinadas y Abiertas. De esta manera estar\u00e1s listo con toda la teor\u00eda hecha cuando vengas.<\/p>\n<p>Hay tres posibilidades para estudiar la teor\u00eda:<\/p>\n<ol>\n<li>Open Water Diver Online (opci\u00f3n de eLearning de PADI)<\/li>\n<\/ol>\n<p>PADI Open Water Diver Online le brinda la informaci\u00f3n b\u00e1sica que necesita para bucear de manera segura y le permite estudiar a su propio ritmo a trav\u00e9s de un programa interactivo para ordenador.<\/p>\n<ol start=\"2\">\n<li>Open Water Diver TouchTM (una aplicaci\u00f3n para tableta)<\/li>\n<\/ol>\n<p><iframe loading=\"lazy\" width=\"1060\" height=\"596\" src=\"https:\/\/www.youtube.com\/embed\/_SkSWkVa4Wk?feature=oembed\" frameborder=\"0\" allow=\"autoplay; encrypted-media\" allowfullscreen><\/iframe><\/p>\n<p>El Touch integra el Manual de PADI Open Water Diver con el video PADI Open Water Diver, en una experiencia de aprendizaje muy completa, para usuarios de tabletas. Despu\u00e9s de descargar el Touch, no necesitas estar en l\u00ednea para usarlo, por lo que puedes aprender realmente \u201cen cualquier momento y en cualquier lugar\u201d.<\/p>\n<p>\u00bfQuieres probarlo?<\/p>\n<p>Puedes descargar la aplicaci\u00f3n gratuita PADI Library para <a href=\"https:\/\/itunes.apple.com\/us\/app\/padi-library\/id805750986?mt=8\">Apple<\/a> o&nbsp;<a href=\"https:\/\/play.google.com\/store\/apps\/details?id=com.padi.library\">Android<\/a> y ver la introducci\u00f3n de Touch.\u00bfNo puedes decidir qu\u00e9 m\u00e9todo de aprendizaje es mejor para tu curso PADI Open Water Diver? Inf\u00f3rmate m\u00e1s sobre Touch, o cont\u00e1ctanos. Te ayudaremos a decidir el m\u00e9todo adecuado para ti.<\/p>\n<ol start=\"3\">\n<li>Paquete Open Water Diver Crew (Paquete de Manual -libro- y DVD). (Manual &amp; DVD package).<\/li>\n<\/ol>\n<p>Cuando vengas a nuestro centro de buceo te proporcionaremos el paquete. Luego programaremos un horario contigo para verificar tu progreso y asegurarnos de que entiendes toda la informaci\u00f3n importante sobre el buceo.[\/vc_column_text]<div id=\"ultimate-heading-8269d8479e2f75b\" class=\"uvc-heading ult-adjust-bottom-margin ultimate-heading-8269d8479e2f75b uvc-854 \" data-hspacer=\"no_spacer\"  data-halign=\"left\" style=\"text-align:left\"><div class=\"uvc-heading-spacer no_spacer\" style=\"top\"><\/div><div class=\"uvc-main-heading ult-responsive\"  data-ultimate-target='.uvc-heading.ultimate-heading-8269d8479e2f75b h4'  data-responsive-json-new='{\"font-size\":\"\",\"line-height\":\"\"}' ><h4 style=\"font-weight:normal;margin-top:20px;\">\u00bfCu\u00e1l es el siguiente paso?<\/h4><\/div><\/div>[vc_column_text]No dudes en ponerte en contacto con nosotros y te guiaremos hacia el m\u00e9todo que sea mejor para ti.<br \/>\nReg\u00edstrate para acceder al Open Water Diver Touch o al Open Water Diver eLearning y comienza tu viaje submarino de inmediato.[\/vc_column_text]<div id=\"ultimate-heading-153169d8479e2f790\" class=\"uvc-heading ult-adjust-bottom-margin ultimate-heading-153169d8479e2f790 uvc-1858 \" data-hspacer=\"no_spacer\"  data-halign=\"left\" style=\"text-align:left\"><div class=\"uvc-heading-spacer no_spacer\" style=\"top\"><\/div><div class=\"uvc-main-heading ult-responsive\"  data-ultimate-target='.uvc-heading.ultimate-heading-153169d8479e2f790 h4'  data-responsive-json-new='{\"font-size\":\"\",\"line-height\":\"\"}' ><h4 style=\"font-weight:normal;margin-top:20px;\">\u00bfQu\u00e9 equipo de buceo usar\u00e1s?<\/h4><\/div><\/div>[vc_column_text]Durante el curso PADI Open Water Diver, aprender\u00e1s a usar equipo de buceo b\u00e1sico, que incluye m\u00e1scara, tubo de respiraci\u00f3n, aletas, regulador, chaleco de control de flotabilidad y una botella\/tanque de aire. El equipo que usar\u00e1s depender\u00e1 del clima y de tus caracter\u00edsticas personales.[\/vc_column_text]<div id=\"ultimate-heading-203069d8479e2f7c6\" class=\"uvc-heading ult-adjust-bottom-margin ultimate-heading-203069d8479e2f7c6 uvc-3783 \" data-hspacer=\"no_spacer\"  data-halign=\"left\" style=\"text-align:left\"><div class=\"uvc-heading-spacer no_spacer\" style=\"top\"><\/div><div class=\"uvc-main-heading ult-responsive\"  data-ultimate-target='.uvc-heading.ultimate-heading-203069d8479e2f7c6 h4'  data-responsive-json-new='{\"font-size\":\"\",\"line-height\":\"\"}' ><h4 style=\"font-weight:normal;margin-top:20px;\">Requisitos para el curso de buceo de Open Water<\/h4><\/div><\/div>[vc_column_text]Para inscribirse en un curso PADI Open Water Diver (o el curso Junior Open Water Diver), se debe tener un m\u00ednimo de 10 a\u00f1os. Hay que saber nadar y tener buena salud. No se requiere experiencia previa con el buceo.<a href=\"https:\/\/www.padi.com\/sites\/default\/files\/2017-03\/10063_RSTC_MedState_v201_07_web.pdf\">Descarga<\/a> el cuestionario\/declaraci\u00f3n m\u00e9dica (pdf).[\/vc_column_text]<div id=\"ultimate-heading-574369d8479e2f7f7\" class=\"uvc-heading ult-adjust-bottom-margin ultimate-heading-574369d8479e2f7f7 uvc-2945 \" data-hspacer=\"no_spacer\"  data-halign=\"left\" style=\"text-align:left\"><div class=\"uvc-heading-spacer no_spacer\" style=\"top\"><\/div><div class=\"uvc-main-heading ult-responsive\"  data-ultimate-target='.uvc-heading.ultimate-heading-574369d8479e2f7f7 h4'  data-responsive-json-new='{\"font-size\":\"\",\"line-height\":\"\"}' ><h4 style=\"font-weight:normal;margin-top:20px;\">Tu pr\u00f3xima aventura<\/h4><\/div><\/div>[vc_column_text]Aumenta tu experiencia y mejora tus conocimientos con el curso PADI <a href=\"\/?page_id=1977\">Advanced Open Water Diver<\/a> .<br \/>\nNo; no tienes que ser un buceador de nivel \u00abavanzado\u00bb para hacerlo. Est\u00e1 dise\u00f1ado para avanzar en tu buceo, por lo que puedes hacerlo inmediatamente despu\u00e9s de obtener tu certificaci\u00f3n PADI Open Water Diver.<br \/>\nVe registrando nuevas inmersiones y desarrollando tus habilidades a medida que encuentras nuevas formas de divertirte buceando.[\/vc_column_text][vc_empty_space][\/vc_column_inner][\/vc_row_inner][\/vc_column][\/vc_row]<\/p>\n<\/div>","protected":false},"excerpt":{"rendered":"<p>[vc_row content_width=\u00bbgrid\u00bb full_screen_section_height=\u00bbno\u00bb css=\u00bb.vc_custom_1486028367465{padding-top: 30px !important;padding-bottom: 30px !important;background-color: #fbfbfb !important;}\u00bb][vc_column offset=\u00bbvc_col-lg-5 vc_col-md-5&#8243;][vc_empty_space height=\u00bb13px\u00bb][vc_single_image image=\u00bb7670&#8243;][vc_column_text]Open Water Diver (PADI) Obt\u00e9n la certificaci\u00f3n!La aventura comienza aqu\u00ed![\/vc_column_text][\/vc_column][vc_column offset=\u00bbvc_col-lg-7 vc_col-md-7&#8243;][vc_column_text]Si siempre has querido tener clases de buceo, experimentar una aventura sin igual y ver el mundo bajo las olas, aqu\u00ed&#8230;<\/p>\n","protected":false},"author":1,"featured_media":0,"parent":0,"menu_order":0,"comment_status":"closed","ping_status":"closed","template":"full-width.php","meta":{"footnotes":""},"class_list":["post-4777","page","type-page","status-publish","hentry"],"yoast_head":"<!-- This site is optimized with the Yoast SEO plugin v27.0 - https:\/\/yoast.com\/product\/yoast-seo-wordpress\/ -->\n<title>OPEN WATER DIVER (OWD) - Athens Divers Club<\/title>\n<meta name=\"robots\" content=\"index, follow, max-snippet:-1, max-image-preview:large, max-video-preview:-1\" \/>\n<link rel=\"canonical\" href=\"https:\/\/www.athensdiversclub.com\/es\/open-water-diver-owd\/\" \/>\n<meta property=\"og:locale\" content=\"es_ES\" \/>\n<meta property=\"og:type\" content=\"article\" \/>\n<meta property=\"og:title\" content=\"OPEN WATER DIVER (OWD) - Athens Divers Club\" \/>\n<meta property=\"og:description\" content=\"[vc_row content_width=\u00bbgrid\u00bb full_screen_section_height=\u00bbno\u00bb css=\u00bb.vc_custom_1486028367465{padding-top: 30px !important;padding-bottom: 30px !important;background-color: #fbfbfb !important;}\u00bb][vc_column offset=\u00bbvc_col-lg-5 vc_col-md-5&#8243;][vc_empty_space height=\u00bb13px\u00bb][vc_single_image image=\u00bb7670&#8243;][vc_column_text]Open Water Diver (PADI) Obt\u00e9n la certificaci\u00f3n!La aventura comienza aqu\u00ed![\/vc_column_text][\/vc_column][vc_column offset=\u00bbvc_col-lg-7 vc_col-md-7&#8243;][vc_column_text]Si siempre has querido tener clases de buceo, experimentar una aventura sin igual y ver el mundo bajo las olas, aqu\u00ed...\" \/>\n<meta property=\"og:url\" content=\"https:\/\/www.athensdiversclub.com\/es\/open-water-diver-owd\/\" \/>\n<meta property=\"og:site_name\" content=\"Athens Divers Club\" \/>\n<meta property=\"article:publisher\" content=\"https:\/\/www.facebook.com\/athensdiversclub\/\" \/>\n<meta property=\"article:modified_time\" content=\"2021-01-22T12:33:13+00:00\" \/>\n<meta name=\"twitter:card\" content=\"summary_large_image\" \/>\n<meta name=\"twitter:site\" content=\"@AthensDivers\" \/>\n<meta name=\"twitter:label1\" content=\"Tiempo de lectura\" \/>\n\t<meta name=\"twitter:data1\" content=\"4 minutos\" \/>\n<script type=\"application\/ld+json\" class=\"yoast-schema-graph\">{\"@context\":\"https:\/\/schema.org\",\"@graph\":[{\"@type\":\"WebPage\",\"@id\":\"https:\/\/www.athensdiversclub.com\/es\/open-water-diver-owd\/\",\"url\":\"https:\/\/www.athensdiversclub.com\/es\/open-water-diver-owd\/\",\"name\":\"OPEN WATER DIVER (OWD) - Athens Divers Club\",\"isPartOf\":{\"@id\":\"https:\/\/www.athensdiversclub.com\/#website\"},\"datePublished\":\"2018-01-09T13:29:53+00:00\",\"dateModified\":\"2021-01-22T12:33:13+00:00\",\"breadcrumb\":{\"@id\":\"https:\/\/www.athensdiversclub.com\/es\/open-water-diver-owd\/#breadcrumb\"},\"inLanguage\":\"es\",\"potentialAction\":[{\"@type\":\"ReadAction\",\"target\":[\"https:\/\/www.athensdiversclub.com\/es\/open-water-diver-owd\/\"]}]},{\"@type\":\"BreadcrumbList\",\"@id\":\"https:\/\/www.athensdiversclub.com\/es\/open-water-diver-owd\/#breadcrumb\",\"itemListElement\":[{\"@type\":\"ListItem\",\"position\":1,\"name\":\"Home\",\"item\":\"https:\/\/www.athensdiversclub.com\/es\/\"},{\"@type\":\"ListItem\",\"position\":2,\"name\":\"OPEN WATER DIVER (OWD)\"}]},{\"@type\":\"WebSite\",\"@id\":\"https:\/\/www.athensdiversclub.com\/#website\",\"url\":\"https:\/\/www.athensdiversclub.com\/\",\"name\":\"Athens Divers Club\",\"description\":\"\",\"potentialAction\":[{\"@type\":\"SearchAction\",\"target\":{\"@type\":\"EntryPoint\",\"urlTemplate\":\"https:\/\/www.athensdiversclub.com\/?s={search_term_string}\"},\"query-input\":{\"@type\":\"PropertyValueSpecification\",\"valueRequired\":true,\"valueName\":\"search_term_string\"}}],\"inLanguage\":\"es\"}]}<\/script>\n<!-- \/ Yoast SEO plugin. -->","yoast_head_json":{"title":"OPEN WATER DIVER (OWD) - Athens Divers Club","robots":{"index":"index","follow":"follow","max-snippet":"max-snippet:-1","max-image-preview":"max-image-preview:large","max-video-preview":"max-video-preview:-1"},"canonical":"https:\/\/www.athensdiversclub.com\/es\/open-water-diver-owd\/","og_locale":"es_ES","og_type":"article","og_title":"OPEN WATER DIVER (OWD) - Athens Divers Club","og_description":"[vc_row content_width=\u00bbgrid\u00bb full_screen_section_height=\u00bbno\u00bb css=\u00bb.vc_custom_1486028367465{padding-top: 30px !important;padding-bottom: 30px !important;background-color: #fbfbfb !important;}\u00bb][vc_column offset=\u00bbvc_col-lg-5 vc_col-md-5&#8243;][vc_empty_space height=\u00bb13px\u00bb][vc_single_image image=\u00bb7670&#8243;][vc_column_text]Open Water Diver (PADI) Obt\u00e9n la certificaci\u00f3n!La aventura comienza aqu\u00ed![\/vc_column_text][\/vc_column][vc_column offset=\u00bbvc_col-lg-7 vc_col-md-7&#8243;][vc_column_text]Si siempre has querido tener clases de buceo, experimentar una aventura sin igual y ver el mundo bajo las olas, aqu\u00ed...","og_url":"https:\/\/www.athensdiversclub.com\/es\/open-water-diver-owd\/","og_site_name":"Athens Divers Club","article_publisher":"https:\/\/www.facebook.com\/athensdiversclub\/","article_modified_time":"2021-01-22T12:33:13+00:00","twitter_card":"summary_large_image","twitter_site":"@AthensDivers","twitter_misc":{"Tiempo de lectura":"4 minutos"},"schema":{"@context":"https:\/\/schema.org","@graph":[{"@type":"WebPage","@id":"https:\/\/www.athensdiversclub.com\/es\/open-water-diver-owd\/","url":"https:\/\/www.athensdiversclub.com\/es\/open-water-diver-owd\/","name":"OPEN WATER DIVER (OWD) - Athens Divers Club","isPartOf":{"@id":"https:\/\/www.athensdiversclub.com\/#website"},"datePublished":"2018-01-09T13:29:53+00:00","dateModified":"2021-01-22T12:33:13+00:00","breadcrumb":{"@id":"https:\/\/www.athensdiversclub.com\/es\/open-water-diver-owd\/#breadcrumb"},"inLanguage":"es","potentialAction":[{"@type":"ReadAction","target":["https:\/\/www.athensdiversclub.com\/es\/open-water-diver-owd\/"]}]},{"@type":"BreadcrumbList","@id":"https:\/\/www.athensdiversclub.com\/es\/open-water-diver-owd\/#breadcrumb","itemListElement":[{"@type":"ListItem","position":1,"name":"Home","item":"https:\/\/www.athensdiversclub.com\/es\/"},{"@type":"ListItem","position":2,"name":"OPEN WATER DIVER (OWD)"}]},{"@type":"WebSite","@id":"https:\/\/www.athensdiversclub.com\/#website","url":"https:\/\/www.athensdiversclub.com\/","name":"Athens Divers Club","description":"","potentialAction":[{"@type":"SearchAction","target":{"@type":"EntryPoint","urlTemplate":"https:\/\/www.athensdiversclub.com\/?s={search_term_string}"},"query-input":{"@type":"PropertyValueSpecification","valueRequired":true,"valueName":"search_term_string"}}],"inLanguage":"es"}]}},"_links":{"self":[{"href":"https:\/\/www.athensdiversclub.com\/es\/wp-json\/wp\/v2\/pages\/4777","targetHints":{"allow":["GET"]}}],"collection":[{"href":"https:\/\/www.athensdiversclub.com\/es\/wp-json\/wp\/v2\/pages"}],"about":[{"href":"https:\/\/www.athensdiversclub.com\/es\/wp-json\/wp\/v2\/types\/page"}],"author":[{"embeddable":true,"href":"https:\/\/www.athensdiversclub.com\/es\/wp-json\/wp\/v2\/users\/1"}],"replies":[{"embeddable":true,"href":"https:\/\/www.athensdiversclub.com\/es\/wp-json\/wp\/v2\/comments?post=4777"}],"version-history":[{"count":0,"href":"https:\/\/www.athensdiversclub.com\/es\/wp-json\/wp\/v2\/pages\/4777\/revisions"}],"wp:attachment":[{"href":"https:\/\/www.athensdiversclub.com\/es\/wp-json\/wp\/v2\/media?parent=4777"}],"curies":[{"name":"wp","href":"https:\/\/api.w.org\/{rel}","templated":true}]}}