{"id":4769,"date":"2018-01-09T15:08:48","date_gmt":"2018-01-09T13:08:48","guid":{"rendered":"http:\/\/www.athensdiversclub.com\/scuba-diver-sd\/"},"modified":"2022-09-07T17:55:38","modified_gmt":"2022-09-07T14:55:38","slug":"curso-scuba-diver","status":"publish","type":"page","link":"https:\/\/www.athensdiversclub.com\/es\/curso-scuba-diver\/","title":{"rendered":"Curso SCUBA DIVER"},"content":{"rendered":"<div class=\"wpb-content-wrapper\"><p>[vc_row content_width=\u00bbgrid\u00bb full_screen_section_height=\u00bbno\u00bb][vc_column css=\u00bb.vc_custom_1489913201015{border-top-width: 0px !important;border-right-width: 0px !important;border-bottom-width: 2px !important;border-left-width: 0px !important;border-left-color: #dddddd !important;border-left-style: solid !important;border-right-color: #dddddd !important;border-right-style: solid !important;border-top-color: #dddddd !important;border-top-style: solid !important;border-bottom-color: #dddddd !important;border-bottom-style: solid !important;}\u00bb][vc_row_inner full_screen_section_height=\u00bbno\u00bb][vc_column_inner el_class=\u00bbexpand-left\u00bb width=\u00bb1\/3&#8243;][vc_empty_space]<div id=\"ultimate-heading-674669d8479f2fc60\" class=\"uvc-heading ult-adjust-bottom-margin ultimate-heading-674669d8479f2fc60 uvc-1513 \" data-hspacer=\"no_spacer\"  data-halign=\"center\" style=\"text-align:center\"><div class=\"uvc-heading-spacer no_spacer\" style=\"top\"><\/div><div class=\"uvc-main-heading ult-responsive\"  data-ultimate-target='.uvc-heading.ultimate-heading-674669d8479f2fc60 h2'  data-responsive-json-new='{\"font-size\":\"\",\"line-height\":\"\"}' ><h2 style=\"font-weight:normal;\">Curso SCUBA DIVER<\/h2><\/div><\/div>[vc_empty_space]<div id=\"modal-trg-txt-wrap-7107\" class=\"ult-modal-input-wrapper ult-adjust-bottom-margin lets-go-diving qodef-btn qodef-btn-medium qodef-btn-outline qodef-btn-custom-hover-bg qodef-btn-custom-border-hover   \" data-keypress-control=\"keypress-control-enable\" data-overlay-control=\"overlay-control-enable\"><button  data-ultimate-target='#modal-trg-txt-wrap-7107 .btn-modal'  data-responsive-json-new='{\"font-size\":\"desktop:18px;\",\"line-height\":\"desktop:18px;\"}'  style=\"background:rgba(0,0,0,0.01);border-color:rgba(0,0,0,0.01);color:#2e9298; \" data-class-id=\"content-69d8479f2fcca8-37591845\" class=\"btn-modal ult-responsive btn-primary btn-modal-lg overlay-show .expand-deep-modal-button  ult-align-center btn-id-69d8479f2fcca8-37591845\" data-overlay-class=\"overlay-zoomin\">Become a Scuba Diver<\/button><\/div>\n<div class=\"ult-overlay content-69d8479f2fcca8-37591845 .expand-deep-modal\" data-class=\"content-69d8479f2fcca8-37591845\" id=\"button-click-overlay\" style=\"background:rgba(51,51,51,0.8); display:none;\">\n\t<div class=\"ult_modal ult-fade ult-medium\">\n\t\t<div id=\"ult-modal-wrap-4744\" class=\"ult_modal-content ult-hide\" style=\"border-style:solid;border-width:2px;border-radius:0px;border-color:#333333;\">\n\t\t\t<div class=\"ult_modal-header\" style=\"color:#333333;border-color:#333333;\">\n\t\t\t\t<h3  data-ultimate-target='#ult-modal-wrap-4744 .ult_modal-title'  data-responsive-json-new='{\"font-size\":\"\",\"line-height\":\"\"}'  class=\"ult_modal-title ult-responsive\">Become a Scuba Diver<\/h3>\n\t\t\t<\/div>\n\t\t\t<div  data-ultimate-target='#ult-modal-wrap-4744 .ult_modal-body'  data-responsive-json-new='{\"font-size\":\"\",\"line-height\":\"\"}'  class=\"ult_modal-body ult-responsive ult-html\" style=\"\">\n\t\t\t\n<div class=\"wpcf7 no-js\" id=\"wpcf7-f27-o1\" lang=\"en-US\" dir=\"ltr\" data-wpcf7-id=\"27\">\n<div class=\"screen-reader-response\"><p role=\"status\" aria-live=\"polite\" aria-atomic=\"true\"><\/p> <ul><\/ul><\/div>\n<form action=\"\/es\/wp-json\/wp\/v2\/pages\/4769#wpcf7-f27-o1\" method=\"post\" class=\"wpcf7-form init\" aria-label=\"Contact form\" novalidate=\"novalidate\" data-status=\"init\">\n<fieldset class=\"hidden-fields-container\"><input type=\"hidden\" name=\"_wpcf7\" value=\"27\" \/><input type=\"hidden\" name=\"_wpcf7_version\" value=\"6.1.5\" \/><input type=\"hidden\" name=\"_wpcf7_locale\" value=\"en_US\" \/><input type=\"hidden\" name=\"_wpcf7_unit_tag\" value=\"wpcf7-f27-o1\" \/><input type=\"hidden\" name=\"_wpcf7_container_post\" value=\"0\" \/><input type=\"hidden\" name=\"_wpcf7_posted_data_hash\" value=\"\" \/>\n<\/fieldset>\n<p><label> Your Name (required)<br \/>\n<span class=\"wpcf7-form-control-wrap\" data-name=\"your-name\"><input size=\"40\" maxlength=\"400\" class=\"wpcf7-form-control wpcf7-text wpcf7-validates-as-required\" aria-required=\"true\" aria-invalid=\"false\" value=\"\" type=\"text\" name=\"your-name\" \/><\/span> <\/label>\n<\/p>\n<p><label> Your Email (required)<br \/>\n<span class=\"wpcf7-form-control-wrap\" data-name=\"your-email\"><input size=\"40\" maxlength=\"400\" class=\"wpcf7-form-control wpcf7-email wpcf7-validates-as-required wpcf7-text wpcf7-validates-as-email\" aria-required=\"true\" aria-invalid=\"false\" value=\"\" type=\"email\" name=\"your-email\" \/><\/span> <\/label>\n<\/p>\n<p><label> Subject<br \/>\n<span class=\"wpcf7-form-control-wrap\" data-name=\"your-subject\"><input size=\"40\" maxlength=\"400\" class=\"wpcf7-form-control wpcf7-text\" aria-invalid=\"false\" value=\"\" type=\"text\" name=\"your-subject\" \/><\/span> <\/label>\n<\/p>\n<p><label> Your Message<br \/>\n<span class=\"wpcf7-form-control-wrap\" data-name=\"your-message\"><textarea cols=\"40\" rows=\"10\" maxlength=\"2000\" class=\"wpcf7-form-control wpcf7-textarea\" aria-invalid=\"false\" name=\"your-message\"><\/textarea><\/span> <\/label>\n<\/p>\n<p>[wpgdprc \"By using this form you agree with the storage and handling of your data by this website.\"]\n<\/p>\n<p><input class=\"wpcf7-form-control wpcf7-submit has-spinner\" type=\"submit\" value=\"Send\" \/>\n<\/p><p style=\"display: none !important;\" class=\"akismet-fields-container\" data-prefix=\"_wpcf7_ak_\"><label>&#916;<textarea name=\"_wpcf7_ak_hp_textarea\" cols=\"45\" rows=\"8\" maxlength=\"100\"><\/textarea><\/label><input type=\"hidden\" id=\"ak_js_1\" name=\"_wpcf7_ak_js\" value=\"58\"\/><script>document.getElementById( \"ak_js_1\" ).setAttribute( \"value\", ( new Date() ).getTime() );<\/script><\/p><div class=\"wpcf7-response-output\" aria-hidden=\"true\"><\/div>\n<\/form>\n<\/div>\n\n\t\t\t<\/div>\n\t<\/div>\n\t<\/div>\n\t<div class=\"ult-overlay-close top-right\" style=\" \"><div class=\"ult-overlay-close-inside\">Close<\/div><\/div>\n<\/div>[\/vc_column_inner][vc_column_inner width=\u00bb2\/3&#8243;][vc_column_text]<\/p>\n<div class=\"wpb_text_column wpb_content_element \">\n<div class=\"wpb_wrapper\">\n<h4>\u00bfEst\u00e1s preparado para hacerte buceador Padi?<\/h4>\n<p>El curso PADI Scuba Diver se puede decir que es un subcurso del PADI Open Water Diver. Si tienes poco tiempo pero realmente quieres convertirte en buceador, el nivel de PADI Scuba Diver puede ser estupendo para ti, particularmente si tienes pensado bucear principalmente con un gu\u00eda de buceo. Este curso es un paso intermedio para conseguir una certificaci\u00f3n de Open Water Diver, si es ese tu objetivo final.<br \/>\nLos PADI Scuba Divers est\u00e1n cualificados para:<\/p>\n<ul>\n<li>Bucear bajo la supervisi\u00f3n directa de un Profesional PADI hasta una profundidad m\u00e1xima de 12 metros\/40 pies.<\/li>\n<li>Obtener cargas de aire, alquilar o comprar equipos de buceo y participar en actividades de buceo siempre y cuando est\u00e9n adecuadamente supervisadas.<\/li>\n<li>Continuar el entrenamiento de buceo completando la certificaci\u00f3n PADI Open Water Diver y hacer ciertos cursos de buceo de especialidad.<\/li>\n<\/ul>\n<p>Para inscribirte en un curso PADI Scuba Diver (o un curso Junior Scuba Diver), debes tener 10 a\u00f1os de edad como m\u00ednimo. Necesitas saber nadar y tener una buena salud. No se requiere experiencia previa de buceo, pero si quieres, puedes probar primero el programa Discover Scuba Diving.<\/p>\n<\/div>\n<\/div>\n<p>[\/vc_column_text]<div id=\"ultimate-heading-525969d8479f316b4\" class=\"uvc-heading ult-adjust-bottom-margin ultimate-heading-525969d8479f316b4 uvc-1911 \" data-hspacer=\"no_spacer\"  data-halign=\"left\" style=\"text-align:left\"><div class=\"uvc-heading-spacer no_spacer\" style=\"top\"><\/div><div class=\"uvc-main-heading ult-responsive\"  data-ultimate-target='.uvc-heading.ultimate-heading-525969d8479f316b4 h4'  data-responsive-json-new='{\"font-size\":\"\",\"line-height\":\"\"}' ><h4 style=\"font-weight:normal;margin-top:20px;\">\u00bfQu\u00e9 incluye este curso?<\/h4><\/div><\/div>[vc_column_text]El curso PADI Scuba Diver consta de tres fases principales:<\/p>\n<ul>\n<li>Desarrollo de Conocimientos (en l\u00ednea, estudio independiente o en el aula) para comprender los principios b\u00e1sicos del buceo aut\u00f3nomo &#8211; s\u00f3lo las primeras tres secciones de las cinco del curso Open Water Diver.<\/li>\n<li>Inmersiones en Aguas Confinadas para aprender las destrezas b\u00e1sicas de buceo &#8211; las tres primeras de las cinco que tiene en total el curso Open Water Diver.<\/li>\n<li>Inmersiones en Aguas Abiertas para utilizar tus destrezas y explorar &#8211; dos de las cuatro del curso Open Water Diver.<\/li>\n<\/ul>\n<p>[\/vc_column_text]<div id=\"ultimate-heading-641669d8479f316fb\" class=\"uvc-heading ult-adjust-bottom-margin ultimate-heading-641669d8479f316fb uvc-4336 \" data-hspacer=\"no_spacer\"  data-halign=\"left\" style=\"text-align:left\"><div class=\"uvc-heading-spacer no_spacer\" style=\"top\"><\/div><div class=\"uvc-main-heading ult-responsive\"  data-ultimate-target='.uvc-heading.ultimate-heading-641669d8479f316fb h4'  data-responsive-json-new='{\"font-size\":\"\",\"line-height\":\"\"}' ><h4 style=\"font-weight:normal;margin-top:20px;\">\u00bfC\u00f3mo puedes empezar a aprender ya?<\/h4><\/div><\/div>[vc_column_text]Comienza registr\u00e1ndote en el Open Water Diver Online \u2013 la opci\u00f3n eLearning de PADI. El aprendizaje en l\u00ednea te da la informaci\u00f3n b\u00e1sica que necesitas para bucear con seguridad y te permite estudiar a tu propio ritmo a trav\u00e9s de un programa interactivo f\u00e1cil de utilizar. Solo necesitas completar las tres primeras secciones, y dispones de un a\u00f1o para terminar el programa completo, si es que eliges ir a por tu certificaci\u00f3n PADI Open Water Diver<\/p>\n<p>Hay otros materiales de estudio que puedes elegir, entre los que se incluyen el&nbsp;<em>Open Water Diver Touch<\/em><em><sup>TM<\/sup><\/em>&nbsp;(una aplicaci\u00f3n para tabletas)y el Manual y&nbsp;<em>Video del Open Water Diver<\/em>&nbsp;(un libro y un DVD respectivamente).<\/p>\n<p>Ponte en contacto con nosotros para m\u00e1s informaci\u00f3n; para obtener el material y poder empezar a leer el libro y ver el video. Nos reuniremos contigo para programar sesiones de revisi\u00f3n de conocimientos, e inmersiones en Aguas Confinadas y en Aguas Abiertas.[\/vc_column_text]<div id=\"ultimate-heading-628469d8479f31737\" class=\"uvc-heading ult-adjust-bottom-margin ultimate-heading-628469d8479f31737 uvc-2651 \" data-hspacer=\"no_spacer\"  data-halign=\"left\" style=\"text-align:left\"><div class=\"uvc-heading-spacer no_spacer\" style=\"top\"><\/div><div class=\"uvc-main-heading ult-responsive\"  data-ultimate-target='.uvc-heading.ultimate-heading-628469d8479f31737 h4'  data-responsive-json-new='{\"font-size\":\"\",\"line-height\":\"\"}' ><h4 style=\"font-weight:normal;margin-top:20px;\">\u00bfQu\u00e9 equipo de buceo utilizar\u00e1s?<\/h4><\/div><\/div>[vc_column_text]Aprender\u00e1s a utilizar el&nbsp;<a href=\"https:\/\/www.padi.com\/es\/cursos-padi\/sobre-el-equipo-de-buceo\">equipo b\u00e1sico de buceo<\/a>, incluyendo una m\u00e1scara, tubo, aletas, regulador, chaleco de control de la flotabilidad y una botella.&nbsp;[\/vc_column_text][vc_empty_space][\/vc_column_inner][\/vc_row_inner][\/vc_column][\/vc_row]<\/p>\n<\/div>","protected":false},"excerpt":{"rendered":"<p>[vc_row content_width=\u00bbgrid\u00bb full_screen_section_height=\u00bbno\u00bb][vc_column css=\u00bb.vc_custom_1489913201015{border-top-width: 0px !important;border-right-width: 0px !important;border-bottom-width: 2px !important;border-left-width: 0px !important;border-left-color: #dddddd !important;border-left-style: solid !important;border-right-color: #dddddd !important;border-right-style: solid !important;border-top-color: #dddddd !important;border-top-style: solid !important;border-bottom-color: #dddddd !important;border-bottom-style: solid !important;}\u00bb][vc_row_inner full_screen_section_height=\u00bbno\u00bb][vc_column_inner el_class=\u00bbexpand-left\u00bb width=\u00bb1\/3&#8243;][vc_empty_space][vc_empty_space][\/vc_column_inner][vc_column_inner width=\u00bb2\/3&#8243;][vc_column_text] \u00bfEst\u00e1s preparado para hacerte buceador Padi? El curso PADI Scuba Diver se puede&#8230;<\/p>\n","protected":false},"author":1,"featured_media":0,"parent":0,"menu_order":0,"comment_status":"closed","ping_status":"closed","template":"full-width.php","meta":{"footnotes":""},"class_list":["post-4769","page","type-page","status-publish","hentry"],"yoast_head":"<!-- This site is optimized with the Yoast SEO plugin v27.0 - https:\/\/yoast.com\/product\/yoast-seo-wordpress\/ -->\n<title>Curso SCUBA DIVER - Athens Divers Club<\/title>\n<meta name=\"robots\" content=\"index, follow, max-snippet:-1, max-image-preview:large, max-video-preview:-1\" \/>\n<link rel=\"canonical\" href=\"https:\/\/www.athensdiversclub.com\/es\/curso-scuba-diver\/\" \/>\n<meta property=\"og:locale\" content=\"es_ES\" \/>\n<meta property=\"og:type\" content=\"article\" \/>\n<meta property=\"og:title\" content=\"Curso SCUBA DIVER - Athens Divers Club\" \/>\n<meta property=\"og:description\" content=\"[vc_row content_width=\u00bbgrid\u00bb full_screen_section_height=\u00bbno\u00bb][vc_column css=\u00bb.vc_custom_1489913201015{border-top-width: 0px !important;border-right-width: 0px !important;border-bottom-width: 2px !important;border-left-width: 0px !important;border-left-color: #dddddd !important;border-left-style: solid !important;border-right-color: #dddddd !important;border-right-style: solid !important;border-top-color: #dddddd !important;border-top-style: solid !important;border-bottom-color: #dddddd !important;border-bottom-style: solid !important;}\u00bb][vc_row_inner full_screen_section_height=\u00bbno\u00bb][vc_column_inner el_class=\u00bbexpand-left\u00bb width=\u00bb1\/3&#8243;][vc_empty_space][vc_empty_space][\/vc_column_inner][vc_column_inner width=\u00bb2\/3&#8243;][vc_column_text] \u00bfEst\u00e1s preparado para hacerte buceador Padi? El curso PADI Scuba Diver se puede...\" \/>\n<meta property=\"og:url\" content=\"https:\/\/www.athensdiversclub.com\/es\/curso-scuba-diver\/\" \/>\n<meta property=\"og:site_name\" content=\"Athens Divers Club\" \/>\n<meta property=\"article:publisher\" content=\"https:\/\/www.facebook.com\/athensdiversclub\/\" \/>\n<meta property=\"article:modified_time\" content=\"2022-09-07T14:55:38+00:00\" \/>\n<meta name=\"twitter:card\" content=\"summary_large_image\" \/>\n<meta name=\"twitter:site\" content=\"@AthensDivers\" \/>\n<meta name=\"twitter:label1\" content=\"Tiempo de lectura\" \/>\n\t<meta name=\"twitter:data1\" content=\"3 minutos\" \/>\n<script type=\"application\/ld+json\" class=\"yoast-schema-graph\">{\"@context\":\"https:\/\/schema.org\",\"@graph\":[{\"@type\":\"WebPage\",\"@id\":\"https:\/\/www.athensdiversclub.com\/es\/curso-scuba-diver\/\",\"url\":\"https:\/\/www.athensdiversclub.com\/es\/curso-scuba-diver\/\",\"name\":\"Curso SCUBA DIVER - Athens Divers Club\",\"isPartOf\":{\"@id\":\"https:\/\/www.athensdiversclub.com\/#website\"},\"datePublished\":\"2018-01-09T13:08:48+00:00\",\"dateModified\":\"2022-09-07T14:55:38+00:00\",\"breadcrumb\":{\"@id\":\"https:\/\/www.athensdiversclub.com\/es\/curso-scuba-diver\/#breadcrumb\"},\"inLanguage\":\"es\",\"potentialAction\":[{\"@type\":\"ReadAction\",\"target\":[\"https:\/\/www.athensdiversclub.com\/es\/curso-scuba-diver\/\"]}]},{\"@type\":\"BreadcrumbList\",\"@id\":\"https:\/\/www.athensdiversclub.com\/es\/curso-scuba-diver\/#breadcrumb\",\"itemListElement\":[{\"@type\":\"ListItem\",\"position\":1,\"name\":\"Home\",\"item\":\"https:\/\/www.athensdiversclub.com\/es\/\"},{\"@type\":\"ListItem\",\"position\":2,\"name\":\"Curso SCUBA DIVER\"}]},{\"@type\":\"WebSite\",\"@id\":\"https:\/\/www.athensdiversclub.com\/#website\",\"url\":\"https:\/\/www.athensdiversclub.com\/\",\"name\":\"Athens Divers Club\",\"description\":\"\",\"potentialAction\":[{\"@type\":\"SearchAction\",\"target\":{\"@type\":\"EntryPoint\",\"urlTemplate\":\"https:\/\/www.athensdiversclub.com\/?s={search_term_string}\"},\"query-input\":{\"@type\":\"PropertyValueSpecification\",\"valueRequired\":true,\"valueName\":\"search_term_string\"}}],\"inLanguage\":\"es\"}]}<\/script>\n<!-- \/ Yoast SEO plugin. -->","yoast_head_json":{"title":"Curso SCUBA DIVER - Athens Divers Club","robots":{"index":"index","follow":"follow","max-snippet":"max-snippet:-1","max-image-preview":"max-image-preview:large","max-video-preview":"max-video-preview:-1"},"canonical":"https:\/\/www.athensdiversclub.com\/es\/curso-scuba-diver\/","og_locale":"es_ES","og_type":"article","og_title":"Curso SCUBA DIVER - Athens Divers Club","og_description":"[vc_row content_width=\u00bbgrid\u00bb full_screen_section_height=\u00bbno\u00bb][vc_column css=\u00bb.vc_custom_1489913201015{border-top-width: 0px !important;border-right-width: 0px !important;border-bottom-width: 2px !important;border-left-width: 0px !important;border-left-color: #dddddd !important;border-left-style: solid !important;border-right-color: #dddddd !important;border-right-style: solid !important;border-top-color: #dddddd !important;border-top-style: solid !important;border-bottom-color: #dddddd !important;border-bottom-style: solid !important;}\u00bb][vc_row_inner full_screen_section_height=\u00bbno\u00bb][vc_column_inner el_class=\u00bbexpand-left\u00bb width=\u00bb1\/3&#8243;][vc_empty_space][vc_empty_space][\/vc_column_inner][vc_column_inner width=\u00bb2\/3&#8243;][vc_column_text] \u00bfEst\u00e1s preparado para hacerte buceador Padi? El curso PADI Scuba Diver se puede...","og_url":"https:\/\/www.athensdiversclub.com\/es\/curso-scuba-diver\/","og_site_name":"Athens Divers Club","article_publisher":"https:\/\/www.facebook.com\/athensdiversclub\/","article_modified_time":"2022-09-07T14:55:38+00:00","twitter_card":"summary_large_image","twitter_site":"@AthensDivers","twitter_misc":{"Tiempo de lectura":"3 minutos"},"schema":{"@context":"https:\/\/schema.org","@graph":[{"@type":"WebPage","@id":"https:\/\/www.athensdiversclub.com\/es\/curso-scuba-diver\/","url":"https:\/\/www.athensdiversclub.com\/es\/curso-scuba-diver\/","name":"Curso SCUBA DIVER - Athens Divers Club","isPartOf":{"@id":"https:\/\/www.athensdiversclub.com\/#website"},"datePublished":"2018-01-09T13:08:48+00:00","dateModified":"2022-09-07T14:55:38+00:00","breadcrumb":{"@id":"https:\/\/www.athensdiversclub.com\/es\/curso-scuba-diver\/#breadcrumb"},"inLanguage":"es","potentialAction":[{"@type":"ReadAction","target":["https:\/\/www.athensdiversclub.com\/es\/curso-scuba-diver\/"]}]},{"@type":"BreadcrumbList","@id":"https:\/\/www.athensdiversclub.com\/es\/curso-scuba-diver\/#breadcrumb","itemListElement":[{"@type":"ListItem","position":1,"name":"Home","item":"https:\/\/www.athensdiversclub.com\/es\/"},{"@type":"ListItem","position":2,"name":"Curso SCUBA DIVER"}]},{"@type":"WebSite","@id":"https:\/\/www.athensdiversclub.com\/#website","url":"https:\/\/www.athensdiversclub.com\/","name":"Athens Divers Club","description":"","potentialAction":[{"@type":"SearchAction","target":{"@type":"EntryPoint","urlTemplate":"https:\/\/www.athensdiversclub.com\/?s={search_term_string}"},"query-input":{"@type":"PropertyValueSpecification","valueRequired":true,"valueName":"search_term_string"}}],"inLanguage":"es"}]}},"_links":{"self":[{"href":"https:\/\/www.athensdiversclub.com\/es\/wp-json\/wp\/v2\/pages\/4769","targetHints":{"allow":["GET"]}}],"collection":[{"href":"https:\/\/www.athensdiversclub.com\/es\/wp-json\/wp\/v2\/pages"}],"about":[{"href":"https:\/\/www.athensdiversclub.com\/es\/wp-json\/wp\/v2\/types\/page"}],"author":[{"embeddable":true,"href":"https:\/\/www.athensdiversclub.com\/es\/wp-json\/wp\/v2\/users\/1"}],"replies":[{"embeddable":true,"href":"https:\/\/www.athensdiversclub.com\/es\/wp-json\/wp\/v2\/comments?post=4769"}],"version-history":[{"count":0,"href":"https:\/\/www.athensdiversclub.com\/es\/wp-json\/wp\/v2\/pages\/4769\/revisions"}],"wp:attachment":[{"href":"https:\/\/www.athensdiversclub.com\/es\/wp-json\/wp\/v2\/media?parent=4769"}],"curies":[{"name":"wp","href":"https:\/\/api.w.org\/{rel}","templated":true}]}}