{"id":4697,"date":"2018-01-09T14:16:19","date_gmt":"2018-01-09T12:16:19","guid":{"rendered":"http:\/\/www.athensdiversclub.com\/bubblemaker\/"},"modified":"2021-01-22T13:39:15","modified_gmt":"2021-01-22T11:39:15","slug":"bubblemaker","status":"publish","type":"page","link":"https:\/\/www.athensdiversclub.com\/es\/bubblemaker\/","title":{"rendered":"BUBBLEMAKER"},"content":{"rendered":"<div class=\"wpb-content-wrapper\"><p>[vc_row content_width=\u00bbgrid\u00bb full_screen_section_height=\u00bbno\u00bb css=\u00bb.vc_custom_1485513660893{padding-top: 30px !important;padding-bottom: 30px !important;background-color: #fbfbfb !important;}\u00bb][vc_column offset=\u00bbvc_col-lg-5 vc_col-md-5&#8243;][vc_empty_space height=\u00bb13px\u00bb][vc_single_image image=\u00bb7986&#8243; img_size=\u00bbmedium\u00bb css=\u00bb.vc_custom_1611315551554{padding-bottom: 20px !important;}\u00bb][vc_column_text]Para ni\u00f1os de 8 a 10 a\u00f1os[\/vc_column_text][\/vc_column][vc_column offset=\u00bbvc_col-lg-7 vc_col-md-7&#8243;][vc_column_text]\u00bfTe cuesta encontrar actividades para toda la familia?<\/p>\n<p style=\"text-align: justify;\">Encontrar actividades divertidas con las que tu familia pueda disfrutar junta es f\u00e1cil con&nbsp;&nbsp;<strong>Bubblemaker&nbsp;<\/strong>experience. Este programa est\u00e1 dise\u00f1ado para ni\u00f1os a partir de ocho a\u00f1os. Con un poco de ayuda de PADI, puedes darles a tus hijos una idea de lo que es el buceo, y ponerlos en el camino para convertirlos en futuros submarinistas.<\/p>\n<p>[\/vc_column_text][\/vc_column][\/vc_row][vc_row full_screen_section_height=\u00bbno\u00bb css=\u00bb.vc_custom_1484036404712{padding-top: 30px !important;padding-bottom: 30px !important;}\u00bb][vc_column][vc_text_separator title=\u00bbLos ni\u00f1os que participan en el programa Bubblemaker desarrollar\u00e1n habilidades nuevas y se les abrir\u00e1n los ojos a un mundo completamente desconocido para ellos.\u00bb][\/vc_column][\/vc_row][vc_row content_width=\u00bbgrid\u00bb content_aligment=\u00bbcenter\u00bb full_screen_section_height=\u00bbno\u00bb css=\u00bb.vc_custom_1486727465430{padding-top: 113px !important;}\u00bb][vc_column offset=\u00bbvc_col-lg-6 vc_col-md-6&#8243; css=\u00bb.vc_custom_1473689678910{padding-right: 5% !important;}\u00bb][vc_column_text]<\/p>\n<p style=\"text-align: left;\">Respira bajo el agua por primera vez!<\/p>\n<p>[\/vc_column_text][vc_column_text]<\/p>\n<p style=\"text-align: justify;\">Con la experiencia de Bubblemaker, los ni\u00f1os tendr\u00e1n la oportunidad de respirar bajo el agua por primera vez, y sus amigos y familiares pueden estar all\u00ed para ofrecer apoyo y \u00e1nimo. Tambi\u00e9n aprender\u00e1n a usar el equipo de buceo b\u00e1sico de una manera segura y efectiva, prepar\u00e1ndolos as\u00ed para futuras experiencias.<\/p>\n<p style=\"text-align: justify;\">El buceo no es solo una actividad divertida para que los ni\u00f1os disfruten, sino que tambi\u00e9n fomenta un estilo de vida activo. La actividad f\u00edsica promueve un crecimiento y un desarrollo saludables, brinda oportunidades para que los ni\u00f1os hagan nuevos amigos y desarrollen sus habilidades sociales; puede incluso ayudar con la autoestima. Mant\u00e9n a tus hijos activos y divi\u00e9rtete con tu familia.<\/p>\n<p>[\/vc_column_text][vc_empty_space height=\u00bb30px\u00bb][\/vc_column][vc_column offset=\u00bbvc_col-lg-6 vc_col-md-6&#8243; el_class=\u00bbservices-orange\u00bb]<div class=\"qodef-iwt clearfix qodef-iwt-icon-top qodef-iwt-icon-large\"  style=\"text-align: center\">\n    <div class=\"qodef-iwt-icon-holder\">\n\t\t            <div class=\"qodef-icon-animation-holder qodef-custom-icon-animation-holder\" style=\"transition-delay: 300ms;-ms-transition-delay: 300ms;-moz-transition-delay: 300ms;-webkit-transition-delay: 300ms\">\n                <div class=\"qodef-icon-shortcode qodef-icon-animation qodef-custom-icon\">\n\t\t\t\t\t<img loading=\"lazy\" decoding=\"async\" width=\"253\" height=\"253\" src=\"https:\/\/www.athensdiversclub.com\/wp-content\/uploads\/2017\/04\/BLM1.png\" class=\"attachment-full size-full\" alt=\"\" srcset=\"https:\/\/www.athensdiversclub.com\/wp-content\/uploads\/2017\/04\/BLM1.png 253w, https:\/\/www.athensdiversclub.com\/wp-content\/uploads\/2017\/04\/BLM1-150x150.png 150w\" sizes=\"auto, (max-width: 253px) 100vw, 253px\" \/>                <\/div>\n            <\/div>\n\t\t    <\/div>\n    <div class=\"qodef-iwt-content-holder\" >\n        <div class=\"qodef-iwt-title-holder\">\n            <h4 >\n\t\t\t        <\/h4>\n    <\/div>\n\t        <div class=\"qodef-iwt-title-separator-holder\">\n            <span class=\"qodef-iwt-title-separator\" style=\"border-bottom: 2px solid #00556e\"><\/span>\n        <\/div>\n\t    <div class=\"qodef-iwt-text-holder\">\n        <p ><\/p>\n\n\t\t    <\/div>\n<\/div>\n<\/div><div id=\"modal-trg-txt-wrap-8104\" class=\"ult-modal-input-wrapper ult-adjust-bottom-margin lets-go-diving qodef-btn qodef-btn-medium qodef-btn-outline qodef-btn-custom-hover-bg qodef-btn-custom-border-hover   \" data-keypress-control=\"keypress-control-enable\" data-overlay-control=\"overlay-control-enable\"><button  data-ultimate-target='#modal-trg-txt-wrap-8104 .btn-modal'  data-responsive-json-new='{\"font-size\":\"desktop:22px;\",\"line-height\":\"desktop:22px;\"}'  style=\"background:rgba(0,0,0,0.01);border-color:rgba(0,0,0,0.01);color:#2e9298; \" data-class-id=\"content-69d8471dd796a7-43101971\" class=\"btn-modal ult-responsive btn-primary btn-modal-lg overlay-show ult-align-center btn-id-69d8471dd796a7-43101971\" data-overlay-class=\"overlay-zoomin\">TAKE A DIVE!<\/button><\/div>\n<div class=\"ult-overlay content-69d8471dd796a7-43101971 \" data-class=\"content-69d8471dd796a7-43101971\" id=\"button-click-overlay\" style=\"background:rgba(51,51,51,0.8); display:none;\">\n\t<div class=\"ult_modal ult-fade ult-container\">\n\t\t<div id=\"ult-modal-wrap-922\" class=\"ult_modal-content ult-hide\" style=\"border-style:solid;border-width:2px;border-radius:0px;border-color:#333333;\">\n\t\t\t<div  data-ultimate-target='#ult-modal-wrap-922 .ult_modal-body'  data-responsive-json-new='{\"font-size\":\"\",\"line-height\":\"\"}'  class=\"ult_modal-body ult-responsive ult-html\" style=\"\">\n\t\t\t\n<div class=\"wpcf7 no-js\" id=\"wpcf7-f27-o1\" lang=\"en-US\" dir=\"ltr\" data-wpcf7-id=\"27\">\n<div class=\"screen-reader-response\"><p role=\"status\" aria-live=\"polite\" aria-atomic=\"true\"><\/p> <ul><\/ul><\/div>\n<form action=\"\/es\/wp-json\/wp\/v2\/pages\/4697#wpcf7-f27-o1\" method=\"post\" class=\"wpcf7-form init\" aria-label=\"Contact form\" novalidate=\"novalidate\" data-status=\"init\">\n<fieldset class=\"hidden-fields-container\"><input type=\"hidden\" name=\"_wpcf7\" value=\"27\" \/><input type=\"hidden\" name=\"_wpcf7_version\" value=\"6.1.5\" \/><input type=\"hidden\" name=\"_wpcf7_locale\" value=\"en_US\" \/><input type=\"hidden\" name=\"_wpcf7_unit_tag\" value=\"wpcf7-f27-o1\" \/><input type=\"hidden\" name=\"_wpcf7_container_post\" value=\"0\" \/><input type=\"hidden\" name=\"_wpcf7_posted_data_hash\" value=\"\" \/>\n<\/fieldset>\n<p><label> Your Name (required)<br \/>\n<span class=\"wpcf7-form-control-wrap\" data-name=\"your-name\"><input size=\"40\" maxlength=\"400\" class=\"wpcf7-form-control wpcf7-text wpcf7-validates-as-required\" aria-required=\"true\" aria-invalid=\"false\" value=\"\" type=\"text\" name=\"your-name\" \/><\/span> <\/label>\n<\/p>\n<p><label> Your Email (required)<br \/>\n<span class=\"wpcf7-form-control-wrap\" data-name=\"your-email\"><input size=\"40\" maxlength=\"400\" class=\"wpcf7-form-control wpcf7-email wpcf7-validates-as-required wpcf7-text wpcf7-validates-as-email\" aria-required=\"true\" aria-invalid=\"false\" value=\"\" type=\"email\" name=\"your-email\" \/><\/span> <\/label>\n<\/p>\n<p><label> Subject<br \/>\n<span class=\"wpcf7-form-control-wrap\" data-name=\"your-subject\"><input size=\"40\" maxlength=\"400\" class=\"wpcf7-form-control wpcf7-text\" aria-invalid=\"false\" value=\"\" type=\"text\" name=\"your-subject\" \/><\/span> <\/label>\n<\/p>\n<p><label> Your Message<br \/>\n<span class=\"wpcf7-form-control-wrap\" data-name=\"your-message\"><textarea cols=\"40\" rows=\"10\" maxlength=\"2000\" class=\"wpcf7-form-control wpcf7-textarea\" aria-invalid=\"false\" name=\"your-message\"><\/textarea><\/span> <\/label>\n<\/p>\n<p>[wpgdprc \"By using this form you agree with the storage and handling of your data by this website.\"]\n<\/p>\n<p><input class=\"wpcf7-form-control wpcf7-submit has-spinner\" type=\"submit\" value=\"Send\" \/>\n<\/p><p style=\"display: none !important;\" class=\"akismet-fields-container\" data-prefix=\"_wpcf7_ak_\"><label>&#916;<textarea name=\"_wpcf7_ak_hp_textarea\" cols=\"45\" rows=\"8\" maxlength=\"100\"><\/textarea><\/label><input type=\"hidden\" id=\"ak_js_1\" name=\"_wpcf7_ak_js\" value=\"159\"\/><script>document.getElementById( \"ak_js_1\" ).setAttribute( \"value\", ( new Date() ).getTime() );<\/script><\/p><div class=\"wpcf7-response-output\" aria-hidden=\"true\"><\/div>\n<\/form>\n<\/div>\n\n\t\t\t<\/div>\n\t<\/div>\n\t<\/div>\n\t<div class=\"ult-overlay-close top-right\" style=\" \"><div class=\"ult-overlay-close-inside\">Close<\/div><\/div>\n<\/div>[vc_empty_space height=\u00bb6px\u00bb][\/vc_column][\/vc_row]<\/p>\n<\/div>","protected":false},"excerpt":{"rendered":"<p>[vc_row content_width=\u00bbgrid\u00bb full_screen_section_height=\u00bbno\u00bb css=\u00bb.vc_custom_1485513660893{padding-top: 30px !important;padding-bottom: 30px !important;background-color: #fbfbfb !important;}\u00bb][vc_column offset=\u00bbvc_col-lg-5 vc_col-md-5&#8243;][vc_empty_space height=\u00bb13px\u00bb][vc_single_image image=\u00bb7986&#8243; img_size=\u00bbmedium\u00bb css=\u00bb.vc_custom_1611315551554{padding-bottom: 20px !important;}\u00bb][vc_column_text]Para ni\u00f1os de 8 a 10 a\u00f1os[\/vc_column_text][\/vc_column][vc_column offset=\u00bbvc_col-lg-7 vc_col-md-7&#8243;][vc_column_text]\u00bfTe cuesta encontrar actividades para toda la familia? Encontrar actividades divertidas con las que tu familia pueda disfrutar junta es&#8230;<\/p>\n","protected":false},"author":1,"featured_media":0,"parent":0,"menu_order":0,"comment_status":"closed","ping_status":"closed","template":"full-width.php","meta":{"footnotes":""},"class_list":["post-4697","page","type-page","status-publish","hentry"],"yoast_head":"<!-- This site is optimized with the Yoast SEO plugin v27.0 - https:\/\/yoast.com\/product\/yoast-seo-wordpress\/ -->\n<title>BUBBLEMAKER - Athens Divers Club<\/title>\n<meta name=\"description\" content=\"Encontrar actividades divertidas con las que tu familia pueda disfrutar junta es f\u00e1cil con\u00a0\u00a0Bubblemaker\u00a0experience. Este programa est\u00e1 dise\u00f1ado para ni\u00f1os a partir de ocho a\u00f1os.\" \/>\n<meta name=\"robots\" content=\"index, follow, max-snippet:-1, max-image-preview:large, max-video-preview:-1\" \/>\n<link rel=\"canonical\" href=\"https:\/\/www.athensdiversclub.com\/es\/bubblemaker\/\" \/>\n<meta property=\"og:locale\" content=\"es_ES\" \/>\n<meta property=\"og:type\" content=\"article\" \/>\n<meta property=\"og:title\" content=\"BUBBLEMAKER - Athens Divers Club\" \/>\n<meta property=\"og:description\" content=\"Encontrar actividades divertidas con las que tu familia pueda disfrutar junta es f\u00e1cil con\u00a0\u00a0Bubblemaker\u00a0experience. Este programa est\u00e1 dise\u00f1ado para ni\u00f1os a partir de ocho a\u00f1os.\" \/>\n<meta property=\"og:url\" content=\"https:\/\/www.athensdiversclub.com\/es\/bubblemaker\/\" \/>\n<meta property=\"og:site_name\" content=\"Athens Divers Club\" \/>\n<meta property=\"article:publisher\" content=\"https:\/\/www.facebook.com\/athensdiversclub\/\" \/>\n<meta property=\"article:modified_time\" content=\"2021-01-22T11:39:15+00:00\" \/>\n<meta name=\"twitter:card\" content=\"summary_large_image\" \/>\n<meta name=\"twitter:site\" content=\"@AthensDivers\" \/>\n<meta name=\"twitter:label1\" content=\"Tiempo de lectura\" \/>\n\t<meta name=\"twitter:data1\" content=\"2 minutos\" \/>\n<script type=\"application\/ld+json\" class=\"yoast-schema-graph\">{\"@context\":\"https:\/\/schema.org\",\"@graph\":[{\"@type\":\"WebPage\",\"@id\":\"https:\/\/www.athensdiversclub.com\/es\/bubblemaker\/\",\"url\":\"https:\/\/www.athensdiversclub.com\/es\/bubblemaker\/\",\"name\":\"BUBBLEMAKER - Athens Divers Club\",\"isPartOf\":{\"@id\":\"https:\/\/www.athensdiversclub.com\/#website\"},\"datePublished\":\"2018-01-09T12:16:19+00:00\",\"dateModified\":\"2021-01-22T11:39:15+00:00\",\"description\":\"Encontrar actividades divertidas con las que tu familia pueda disfrutar junta es f\u00e1cil con\u00a0\u00a0Bubblemaker\u00a0experience. Este programa est\u00e1 dise\u00f1ado para ni\u00f1os a partir de ocho a\u00f1os.\",\"breadcrumb\":{\"@id\":\"https:\/\/www.athensdiversclub.com\/es\/bubblemaker\/#breadcrumb\"},\"inLanguage\":\"es\",\"potentialAction\":[{\"@type\":\"ReadAction\",\"target\":[\"https:\/\/www.athensdiversclub.com\/es\/bubblemaker\/\"]}]},{\"@type\":\"BreadcrumbList\",\"@id\":\"https:\/\/www.athensdiversclub.com\/es\/bubblemaker\/#breadcrumb\",\"itemListElement\":[{\"@type\":\"ListItem\",\"position\":1,\"name\":\"Home\",\"item\":\"https:\/\/www.athensdiversclub.com\/es\/\"},{\"@type\":\"ListItem\",\"position\":2,\"name\":\"BUBBLEMAKER\"}]},{\"@type\":\"WebSite\",\"@id\":\"https:\/\/www.athensdiversclub.com\/#website\",\"url\":\"https:\/\/www.athensdiversclub.com\/\",\"name\":\"Athens Divers Club\",\"description\":\"\",\"potentialAction\":[{\"@type\":\"SearchAction\",\"target\":{\"@type\":\"EntryPoint\",\"urlTemplate\":\"https:\/\/www.athensdiversclub.com\/?s={search_term_string}\"},\"query-input\":{\"@type\":\"PropertyValueSpecification\",\"valueRequired\":true,\"valueName\":\"search_term_string\"}}],\"inLanguage\":\"es\"}]}<\/script>\n<!-- \/ Yoast SEO plugin. -->","yoast_head_json":{"title":"BUBBLEMAKER - Athens Divers Club","description":"Encontrar actividades divertidas con las que tu familia pueda disfrutar junta es f\u00e1cil con\u00a0\u00a0Bubblemaker\u00a0experience. Este programa est\u00e1 dise\u00f1ado para ni\u00f1os a partir de ocho a\u00f1os.","robots":{"index":"index","follow":"follow","max-snippet":"max-snippet:-1","max-image-preview":"max-image-preview:large","max-video-preview":"max-video-preview:-1"},"canonical":"https:\/\/www.athensdiversclub.com\/es\/bubblemaker\/","og_locale":"es_ES","og_type":"article","og_title":"BUBBLEMAKER - Athens Divers Club","og_description":"Encontrar actividades divertidas con las que tu familia pueda disfrutar junta es f\u00e1cil con\u00a0\u00a0Bubblemaker\u00a0experience. Este programa est\u00e1 dise\u00f1ado para ni\u00f1os a partir de ocho a\u00f1os.","og_url":"https:\/\/www.athensdiversclub.com\/es\/bubblemaker\/","og_site_name":"Athens Divers Club","article_publisher":"https:\/\/www.facebook.com\/athensdiversclub\/","article_modified_time":"2021-01-22T11:39:15+00:00","twitter_card":"summary_large_image","twitter_site":"@AthensDivers","twitter_misc":{"Tiempo de lectura":"2 minutos"},"schema":{"@context":"https:\/\/schema.org","@graph":[{"@type":"WebPage","@id":"https:\/\/www.athensdiversclub.com\/es\/bubblemaker\/","url":"https:\/\/www.athensdiversclub.com\/es\/bubblemaker\/","name":"BUBBLEMAKER - Athens Divers Club","isPartOf":{"@id":"https:\/\/www.athensdiversclub.com\/#website"},"datePublished":"2018-01-09T12:16:19+00:00","dateModified":"2021-01-22T11:39:15+00:00","description":"Encontrar actividades divertidas con las que tu familia pueda disfrutar junta es f\u00e1cil con\u00a0\u00a0Bubblemaker\u00a0experience. Este programa est\u00e1 dise\u00f1ado para ni\u00f1os a partir de ocho a\u00f1os.","breadcrumb":{"@id":"https:\/\/www.athensdiversclub.com\/es\/bubblemaker\/#breadcrumb"},"inLanguage":"es","potentialAction":[{"@type":"ReadAction","target":["https:\/\/www.athensdiversclub.com\/es\/bubblemaker\/"]}]},{"@type":"BreadcrumbList","@id":"https:\/\/www.athensdiversclub.com\/es\/bubblemaker\/#breadcrumb","itemListElement":[{"@type":"ListItem","position":1,"name":"Home","item":"https:\/\/www.athensdiversclub.com\/es\/"},{"@type":"ListItem","position":2,"name":"BUBBLEMAKER"}]},{"@type":"WebSite","@id":"https:\/\/www.athensdiversclub.com\/#website","url":"https:\/\/www.athensdiversclub.com\/","name":"Athens Divers Club","description":"","potentialAction":[{"@type":"SearchAction","target":{"@type":"EntryPoint","urlTemplate":"https:\/\/www.athensdiversclub.com\/?s={search_term_string}"},"query-input":{"@type":"PropertyValueSpecification","valueRequired":true,"valueName":"search_term_string"}}],"inLanguage":"es"}]}},"_links":{"self":[{"href":"https:\/\/www.athensdiversclub.com\/es\/wp-json\/wp\/v2\/pages\/4697","targetHints":{"allow":["GET"]}}],"collection":[{"href":"https:\/\/www.athensdiversclub.com\/es\/wp-json\/wp\/v2\/pages"}],"about":[{"href":"https:\/\/www.athensdiversclub.com\/es\/wp-json\/wp\/v2\/types\/page"}],"author":[{"embeddable":true,"href":"https:\/\/www.athensdiversclub.com\/es\/wp-json\/wp\/v2\/users\/1"}],"replies":[{"embeddable":true,"href":"https:\/\/www.athensdiversclub.com\/es\/wp-json\/wp\/v2\/comments?post=4697"}],"version-history":[{"count":0,"href":"https:\/\/www.athensdiversclub.com\/es\/wp-json\/wp\/v2\/pages\/4697\/revisions"}],"wp:attachment":[{"href":"https:\/\/www.athensdiversclub.com\/es\/wp-json\/wp\/v2\/media?parent=4697"}],"curies":[{"name":"wp","href":"https:\/\/api.w.org\/{rel}","templated":true}]}}