{"id":4678,"date":"2018-01-09T14:05:32","date_gmt":"2018-01-09T12:05:32","guid":{"rendered":"http:\/\/www.athensdiversclub.com\/meet-the-team\/"},"modified":"2021-01-15T16:10:46","modified_gmt":"2021-01-15T14:10:46","slug":"nuestro-equipo","status":"publish","type":"page","link":"https:\/\/www.athensdiversclub.com\/es\/nuestro-equipo\/","title":{"rendered":"NUESTRO EQUIPO"},"content":{"rendered":"<div class=\"wpb-content-wrapper\"><p>[vc_row content_width=\u00bbgrid\u00bb full_screen_section_height=\u00bbno\u00bb][vc_column][vc_empty_space height=\u00bb60px\u00bb][vc_column_text]<\/p>\n<h2>Petros<\/h2>\n<p><img loading=\"lazy\" decoding=\"async\" class=\"wp-image-6968 size-medium alignleft\" style=\"margin-top: 10px; margin-right: 20px; margin-bottom: 20px;\" src=\"https:\/\/www.athensdiversclub.com\/wp-content\/uploads\/2020\/12\/39400767_10213881781291874_3186722745580781568_n-300x262.jpg\" alt=\"\" width=\"300\" height=\"262\" srcset=\"https:\/\/www.athensdiversclub.com\/wp-content\/uploads\/2020\/12\/39400767_10213881781291874_3186722745580781568_n-300x262.jpg 300w, https:\/\/www.athensdiversclub.com\/wp-content\/uploads\/2020\/12\/39400767_10213881781291874_3186722745580781568_n.jpg 489w\" sizes=\"auto, (max-width: 300px) 100vw, 300px\" \/>Cuando peque\u00f1o jugaba a sumergirme a pulm\u00f3n en la \u00abprofundidad\u00bb y agarrarme a cualquier roca que pudiera encontrar, aguantando el tiempo que pudiese, sorprendido por la belleza del gran azul. \u00a1Necesitaba estar ah\u00ed abajo!<\/p>\n<p>Con el tiempo, esta vocaci\u00f3n se fundi\u00f3 con mi otra gran pasi\u00f3n, la historia; y las dos juntas me llevaron a mi primera certificaci\u00f3n de buceo hace ya unos 20 a\u00f1os.<\/p>\n<p>Para m\u00ed el buceo es libertad. Me permite ingresar en una c\u00e1psula del tiempo, explorar y contar las historias que hay detr\u00e1s. Sus historias. Las historias de las batallas luchadas y las almas perdidas.<\/p>\n<p>Despu\u00e9s de completar mi licenciatura en Contabilidad y Finanzas, trabaj\u00e9 en el sector financiero, en el Reino Unido y en Grecia, (Trading primero y Project Management despu\u00e9s), durante casi 20 a\u00f1os.<\/p>\n<p>Durante todo este tiempo que trabaj\u00e9 en el mundo financiero, el mar fue siempre el lugar donde volv\u00eda, para recargar las pilas y encontrarme.<\/p>\n<p>Finalmente, la vocaci\u00f3n se hizo m\u00e1s fuerte y se convirti\u00f3 en un sue\u00f1o, y este sue\u00f1o es Athens Divers Club.<\/p>\n<p>Nos vemos &#8230; All\u00ed abajo<\/p>\n<p>&nbsp;<\/p>\n<hr>\n<p>&nbsp;[\/vc_column_text][\/vc_column][\/vc_row][vc_row content_width=\u00bbgrid\u00bb full_screen_section_height=\u00bbno\u00bb][vc_column][vc_column_text]<\/p>\n<h2>Tasos<\/h2>\n<p><img loading=\"lazy\" decoding=\"async\" class=\"alignleft wp-image-6974 size-medium\" style=\"margin-top: 10px; margin-right: 20px; margin-bottom: 20px;\" src=\"https:\/\/www.athensdiversclub.com\/wp-content\/uploads\/2020\/12\/IMG_0659-300x200.jpg\" alt=\"\" width=\"300\" height=\"200\" srcset=\"https:\/\/www.athensdiversclub.com\/wp-content\/uploads\/2020\/12\/IMG_0659-300x200.jpg 300w, https:\/\/www.athensdiversclub.com\/wp-content\/uploads\/2020\/12\/IMG_0659-1024x683.jpg 1024w, https:\/\/www.athensdiversclub.com\/wp-content\/uploads\/2020\/12\/IMG_0659-768x512.jpg 768w, https:\/\/www.athensdiversclub.com\/wp-content\/uploads\/2020\/12\/IMG_0659-1536x1024.jpg 1536w\" sizes=\"auto, (max-width: 300px) 100vw, 300px\" \/>\u00bfQu\u00e9 haces cuando te sientes triste? Voy al mar&#8230;<br \/>\n\u00bfQu\u00e9 haces cuando te sientes feliz? Voy al mar&#8230;<br \/>\nMe cost\u00f3 a\u00f1os darme cuenta de esto y en cuanto lo hice, me convert\u00ed en instructor de Padi. Han pasado ya m\u00e1s de dos d\u00e9cadas, y miles de inmersiones y de buceadores que he certificado en todo el mundo, y tengo claro que esto es lo que quiero, no no cambiar\u00eda ni un solo d\u00eda. Mi vida se volvi\u00f3 feliz, equilibrada, pac\u00edfica y emocionante al mismo tiempo.<br \/>\n\u00a1 Exactamente lo que se siente cuando estamos bajo el agua !<\/p>\n<p>&nbsp;<\/p>\n<p>&nbsp;<\/p>\n<p>&nbsp;[\/vc_column_text][\/vc_column][\/vc_row][vc_row content_width=\u00bbgrid\u00bb full_screen_section_height=\u00bbno\u00bb][vc_column][vc_column_text]<\/p>\n<hr>\n<h2>Kostas<\/h2>\n<p><img loading=\"lazy\" decoding=\"async\" class=\"alignleft wp-image-6998 size-medium\" style=\"margin-top: 10px; margin-right: 20px; margin-bottom: 20px;\" src=\"https:\/\/www.athensdiversclub.com\/wp-content\/uploads\/2021\/01\/IMG_0702-300x200.jpg\" alt=\"\" width=\"300\" height=\"200\" srcset=\"https:\/\/www.athensdiversclub.com\/wp-content\/uploads\/2021\/01\/IMG_0702-300x200.jpg 300w, https:\/\/www.athensdiversclub.com\/wp-content\/uploads\/2021\/01\/IMG_0702-1024x683.jpg 1024w, https:\/\/www.athensdiversclub.com\/wp-content\/uploads\/2021\/01\/IMG_0702-768x512.jpg 768w, https:\/\/www.athensdiversclub.com\/wp-content\/uploads\/2021\/01\/IMG_0702-1536x1024.jpg 1536w\" sizes=\"auto, (max-width: 300px) 100vw, 300px\" \/><span class=\"JLqJ4b ChMk0b\" data-language-for-alternatives=\"es\" data-language-to-translate-into=\"en\" data-phrase-index=\"0\">\u00abVayamos a vivir una experiencia de buceo\u00bb le dije a mi amigo &#8230; y lo hicimos &#8230;<\/span> <span class=\"JLqJ4b ChMk0b\" data-language-for-alternatives=\"es\" data-language-to-translate-into=\"en\" data-phrase-index=\"2\">Tan pronto como salimos del agua \u201cesto es lo que quiero hacer\u201d le dije\u2026 y lo estoy haciendo\u2026 La serenidad del agua, el ruido silencioso de mis burbujas emergiendo del regulador hasta la superficie, el<\/span> <span class=\"JLqJ4b ChMk0b\" data-language-for-alternatives=\"es\" data-language-to-translate-into=\"en\" data-phrase-index=\"3\">La sensaci\u00f3n aventurera de descubrir algo nuevo en cada inmersi\u00f3n, junto con los ojos bien abiertos y las caras sonrientes de la gente despu\u00e9s de sus inmersiones, me sigue recompensando y motiv\u00e1ndome por la elecci\u00f3n que hice ese d\u00eda.<\/span><\/p>\n<p>&nbsp;<\/p>\n<p>&nbsp;<\/p>\n<p>&nbsp;<\/p>\n<p>&nbsp;[\/vc_column_text][\/vc_column][\/vc_row][vc_column][\/vc_column][vc_column_text][\/vc_column_text]<\/p>\n<\/div>","protected":false},"excerpt":{"rendered":"<p>[vc_row content_width=\u00bbgrid\u00bb full_screen_section_height=\u00bbno\u00bb][vc_column][vc_empty_space height=\u00bb60px\u00bb][vc_column_text] Petros Cuando peque\u00f1o jugaba a sumergirme a pulm\u00f3n en la \u00abprofundidad\u00bb y agarrarme a cualquier roca que pudiera encontrar, aguantando el tiempo que pudiese, sorprendido por la belleza del gran azul. \u00a1Necesitaba estar ah\u00ed abajo! Con el tiempo, esta vocaci\u00f3n se&#8230;<\/p>\n","protected":false},"author":1,"featured_media":0,"parent":0,"menu_order":0,"comment_status":"closed","ping_status":"closed","template":"full-width.php","meta":{"footnotes":""},"class_list":["post-4678","page","type-page","status-publish","hentry"],"yoast_head":"<!-- This site is optimized with the Yoast SEO plugin v27.0 - https:\/\/yoast.com\/product\/yoast-seo-wordpress\/ -->\n<title>NUESTRO EQUIPO - Athens Divers Club<\/title>\n<meta name=\"robots\" content=\"index, follow, max-snippet:-1, max-image-preview:large, max-video-preview:-1\" \/>\n<link rel=\"canonical\" href=\"https:\/\/www.athensdiversclub.com\/es\/nuestro-equipo\/\" \/>\n<meta property=\"og:locale\" content=\"es_ES\" \/>\n<meta property=\"og:type\" content=\"article\" \/>\n<meta property=\"og:title\" content=\"NUESTRO EQUIPO - Athens Divers Club\" \/>\n<meta property=\"og:description\" content=\"[vc_row content_width=\u00bbgrid\u00bb full_screen_section_height=\u00bbno\u00bb][vc_column][vc_empty_space height=\u00bb60px\u00bb][vc_column_text] Petros Cuando peque\u00f1o jugaba a sumergirme a pulm\u00f3n en la \u00abprofundidad\u00bb y agarrarme a cualquier roca que pudiera encontrar, aguantando el tiempo que pudiese, sorprendido por la belleza del gran azul. \u00a1Necesitaba estar ah\u00ed abajo! Con el tiempo, esta vocaci\u00f3n se...\" \/>\n<meta property=\"og:url\" content=\"https:\/\/www.athensdiversclub.com\/es\/nuestro-equipo\/\" \/>\n<meta property=\"og:site_name\" content=\"Athens Divers Club\" \/>\n<meta property=\"article:publisher\" content=\"https:\/\/www.facebook.com\/athensdiversclub\/\" \/>\n<meta property=\"article:modified_time\" content=\"2021-01-15T14:10:46+00:00\" \/>\n<meta property=\"og:image\" content=\"https:\/\/www.athensdiversclub.com\/wp-content\/uploads\/2020\/12\/39400767_10213881781291874_3186722745580781568_n-300x262.jpg\" \/>\n<meta name=\"twitter:card\" content=\"summary_large_image\" \/>\n<meta name=\"twitter:site\" content=\"@AthensDivers\" \/>\n<meta name=\"twitter:label1\" content=\"Tiempo de lectura\" \/>\n\t<meta name=\"twitter:data1\" content=\"3 minutos\" \/>\n<script type=\"application\/ld+json\" class=\"yoast-schema-graph\">{\"@context\":\"https:\/\/schema.org\",\"@graph\":[{\"@type\":\"WebPage\",\"@id\":\"https:\/\/www.athensdiversclub.com\/es\/nuestro-equipo\/\",\"url\":\"https:\/\/www.athensdiversclub.com\/es\/nuestro-equipo\/\",\"name\":\"NUESTRO EQUIPO - Athens Divers Club\",\"isPartOf\":{\"@id\":\"https:\/\/www.athensdiversclub.com\/#website\"},\"primaryImageOfPage\":{\"@id\":\"https:\/\/www.athensdiversclub.com\/es\/nuestro-equipo\/#primaryimage\"},\"image\":{\"@id\":\"https:\/\/www.athensdiversclub.com\/es\/nuestro-equipo\/#primaryimage\"},\"thumbnailUrl\":\"https:\/\/www.athensdiversclub.com\/wp-content\/uploads\/2020\/12\/39400767_10213881781291874_3186722745580781568_n-300x262.jpg\",\"datePublished\":\"2018-01-09T12:05:32+00:00\",\"dateModified\":\"2021-01-15T14:10:46+00:00\",\"breadcrumb\":{\"@id\":\"https:\/\/www.athensdiversclub.com\/es\/nuestro-equipo\/#breadcrumb\"},\"inLanguage\":\"es\",\"potentialAction\":[{\"@type\":\"ReadAction\",\"target\":[\"https:\/\/www.athensdiversclub.com\/es\/nuestro-equipo\/\"]}]},{\"@type\":\"ImageObject\",\"inLanguage\":\"es\",\"@id\":\"https:\/\/www.athensdiversclub.com\/es\/nuestro-equipo\/#primaryimage\",\"url\":\"https:\/\/www.athensdiversclub.com\/wp-content\/uploads\/2020\/12\/39400767_10213881781291874_3186722745580781568_n-300x262.jpg\",\"contentUrl\":\"https:\/\/www.athensdiversclub.com\/wp-content\/uploads\/2020\/12\/39400767_10213881781291874_3186722745580781568_n-300x262.jpg\"},{\"@type\":\"BreadcrumbList\",\"@id\":\"https:\/\/www.athensdiversclub.com\/es\/nuestro-equipo\/#breadcrumb\",\"itemListElement\":[{\"@type\":\"ListItem\",\"position\":1,\"name\":\"Home\",\"item\":\"https:\/\/www.athensdiversclub.com\/es\/\"},{\"@type\":\"ListItem\",\"position\":2,\"name\":\"NUESTRO EQUIPO\"}]},{\"@type\":\"WebSite\",\"@id\":\"https:\/\/www.athensdiversclub.com\/#website\",\"url\":\"https:\/\/www.athensdiversclub.com\/\",\"name\":\"Athens Divers Club\",\"description\":\"\",\"potentialAction\":[{\"@type\":\"SearchAction\",\"target\":{\"@type\":\"EntryPoint\",\"urlTemplate\":\"https:\/\/www.athensdiversclub.com\/?s={search_term_string}\"},\"query-input\":{\"@type\":\"PropertyValueSpecification\",\"valueRequired\":true,\"valueName\":\"search_term_string\"}}],\"inLanguage\":\"es\"}]}<\/script>\n<!-- \/ Yoast SEO plugin. -->","yoast_head_json":{"title":"NUESTRO EQUIPO - Athens Divers Club","robots":{"index":"index","follow":"follow","max-snippet":"max-snippet:-1","max-image-preview":"max-image-preview:large","max-video-preview":"max-video-preview:-1"},"canonical":"https:\/\/www.athensdiversclub.com\/es\/nuestro-equipo\/","og_locale":"es_ES","og_type":"article","og_title":"NUESTRO EQUIPO - Athens Divers Club","og_description":"[vc_row content_width=\u00bbgrid\u00bb full_screen_section_height=\u00bbno\u00bb][vc_column][vc_empty_space height=\u00bb60px\u00bb][vc_column_text] Petros Cuando peque\u00f1o jugaba a sumergirme a pulm\u00f3n en la \u00abprofundidad\u00bb y agarrarme a cualquier roca que pudiera encontrar, aguantando el tiempo que pudiese, sorprendido por la belleza del gran azul. \u00a1Necesitaba estar ah\u00ed abajo! Con el tiempo, esta vocaci\u00f3n se...","og_url":"https:\/\/www.athensdiversclub.com\/es\/nuestro-equipo\/","og_site_name":"Athens Divers Club","article_publisher":"https:\/\/www.facebook.com\/athensdiversclub\/","article_modified_time":"2021-01-15T14:10:46+00:00","og_image":[{"url":"https:\/\/www.athensdiversclub.com\/wp-content\/uploads\/2020\/12\/39400767_10213881781291874_3186722745580781568_n-300x262.jpg","type":"","width":"","height":""}],"twitter_card":"summary_large_image","twitter_site":"@AthensDivers","twitter_misc":{"Tiempo de lectura":"3 minutos"},"schema":{"@context":"https:\/\/schema.org","@graph":[{"@type":"WebPage","@id":"https:\/\/www.athensdiversclub.com\/es\/nuestro-equipo\/","url":"https:\/\/www.athensdiversclub.com\/es\/nuestro-equipo\/","name":"NUESTRO EQUIPO - Athens Divers Club","isPartOf":{"@id":"https:\/\/www.athensdiversclub.com\/#website"},"primaryImageOfPage":{"@id":"https:\/\/www.athensdiversclub.com\/es\/nuestro-equipo\/#primaryimage"},"image":{"@id":"https:\/\/www.athensdiversclub.com\/es\/nuestro-equipo\/#primaryimage"},"thumbnailUrl":"https:\/\/www.athensdiversclub.com\/wp-content\/uploads\/2020\/12\/39400767_10213881781291874_3186722745580781568_n-300x262.jpg","datePublished":"2018-01-09T12:05:32+00:00","dateModified":"2021-01-15T14:10:46+00:00","breadcrumb":{"@id":"https:\/\/www.athensdiversclub.com\/es\/nuestro-equipo\/#breadcrumb"},"inLanguage":"es","potentialAction":[{"@type":"ReadAction","target":["https:\/\/www.athensdiversclub.com\/es\/nuestro-equipo\/"]}]},{"@type":"ImageObject","inLanguage":"es","@id":"https:\/\/www.athensdiversclub.com\/es\/nuestro-equipo\/#primaryimage","url":"https:\/\/www.athensdiversclub.com\/wp-content\/uploads\/2020\/12\/39400767_10213881781291874_3186722745580781568_n-300x262.jpg","contentUrl":"https:\/\/www.athensdiversclub.com\/wp-content\/uploads\/2020\/12\/39400767_10213881781291874_3186722745580781568_n-300x262.jpg"},{"@type":"BreadcrumbList","@id":"https:\/\/www.athensdiversclub.com\/es\/nuestro-equipo\/#breadcrumb","itemListElement":[{"@type":"ListItem","position":1,"name":"Home","item":"https:\/\/www.athensdiversclub.com\/es\/"},{"@type":"ListItem","position":2,"name":"NUESTRO EQUIPO"}]},{"@type":"WebSite","@id":"https:\/\/www.athensdiversclub.com\/#website","url":"https:\/\/www.athensdiversclub.com\/","name":"Athens Divers Club","description":"","potentialAction":[{"@type":"SearchAction","target":{"@type":"EntryPoint","urlTemplate":"https:\/\/www.athensdiversclub.com\/?s={search_term_string}"},"query-input":{"@type":"PropertyValueSpecification","valueRequired":true,"valueName":"search_term_string"}}],"inLanguage":"es"}]}},"_links":{"self":[{"href":"https:\/\/www.athensdiversclub.com\/es\/wp-json\/wp\/v2\/pages\/4678","targetHints":{"allow":["GET"]}}],"collection":[{"href":"https:\/\/www.athensdiversclub.com\/es\/wp-json\/wp\/v2\/pages"}],"about":[{"href":"https:\/\/www.athensdiversclub.com\/es\/wp-json\/wp\/v2\/types\/page"}],"author":[{"embeddable":true,"href":"https:\/\/www.athensdiversclub.com\/es\/wp-json\/wp\/v2\/users\/1"}],"replies":[{"embeddable":true,"href":"https:\/\/www.athensdiversclub.com\/es\/wp-json\/wp\/v2\/comments?post=4678"}],"version-history":[{"count":0,"href":"https:\/\/www.athensdiversclub.com\/es\/wp-json\/wp\/v2\/pages\/4678\/revisions"}],"wp:attachment":[{"href":"https:\/\/www.athensdiversclub.com\/es\/wp-json\/wp\/v2\/media?parent=4678"}],"curies":[{"name":"wp","href":"https:\/\/api.w.org\/{rel}","templated":true}]}}