{"id":4641,"date":"2018-01-09T13:48:45","date_gmt":"2018-01-09T11:48:45","guid":{"rendered":"http:\/\/www.athensdiversclub.com\/our-center\/"},"modified":"2018-05-05T10:38:26","modified_gmt":"2018-05-05T07:38:26","slug":"nuestro-club","status":"publish","type":"page","link":"https:\/\/www.athensdiversclub.com\/es\/nuestro-club\/","title":{"rendered":"NUESTRO CLUB"},"content":{"rendered":"<div class=\"wpb-content-wrapper\"><p>[vc_row content_width=\u00bbgrid\u00bb full_screen_section_height=\u00bbno\u00bb][vc_column][vc_empty_space height=\u00bb60px\u00bb]<div id=\"ultimate-heading-50269d8474f4fe5e\" class=\"uvc-heading ult-adjust-bottom-margin ultimate-heading-50269d8474f4fe5e uvc-5176 \" data-hspacer=\"no_spacer\"  data-halign=\"left\" style=\"text-align:left\"><div class=\"uvc-heading-spacer no_spacer\" style=\"top\"><\/div><div class=\"uvc-main-heading ult-responsive\"  data-ultimate-target='.uvc-heading.ultimate-heading-50269d8474f4fe5e h4'  data-responsive-json-new='{\"font-size\":\"\",\"line-height\":\"\"}' ><h4 style=\"font-weight:normal;margin-bottom:20px;\">\u00a1Somos la gente de Athens Divers Club!<\/h4><\/div><\/div><div id=\"ultimate-heading-629869d8474f4feaf\" class=\"uvc-heading ult-adjust-bottom-margin ultimate-heading-629869d8474f4feaf uvc-9539 \" data-hspacer=\"no_spacer\"  data-halign=\"left\" style=\"text-align:left\"><div class=\"uvc-heading-spacer no_spacer\" style=\"top\"><\/div><div class=\"uvc-main-heading ult-responsive\"  data-ultimate-target='.uvc-heading.ultimate-heading-629869d8474f4feaf h4'  data-responsive-json-new='{\"font-size\":\"\",\"line-height\":\"\"}' ><h4 style=\"font-weight:normal;margin-bottom:20px;\">\u00a1Nos encantar\u00eda ser tus compa\u00f1eros submarinos!<\/h4><\/div><\/div>[vc_column_text]Somos \u00e1vidos buceadores, muy bien entrenados y con mucha experiencia, y deseamos compartir contigo nuestra pasi\u00f3n por la exploraci\u00f3n del mar.<\/p>\n<p>Ofrecemos un servicio personalizado, equilibrado entre la seguridad y la diversi\u00f3n. Te prometemos una experiencia en el agua inolvidable.<\/p>\n<p>Compartimos contigo nuestra profunda adoraci\u00f3n por el Mar; te prometemos paz mental mezclada con pura emoci\u00f3n.<\/p>\n<p>Nuestro equipamiento es de vanguardia; nuestra lancha es r\u00e1pida, c\u00f3moda y espaciosa; nuestra ubicaci\u00f3n est\u00e1 en la playa, al lado de un bar y una t\u00edpica taberna griega, a unos 45 minutos en coche desde el centro de Atenas. Todo esto no har\u00e1 m\u00e1s que a\u00f1adir valor a tu experiencia subacu\u00e1tica.[\/vc_column_text]<div id=\"ultimate-heading-255669d8474f4fee9\" class=\"uvc-heading ult-adjust-bottom-margin ultimate-heading-255669d8474f4fee9 uvc-1037 \" data-hspacer=\"no_spacer\"  data-halign=\"left\" style=\"text-align:left\"><div class=\"uvc-heading-spacer no_spacer\" style=\"top\"><\/div><div class=\"uvc-main-heading ult-responsive\"  data-ultimate-target='.uvc-heading.ultimate-heading-255669d8474f4fee9 h4'  data-responsive-json-new='{\"font-size\":\"\",\"line-height\":\"\"}' ><h4 style=\"font-weight:normal;margin-top:20px;margin-bottom:20px;\">\u00a1Sum\u00e9rgete!<\/h4><\/div><\/div>[vc_empty_space height=\u00bb60px\u00bb][\/vc_column][\/vc_row][vc_row content_width=\u00bbgrid\u00bb full_screen_section_height=\u00bbno\u00bb][vc_column][vc_gallery type=\u00bbimage_grid\u00bb images=\u00bb4563,4560,4557,4551,4548,4545,4542,4539,4536,4524,4521,4500,4479,4491,4494,4482,4488,4518,4515,4512,4509,4506,4503,4497,4554,4533,4530,4527,4485&#8243; img_size=\u00bb400 x 300&#8243;][\/vc_column][\/vc_row]<\/p>\n<\/div>","protected":false},"excerpt":{"rendered":"<p>[vc_row content_width=\u00bbgrid\u00bb full_screen_section_height=\u00bbno\u00bb][vc_column][vc_empty_space height=\u00bb60px\u00bb][vc_column_text]Somos \u00e1vidos buceadores, muy bien entrenados y con mucha experiencia, y deseamos compartir contigo nuestra pasi\u00f3n por la exploraci\u00f3n del mar. Ofrecemos un servicio personalizado, equilibrado entre la seguridad y la diversi\u00f3n. Te prometemos una experiencia en el agua inolvidable. Compartimos contigo&#8230;<\/p>\n","protected":false},"author":1,"featured_media":0,"parent":0,"menu_order":0,"comment_status":"closed","ping_status":"closed","template":"full-width.php","meta":{"footnotes":""},"class_list":["post-4641","page","type-page","status-publish","hentry"],"yoast_head":"<!-- This site is optimized with the Yoast SEO plugin v27.0 - https:\/\/yoast.com\/product\/yoast-seo-wordpress\/ -->\n<title>NUESTRO CLUB - Athens Divers Club<\/title>\n<meta name=\"robots\" content=\"index, follow, max-snippet:-1, max-image-preview:large, max-video-preview:-1\" \/>\n<link rel=\"canonical\" href=\"https:\/\/www.athensdiversclub.com\/es\/nuestro-club\/\" \/>\n<meta property=\"og:locale\" content=\"es_ES\" \/>\n<meta property=\"og:type\" content=\"article\" \/>\n<meta property=\"og:title\" content=\"NUESTRO CLUB - Athens Divers Club\" \/>\n<meta property=\"og:description\" content=\"[vc_row content_width=\u00bbgrid\u00bb full_screen_section_height=\u00bbno\u00bb][vc_column][vc_empty_space height=\u00bb60px\u00bb][vc_column_text]Somos \u00e1vidos buceadores, muy bien entrenados y con mucha experiencia, y deseamos compartir contigo nuestra pasi\u00f3n por la exploraci\u00f3n del mar. Ofrecemos un servicio personalizado, equilibrado entre la seguridad y la diversi\u00f3n. Te prometemos una experiencia en el agua inolvidable. Compartimos contigo...\" \/>\n<meta property=\"og:url\" content=\"https:\/\/www.athensdiversclub.com\/es\/nuestro-club\/\" \/>\n<meta property=\"og:site_name\" content=\"Athens Divers Club\" \/>\n<meta property=\"article:publisher\" content=\"https:\/\/www.facebook.com\/athensdiversclub\/\" \/>\n<meta property=\"article:modified_time\" content=\"2018-05-05T07:38:26+00:00\" \/>\n<meta name=\"twitter:card\" content=\"summary_large_image\" \/>\n<meta name=\"twitter:site\" content=\"@AthensDivers\" \/>\n<meta name=\"twitter:label1\" content=\"Tiempo de lectura\" \/>\n\t<meta name=\"twitter:data1\" content=\"1 minuto\" \/>\n<script type=\"application\/ld+json\" class=\"yoast-schema-graph\">{\"@context\":\"https:\/\/schema.org\",\"@graph\":[{\"@type\":\"WebPage\",\"@id\":\"https:\/\/www.athensdiversclub.com\/es\/nuestro-club\/\",\"url\":\"https:\/\/www.athensdiversclub.com\/es\/nuestro-club\/\",\"name\":\"NUESTRO CLUB - Athens Divers Club\",\"isPartOf\":{\"@id\":\"https:\/\/www.athensdiversclub.com\/#website\"},\"datePublished\":\"2018-01-09T11:48:45+00:00\",\"dateModified\":\"2018-05-05T07:38:26+00:00\",\"breadcrumb\":{\"@id\":\"https:\/\/www.athensdiversclub.com\/es\/nuestro-club\/#breadcrumb\"},\"inLanguage\":\"es\",\"potentialAction\":[{\"@type\":\"ReadAction\",\"target\":[\"https:\/\/www.athensdiversclub.com\/es\/nuestro-club\/\"]}]},{\"@type\":\"BreadcrumbList\",\"@id\":\"https:\/\/www.athensdiversclub.com\/es\/nuestro-club\/#breadcrumb\",\"itemListElement\":[{\"@type\":\"ListItem\",\"position\":1,\"name\":\"Home\",\"item\":\"https:\/\/www.athensdiversclub.com\/es\/\"},{\"@type\":\"ListItem\",\"position\":2,\"name\":\"NUESTRO CLUB\"}]},{\"@type\":\"WebSite\",\"@id\":\"https:\/\/www.athensdiversclub.com\/#website\",\"url\":\"https:\/\/www.athensdiversclub.com\/\",\"name\":\"Athens Divers Club\",\"description\":\"\",\"potentialAction\":[{\"@type\":\"SearchAction\",\"target\":{\"@type\":\"EntryPoint\",\"urlTemplate\":\"https:\/\/www.athensdiversclub.com\/?s={search_term_string}\"},\"query-input\":{\"@type\":\"PropertyValueSpecification\",\"valueRequired\":true,\"valueName\":\"search_term_string\"}}],\"inLanguage\":\"es\"}]}<\/script>\n<!-- \/ Yoast SEO plugin. -->","yoast_head_json":{"title":"NUESTRO CLUB - Athens Divers Club","robots":{"index":"index","follow":"follow","max-snippet":"max-snippet:-1","max-image-preview":"max-image-preview:large","max-video-preview":"max-video-preview:-1"},"canonical":"https:\/\/www.athensdiversclub.com\/es\/nuestro-club\/","og_locale":"es_ES","og_type":"article","og_title":"NUESTRO CLUB - Athens Divers Club","og_description":"[vc_row content_width=\u00bbgrid\u00bb full_screen_section_height=\u00bbno\u00bb][vc_column][vc_empty_space height=\u00bb60px\u00bb][vc_column_text]Somos \u00e1vidos buceadores, muy bien entrenados y con mucha experiencia, y deseamos compartir contigo nuestra pasi\u00f3n por la exploraci\u00f3n del mar. Ofrecemos un servicio personalizado, equilibrado entre la seguridad y la diversi\u00f3n. Te prometemos una experiencia en el agua inolvidable. Compartimos contigo...","og_url":"https:\/\/www.athensdiversclub.com\/es\/nuestro-club\/","og_site_name":"Athens Divers Club","article_publisher":"https:\/\/www.facebook.com\/athensdiversclub\/","article_modified_time":"2018-05-05T07:38:26+00:00","twitter_card":"summary_large_image","twitter_site":"@AthensDivers","twitter_misc":{"Tiempo de lectura":"1 minuto"},"schema":{"@context":"https:\/\/schema.org","@graph":[{"@type":"WebPage","@id":"https:\/\/www.athensdiversclub.com\/es\/nuestro-club\/","url":"https:\/\/www.athensdiversclub.com\/es\/nuestro-club\/","name":"NUESTRO CLUB - Athens Divers Club","isPartOf":{"@id":"https:\/\/www.athensdiversclub.com\/#website"},"datePublished":"2018-01-09T11:48:45+00:00","dateModified":"2018-05-05T07:38:26+00:00","breadcrumb":{"@id":"https:\/\/www.athensdiversclub.com\/es\/nuestro-club\/#breadcrumb"},"inLanguage":"es","potentialAction":[{"@type":"ReadAction","target":["https:\/\/www.athensdiversclub.com\/es\/nuestro-club\/"]}]},{"@type":"BreadcrumbList","@id":"https:\/\/www.athensdiversclub.com\/es\/nuestro-club\/#breadcrumb","itemListElement":[{"@type":"ListItem","position":1,"name":"Home","item":"https:\/\/www.athensdiversclub.com\/es\/"},{"@type":"ListItem","position":2,"name":"NUESTRO CLUB"}]},{"@type":"WebSite","@id":"https:\/\/www.athensdiversclub.com\/#website","url":"https:\/\/www.athensdiversclub.com\/","name":"Athens Divers Club","description":"","potentialAction":[{"@type":"SearchAction","target":{"@type":"EntryPoint","urlTemplate":"https:\/\/www.athensdiversclub.com\/?s={search_term_string}"},"query-input":{"@type":"PropertyValueSpecification","valueRequired":true,"valueName":"search_term_string"}}],"inLanguage":"es"}]}},"_links":{"self":[{"href":"https:\/\/www.athensdiversclub.com\/es\/wp-json\/wp\/v2\/pages\/4641","targetHints":{"allow":["GET"]}}],"collection":[{"href":"https:\/\/www.athensdiversclub.com\/es\/wp-json\/wp\/v2\/pages"}],"about":[{"href":"https:\/\/www.athensdiversclub.com\/es\/wp-json\/wp\/v2\/types\/page"}],"author":[{"embeddable":true,"href":"https:\/\/www.athensdiversclub.com\/es\/wp-json\/wp\/v2\/users\/1"}],"replies":[{"embeddable":true,"href":"https:\/\/www.athensdiversclub.com\/es\/wp-json\/wp\/v2\/comments?post=4641"}],"version-history":[{"count":0,"href":"https:\/\/www.athensdiversclub.com\/es\/wp-json\/wp\/v2\/pages\/4641\/revisions"}],"wp:attachment":[{"href":"https:\/\/www.athensdiversclub.com\/es\/wp-json\/wp\/v2\/media?parent=4641"}],"curies":[{"name":"wp","href":"https:\/\/api.w.org\/{rel}","templated":true}]}}