{"id":7429,"date":"2021-01-16T12:38:49","date_gmt":"2021-01-16T10:38:49","guid":{"rendered":"https:\/\/www.athensdiversclub.com\/?page_id=7429"},"modified":"2021-02-09T12:27:50","modified_gmt":"2021-02-09T10:27:50","slug":"evereden-beach-resort","status":"publish","type":"page","link":"https:\/\/www.athensdiversclub.com\/de\/evereden-beach-resort\/","title":{"rendered":"EverEden Beach Resort"},"content":{"rendered":"<div class=\"wpb-content-wrapper\"><p>[vc_row full_screen_section_height=&#8220;no&#8220;][vc_column][vc_text_separator title=&#8220;Der EverEden-Strand wurde zwanzig Jahre in Folge mit der \u201eblauen Flagge\u201c ausgezeichnet &#8211; eine Auszeichnung, die die Sauberkeit des Meerwassers, der Dienstleistungen und der Einrichtungen des Strandes widerspiegelt.&#8220;]<div class=\"ult-spacer spacer-69d846f2d48ba\" data-id=\"69d846f2d48ba\" data-height=\"80\" data-height-mobile=\"80\" data-height-tab=\"80\" data-height-tab-portrait=\"\" data-height-mobile-landscape=\"\" style=\"clear:both;display:block;\"><\/div>[\/vc_column][\/vc_row][vc_row full_screen_section_height=&#8220;no&#8220;][vc_column]<div class=\"qodef-image-gallery\" style=\"height: 200px\">\n\t<div class=\"qodef-image-gallery-slider\" data-navigation=\"yes\" data-pagination=\"yes\">\n\t\t\t\t\t\t<a itemprop=\"image\" href=\"https:\/\/www.athensdiversclub.com\/wp-content\/uploads\/2021\/01\/BELVEDERE-2-scaled.jpg\" data-rel=\"prettyPhoto[single_pretty_photo]\" title=\"BELVEDERE (2)\">\n\t\t\t\n\t\t\t\n\t\t\t\t<img decoding=\"async\" class=\"qodef-image-gallery-defined-height\" style=\"height: 200px\" src=\"https:\/\/www.athensdiversclub.com\/wp-content\/uploads\/2021\/01\/BELVEDERE-2-scaled.jpg\" alt=\"BELVEDERE (2)\" \/>\n\n\t\t\t\n\t\t\t<\/a>\n\n\t\t\t\t\t\t<a itemprop=\"image\" href=\"https:\/\/www.athensdiversclub.com\/wp-content\/uploads\/2021\/01\/evereden20-0547-scaled.jpg\" data-rel=\"prettyPhoto[single_pretty_photo]\" title=\"evereden20-0547\">\n\t\t\t\n\t\t\t\n\t\t\t\t<img decoding=\"async\" class=\"qodef-image-gallery-defined-height\" style=\"height: 200px\" src=\"https:\/\/www.athensdiversclub.com\/wp-content\/uploads\/2021\/01\/evereden20-0547-scaled.jpg\" alt=\"evereden20-0547\" \/>\n\n\t\t\t\n\t\t\t<\/a>\n\n\t\t\t\t\t\t<a itemprop=\"image\" href=\"https:\/\/www.athensdiversclub.com\/wp-content\/uploads\/2021\/01\/evereden20-0444-scaled.jpg\" data-rel=\"prettyPhoto[single_pretty_photo]\" title=\"evereden20-0444\">\n\t\t\t\n\t\t\t\n\t\t\t\t<img decoding=\"async\" class=\"qodef-image-gallery-defined-height\" style=\"height: 200px\" src=\"https:\/\/www.athensdiversclub.com\/wp-content\/uploads\/2021\/01\/evereden20-0444-scaled.jpg\" alt=\"evereden20-0444\" \/>\n\n\t\t\t\n\t\t\t<\/a>\n\n\t\t\t<\/div>\n<\/div><div class=\"ult-spacer spacer-69d846f2d4e51\" data-id=\"69d846f2d4e51\" data-height=\"80\" data-height-mobile=\"80\" data-height-tab=\"80\" data-height-tab-portrait=\"\" data-height-mobile-landscape=\"\" style=\"clear:both;display:block;\"><\/div>[\/vc_column][\/vc_row][vc_row full_screen_section_height=&#8220;no&#8220;][vc_column][vc_column_text]<\/p>\n<p style=\"text-align: center;\">\u00dcbernachten Sie im EverEden Beach Resort und genie\u00dfen Sie erstklassige Gastfreundschaft in einer nat\u00fcrlichen Umgebung im Herzen der Riviera von Attika.<\/p>\n<p style=\"text-align: center;\">Bietet elegante 4+ Sterne Unterk\u00fcnfte inmitten eines 45 Hektar gro\u00dfen Grundst\u00fccks mit 350 Metern Strandlage; dass alle Garantien absolute Entspannung f\u00fcr diejenigen, die es neben endlosen Taucherlebnissen suchen.<\/p>\n<p style=\"text-align: center;\">&nbsp;<\/p>\n<p style=\"text-align: center;\"><strong>Hervorragende Angebote f\u00fcr unsere gesch\u00e4tzten G\u00e4ste<\/strong><br \/>\nVon unseren fantastischen Restaurants und Bars bis hin zu allen Aktivit\u00e4ten und Freizeiteinrichtungen ist f\u00fcr jeden etwas dabei.<\/p>\n<p>&nbsp;[\/vc_column_text][vc_column_text]<strong>Lage und nahe gelegene Sehensw\u00fcrdigkeiten<\/strong><\/p>\n<p>Der Strand liegt 100 m vom Hotel entfernt.<img loading=\"lazy\" decoding=\"async\" class=\"alignright size-thumbnail wp-image-7196\" src=\"https:\/\/www.athensdiversclub.com\/wp-content\/uploads\/2021\/01\/evereden20-0176-150x150.jpg\" alt=\"\" width=\"150\" height=\"150\" srcset=\"https:\/\/www.athensdiversclub.com\/wp-content\/uploads\/2021\/01\/evereden20-0176-150x150.jpg 150w, https:\/\/www.athensdiversclub.com\/wp-content\/uploads\/2021\/01\/evereden20-0176-550x550.jpg 550w, https:\/\/www.athensdiversclub.com\/wp-content\/uploads\/2021\/01\/evereden20-0176-485x485.jpg 485w, https:\/\/www.athensdiversclub.com\/wp-content\/uploads\/2021\/01\/evereden20-0176-1000x1000.jpg 1000w\" sizes=\"auto, (max-width: 150px) 100vw, 150px\" \/><br \/>\nStrandinformation: Blaues Flaggen-Qualit\u00e4tszeichen<br \/>\nEntfernung zum Flughafen Athen (ca.) 27 km,<br \/>\nZum Stadtzentrum von Saronida 2 km,<br \/>\nZur Bushaltestelle 1 Minute zu Fu\u00df,<br \/>\nZum Hafen von Lavrion 30 km<\/p>\n<p>&nbsp;<\/p>\n<p style=\"text-align: center;\">&nbsp;<\/p>\n<p>[\/vc_column_text][vc_column_text][\/vc_column_text][vc_column_text]<strong>Ausstattung und Ausstattung<\/strong><\/p>\n<p>Gesamtzahl der Zimmer \/ Wohneinheiten: 260<img loading=\"lazy\" decoding=\"async\" class=\"alignright size-thumbnail wp-image-7212\" src=\"https:\/\/www.athensdiversclub.com\/wp-content\/uploads\/2021\/01\/evereden20-0189-150x150.jpg\" alt=\"\" width=\"150\" height=\"150\" srcset=\"https:\/\/www.athensdiversclub.com\/wp-content\/uploads\/2021\/01\/evereden20-0189-150x150.jpg 150w, https:\/\/www.athensdiversclub.com\/wp-content\/uploads\/2021\/01\/evereden20-0189-550x550.jpg 550w, https:\/\/www.athensdiversclub.com\/wp-content\/uploads\/2021\/01\/evereden20-0189-485x485.jpg 485w, https:\/\/www.athensdiversclub.com\/wp-content\/uploads\/2021\/01\/evereden20-0189-1000x1000.jpg 1000w\" sizes=\"auto, (max-width: 150px) 100vw, 150px\" \/><br \/>\nLobby, Rezeption, 24 Stunden, Aufzug (e), WiFi (inklusive) im gesamten Geb\u00e4ude<br \/>\nGesamtzahl der Restaurants und Snack- \/ Cocktailbars: 4<br \/>\nArztberatung, W\u00e4sche- \/ B\u00fcgelservice,<br \/>\nAu\u00dfenanlagen \/ -ausr\u00fcstung: Garten; Au\u00dfenanlagen je nach Wetterbedingungen verf\u00fcgbar,<br \/>\nGesamtzahl der Schwimmb\u00e4der: 3 (S\u00fc\u00dfwasser, saisonal, je nach Wetterlage)<br \/>\nParkplatz: Erdgeschoss des Hotels: inklusive<br \/>\nKreditkarten: VISA, Mastercard, Amexco<br \/>\nKurtaxe (3 EUR pro Zimmer \/ Nacht)<\/p>\n<p style=\"text-align: center;\">&nbsp;<\/p>\n<p style=\"text-align: center;\"><a href=\"https:\/\/www.evereden.gr\/offers\/\">EVERDIVE EVERSCUBA-Pakete<\/a><\/p>\n<p style=\"text-align: center;\">&nbsp;<\/p>\n<p style=\"text-align: center;\">&nbsp;<\/p>\n<p style=\"text-align: center;\">&nbsp;<\/p>\n<p style=\"text-align: center;\">Weitere Informationen zu Zimmerkategorien; Bitte besuchen Sie den Link:<\/p>\n<p style=\"text-align: center;\"><a href=\"https:\/\/www.evereden.gr\/stay-athenian-riviera\/\">Unterkunft an der athenischen Riviera | Ever Eden Beach Resort Hotel<\/a><\/p>\n<p style=\"text-align: center;\">&nbsp;<\/p>\n<p style=\"text-align: center;\"><a href=\"https:\/\/evereden.reserve-online.net\/\"><strong>BUCHEN<\/strong><\/a><\/p>\n<p style=\"text-align: center;\">&nbsp;<\/p>\n<p>&nbsp;[\/vc_column_text][\/vc_column][\/vc_row]<\/p>\n<\/div>","protected":false},"excerpt":{"rendered":"<p>[vc_row full_screen_section_height=&#8220;no&#8220;][vc_column][vc_text_separator title=&#8220;Der EverEden-Strand wurde zwanzig Jahre in Folge mit der \u201eblauen Flagge\u201c ausgezeichnet &#8211; eine Auszeichnung, die die Sauberkeit des Meerwassers, der Dienstleistungen und der Einrichtungen des Strandes widerspiegelt.&#8220;][\/vc_column][\/vc_row][vc_row full_screen_section_height=&#8220;no&#8220;][vc_column][\/vc_column][\/vc_row][vc_row full_screen_section_height=&#8220;no&#8220;][vc_column][vc_column_text] \u00dcbernachten Sie im EverEden Beach Resort und genie\u00dfen Sie erstklassige Gastfreundschaft in einer&#8230;<\/p>\n","protected":false},"author":1,"featured_media":0,"parent":0,"menu_order":0,"comment_status":"closed","ping_status":"closed","template":"","meta":{"footnotes":""},"class_list":["post-7429","page","type-page","status-publish","hentry"],"yoast_head":"<!-- This site is optimized with the Yoast SEO plugin v27.0 - https:\/\/yoast.com\/product\/yoast-seo-wordpress\/ -->\n<title>EverEden Beach Resort - Athens Divers Club<\/title>\n<meta name=\"description\" content=\"\u00dcbernachten Sie im EverEden Beach Resort und genie\u00dfen Sie erstklassige Gastfreundschaft in einer nat\u00fcrlichen Umgebung im Herzen der Riviera von Attika.\" \/>\n<meta name=\"robots\" content=\"index, follow, max-snippet:-1, max-image-preview:large, max-video-preview:-1\" \/>\n<link rel=\"canonical\" href=\"https:\/\/www.athensdiversclub.com\/de\/evereden-beach-resort\/\" \/>\n<meta property=\"og:locale\" content=\"de_DE\" \/>\n<meta property=\"og:type\" content=\"article\" \/>\n<meta property=\"og:title\" content=\"EverEden Beach Resort - Athens Divers Club\" \/>\n<meta property=\"og:description\" content=\"\u00dcbernachten Sie im EverEden Beach Resort und genie\u00dfen Sie erstklassige Gastfreundschaft in einer nat\u00fcrlichen Umgebung im Herzen der Riviera von Attika.\" \/>\n<meta property=\"og:url\" content=\"https:\/\/www.athensdiversclub.com\/de\/evereden-beach-resort\/\" \/>\n<meta property=\"og:site_name\" content=\"Athens Divers Club\" \/>\n<meta property=\"article:publisher\" content=\"https:\/\/www.facebook.com\/athensdiversclub\/\" \/>\n<meta property=\"article:modified_time\" content=\"2021-02-09T10:27:50+00:00\" \/>\n<meta property=\"og:image\" content=\"https:\/\/www.athensdiversclub.com\/wp-content\/uploads\/2021\/01\/evereden20-0176-150x150.jpg\" \/>\n<meta name=\"twitter:card\" content=\"summary_large_image\" \/>\n<meta name=\"twitter:site\" content=\"@AthensDivers\" \/>\n<meta name=\"twitter:label1\" content=\"Gesch\u00e4tzte Lesezeit\" \/>\n\t<meta name=\"twitter:data1\" content=\"2\u00a0Minuten\" \/>\n<script type=\"application\/ld+json\" class=\"yoast-schema-graph\">{\"@context\":\"https:\/\/schema.org\",\"@graph\":[{\"@type\":\"WebPage\",\"@id\":\"https:\/\/www.athensdiversclub.com\/de\/evereden-beach-resort\/\",\"url\":\"https:\/\/www.athensdiversclub.com\/de\/evereden-beach-resort\/\",\"name\":\"EverEden Beach Resort - Athens Divers Club\",\"isPartOf\":{\"@id\":\"https:\/\/www.athensdiversclub.com\/#website\"},\"primaryImageOfPage\":{\"@id\":\"https:\/\/www.athensdiversclub.com\/de\/evereden-beach-resort\/#primaryimage\"},\"image\":{\"@id\":\"https:\/\/www.athensdiversclub.com\/de\/evereden-beach-resort\/#primaryimage\"},\"thumbnailUrl\":\"https:\/\/www.athensdiversclub.com\/wp-content\/uploads\/2021\/01\/evereden20-0176-150x150.jpg\",\"datePublished\":\"2021-01-16T10:38:49+00:00\",\"dateModified\":\"2021-02-09T10:27:50+00:00\",\"description\":\"\u00dcbernachten Sie im EverEden Beach Resort und genie\u00dfen Sie erstklassige Gastfreundschaft in einer nat\u00fcrlichen Umgebung im Herzen der Riviera von Attika.\",\"breadcrumb\":{\"@id\":\"https:\/\/www.athensdiversclub.com\/de\/evereden-beach-resort\/#breadcrumb\"},\"inLanguage\":\"de\",\"potentialAction\":[{\"@type\":\"ReadAction\",\"target\":[\"https:\/\/www.athensdiversclub.com\/de\/evereden-beach-resort\/\"]}]},{\"@type\":\"ImageObject\",\"inLanguage\":\"de\",\"@id\":\"https:\/\/www.athensdiversclub.com\/de\/evereden-beach-resort\/#primaryimage\",\"url\":\"https:\/\/www.athensdiversclub.com\/wp-content\/uploads\/2021\/01\/evereden20-0176-150x150.jpg\",\"contentUrl\":\"https:\/\/www.athensdiversclub.com\/wp-content\/uploads\/2021\/01\/evereden20-0176-150x150.jpg\"},{\"@type\":\"BreadcrumbList\",\"@id\":\"https:\/\/www.athensdiversclub.com\/de\/evereden-beach-resort\/#breadcrumb\",\"itemListElement\":[{\"@type\":\"ListItem\",\"position\":1,\"name\":\"Home\",\"item\":\"https:\/\/www.athensdiversclub.com\/de\/\"},{\"@type\":\"ListItem\",\"position\":2,\"name\":\"EverEden Beach Resort\"}]},{\"@type\":\"WebSite\",\"@id\":\"https:\/\/www.athensdiversclub.com\/#website\",\"url\":\"https:\/\/www.athensdiversclub.com\/\",\"name\":\"Athens Divers Club\",\"description\":\"\",\"potentialAction\":[{\"@type\":\"SearchAction\",\"target\":{\"@type\":\"EntryPoint\",\"urlTemplate\":\"https:\/\/www.athensdiversclub.com\/?s={search_term_string}\"},\"query-input\":{\"@type\":\"PropertyValueSpecification\",\"valueRequired\":true,\"valueName\":\"search_term_string\"}}],\"inLanguage\":\"de\"}]}<\/script>\n<!-- \/ Yoast SEO plugin. -->","yoast_head_json":{"title":"EverEden Beach Resort - Athens Divers Club","description":"\u00dcbernachten Sie im EverEden Beach Resort und genie\u00dfen Sie erstklassige Gastfreundschaft in einer nat\u00fcrlichen Umgebung im Herzen der Riviera von Attika.","robots":{"index":"index","follow":"follow","max-snippet":"max-snippet:-1","max-image-preview":"max-image-preview:large","max-video-preview":"max-video-preview:-1"},"canonical":"https:\/\/www.athensdiversclub.com\/de\/evereden-beach-resort\/","og_locale":"de_DE","og_type":"article","og_title":"EverEden Beach Resort - Athens Divers Club","og_description":"\u00dcbernachten Sie im EverEden Beach Resort und genie\u00dfen Sie erstklassige Gastfreundschaft in einer nat\u00fcrlichen Umgebung im Herzen der Riviera von Attika.","og_url":"https:\/\/www.athensdiversclub.com\/de\/evereden-beach-resort\/","og_site_name":"Athens Divers Club","article_publisher":"https:\/\/www.facebook.com\/athensdiversclub\/","article_modified_time":"2021-02-09T10:27:50+00:00","og_image":[{"url":"https:\/\/www.athensdiversclub.com\/wp-content\/uploads\/2021\/01\/evereden20-0176-150x150.jpg","type":"","width":"","height":""}],"twitter_card":"summary_large_image","twitter_site":"@AthensDivers","twitter_misc":{"Gesch\u00e4tzte Lesezeit":"2\u00a0Minuten"},"schema":{"@context":"https:\/\/schema.org","@graph":[{"@type":"WebPage","@id":"https:\/\/www.athensdiversclub.com\/de\/evereden-beach-resort\/","url":"https:\/\/www.athensdiversclub.com\/de\/evereden-beach-resort\/","name":"EverEden Beach Resort - Athens Divers Club","isPartOf":{"@id":"https:\/\/www.athensdiversclub.com\/#website"},"primaryImageOfPage":{"@id":"https:\/\/www.athensdiversclub.com\/de\/evereden-beach-resort\/#primaryimage"},"image":{"@id":"https:\/\/www.athensdiversclub.com\/de\/evereden-beach-resort\/#primaryimage"},"thumbnailUrl":"https:\/\/www.athensdiversclub.com\/wp-content\/uploads\/2021\/01\/evereden20-0176-150x150.jpg","datePublished":"2021-01-16T10:38:49+00:00","dateModified":"2021-02-09T10:27:50+00:00","description":"\u00dcbernachten Sie im EverEden Beach Resort und genie\u00dfen Sie erstklassige Gastfreundschaft in einer nat\u00fcrlichen Umgebung im Herzen der Riviera von Attika.","breadcrumb":{"@id":"https:\/\/www.athensdiversclub.com\/de\/evereden-beach-resort\/#breadcrumb"},"inLanguage":"de","potentialAction":[{"@type":"ReadAction","target":["https:\/\/www.athensdiversclub.com\/de\/evereden-beach-resort\/"]}]},{"@type":"ImageObject","inLanguage":"de","@id":"https:\/\/www.athensdiversclub.com\/de\/evereden-beach-resort\/#primaryimage","url":"https:\/\/www.athensdiversclub.com\/wp-content\/uploads\/2021\/01\/evereden20-0176-150x150.jpg","contentUrl":"https:\/\/www.athensdiversclub.com\/wp-content\/uploads\/2021\/01\/evereden20-0176-150x150.jpg"},{"@type":"BreadcrumbList","@id":"https:\/\/www.athensdiversclub.com\/de\/evereden-beach-resort\/#breadcrumb","itemListElement":[{"@type":"ListItem","position":1,"name":"Home","item":"https:\/\/www.athensdiversclub.com\/de\/"},{"@type":"ListItem","position":2,"name":"EverEden Beach Resort"}]},{"@type":"WebSite","@id":"https:\/\/www.athensdiversclub.com\/#website","url":"https:\/\/www.athensdiversclub.com\/","name":"Athens Divers Club","description":"","potentialAction":[{"@type":"SearchAction","target":{"@type":"EntryPoint","urlTemplate":"https:\/\/www.athensdiversclub.com\/?s={search_term_string}"},"query-input":{"@type":"PropertyValueSpecification","valueRequired":true,"valueName":"search_term_string"}}],"inLanguage":"de"}]}},"_links":{"self":[{"href":"https:\/\/www.athensdiversclub.com\/de\/wp-json\/wp\/v2\/pages\/7429","targetHints":{"allow":["GET"]}}],"collection":[{"href":"https:\/\/www.athensdiversclub.com\/de\/wp-json\/wp\/v2\/pages"}],"about":[{"href":"https:\/\/www.athensdiversclub.com\/de\/wp-json\/wp\/v2\/types\/page"}],"author":[{"embeddable":true,"href":"https:\/\/www.athensdiversclub.com\/de\/wp-json\/wp\/v2\/users\/1"}],"replies":[{"embeddable":true,"href":"https:\/\/www.athensdiversclub.com\/de\/wp-json\/wp\/v2\/comments?post=7429"}],"version-history":[{"count":0,"href":"https:\/\/www.athensdiversclub.com\/de\/wp-json\/wp\/v2\/pages\/7429\/revisions"}],"wp:attachment":[{"href":"https:\/\/www.athensdiversclub.com\/de\/wp-json\/wp\/v2\/media?parent=7429"}],"curies":[{"name":"wp","href":"https:\/\/api.w.org\/{rel}","templated":true}]}}