{"id":5597,"date":"2018-07-11T12:11:30","date_gmt":"2018-07-11T09:11:30","guid":{"rendered":"https:\/\/www.athensdiversclub.com\/?page_id=5597"},"modified":"2021-01-19T20:46:16","modified_gmt":"2021-01-19T18:46:16","slug":"tauchgaenge-fuer-brevetierte-taucher","status":"publish","type":"page","link":"https:\/\/www.athensdiversclub.com\/de\/tauchgaenge-fuer-brevetierte-taucher\/","title":{"rendered":"Tauchg\u00e4nge f\u00fcr brevetierte Taucher"},"content":{"rendered":"<div class=\"wpb-content-wrapper\"><p>[vc_row full_screen_section_height=&#8220;no&#8220; css=&#8220;.vc_custom_1484036404712{padding-top: 30px !important;padding-bottom: 30px !important;}&#8220;][vc_column][vc_text_separator title=&#8220;Ziel der Fun Dives ist es unseren TaucherInnen ein einzigartiges Erlebnis in vielz\u00e4hligen Tauchspots zu bieten und das unter den sichersten Tauchbedingungen.&#8220;][\/vc_column][\/vc_row][vc_row content_width=&#8220;grid&#8220; full_screen_section_height=&#8220;no&#8220; css=&#8220;.vc_custom_1485513660893{padding-top: 30px !important;padding-bottom: 30px !important;background-color: #fbfbfb !important;}&#8220;][vc_column offset=&#8220;vc_col-lg-5 vc_col-md-5&#8243;][vc_single_image image=&#8220;7623&#8243; img_size=&#8220;medium&#8220; alignment=&#8220;center&#8220; onclick=&#8220;link_image&#8220; css=&#8220;.vc_custom_1611081778127{padding-bottom: 20px !important;}&#8220;]<div class=\"qodef-separator-holder clearfix  qodef-separator-center\">\n\t<div class=\"qodef-separator\" ><\/div>\n<\/div>\n[vc_single_image image=&#8220;6198&#8243; img_size=&#8220;medium&#8220; alignment=&#8220;center&#8220; onclick=&#8220;link_image&#8220; css=&#8220;.vc_custom_1611081819540{padding-bottom: 20px !important;}&#8220;]<div class=\"qodef-separator-holder clearfix  qodef-separator-center\">\n\t<div class=\"qodef-separator\" ><\/div>\n<\/div>\n[vc_single_image image=&#8220;7681&#8243; img_size=&#8220;medium&#8220; alignment=&#8220;center&#8220; onclick=&#8220;link_image&#8220; css=&#8220;.vc_custom_1611081916814{padding-bottom: 20px !important;}&#8220;]<div class=\"qodef-separator-holder clearfix  qodef-separator-center\">\n\t<div class=\"qodef-separator\" ><\/div>\n<\/div>\n[vc_single_image image=&#8220;7662&#8243; img_size=&#8220;medium&#8220; alignment=&#8220;center&#8220; onclick=&#8220;link_image&#8220; css=&#8220;.vc_custom_1611081970538{padding-bottom: 20px !important;}&#8220;][\/vc_column][vc_column offset=&#8220;vc_col-lg-7 vc_col-md-7&#8243;][vc_column_text]Um das sicherzustellen, gehen wir in kleinen Gruppen tauchen, d.h. maximal 4 Taucher pro Divemaster oder Tauchlehrer.<\/p>\n<p>Dive Leader<\/p>\n<p>Wir stellen einen Tauch-Leader aus unserem professionellen, internationalen Team zur Verf\u00fcgung, um sicherzustellen, dass alle \u201eFun Dives\u201c unter den h\u00f6chsten Sicherheitsstandards durchgef\u00fchrt werden.<\/p>\n<p>Falls du alleine zu uns kommst, werden wir, abh\u00e4ngig von deinem Ausbildungsniveau, deiner Taucherfahrung und deinem Wohlbefinden im Wasser auch einen Tauchbuddy f\u00fcr dich finden.<\/p>\n<p>Tauchpl\u00e4tze<\/p>\n<p>Wir wechseln die Tauchsites je nach M\u00f6glichkeit ab, so dass insbesondere jene Taucher, die mehrere Tauchg\u00e4nge bei uns gebucht haben, einen pers\u00f6nlichen Service erhalten, der ihren Taucherfahrung und -vorlieben entspricht.<\/p>\n<p><strong>Hast du einen besonderen Tauchplatz ins Auge gefasst? Dann sag uns Bescheid und wir bem\u00fchen uns dich dahin zu bringen!<\/strong><\/p>\n<p>Das Athens Divers Club Team taucht seit Jahren in diesen Gew\u00e4ssern. Unsere erfahrenen Dive Masters und Tauchlehrer kennen die Tauchpl\u00e4tze, -bedingungen und das Unterwasserleben.<\/p>\n<p>Tauchprogramm f\u00fcr Fun Dives<\/p>\n<p>Wir haben auch Tauchg\u00e4nge an gesch\u00fctzten, sandigen Buchten, die die perfekte Tiefe f\u00fcr Tauchanf\u00e4nger bieten.<\/p>\n<p>Unsere Boote gehen generell 2- bis 3-mal pro Tag hinaus.<\/p>\n<p>Der Ausflug morgens &#8211; f\u00fcr jeweils zwei Tauchg\u00e4nge &#8211; startet um 10:00 Uhr. Zwischen dem ersten und zweiten Tauchgang kehren wir schnell &#8211; um ca. 12:00 Uhr &#8211; zur\u00fcck um Sp\u00e4taufsteher abzuholen.<\/p>\n<p>Der Ausflug nachmittags dauert von ca. 15:00 Uhr bis ca. 17:00 Uhr.<\/p>\n<p>Alle Tauchg\u00e4nge finden an unterschiedlichen Orten statt, am weitesten entfernt ist derTauchgang morgens.<\/p>\n<p>Unsere Gew\u00e4sser bieten weitreichende Sicht und minimale Str\u00f6mungen.<\/p>\n<p>Weitere Informationen<\/p>\n<p>Kontaktiere uns, wenn du mehr zu den Taucherpl\u00e4tzen erfahren m\u00f6chtest oder andere Fragen zu unseren Tauchausfl\u00fcgen hast.<\/p>\n<p>&nbsp;<\/p>\n<p>&nbsp;<\/p>\n<p>&nbsp;<\/p>\n<p>&nbsp;[\/vc_column_text]<div id=\"modal-trg-txt-wrap-3802\" class=\"ult-modal-input-wrapper ult-adjust-bottom-margin lets-go-diving qodef-btn qodef-btn-medium qodef-btn-outline qodef-btn-custom-hover-bg qodef-btn-custom-border-hover   \" data-keypress-control=\"keypress-control-enable\" data-overlay-control=\"overlay-control-enable\"><button  data-ultimate-target='#modal-trg-txt-wrap-3802 .btn-modal'  data-responsive-json-new='{\"font-size\":\"desktop:22px;\",\"line-height\":\"desktop:22px;\"}'  style=\"background:rgba(0,0,0,0.01);border-color:rgba(0,0,0,0.01);color:#2e9298; \" data-class-id=\"content-69d8471b58f9f2-06314483\" class=\"btn-modal ult-responsive btn-primary btn-modal-lg overlay-show ult-align-center btn-id-69d8471b58f9f2-06314483\" data-overlay-class=\"overlay-zoomin\">More information on Fun Dives<\/button><\/div>\n<div class=\"ult-overlay content-69d8471b58f9f2-06314483 \" data-class=\"content-69d8471b58f9f2-06314483\" id=\"button-click-overlay\" style=\"background:rgba(51,51,51,0.8); display:none;\">\n\t<div class=\"ult_modal ult-fade ult-container\">\n\t\t<div id=\"ult-modal-wrap-6798\" class=\"ult_modal-content ult-hide\" style=\"border-style:solid;border-width:2px;border-radius:0px;border-color:#333333;\">\n\t\t\t<div class=\"ult_modal-header\" style=\"color:#333333;border-color:#333333;\">\n\t\t\t\t<h3  data-ultimate-target='#ult-modal-wrap-6798 .ult_modal-title'  data-responsive-json-new='{\"font-size\":\"\",\"line-height\":\"\"}'  class=\"ult_modal-title ult-responsive\">Weitere Informationen:<\/h3>\n\t\t\t<\/div>\n\t\t\t<div  data-ultimate-target='#ult-modal-wrap-6798 .ult_modal-body'  data-responsive-json-new='{\"font-size\":\"\",\"line-height\":\"\"}'  class=\"ult_modal-body ult-responsive ult-html\" style=\"\">\n\t\t\t\n<div class=\"wpcf7 no-js\" id=\"wpcf7-f27-o1\" lang=\"en-US\" dir=\"ltr\" data-wpcf7-id=\"27\">\n<div class=\"screen-reader-response\"><p role=\"status\" aria-live=\"polite\" aria-atomic=\"true\"><\/p> <ul><\/ul><\/div>\n<form action=\"\/de\/wp-json\/wp\/v2\/pages\/5597#wpcf7-f27-o1\" method=\"post\" class=\"wpcf7-form init\" aria-label=\"Contact form\" novalidate=\"novalidate\" data-status=\"init\">\n<fieldset class=\"hidden-fields-container\"><input type=\"hidden\" name=\"_wpcf7\" value=\"27\" \/><input type=\"hidden\" name=\"_wpcf7_version\" value=\"6.1.5\" \/><input type=\"hidden\" name=\"_wpcf7_locale\" value=\"en_US\" \/><input type=\"hidden\" name=\"_wpcf7_unit_tag\" value=\"wpcf7-f27-o1\" \/><input type=\"hidden\" name=\"_wpcf7_container_post\" value=\"0\" \/><input type=\"hidden\" name=\"_wpcf7_posted_data_hash\" value=\"\" \/>\n<\/fieldset>\n<p><label> Your Name (required)<br \/>\n<span class=\"wpcf7-form-control-wrap\" data-name=\"your-name\"><input size=\"40\" maxlength=\"400\" class=\"wpcf7-form-control wpcf7-text wpcf7-validates-as-required\" aria-required=\"true\" aria-invalid=\"false\" value=\"\" type=\"text\" name=\"your-name\" \/><\/span> <\/label>\n<\/p>\n<p><label> Your Email (required)<br \/>\n<span class=\"wpcf7-form-control-wrap\" data-name=\"your-email\"><input size=\"40\" maxlength=\"400\" class=\"wpcf7-form-control wpcf7-email wpcf7-validates-as-required wpcf7-text wpcf7-validates-as-email\" aria-required=\"true\" aria-invalid=\"false\" value=\"\" type=\"email\" name=\"your-email\" \/><\/span> <\/label>\n<\/p>\n<p><label> Subject<br \/>\n<span class=\"wpcf7-form-control-wrap\" data-name=\"your-subject\"><input size=\"40\" maxlength=\"400\" class=\"wpcf7-form-control wpcf7-text\" aria-invalid=\"false\" value=\"\" type=\"text\" name=\"your-subject\" \/><\/span> <\/label>\n<\/p>\n<p><label> Your Message<br \/>\n<span class=\"wpcf7-form-control-wrap\" data-name=\"your-message\"><textarea cols=\"40\" rows=\"10\" maxlength=\"2000\" class=\"wpcf7-form-control wpcf7-textarea\" aria-invalid=\"false\" name=\"your-message\"><\/textarea><\/span> <\/label>\n<\/p>\n<p>[wpgdprc \"By using this form you agree with the storage and handling of your data by this website.\"]\n<\/p>\n<p><input class=\"wpcf7-form-control wpcf7-submit has-spinner\" type=\"submit\" value=\"Send\" \/>\n<\/p><p style=\"display: none !important;\" class=\"akismet-fields-container\" data-prefix=\"_wpcf7_ak_\"><label>&#916;<textarea name=\"_wpcf7_ak_hp_textarea\" cols=\"45\" rows=\"8\" maxlength=\"100\"><\/textarea><\/label><input type=\"hidden\" id=\"ak_js_1\" name=\"_wpcf7_ak_js\" value=\"125\"\/><script>document.getElementById( \"ak_js_1\" ).setAttribute( \"value\", ( new Date() ).getTime() );<\/script><\/p><div class=\"wpcf7-response-output\" aria-hidden=\"true\"><\/div>\n<\/form>\n<\/div>\n\n\t\t\t<\/div>\n\t<\/div>\n\t<\/div>\n\t<div class=\"ult-overlay-close top-right\" style=\"width:80px;height:80px; \"><div class=\"ult-overlay-close-inside\">Close<\/div><\/div>\n<\/div>[\/vc_column][\/vc_row]<\/p>\n<\/div>","protected":false},"excerpt":{"rendered":"<p>[vc_row full_screen_section_height=&#8220;no&#8220; css=&#8220;.vc_custom_1484036404712{padding-top: 30px !important;padding-bottom: 30px !important;}&#8220;][vc_column][vc_text_separator title=&#8220;Ziel der Fun Dives ist es unseren TaucherInnen ein einzigartiges Erlebnis in vielz\u00e4hligen Tauchspots zu bieten und das unter den sichersten Tauchbedingungen.&#8220;][\/vc_column][\/vc_row][vc_row content_width=&#8220;grid&#8220; full_screen_section_height=&#8220;no&#8220; css=&#8220;.vc_custom_1485513660893{padding-top: 30px !important;padding-bottom: 30px !important;background-color: #fbfbfb !important;}&#8220;][vc_column offset=&#8220;vc_col-lg-5 vc_col-md-5&#8243;][vc_single_image image=&#8220;7623&#8243; img_size=&#8220;medium&#8220; alignment=&#8220;center&#8220; onclick=&#8220;link_image&#8220; css=&#8220;.vc_custom_1611081778127{padding-bottom:&#8230;<\/p>\n","protected":false},"author":7,"featured_media":7509,"parent":0,"menu_order":0,"comment_status":"closed","ping_status":"closed","template":"","meta":{"footnotes":""},"class_list":["post-5597","page","type-page","status-publish","has-post-thumbnail","hentry"],"yoast_head":"<!-- This site is optimized with the Yoast SEO plugin v27.0 - https:\/\/yoast.com\/product\/yoast-seo-wordpress\/ -->\n<title>Tauchg\u00e4nge f\u00fcr brevetierte Taucher - Athens Divers Club<\/title>\n<meta name=\"description\" content=\"Wir stellen einen Tauch-Leader aus unserem professionellen, internationalen Team zur Verf\u00fcgung, um sicherzustellen, dass alle \u201eFun Dives\u201c unter den h\u00f6chsten Sicherheitsstandards durchgef\u00fchrt werden.\" \/>\n<meta name=\"robots\" content=\"index, follow, max-snippet:-1, max-image-preview:large, max-video-preview:-1\" \/>\n<link rel=\"canonical\" href=\"https:\/\/www.athensdiversclub.com\/de\/tauchgaenge-fuer-brevetierte-taucher\/\" \/>\n<meta property=\"og:locale\" content=\"de_DE\" \/>\n<meta property=\"og:type\" content=\"article\" \/>\n<meta property=\"og:title\" content=\"Tauchg\u00e4nge f\u00fcr brevetierte Taucher - Athens Divers Club\" \/>\n<meta property=\"og:description\" content=\"Wir stellen einen Tauch-Leader aus unserem professionellen, internationalen Team zur Verf\u00fcgung, um sicherzustellen, dass alle \u201eFun Dives\u201c unter den h\u00f6chsten Sicherheitsstandards durchgef\u00fchrt werden.\" \/>\n<meta property=\"og:url\" content=\"https:\/\/www.athensdiversclub.com\/de\/tauchgaenge-fuer-brevetierte-taucher\/\" \/>\n<meta property=\"og:site_name\" content=\"Athens Divers Club\" \/>\n<meta property=\"article:publisher\" content=\"https:\/\/www.facebook.com\/athensdiversclub\/\" \/>\n<meta property=\"article:modified_time\" content=\"2021-01-19T18:46:16+00:00\" \/>\n<meta property=\"og:image\" content=\"https:\/\/www.athensdiversclub.com\/wp-content\/uploads\/2021\/01\/GOPR0172.jpg\" \/>\n\t<meta property=\"og:image:width\" content=\"2560\" \/>\n\t<meta property=\"og:image:height\" content=\"1776\" \/>\n\t<meta property=\"og:image:type\" content=\"image\/jpeg\" \/>\n<meta name=\"twitter:card\" content=\"summary_large_image\" \/>\n<meta name=\"twitter:site\" content=\"@AthensDivers\" \/>\n<meta name=\"twitter:label1\" content=\"Gesch\u00e4tzte Lesezeit\" \/>\n\t<meta name=\"twitter:data1\" content=\"2\u00a0Minuten\" \/>\n<script type=\"application\/ld+json\" class=\"yoast-schema-graph\">{\"@context\":\"https:\/\/schema.org\",\"@graph\":[{\"@type\":\"WebPage\",\"@id\":\"https:\/\/www.athensdiversclub.com\/de\/tauchgaenge-fuer-brevetierte-taucher\/\",\"url\":\"https:\/\/www.athensdiversclub.com\/de\/tauchgaenge-fuer-brevetierte-taucher\/\",\"name\":\"Tauchg\u00e4nge f\u00fcr brevetierte Taucher - Athens Divers Club\",\"isPartOf\":{\"@id\":\"https:\/\/www.athensdiversclub.com\/#website\"},\"primaryImageOfPage\":{\"@id\":\"https:\/\/www.athensdiversclub.com\/de\/tauchgaenge-fuer-brevetierte-taucher\/#primaryimage\"},\"image\":{\"@id\":\"https:\/\/www.athensdiversclub.com\/de\/tauchgaenge-fuer-brevetierte-taucher\/#primaryimage\"},\"thumbnailUrl\":\"https:\/\/www.athensdiversclub.com\/wp-content\/uploads\/2021\/01\/GOPR0172.jpg\",\"datePublished\":\"2018-07-11T09:11:30+00:00\",\"dateModified\":\"2021-01-19T18:46:16+00:00\",\"description\":\"Wir stellen einen Tauch-Leader aus unserem professionellen, internationalen Team zur Verf\u00fcgung, um sicherzustellen, dass alle \u201eFun Dives\u201c unter den h\u00f6chsten Sicherheitsstandards durchgef\u00fchrt werden.\",\"breadcrumb\":{\"@id\":\"https:\/\/www.athensdiversclub.com\/de\/tauchgaenge-fuer-brevetierte-taucher\/#breadcrumb\"},\"inLanguage\":\"de\",\"potentialAction\":[{\"@type\":\"ReadAction\",\"target\":[\"https:\/\/www.athensdiversclub.com\/de\/tauchgaenge-fuer-brevetierte-taucher\/\"]}]},{\"@type\":\"ImageObject\",\"inLanguage\":\"de\",\"@id\":\"https:\/\/www.athensdiversclub.com\/de\/tauchgaenge-fuer-brevetierte-taucher\/#primaryimage\",\"url\":\"https:\/\/www.athensdiversclub.com\/wp-content\/uploads\/2021\/01\/GOPR0172.jpg\",\"contentUrl\":\"https:\/\/www.athensdiversclub.com\/wp-content\/uploads\/2021\/01\/GOPR0172.jpg\",\"width\":2560,\"height\":1776,\"caption\":\"DCIM100GOPROGOPR0172.\"},{\"@type\":\"BreadcrumbList\",\"@id\":\"https:\/\/www.athensdiversclub.com\/de\/tauchgaenge-fuer-brevetierte-taucher\/#breadcrumb\",\"itemListElement\":[{\"@type\":\"ListItem\",\"position\":1,\"name\":\"Home\",\"item\":\"https:\/\/www.athensdiversclub.com\/de\/\"},{\"@type\":\"ListItem\",\"position\":2,\"name\":\"Tauchg\u00e4nge f\u00fcr brevetierte Taucher\"}]},{\"@type\":\"WebSite\",\"@id\":\"https:\/\/www.athensdiversclub.com\/#website\",\"url\":\"https:\/\/www.athensdiversclub.com\/\",\"name\":\"Athens Divers Club\",\"description\":\"\",\"potentialAction\":[{\"@type\":\"SearchAction\",\"target\":{\"@type\":\"EntryPoint\",\"urlTemplate\":\"https:\/\/www.athensdiversclub.com\/?s={search_term_string}\"},\"query-input\":{\"@type\":\"PropertyValueSpecification\",\"valueRequired\":true,\"valueName\":\"search_term_string\"}}],\"inLanguage\":\"de\"}]}<\/script>\n<!-- \/ Yoast SEO plugin. -->","yoast_head_json":{"title":"Tauchg\u00e4nge f\u00fcr brevetierte Taucher - Athens Divers Club","description":"Wir stellen einen Tauch-Leader aus unserem professionellen, internationalen Team zur Verf\u00fcgung, um sicherzustellen, dass alle \u201eFun Dives\u201c unter den h\u00f6chsten Sicherheitsstandards durchgef\u00fchrt werden.","robots":{"index":"index","follow":"follow","max-snippet":"max-snippet:-1","max-image-preview":"max-image-preview:large","max-video-preview":"max-video-preview:-1"},"canonical":"https:\/\/www.athensdiversclub.com\/de\/tauchgaenge-fuer-brevetierte-taucher\/","og_locale":"de_DE","og_type":"article","og_title":"Tauchg\u00e4nge f\u00fcr brevetierte Taucher - Athens Divers Club","og_description":"Wir stellen einen Tauch-Leader aus unserem professionellen, internationalen Team zur Verf\u00fcgung, um sicherzustellen, dass alle \u201eFun Dives\u201c unter den h\u00f6chsten Sicherheitsstandards durchgef\u00fchrt werden.","og_url":"https:\/\/www.athensdiversclub.com\/de\/tauchgaenge-fuer-brevetierte-taucher\/","og_site_name":"Athens Divers Club","article_publisher":"https:\/\/www.facebook.com\/athensdiversclub\/","article_modified_time":"2021-01-19T18:46:16+00:00","og_image":[{"width":2560,"height":1776,"url":"https:\/\/www.athensdiversclub.com\/wp-content\/uploads\/2021\/01\/GOPR0172.jpg","type":"image\/jpeg"}],"twitter_card":"summary_large_image","twitter_site":"@AthensDivers","twitter_misc":{"Gesch\u00e4tzte Lesezeit":"2\u00a0Minuten"},"schema":{"@context":"https:\/\/schema.org","@graph":[{"@type":"WebPage","@id":"https:\/\/www.athensdiversclub.com\/de\/tauchgaenge-fuer-brevetierte-taucher\/","url":"https:\/\/www.athensdiversclub.com\/de\/tauchgaenge-fuer-brevetierte-taucher\/","name":"Tauchg\u00e4nge f\u00fcr brevetierte Taucher - Athens Divers Club","isPartOf":{"@id":"https:\/\/www.athensdiversclub.com\/#website"},"primaryImageOfPage":{"@id":"https:\/\/www.athensdiversclub.com\/de\/tauchgaenge-fuer-brevetierte-taucher\/#primaryimage"},"image":{"@id":"https:\/\/www.athensdiversclub.com\/de\/tauchgaenge-fuer-brevetierte-taucher\/#primaryimage"},"thumbnailUrl":"https:\/\/www.athensdiversclub.com\/wp-content\/uploads\/2021\/01\/GOPR0172.jpg","datePublished":"2018-07-11T09:11:30+00:00","dateModified":"2021-01-19T18:46:16+00:00","description":"Wir stellen einen Tauch-Leader aus unserem professionellen, internationalen Team zur Verf\u00fcgung, um sicherzustellen, dass alle \u201eFun Dives\u201c unter den h\u00f6chsten Sicherheitsstandards durchgef\u00fchrt werden.","breadcrumb":{"@id":"https:\/\/www.athensdiversclub.com\/de\/tauchgaenge-fuer-brevetierte-taucher\/#breadcrumb"},"inLanguage":"de","potentialAction":[{"@type":"ReadAction","target":["https:\/\/www.athensdiversclub.com\/de\/tauchgaenge-fuer-brevetierte-taucher\/"]}]},{"@type":"ImageObject","inLanguage":"de","@id":"https:\/\/www.athensdiversclub.com\/de\/tauchgaenge-fuer-brevetierte-taucher\/#primaryimage","url":"https:\/\/www.athensdiversclub.com\/wp-content\/uploads\/2021\/01\/GOPR0172.jpg","contentUrl":"https:\/\/www.athensdiversclub.com\/wp-content\/uploads\/2021\/01\/GOPR0172.jpg","width":2560,"height":1776,"caption":"DCIM100GOPROGOPR0172."},{"@type":"BreadcrumbList","@id":"https:\/\/www.athensdiversclub.com\/de\/tauchgaenge-fuer-brevetierte-taucher\/#breadcrumb","itemListElement":[{"@type":"ListItem","position":1,"name":"Home","item":"https:\/\/www.athensdiversclub.com\/de\/"},{"@type":"ListItem","position":2,"name":"Tauchg\u00e4nge f\u00fcr brevetierte Taucher"}]},{"@type":"WebSite","@id":"https:\/\/www.athensdiversclub.com\/#website","url":"https:\/\/www.athensdiversclub.com\/","name":"Athens Divers Club","description":"","potentialAction":[{"@type":"SearchAction","target":{"@type":"EntryPoint","urlTemplate":"https:\/\/www.athensdiversclub.com\/?s={search_term_string}"},"query-input":{"@type":"PropertyValueSpecification","valueRequired":true,"valueName":"search_term_string"}}],"inLanguage":"de"}]}},"_links":{"self":[{"href":"https:\/\/www.athensdiversclub.com\/de\/wp-json\/wp\/v2\/pages\/5597","targetHints":{"allow":["GET"]}}],"collection":[{"href":"https:\/\/www.athensdiversclub.com\/de\/wp-json\/wp\/v2\/pages"}],"about":[{"href":"https:\/\/www.athensdiversclub.com\/de\/wp-json\/wp\/v2\/types\/page"}],"author":[{"embeddable":true,"href":"https:\/\/www.athensdiversclub.com\/de\/wp-json\/wp\/v2\/users\/7"}],"replies":[{"embeddable":true,"href":"https:\/\/www.athensdiversclub.com\/de\/wp-json\/wp\/v2\/comments?post=5597"}],"version-history":[{"count":0,"href":"https:\/\/www.athensdiversclub.com\/de\/wp-json\/wp\/v2\/pages\/5597\/revisions"}],"wp:featuredmedia":[{"embeddable":true,"href":"https:\/\/www.athensdiversclub.com\/de\/wp-json\/wp\/v2\/media\/7509"}],"wp:attachment":[{"href":"https:\/\/www.athensdiversclub.com\/de\/wp-json\/wp\/v2\/media?parent=5597"}],"curies":[{"name":"wp","href":"https:\/\/api.w.org\/{rel}","templated":true}]}}