{"id":5585,"date":"2018-07-11T11:58:02","date_gmt":"2018-07-11T08:58:02","guid":{"rendered":"https:\/\/www.athensdiversclub.com\/?page_id=5585"},"modified":"2021-01-15T16:08:25","modified_gmt":"2021-01-15T14:08:25","slug":"das-team","status":"publish","type":"page","link":"https:\/\/www.athensdiversclub.com\/de\/das-team\/","title":{"rendered":"Unser Team"},"content":{"rendered":"<div class=\"wpb-content-wrapper\"><p>[vc_row content_width=&#8220;grid&#8220; full_screen_section_height=&#8220;no&#8220;][vc_column][vc_empty_space height=&#8220;60px&#8220;][vc_column_text]<\/p>\n<h2>Petros<\/h2>\n<p><img loading=\"lazy\" decoding=\"async\" class=\"wp-image-6967 size-medium alignleft\" style=\"margin-top: 10px; margin-right: 20px; margin-bottom: 20px;\" src=\"https:\/\/www.athensdiversclub.com\/wp-content\/uploads\/2020\/12\/39400767_10213881781291874_3186722745580781568_n-300x262.jpg\" alt=\"\" width=\"300\" height=\"262\" srcset=\"https:\/\/www.athensdiversclub.com\/wp-content\/uploads\/2020\/12\/39400767_10213881781291874_3186722745580781568_n-300x262.jpg 300w, https:\/\/www.athensdiversclub.com\/wp-content\/uploads\/2020\/12\/39400767_10213881781291874_3186722745580781568_n.jpg 489w\" sizes=\"auto, (max-width: 300px) 100vw, 300px\" \/><\/p>\n<p>Schon als Kind bin ich gerne in die \u201cTiefe\u201d herabgetaucht und hielt mich an jedem Felsen fest, den ich nur finden konnte, solange ich es konnte, fasziniert von der Sch\u00f6nheit der Meere. Ich musste unbedingt tief unten sein!<\/p>\n<p>Mit der Zeit kam meine zweite Leidenschaft \u2013 die Geschichte \u2013 hinzu. Das Resultat war mein erstes Tauchzertifikat, das ich vor ca. 20 Jahren erhielt.<\/p>\n<p>Tauchen bedeutet f\u00fcr mich Freiheit! Beim Tauchen betrete ich eine Zeitkapsel, die mir Entdeckungen erm\u00f6glicht und mir die Chance gibt, die Geschichten dahinter zu erz\u00e4hlen. Ihre Geschichten. Die Geschichten von langvergessenen K\u00e4mpfen und verlorenem Leben.<\/p>\n<p>Nachdem ich meine Ausbildung im Bereich Finanzen und Buchhaltung abgeschlossen habe, habe ich fast zwanzig Jahre lang in England und Griechenland in der Branche gearbeitet.<\/p>\n<p>W\u00e4hrend dieser Zeit kehrte ich immer wieder ins Meer zur\u00fcck um Energie zu tanken und Halt zu finden.<\/p>\n<p>Schlussendlich siegte meine Leidenschaft und ich verwirklichte meinen Traum mit dem Athen Divers Club!<\/p>\n<p>Bis bald&#8230;tief unten!![\/vc_column_text]<div class=\"qodef-separator-holder clearfix  qodef-separator-center qodef-separator-full-width\">\n\t<div class=\"qodef-separator\" style=\"border-color: rgba(0,0,0,0.6);border-style: solid;border-bottom-width: 1px;margin-top: 20px\"><\/div>\n<\/div>\n[vc_column_text]<\/p>\n<h2>Tasos<\/h2>\n<p><img loading=\"lazy\" decoding=\"async\" class=\"wp-image-6973 size-medium alignleft\" style=\"margin-top: 10px; margin-right: 20px; margin-bottom: 20px;\" src=\"https:\/\/www.athensdiversclub.com\/wp-content\/uploads\/2020\/12\/IMG_0659-300x200.jpg\" alt=\"\" width=\"300\" height=\"200\" srcset=\"https:\/\/www.athensdiversclub.com\/wp-content\/uploads\/2020\/12\/IMG_0659-300x200.jpg 300w, https:\/\/www.athensdiversclub.com\/wp-content\/uploads\/2020\/12\/IMG_0659-1024x683.jpg 1024w, https:\/\/www.athensdiversclub.com\/wp-content\/uploads\/2020\/12\/IMG_0659-768x512.jpg 768w, https:\/\/www.athensdiversclub.com\/wp-content\/uploads\/2020\/12\/IMG_0659-1536x1024.jpg 1536w\" sizes=\"auto, (max-width: 300px) 100vw, 300px\" \/>Was machst du wenn es dir nicht gut geht? Ich gehe ans Meer&#8230; Was machst du wenn du gl\u00fccklich bist? Ich gehe ans Meer&#8230;Es hat gedauert, bis ich das verstanden habe. Dann wurde ich PADI Tauchlehrer. Nach mehr als zwanzig Jahren,&nbsp; tausende Tauchg\u00e4nge und zertifizierte Taucher sp\u00e4ter, gibt\u2019s kein Zur\u00fcck mehr f\u00fcr mich&#8230; Diese Entscheidung habe ich keinen Moment bereut. Ich bin gl\u00fccklich, mein Leben ist ausgeglichen, ruhig und zugleich aufregend. Genau so ist es auch, wenn wir gemeinsam tauchen gehen!!![\/vc_column_text]<div class=\"qodef-separator-holder clearfix  qodef-separator-center qodef-separator-full-width\">\n\t<div class=\"qodef-separator\" style=\"border-style: solid;border-bottom-width: 1px\"><\/div>\n<\/div>\n[vc_column_text]<\/p>\n<h2>Kostas<\/h2>\n<blockquote><p><img loading=\"lazy\" decoding=\"async\" class=\"wp-image-6995 size-medium alignleft jetpack-lazy-image jetpack-lazy-image--handled\" src=\"https:\/\/i1.wp.com\/www.athensdiversclub.com\/wp-content\/uploads\/2021\/01\/IMG_0702.jpg?resize=300%2C200&amp;ssl=1\" sizes=\"auto, (max-width: 300px) 100vw, 300px\" srcset=\"https:\/\/i2.wp.com\/www.athensdiversclub.com\/wp-content\/uploads\/2021\/01\/IMG_0702-scaled.jpg?resize=300%2C200&amp;ssl=1 300w, https:\/\/i2.wp.com\/www.athensdiversclub.com\/wp-content\/uploads\/2021\/01\/IMG_0702-scaled.jpg?resize=1024%2C683&amp;ssl=1 1024w, https:\/\/i2.wp.com\/www.athensdiversclub.com\/wp-content\/uploads\/2021\/01\/IMG_0702-scaled.jpg?resize=768%2C512&amp;ssl=1 768w, https:\/\/i2.wp.com\/www.athensdiversclub.com\/wp-content\/uploads\/2021\/01\/IMG_0702-scaled.jpg?resize=1536%2C1024&amp;ssl=1 1536w, https:\/\/i2.wp.com\/www.athensdiversclub.com\/wp-content\/uploads\/2021\/01\/IMG_0702-scaled.jpg?w=2120&amp;ssl=1 2120w\" alt=\"\" width=\"300\" height=\"200\" data-recalc-dims=\"1\" data-lazy-loaded=\"1\"><span class=\"JLqJ4b ChMk0b\" data-language-for-alternatives=\"de\" data-language-to-translate-into=\"en\" data-phrase-index=\"0\">&#8222;Lass uns ein Erlebnis beim Tauchen entdecken&#8220;, sagte ich zu meinem Freund &#8230; und wir taten es &#8230;<\/span><\/p>\n<p><span class=\"JLqJ4b ChMk0b\" data-language-for-alternatives=\"de\" data-language-to-translate-into=\"en\" data-phrase-index=\"2\">Sobald wir aus dem Wasser gestiegen waren &#8222;das ist, was ich tun m\u00f6chte&#8220;, sagte ich zu ihr &#8230; und ich mache es &#8230; Die Gelassenheit des Unterwassers, das leise Ger\u00e4usch meiner Blasen, die vom Regler bis zur Oberfl\u00e4che austreten, das<\/span> <span class=\"JLqJ4b ChMk0b\" data-language-for-alternatives=\"de\" data-language-to-translate-into=\"en\" data-phrase-index=\"3\">Das abenteuerliche Gef\u00fchl, bei jedem Tauchgang etwas Neues zu entdecken, sowie die weit ge\u00f6ffneten Augen und die Smileys der Menschen nach ihren Tauchg\u00e4ngen belohnen mich immer wieder und motivieren mich f\u00fcr die Entscheidung, die ich an diesem Tag getroffen habe.<\/span><\/p><\/blockquote>\n<p>&nbsp;<\/p>\n<p>&nbsp;<\/p>\n<p>&nbsp;[\/vc_column_text][\/vc_column][\/vc_row]<\/p>\n<\/div>","protected":false},"excerpt":{"rendered":"<p>[vc_row content_width=&#8220;grid&#8220; full_screen_section_height=&#8220;no&#8220;][vc_column][vc_empty_space height=&#8220;60px&#8220;][vc_column_text] Petros Schon als Kind bin ich gerne in die \u201cTiefe\u201d herabgetaucht und hielt mich an jedem Felsen fest, den ich nur finden konnte, solange ich es konnte, fasziniert von der Sch\u00f6nheit der Meere. Ich musste unbedingt tief unten sein! Mit der&#8230;<\/p>\n","protected":false},"author":7,"featured_media":0,"parent":0,"menu_order":0,"comment_status":"closed","ping_status":"closed","template":"full-width.php","meta":{"footnotes":""},"class_list":["post-5585","page","type-page","status-publish","hentry"],"yoast_head":"<!-- This site is optimized with the Yoast SEO plugin v27.0 - https:\/\/yoast.com\/product\/yoast-seo-wordpress\/ -->\n<title>Unser Team - Athens Divers Club<\/title>\n<meta name=\"robots\" content=\"index, follow, max-snippet:-1, max-image-preview:large, max-video-preview:-1\" \/>\n<link rel=\"canonical\" href=\"https:\/\/www.athensdiversclub.com\/de\/das-team\/\" \/>\n<meta property=\"og:locale\" content=\"de_DE\" \/>\n<meta property=\"og:type\" content=\"article\" \/>\n<meta property=\"og:title\" content=\"Unser Team - Athens Divers Club\" \/>\n<meta property=\"og:description\" content=\"[vc_row content_width=&#8220;grid&#8220; full_screen_section_height=&#8220;no&#8220;][vc_column][vc_empty_space height=&#8220;60px&#8220;][vc_column_text] Petros Schon als Kind bin ich gerne in die \u201cTiefe\u201d herabgetaucht und hielt mich an jedem Felsen fest, den ich nur finden konnte, solange ich es konnte, fasziniert von der Sch\u00f6nheit der Meere. Ich musste unbedingt tief unten sein! Mit der...\" \/>\n<meta property=\"og:url\" content=\"https:\/\/www.athensdiversclub.com\/de\/das-team\/\" \/>\n<meta property=\"og:site_name\" content=\"Athens Divers Club\" \/>\n<meta property=\"article:publisher\" content=\"https:\/\/www.facebook.com\/athensdiversclub\/\" \/>\n<meta property=\"article:modified_time\" content=\"2021-01-15T14:08:25+00:00\" \/>\n<meta property=\"og:image\" content=\"https:\/\/www.athensdiversclub.com\/wp-content\/uploads\/2020\/12\/39400767_10213881781291874_3186722745580781568_n-300x262.jpg\" \/>\n<meta name=\"twitter:card\" content=\"summary_large_image\" \/>\n<meta name=\"twitter:site\" content=\"@AthensDivers\" \/>\n<meta name=\"twitter:label1\" content=\"Gesch\u00e4tzte Lesezeit\" \/>\n\t<meta name=\"twitter:data1\" content=\"3\u00a0Minuten\" \/>\n<script type=\"application\/ld+json\" class=\"yoast-schema-graph\">{\"@context\":\"https:\/\/schema.org\",\"@graph\":[{\"@type\":\"WebPage\",\"@id\":\"https:\/\/www.athensdiversclub.com\/de\/das-team\/\",\"url\":\"https:\/\/www.athensdiversclub.com\/de\/das-team\/\",\"name\":\"Unser Team - Athens Divers Club\",\"isPartOf\":{\"@id\":\"https:\/\/www.athensdiversclub.com\/#website\"},\"primaryImageOfPage\":{\"@id\":\"https:\/\/www.athensdiversclub.com\/de\/das-team\/#primaryimage\"},\"image\":{\"@id\":\"https:\/\/www.athensdiversclub.com\/de\/das-team\/#primaryimage\"},\"thumbnailUrl\":\"https:\/\/www.athensdiversclub.com\/wp-content\/uploads\/2020\/12\/39400767_10213881781291874_3186722745580781568_n-300x262.jpg\",\"datePublished\":\"2018-07-11T08:58:02+00:00\",\"dateModified\":\"2021-01-15T14:08:25+00:00\",\"breadcrumb\":{\"@id\":\"https:\/\/www.athensdiversclub.com\/de\/das-team\/#breadcrumb\"},\"inLanguage\":\"de\",\"potentialAction\":[{\"@type\":\"ReadAction\",\"target\":[\"https:\/\/www.athensdiversclub.com\/de\/das-team\/\"]}]},{\"@type\":\"ImageObject\",\"inLanguage\":\"de\",\"@id\":\"https:\/\/www.athensdiversclub.com\/de\/das-team\/#primaryimage\",\"url\":\"https:\/\/www.athensdiversclub.com\/wp-content\/uploads\/2020\/12\/39400767_10213881781291874_3186722745580781568_n-300x262.jpg\",\"contentUrl\":\"https:\/\/www.athensdiversclub.com\/wp-content\/uploads\/2020\/12\/39400767_10213881781291874_3186722745580781568_n-300x262.jpg\"},{\"@type\":\"BreadcrumbList\",\"@id\":\"https:\/\/www.athensdiversclub.com\/de\/das-team\/#breadcrumb\",\"itemListElement\":[{\"@type\":\"ListItem\",\"position\":1,\"name\":\"Home\",\"item\":\"https:\/\/www.athensdiversclub.com\/de\/\"},{\"@type\":\"ListItem\",\"position\":2,\"name\":\"Unser Team\"}]},{\"@type\":\"WebSite\",\"@id\":\"https:\/\/www.athensdiversclub.com\/#website\",\"url\":\"https:\/\/www.athensdiversclub.com\/\",\"name\":\"Athens Divers Club\",\"description\":\"\",\"potentialAction\":[{\"@type\":\"SearchAction\",\"target\":{\"@type\":\"EntryPoint\",\"urlTemplate\":\"https:\/\/www.athensdiversclub.com\/?s={search_term_string}\"},\"query-input\":{\"@type\":\"PropertyValueSpecification\",\"valueRequired\":true,\"valueName\":\"search_term_string\"}}],\"inLanguage\":\"de\"}]}<\/script>\n<!-- \/ Yoast SEO plugin. -->","yoast_head_json":{"title":"Unser Team - Athens Divers Club","robots":{"index":"index","follow":"follow","max-snippet":"max-snippet:-1","max-image-preview":"max-image-preview:large","max-video-preview":"max-video-preview:-1"},"canonical":"https:\/\/www.athensdiversclub.com\/de\/das-team\/","og_locale":"de_DE","og_type":"article","og_title":"Unser Team - Athens Divers Club","og_description":"[vc_row content_width=&#8220;grid&#8220; full_screen_section_height=&#8220;no&#8220;][vc_column][vc_empty_space height=&#8220;60px&#8220;][vc_column_text] Petros Schon als Kind bin ich gerne in die \u201cTiefe\u201d herabgetaucht und hielt mich an jedem Felsen fest, den ich nur finden konnte, solange ich es konnte, fasziniert von der Sch\u00f6nheit der Meere. Ich musste unbedingt tief unten sein! Mit der...","og_url":"https:\/\/www.athensdiversclub.com\/de\/das-team\/","og_site_name":"Athens Divers Club","article_publisher":"https:\/\/www.facebook.com\/athensdiversclub\/","article_modified_time":"2021-01-15T14:08:25+00:00","og_image":[{"url":"https:\/\/www.athensdiversclub.com\/wp-content\/uploads\/2020\/12\/39400767_10213881781291874_3186722745580781568_n-300x262.jpg","type":"","width":"","height":""}],"twitter_card":"summary_large_image","twitter_site":"@AthensDivers","twitter_misc":{"Gesch\u00e4tzte Lesezeit":"3\u00a0Minuten"},"schema":{"@context":"https:\/\/schema.org","@graph":[{"@type":"WebPage","@id":"https:\/\/www.athensdiversclub.com\/de\/das-team\/","url":"https:\/\/www.athensdiversclub.com\/de\/das-team\/","name":"Unser Team - Athens Divers Club","isPartOf":{"@id":"https:\/\/www.athensdiversclub.com\/#website"},"primaryImageOfPage":{"@id":"https:\/\/www.athensdiversclub.com\/de\/das-team\/#primaryimage"},"image":{"@id":"https:\/\/www.athensdiversclub.com\/de\/das-team\/#primaryimage"},"thumbnailUrl":"https:\/\/www.athensdiversclub.com\/wp-content\/uploads\/2020\/12\/39400767_10213881781291874_3186722745580781568_n-300x262.jpg","datePublished":"2018-07-11T08:58:02+00:00","dateModified":"2021-01-15T14:08:25+00:00","breadcrumb":{"@id":"https:\/\/www.athensdiversclub.com\/de\/das-team\/#breadcrumb"},"inLanguage":"de","potentialAction":[{"@type":"ReadAction","target":["https:\/\/www.athensdiversclub.com\/de\/das-team\/"]}]},{"@type":"ImageObject","inLanguage":"de","@id":"https:\/\/www.athensdiversclub.com\/de\/das-team\/#primaryimage","url":"https:\/\/www.athensdiversclub.com\/wp-content\/uploads\/2020\/12\/39400767_10213881781291874_3186722745580781568_n-300x262.jpg","contentUrl":"https:\/\/www.athensdiversclub.com\/wp-content\/uploads\/2020\/12\/39400767_10213881781291874_3186722745580781568_n-300x262.jpg"},{"@type":"BreadcrumbList","@id":"https:\/\/www.athensdiversclub.com\/de\/das-team\/#breadcrumb","itemListElement":[{"@type":"ListItem","position":1,"name":"Home","item":"https:\/\/www.athensdiversclub.com\/de\/"},{"@type":"ListItem","position":2,"name":"Unser Team"}]},{"@type":"WebSite","@id":"https:\/\/www.athensdiversclub.com\/#website","url":"https:\/\/www.athensdiversclub.com\/","name":"Athens Divers Club","description":"","potentialAction":[{"@type":"SearchAction","target":{"@type":"EntryPoint","urlTemplate":"https:\/\/www.athensdiversclub.com\/?s={search_term_string}"},"query-input":{"@type":"PropertyValueSpecification","valueRequired":true,"valueName":"search_term_string"}}],"inLanguage":"de"}]}},"_links":{"self":[{"href":"https:\/\/www.athensdiversclub.com\/de\/wp-json\/wp\/v2\/pages\/5585","targetHints":{"allow":["GET"]}}],"collection":[{"href":"https:\/\/www.athensdiversclub.com\/de\/wp-json\/wp\/v2\/pages"}],"about":[{"href":"https:\/\/www.athensdiversclub.com\/de\/wp-json\/wp\/v2\/types\/page"}],"author":[{"embeddable":true,"href":"https:\/\/www.athensdiversclub.com\/de\/wp-json\/wp\/v2\/users\/7"}],"replies":[{"embeddable":true,"href":"https:\/\/www.athensdiversclub.com\/de\/wp-json\/wp\/v2\/comments?post=5585"}],"version-history":[{"count":0,"href":"https:\/\/www.athensdiversclub.com\/de\/wp-json\/wp\/v2\/pages\/5585\/revisions"}],"wp:attachment":[{"href":"https:\/\/www.athensdiversclub.com\/de\/wp-json\/wp\/v2\/media?parent=5585"}],"curies":[{"name":"wp","href":"https:\/\/api.w.org\/{rel}","templated":true}]}}