{"id":5551,"date":"2018-07-11T11:50:28","date_gmt":"2018-07-11T08:50:28","guid":{"rendered":"https:\/\/www.athensdiversclub.com\/?page_id=5551"},"modified":"2018-07-11T13:35:19","modified_gmt":"2018-07-11T10:35:19","slug":"unser-club","status":"publish","type":"page","link":"https:\/\/www.athensdiversclub.com\/de\/unser-club\/","title":{"rendered":"Unser Tauchclub"},"content":{"rendered":"<div class=\"wpb-content-wrapper\"><p>[vc_row content_width=&#8220;grid&#8220; full_screen_section_height=&#8220;no&#8220;][vc_column][vc_empty_space height=&#8220;60px&#8220;]<div id=\"ultimate-heading-827269d8479c0b431\" class=\"uvc-heading ult-adjust-bottom-margin ultimate-heading-827269d8479c0b431 uvc-7734 \" data-hspacer=\"no_spacer\"  data-halign=\"left\" style=\"text-align:left\"><div class=\"uvc-heading-spacer no_spacer\" style=\"top\"><\/div><div class=\"uvc-main-heading ult-responsive\"  data-ultimate-target='.uvc-heading.ultimate-heading-827269d8479c0b431 h4'  data-responsive-json-new='{\"font-size\":\"\",\"line-height\":\"\"}' ><h4 style=\"font-weight:normal;margin-bottom:20px;\">Wir sind die Athens Divers Club Crew!<\/h4><\/div><\/div><div id=\"ultimate-heading-21169d8479c0b481\" class=\"uvc-heading ult-adjust-bottom-margin ultimate-heading-21169d8479c0b481 uvc-6591 \" data-hspacer=\"no_spacer\"  data-halign=\"left\" style=\"text-align:left\"><div class=\"uvc-heading-spacer no_spacer\" style=\"top\"><\/div><div class=\"uvc-main-heading ult-responsive\"  data-ultimate-target='.uvc-heading.ultimate-heading-21169d8479c0b481 h4'  data-responsive-json-new='{\"font-size\":\"\",\"line-height\":\"\"}' ><h4 style=\"font-weight:normal;margin-bottom:20px;\">We would love to be your underwater companions!<\/h4><\/div><\/div>[vc_column_text]Wir sind leidenschaftliche Taucher, auf h\u00f6chstem Niveau ausgebildet und haben jahrelange Erfahrung im Bereich. Wir m\u00f6chten unsere langwierige Leidenschaft die Meere zu erkunden sehr gerne auch mit dir teilen!<\/p>\n<p>Unser Schwerpunkt liegt auf pers\u00f6nlicher Betreuung und auf dem Ausgleich zwischen Sicherheit und Spa\u00df, womit wir dir ein unvergessliches Abenteuer unter Wasser garantieren.<\/p>\n<p>Indem wir unsere tiefgreifende Bewunderung f\u00fcr die Unterwasserwelt teilen, versprechen wir jedem ein einzigartiges Erlebnis, das zugleich innere Ruhe und pure Zufriedenheit mit sich bringt.<\/p>\n<p>Unsere qualitativ hochwertige Ausr\u00fcstung, unser schnelles, komfortables und ger\u00e4umiges Boot, unsere Location direkt am Meer, g\u00fcnstig gelegen neben einer Beach Bar und einer Taverne, nur ca. 45 Minuten Fahrt von Athenentfernt, sind unsere Pluspunkte f\u00fcr dein unvergessliches Tauchabenteuer![\/vc_column_text]<div id=\"ultimate-heading-956369d8479c0b4bb\" class=\"uvc-heading ult-adjust-bottom-margin ultimate-heading-956369d8479c0b4bb uvc-9549 \" data-hspacer=\"no_spacer\"  data-halign=\"left\" style=\"text-align:left\"><div class=\"uvc-heading-spacer no_spacer\" style=\"top\"><\/div><div class=\"uvc-main-heading ult-responsive\"  data-ultimate-target='.uvc-heading.ultimate-heading-956369d8479c0b4bb h4'  data-responsive-json-new='{\"font-size\":\"\",\"line-height\":\"\"}' ><h4 style=\"font-weight:normal;margin-top:20px;margin-bottom:20px;\">Tauche mit uns ab!<\/h4><\/div><\/div>[vc_empty_space height=&#8220;60px&#8220;][\/vc_column][\/vc_row][vc_row content_width=&#8220;grid&#8220; full_screen_section_height=&#8220;no&#8220;][vc_column][vc_gallery type=&#8220;image_grid&#8220; images=&#8220;4563,4560,4557,4551,4548,4545,4542,4539,4536,4524,4521,4500,4479,4491,4494,4482,4488,4518,4515,4512,4509,4506,4503,4497,4554,4533,4530,4527,4485&#8243; img_size=&#8220;400 x 300&#8243;][\/vc_column][\/vc_row]<\/p>\n<\/div>","protected":false},"excerpt":{"rendered":"<p>[vc_row content_width=&#8220;grid&#8220; full_screen_section_height=&#8220;no&#8220;][vc_column][vc_empty_space height=&#8220;60px&#8220;][vc_column_text]Wir sind leidenschaftliche Taucher, auf h\u00f6chstem Niveau ausgebildet und haben jahrelange Erfahrung im Bereich. Wir m\u00f6chten unsere langwierige Leidenschaft die Meere zu erkunden sehr gerne auch mit dir teilen! Unser Schwerpunkt liegt auf pers\u00f6nlicher Betreuung und auf dem Ausgleich zwischen Sicherheit und&#8230;<\/p>\n","protected":false},"author":7,"featured_media":0,"parent":0,"menu_order":0,"comment_status":"closed","ping_status":"closed","template":"full-width.php","meta":{"footnotes":""},"class_list":["post-5551","page","type-page","status-publish","hentry"],"yoast_head":"<!-- This site is optimized with the Yoast SEO plugin v27.0 - https:\/\/yoast.com\/product\/yoast-seo-wordpress\/ -->\n<title>Unser Tauchclub - Athens Divers Club<\/title>\n<meta name=\"robots\" content=\"index, follow, max-snippet:-1, max-image-preview:large, max-video-preview:-1\" \/>\n<link rel=\"canonical\" href=\"https:\/\/www.athensdiversclub.com\/de\/unser-club\/\" \/>\n<meta property=\"og:locale\" content=\"de_DE\" \/>\n<meta property=\"og:type\" content=\"article\" \/>\n<meta property=\"og:title\" content=\"Unser Tauchclub - Athens Divers Club\" \/>\n<meta property=\"og:description\" content=\"[vc_row content_width=&#8220;grid&#8220; full_screen_section_height=&#8220;no&#8220;][vc_column][vc_empty_space height=&#8220;60px&#8220;][vc_column_text]Wir sind leidenschaftliche Taucher, auf h\u00f6chstem Niveau ausgebildet und haben jahrelange Erfahrung im Bereich. Wir m\u00f6chten unsere langwierige Leidenschaft die Meere zu erkunden sehr gerne auch mit dir teilen! Unser Schwerpunkt liegt auf pers\u00f6nlicher Betreuung und auf dem Ausgleich zwischen Sicherheit und...\" \/>\n<meta property=\"og:url\" content=\"https:\/\/www.athensdiversclub.com\/de\/unser-club\/\" \/>\n<meta property=\"og:site_name\" content=\"Athens Divers Club\" \/>\n<meta property=\"article:publisher\" content=\"https:\/\/www.facebook.com\/athensdiversclub\/\" \/>\n<meta property=\"article:modified_time\" content=\"2018-07-11T10:35:19+00:00\" \/>\n<meta name=\"twitter:card\" content=\"summary_large_image\" \/>\n<meta name=\"twitter:site\" content=\"@AthensDivers\" \/>\n<meta name=\"twitter:label1\" content=\"Gesch\u00e4tzte Lesezeit\" \/>\n\t<meta name=\"twitter:data1\" content=\"1\u00a0Minute\" \/>\n<script type=\"application\/ld+json\" class=\"yoast-schema-graph\">{\"@context\":\"https:\/\/schema.org\",\"@graph\":[{\"@type\":\"WebPage\",\"@id\":\"https:\/\/www.athensdiversclub.com\/de\/unser-club\/\",\"url\":\"https:\/\/www.athensdiversclub.com\/de\/unser-club\/\",\"name\":\"Unser Tauchclub - Athens Divers Club\",\"isPartOf\":{\"@id\":\"https:\/\/www.athensdiversclub.com\/#website\"},\"datePublished\":\"2018-07-11T08:50:28+00:00\",\"dateModified\":\"2018-07-11T10:35:19+00:00\",\"breadcrumb\":{\"@id\":\"https:\/\/www.athensdiversclub.com\/de\/unser-club\/#breadcrumb\"},\"inLanguage\":\"de\",\"potentialAction\":[{\"@type\":\"ReadAction\",\"target\":[\"https:\/\/www.athensdiversclub.com\/de\/unser-club\/\"]}]},{\"@type\":\"BreadcrumbList\",\"@id\":\"https:\/\/www.athensdiversclub.com\/de\/unser-club\/#breadcrumb\",\"itemListElement\":[{\"@type\":\"ListItem\",\"position\":1,\"name\":\"Home\",\"item\":\"https:\/\/www.athensdiversclub.com\/de\/\"},{\"@type\":\"ListItem\",\"position\":2,\"name\":\"Unser Tauchclub\"}]},{\"@type\":\"WebSite\",\"@id\":\"https:\/\/www.athensdiversclub.com\/#website\",\"url\":\"https:\/\/www.athensdiversclub.com\/\",\"name\":\"Athens Divers Club\",\"description\":\"\",\"potentialAction\":[{\"@type\":\"SearchAction\",\"target\":{\"@type\":\"EntryPoint\",\"urlTemplate\":\"https:\/\/www.athensdiversclub.com\/?s={search_term_string}\"},\"query-input\":{\"@type\":\"PropertyValueSpecification\",\"valueRequired\":true,\"valueName\":\"search_term_string\"}}],\"inLanguage\":\"de\"}]}<\/script>\n<!-- \/ Yoast SEO plugin. -->","yoast_head_json":{"title":"Unser Tauchclub - Athens Divers Club","robots":{"index":"index","follow":"follow","max-snippet":"max-snippet:-1","max-image-preview":"max-image-preview:large","max-video-preview":"max-video-preview:-1"},"canonical":"https:\/\/www.athensdiversclub.com\/de\/unser-club\/","og_locale":"de_DE","og_type":"article","og_title":"Unser Tauchclub - Athens Divers Club","og_description":"[vc_row content_width=&#8220;grid&#8220; full_screen_section_height=&#8220;no&#8220;][vc_column][vc_empty_space height=&#8220;60px&#8220;][vc_column_text]Wir sind leidenschaftliche Taucher, auf h\u00f6chstem Niveau ausgebildet und haben jahrelange Erfahrung im Bereich. Wir m\u00f6chten unsere langwierige Leidenschaft die Meere zu erkunden sehr gerne auch mit dir teilen! Unser Schwerpunkt liegt auf pers\u00f6nlicher Betreuung und auf dem Ausgleich zwischen Sicherheit und...","og_url":"https:\/\/www.athensdiversclub.com\/de\/unser-club\/","og_site_name":"Athens Divers Club","article_publisher":"https:\/\/www.facebook.com\/athensdiversclub\/","article_modified_time":"2018-07-11T10:35:19+00:00","twitter_card":"summary_large_image","twitter_site":"@AthensDivers","twitter_misc":{"Gesch\u00e4tzte Lesezeit":"1\u00a0Minute"},"schema":{"@context":"https:\/\/schema.org","@graph":[{"@type":"WebPage","@id":"https:\/\/www.athensdiversclub.com\/de\/unser-club\/","url":"https:\/\/www.athensdiversclub.com\/de\/unser-club\/","name":"Unser Tauchclub - Athens Divers Club","isPartOf":{"@id":"https:\/\/www.athensdiversclub.com\/#website"},"datePublished":"2018-07-11T08:50:28+00:00","dateModified":"2018-07-11T10:35:19+00:00","breadcrumb":{"@id":"https:\/\/www.athensdiversclub.com\/de\/unser-club\/#breadcrumb"},"inLanguage":"de","potentialAction":[{"@type":"ReadAction","target":["https:\/\/www.athensdiversclub.com\/de\/unser-club\/"]}]},{"@type":"BreadcrumbList","@id":"https:\/\/www.athensdiversclub.com\/de\/unser-club\/#breadcrumb","itemListElement":[{"@type":"ListItem","position":1,"name":"Home","item":"https:\/\/www.athensdiversclub.com\/de\/"},{"@type":"ListItem","position":2,"name":"Unser Tauchclub"}]},{"@type":"WebSite","@id":"https:\/\/www.athensdiversclub.com\/#website","url":"https:\/\/www.athensdiversclub.com\/","name":"Athens Divers Club","description":"","potentialAction":[{"@type":"SearchAction","target":{"@type":"EntryPoint","urlTemplate":"https:\/\/www.athensdiversclub.com\/?s={search_term_string}"},"query-input":{"@type":"PropertyValueSpecification","valueRequired":true,"valueName":"search_term_string"}}],"inLanguage":"de"}]}},"_links":{"self":[{"href":"https:\/\/www.athensdiversclub.com\/de\/wp-json\/wp\/v2\/pages\/5551","targetHints":{"allow":["GET"]}}],"collection":[{"href":"https:\/\/www.athensdiversclub.com\/de\/wp-json\/wp\/v2\/pages"}],"about":[{"href":"https:\/\/www.athensdiversclub.com\/de\/wp-json\/wp\/v2\/types\/page"}],"author":[{"embeddable":true,"href":"https:\/\/www.athensdiversclub.com\/de\/wp-json\/wp\/v2\/users\/7"}],"replies":[{"embeddable":true,"href":"https:\/\/www.athensdiversclub.com\/de\/wp-json\/wp\/v2\/comments?post=5551"}],"version-history":[{"count":0,"href":"https:\/\/www.athensdiversclub.com\/de\/wp-json\/wp\/v2\/pages\/5551\/revisions"}],"wp:attachment":[{"href":"https:\/\/www.athensdiversclub.com\/de\/wp-json\/wp\/v2\/media?parent=5551"}],"curies":[{"name":"wp","href":"https:\/\/api.w.org\/{rel}","templated":true}]}}