{"id":5494,"date":"2018-07-10T23:19:16","date_gmt":"2018-07-10T20:19:16","guid":{"rendered":"https:\/\/www.athensdiversclub.com\/?page_id=5494"},"modified":"2021-01-16T15:58:15","modified_gmt":"2021-01-16T13:58:15","slug":"advanced-open-water-diver-aowd","status":"publish","type":"page","link":"https:\/\/www.athensdiversclub.com\/de\/advanced-open-water-diver-aowd\/","title":{"rendered":"Advanced Open Water Diver (AOWD)"},"content":{"rendered":"<div class=\"wpb-content-wrapper\"><p>[vc_row content_width=&#8220;grid&#8220; full_screen_section_height=&#8220;no&#8220; css=&#8220;.vc_custom_1486026377670{padding-top: 30px !important;padding-bottom: 30px !important;}&#8220;][vc_column]<div id=\"ultimate-heading-488069d8474e48225\" class=\"uvc-heading ult-adjust-bottom-margin ultimate-heading-488069d8474e48225 uvc-4015 \" data-hspacer=\"line_only\"  data-halign=\"left\" style=\"text-align:left\"><div class=\"uvc-main-heading ult-responsive\"  data-ultimate-target='.uvc-heading.ultimate-heading-488069d8474e48225 h2'  data-responsive-json-new='{\"font-size\":\"\",\"line-height\":\"\"}' ><h2 style=\"font-weight:normal;\">Entdecke, experimentiere und verbessere deine Tauchfertigkeiten<\/h2><\/div><div class=\"uvc-heading-spacer line_only\" style=\"topheight:1px;\"><span class=\"uvc-headings-line\" style=\"border-style:solid;border-bottom-width:1px;border-color:#ccc;width:autopx;\"><\/span><\/div><\/div>[vc_column_text]Das ist was den PADI Advanced Open Water Diver Kurs ausmacht.&nbsp;Du musst nicht \u201cfortgeschritten\u201d sein um teilzunehmen &#8211; der Kurs ist so ausgelegt, dass du deine Tauchfertigkeiten verbesserst, das hei\u00dft du kannst gleich nach Abschluss des PADI Open Water Diver Kurses damit beginnen. Dieser Kurs hilft dir dabei, mehr Selbstvertrauen unter Wasser aufzubauen und deine Tauchfertigkeiten mithilfe von Adventure Dives (<strong>\u201e<\/strong>Abenteuertauchg\u00e4ngen\u201d) auszubauen. Du probiertst verschiedene Spezialbereiche des Tauchens aus wobei du unter Aufsicht unserer Tauchlehrer Erfahrung sammelst.&nbsp;Lass dir deine Tauchg\u00e4ge anrechnen! Jeder Abenteuertauchgang kann dir als erster Tauchgang des entsprechenden PADI Spezialkurses angerechnet werden. Falls du schon einen Spezialtauchkurs absolviert hast, frage deinen Tauchlehrer, ob du ihn als Abenteuertauchgang anrechnen lassen kannst.[\/vc_column_text][\/vc_column][\/vc_row][vc_row content_width=&#8220;grid&#8220; full_screen_section_height=&#8220;no&#8220;][vc_column]<div class=\"qodef-tabs qodef-vertical-tab qodef-dark-tab qodef-tab-without-icon clearfix\">\n\t<ul class=\"qodef-tabs-nav\">\n\t\t\t\t\t<li>\n\t\t\t\t<a href=\"#tab-wer-sollte-an-diesem-kurs-teilnehmen\">\n\t\t\t\t\t\n\t\t\t\t\t\t\t\t\t\t\t<span class=\"qodef-tab-text-after-icon\">\n\t\t\t\t\t\t\tWer sollte an diesem Kurs teilnehmen?\t\t\t\t\t\t<\/span>\n\t\t\t\t\t\t\t\t\t\t\t\n\t\t\t\t\t\t\t\t\t<\/a>\n\t\t\t <\/li>\n\t\t\t\t\t<li>\n\t\t\t\t<a href=\"#tab-was-wirst-du-lernen\">\n\t\t\t\t\t\n\t\t\t\t\t\t\t\t\t\t\t<span class=\"qodef-tab-text-after-icon\">\n\t\t\t\t\t\t\tWas wirst du lernen?\t\t\t\t\t\t<\/span>\n\t\t\t\t\t\t\t\t\t\t\t\n\t\t\t\t\t\t\t\t\t<\/a>\n\t\t\t <\/li>\n\t\t\t\t\t<li>\n\t\t\t\t<a href=\"#tab-wie-kannst-du-sofort-zu-lernen-beginnen\">\n\t\t\t\t\t\n\t\t\t\t\t\t\t\t\t\t\t<span class=\"qodef-tab-text-after-icon\">\n\t\t\t\t\t\t\tWie kannst du sofort zu lernen beginnen?\t\t\t\t\t\t<\/span>\n\t\t\t\t\t\t\t\t\t\t\t\n\t\t\t\t\t\t\t\t\t<\/a>\n\t\t\t <\/li>\n\t\t\t\t\t<li>\n\t\t\t\t<a href=\"#tab-welche-tauchausruestung-wirst-du-verwenden\">\n\t\t\t\t\t\n\t\t\t\t\t\t\t\t\t\t\t<span class=\"qodef-tab-text-after-icon\">\n\t\t\t\t\t\t\tWelche Tauchausr\u00fcstung wirst du verwenden?\t\t\t\t\t\t<\/span>\n\t\t\t\t\t\t\t\t\t\t\t\n\t\t\t\t\t\t\t\t\t<\/a>\n\t\t\t <\/li>\n\t\t\t\t\t<li>\n\t\t\t\t<a href=\"#tab-dein-naechster-schritt\">\n\t\t\t\t\t\n\t\t\t\t\t\t\t\t\t\t\t<span class=\"qodef-tab-text-after-icon\">\n\t\t\t\t\t\t\tDein n\u00e4chster Schritt\t\t\t\t\t\t<\/span>\n\t\t\t\t\t\t\t\t\t\t\t\n\t\t\t\t\t\t\t\t\t<\/a>\n\t\t\t <\/li>\n\t\t\t\t\t<li>\n\t\t\t\t<a href=\"#tab-dein-naechstes-tauchabenteuer\">\n\t\t\t\t\t\n\t\t\t\t\t\t\t\t\t\t\t<span class=\"qodef-tab-text-after-icon\">\n\t\t\t\t\t\t\tDein n\u00e4chstes Tauchabenteuer\t\t\t\t\t\t<\/span>\n\t\t\t\t\t\t\t\t\t\t\t\n\t\t\t\t\t\t\t\t\t<\/a>\n\t\t\t <\/li>\n\t\t\t<\/ul> \n\t<div class=\"qodef-tab-container\" id=\"tab-wer-sollte-an-diesem-kurs-teilnehmen-741\" data-icon-pack=&quot;font_awesome&quot; data-icon-html=&quot;&lt;i class=&quot;qodef-icon-font-awesome fa  &quot; &gt;&lt;\/i&gt;&quot;>[vc_column_text]PADI (Junior) Open Water Divers, die mindestens 12 Jahre alt sind und bereit sind, ihre Tauchausbildung fortzusetzen, k\u00f6nnen am Advanced Open Water Diver Kurs teilnehmen. Junge Taucher k\u00f6nnen nur bei bestimmten Abenteuertauchg\u00e4ngen teilnehmen \u2013 weitere Informationen dazu bekommst du bei uns.&nbsp;Wenn du schon Adventure Diver bist, musst du nur noch bei 2 weiteren Abenteuertauchg\u00e4ngen teilnehmen um dein Advanced Open Water Diver Brevet zu erhalten.[\/vc_column_text]<\/div><div class=\"qodef-tab-container\" id=\"tab-was-wirst-du-lernen-523\" data-icon-pack=&quot;font_awesome&quot; data-icon-html=&quot;&lt;i class=&quot;qodef-icon-font-awesome fa  &quot; &gt;&lt;\/i&gt;&quot;>[vc_column_text]Du w\u00e4hlst deine Abenteuertauchg\u00e4nge aus einer langen Liste von Spezialkursen aus und planst dementsprechend mit deinem Tauchlehrer deinen Kursverlauf. Es gibt zwei obligatorische Tauchg\u00e4nge:Tieftauchen und Unterwassernavigation. Die anderen drei kannst du frei ausw\u00e4hlen, also musst du insgesamt f\u00fcnt Tauchg\u00e4nge absolvieren. Beim Abenteuertauchgang Tieftauchen lernst du Tauchg\u00e4nge zu planen und mit den physiologischen Auswirkungen und Herausforderungen von tieferem Tauchen umzugehen. Der Abenteuertauchgang Unterwassernavigation verfeinert deine Navigationsfertigkeiten und zeigt dir wie du mit Hilfe von Flossenschl\u00e4gen, Orientierungspunkten an Land und gemessener Zeit besser navigieren kannst.&nbsp;Die weiteren Kenntisse und Fertigkeiten, die du dir aneignen wirst, h\u00e4ngen von deinen Interessen ab \u2013 Photographie, Tarierungskontrolle, Fischbestimmung, Wracktauchen und vieles mehr.&nbsp;M\u00f6glicherweise kannst du f\u00fcr den Advanced Open Water Diver Kurs auch einen<a href=\"https:\/\/www.padi.com\/padi-courses\/earn-college-or-vocational-credit-padi-scuba-courses\"> <u>College Credit<\/u><\/a> bekommen.<\/p>\n<p>Y[\/vc_column_text]<\/div><div class=\"qodef-tab-container\" id=\"tab-wie-kannst-du-sofort-zu-lernen-beginnen-203\" data-icon-pack=&quot;font_awesome&quot; data-icon-html=&quot;&lt;i class=&quot;qodef-icon-font-awesome fa  &quot; &gt;&lt;\/i&gt;&quot;>[vc_column_text]Melde dich beim Advanced Open Water Diver Online&nbsp;\u2013 PADIs eLearning Option \u2013 an um sofort loszulegen. Bei diesem Internet Programm lernst du \u00fcber sieben der bekanntesten Abenteuertauchg\u00e4nge, wie z. B. die obligatorischen Tauchg\u00e4nge Tieftauchen und Unterwassernavigation, sowie Bootstauchen, Nachttauchen, Tarierung in Perfektion, Unterwasser Naturalist und Wracktauchen. Du kannst in eigenem Tempo mit einem benutzerfreundlichen, interaktiven Programm lernen. Du hast auch Zugriff auf die online Variante des <em>Adventures in Diving<\/em>&nbsp;Handbuches und kannst in Absprache mit deinem Tauchlehrer auch die Kapitel zu anderen Abenteuertauchg\u00e4ngen durcharbeiten.<\/p>\n<p>Alternativ kannst du auch das <em>Adventures in Diving<\/em>&nbsp;Handbuch lesen und dir das <em>Adventures in Diving<\/em>&nbsp;Video anschauen (Buch und DVD als Paket).<\/p>\n<p>Wenn du dich f\u00fcr die E-Learning Variante entscheidest, beachte bitte, dass du dich \u00fcber unsere Webseite registrieren musst. Erkundige dich bei uns \u00fcber deine M\u00f6glichkeiten, dich beim PADI Advanced Open Water Diver Kurs anzumelden[\/vc_column_text]<\/div><div class=\"qodef-tab-container\" id=\"tab-welche-tauchausruestung-wirst-du-verwenden-222\" data-icon-pack=&quot;font_awesome&quot; data-icon-html=&quot;&lt;i class=&quot;qodef-icon-font-awesome fa  &quot; &gt;&lt;\/i&gt;&quot;>[vc_column_text]Au\u00dfer deiner Grundtauchausr\u00fcstung brauchst du einen Kompass und ein Tauchermesser oder ein Schneidewerkzeug. Abh\u00e4ngig von welchen Abenteuertauchg\u00e4ngen du ausw\u00e4hlst wirst du auch spezielle Ausr\u00fcstung verwenden. Zum Beispiel wirst du f\u00fcr den Abenteuertauchgang \u201eTauchen im Trockentauchanzug\u201c selbstverst\u00e4ndlich einen Trockentauchanzug oder f\u00fcr den Abenteuertauchgang \u201eSidemount \u2013 Tauchen\u201c eine Sidemount Ausr\u00fcstung verwenden. Wir werden dir die Ausr\u00fcstung erkl\u00e4ren und dir weitere Ausr\u00fcstung vorschlagen, wie z.B. eine Taucherlampe zum Nachttauchen oder einen Hebesack f\u00fcr den Tauchgang \u201eSuchen und Bergen\u201c.<\/p>\n<p>Kontaktiere uns um mehr \u00fcber die Ausr\u00fcstung zu erfahren, die du ben\u00f6tigst um dein Abenteuer im Advanced Open Water Diver Kurs zu beginnen.<\/p>\n<p>&nbsp;[\/vc_column_text]<\/div><div class=\"qodef-tab-container\" id=\"tab-dein-naechster-schritt-363\" data-icon-pack=&quot;font_awesome&quot; data-icon-html=&quot;&lt;i class=&quot;qodef-icon-font-awesome fa  &quot; &gt;&lt;\/i&gt;&quot;>[vc_column_text]<\/p>\n<ul>\n<li>.&nbsp;&nbsp; Sammle Erfahrung und erhalte dein n\u00e4chstes Brevet-&nbsp;&nbsp;<\/li>\n<li>&nbsp;&nbsp;&nbsp; Melde dich zum Advanced Open Water Diver online Kurs an und beginne sofort mit dem Lernen-&nbsp;&nbsp;&nbsp;&nbsp;&nbsp;<\/li>\n<li>&nbsp; PADI Medizinischer Nachweis und Fragebogen (pdf) hier <a href=\"https:\/\/www.padi.com\/sites\/default\/files\/2017-03\/10063_RSTC_MedState_v201_07_web.pdf\">downloaden<\/a><\/li>\n<\/ul>\n<p>[\/vc_column_text]<\/div><div class=\"qodef-tab-container\" id=\"tab-dein-naechstes-tauchabenteuer-448\" data-icon-pack=&quot;font_awesome&quot; data-icon-html=&quot;&lt;i class=&quot;qodef-icon-font-awesome fa  &quot; &gt;&lt;\/i&gt;&quot;>[vc_column_text]Werde <a href=\"http:\/\/www.athensdiversclub.com\/open-water-diver-owd\/\">Rescue Diver<\/a>!<\/p>\n<p>Lerne Probleme unter Wasser vorzubeugen und zu bew\u00e4ltigen. Gewinne mehr Selbstvertrauen in deine F\u00e4higkeiten als Taucher und erkenne, dass du anderen helfen kannst, falls sie Hilfe ben\u00f6tigen.[\/vc_column_text]<\/div><\/div>[\/vc_column][\/vc_row][vc_row content_width=&#8220;grid&#8220; content_aligment=&#8220;center&#8220; full_screen_section_height=&#8220;no&#8220;][vc_column]<div id=\"modal-trg-txt-wrap-6549\" class=\"ult-modal-input-wrapper ult-adjust-bottom-margin lets-go-diving qodef-btn qodef-btn-medium qodef-btn-outline qodef-btn-custom-hover-bg qodef-btn-custom-border-hover   \" data-keypress-control=\"keypress-control-enable\" data-overlay-control=\"overlay-control-enable\"><button  data-ultimate-target='#modal-trg-txt-wrap-6549 .btn-modal'  data-responsive-json-new='{\"font-size\":\"desktop:22px;\",\"line-height\":\"desktop:22px;\"}'  style=\"background:rgba(0,0,0,0.01);border-color:rgba(0,0,0,0.01);color:#2e9298; \" data-class-id=\"content-69d8474e485e14-01127740\" class=\"btn-modal ult-responsive btn-primary btn-modal-lg overlay-show ult-align-center btn-id-69d8474e485e14-01127740\" data-overlay-class=\"overlay-zoomin\">Contact us to learn more<\/button><\/div>\n<div class=\"ult-overlay content-69d8474e485e14-01127740 \" data-class=\"content-69d8474e485e14-01127740\" id=\"button-click-overlay\" style=\"background:rgba(51,51,51,0.8); display:none;\">\n\t<div class=\"ult_modal ult-fade ult-container\">\n\t\t<div id=\"ult-modal-wrap-4327\" class=\"ult_modal-content ult-hide\" style=\"border-style:solid;border-width:2px;border-radius:0px;border-color:#333333;\">\n\t\t\t<div class=\"ult_modal-header\" style=\"color:#333333;border-color:#333333;\">\n\t\t\t\t<h3  data-ultimate-target='#ult-modal-wrap-4327 .ult_modal-title'  data-responsive-json-new='{\"font-size\":\"\",\"line-height\":\"\"}'  class=\"ult_modal-title ult-responsive\">Advanced Open Water Diver<\/h3>\n\t\t\t<\/div>\n\t\t\t<div  data-ultimate-target='#ult-modal-wrap-4327 .ult_modal-body'  data-responsive-json-new='{\"font-size\":\"\",\"line-height\":\"\"}'  class=\"ult_modal-body ult-responsive ult-html\" style=\"\">\n\t\t\t\n<div class=\"wpcf7 no-js\" id=\"wpcf7-f27-o1\" lang=\"en-US\" dir=\"ltr\" data-wpcf7-id=\"27\">\n<div class=\"screen-reader-response\"><p role=\"status\" aria-live=\"polite\" aria-atomic=\"true\"><\/p> <ul><\/ul><\/div>\n<form action=\"\/de\/wp-json\/wp\/v2\/pages\/5494#wpcf7-f27-o1\" method=\"post\" class=\"wpcf7-form init\" aria-label=\"Contact form\" novalidate=\"novalidate\" data-status=\"init\">\n<fieldset class=\"hidden-fields-container\"><input type=\"hidden\" name=\"_wpcf7\" value=\"27\" \/><input type=\"hidden\" name=\"_wpcf7_version\" value=\"6.1.5\" \/><input type=\"hidden\" name=\"_wpcf7_locale\" value=\"en_US\" \/><input type=\"hidden\" name=\"_wpcf7_unit_tag\" value=\"wpcf7-f27-o1\" \/><input type=\"hidden\" name=\"_wpcf7_container_post\" value=\"0\" \/><input type=\"hidden\" name=\"_wpcf7_posted_data_hash\" value=\"\" \/>\n<\/fieldset>\n<p><label> Your Name (required)<br \/>\n<span class=\"wpcf7-form-control-wrap\" data-name=\"your-name\"><input size=\"40\" maxlength=\"400\" class=\"wpcf7-form-control wpcf7-text wpcf7-validates-as-required\" aria-required=\"true\" aria-invalid=\"false\" value=\"\" type=\"text\" name=\"your-name\" \/><\/span> <\/label>\n<\/p>\n<p><label> Your Email (required)<br \/>\n<span class=\"wpcf7-form-control-wrap\" data-name=\"your-email\"><input size=\"40\" maxlength=\"400\" class=\"wpcf7-form-control wpcf7-email wpcf7-validates-as-required wpcf7-text wpcf7-validates-as-email\" aria-required=\"true\" aria-invalid=\"false\" value=\"\" type=\"email\" name=\"your-email\" \/><\/span> <\/label>\n<\/p>\n<p><label> Subject<br \/>\n<span class=\"wpcf7-form-control-wrap\" data-name=\"your-subject\"><input size=\"40\" maxlength=\"400\" class=\"wpcf7-form-control wpcf7-text\" aria-invalid=\"false\" value=\"\" type=\"text\" name=\"your-subject\" \/><\/span> <\/label>\n<\/p>\n<p><label> Your Message<br \/>\n<span class=\"wpcf7-form-control-wrap\" data-name=\"your-message\"><textarea cols=\"40\" rows=\"10\" maxlength=\"2000\" class=\"wpcf7-form-control wpcf7-textarea\" aria-invalid=\"false\" name=\"your-message\"><\/textarea><\/span> <\/label>\n<\/p>\n<p>[wpgdprc \"By using this form you agree with the storage and handling of your data by this website.\"]\n<\/p>\n<p><input class=\"wpcf7-form-control wpcf7-submit has-spinner\" type=\"submit\" value=\"Send\" \/>\n<\/p><p style=\"display: none !important;\" class=\"akismet-fields-container\" data-prefix=\"_wpcf7_ak_\"><label>&#916;<textarea name=\"_wpcf7_ak_hp_textarea\" cols=\"45\" rows=\"8\" maxlength=\"100\"><\/textarea><\/label><input type=\"hidden\" id=\"ak_js_1\" name=\"_wpcf7_ak_js\" value=\"67\"\/><script>document.getElementById( \"ak_js_1\" ).setAttribute( \"value\", ( new Date() ).getTime() );<\/script><\/p><div class=\"wpcf7-response-output\" aria-hidden=\"true\"><\/div>\n<\/form>\n<\/div>\n\n\t\t\t<\/div>\n\t<\/div>\n\t<\/div>\n\t<div class=\"ult-overlay-close top-right\" style=\" \"><div class=\"ult-overlay-close-inside\">Close<\/div><\/div>\n<\/div>[\/vc_column][\/vc_row]<\/p>\n<\/div>","protected":false},"excerpt":{"rendered":"<p>[vc_row content_width=&#8220;grid&#8220; full_screen_section_height=&#8220;no&#8220; css=&#8220;.vc_custom_1486026377670{padding-top: 30px !important;padding-bottom: 30px !important;}&#8220;][vc_column][vc_column_text]Das ist was den PADI Advanced Open Water Diver Kurs ausmacht.&nbsp;Du musst nicht \u201cfortgeschritten\u201d sein um teilzunehmen &#8211; der Kurs ist so ausgelegt, dass du deine Tauchfertigkeiten verbesserst, das hei\u00dft du kannst gleich nach Abschluss des PADI Open&#8230;<\/p>\n","protected":false},"author":7,"featured_media":0,"parent":0,"menu_order":0,"comment_status":"closed","ping_status":"closed","template":"full-width.php","meta":{"footnotes":""},"class_list":["post-5494","page","type-page","status-publish","hentry"],"yoast_head":"<!-- This site is optimized with the Yoast SEO plugin v27.0 - https:\/\/yoast.com\/product\/yoast-seo-wordpress\/ -->\n<title>Advanced Open Water Diver (AOWD) - Athens Divers Club<\/title>\n<meta name=\"description\" content=\"Du musst nicht \u201cfortgeschritten\u201d sein um teilzunehmen - der Kurs ist so ausgelegt, dass du deine Tauchfertigkeiten verbesserst\" \/>\n<meta name=\"robots\" content=\"index, follow, max-snippet:-1, max-image-preview:large, max-video-preview:-1\" \/>\n<link rel=\"canonical\" href=\"https:\/\/www.athensdiversclub.com\/de\/advanced-open-water-diver-aowd\/\" \/>\n<meta property=\"og:locale\" content=\"de_DE\" \/>\n<meta property=\"og:type\" content=\"article\" \/>\n<meta property=\"og:title\" content=\"Advanced Open Water Diver (AOWD) - Athens Divers Club\" \/>\n<meta property=\"og:description\" content=\"Du musst nicht \u201cfortgeschritten\u201d sein um teilzunehmen - der Kurs ist so ausgelegt, dass du deine Tauchfertigkeiten verbesserst\" \/>\n<meta property=\"og:url\" content=\"https:\/\/www.athensdiversclub.com\/de\/advanced-open-water-diver-aowd\/\" \/>\n<meta property=\"og:site_name\" content=\"Athens Divers Club\" \/>\n<meta property=\"article:publisher\" content=\"https:\/\/www.facebook.com\/athensdiversclub\/\" \/>\n<meta property=\"article:modified_time\" content=\"2021-01-16T13:58:15+00:00\" \/>\n<meta name=\"twitter:card\" content=\"summary_large_image\" \/>\n<meta name=\"twitter:site\" content=\"@AthensDivers\" \/>\n<meta name=\"twitter:label1\" content=\"Gesch\u00e4tzte Lesezeit\" \/>\n\t<meta name=\"twitter:data1\" content=\"5\u00a0Minuten\" \/>\n<script type=\"application\/ld+json\" class=\"yoast-schema-graph\">{\"@context\":\"https:\/\/schema.org\",\"@graph\":[{\"@type\":\"WebPage\",\"@id\":\"https:\/\/www.athensdiversclub.com\/de\/advanced-open-water-diver-aowd\/\",\"url\":\"https:\/\/www.athensdiversclub.com\/de\/advanced-open-water-diver-aowd\/\",\"name\":\"Advanced Open Water Diver (AOWD) - Athens Divers Club\",\"isPartOf\":{\"@id\":\"https:\/\/www.athensdiversclub.com\/#website\"},\"datePublished\":\"2018-07-10T20:19:16+00:00\",\"dateModified\":\"2021-01-16T13:58:15+00:00\",\"description\":\"Du musst nicht \u201cfortgeschritten\u201d sein um teilzunehmen - der Kurs ist so ausgelegt, dass du deine Tauchfertigkeiten verbesserst\",\"breadcrumb\":{\"@id\":\"https:\/\/www.athensdiversclub.com\/de\/advanced-open-water-diver-aowd\/#breadcrumb\"},\"inLanguage\":\"de\",\"potentialAction\":[{\"@type\":\"ReadAction\",\"target\":[\"https:\/\/www.athensdiversclub.com\/de\/advanced-open-water-diver-aowd\/\"]}]},{\"@type\":\"BreadcrumbList\",\"@id\":\"https:\/\/www.athensdiversclub.com\/de\/advanced-open-water-diver-aowd\/#breadcrumb\",\"itemListElement\":[{\"@type\":\"ListItem\",\"position\":1,\"name\":\"Home\",\"item\":\"https:\/\/www.athensdiversclub.com\/de\/\"},{\"@type\":\"ListItem\",\"position\":2,\"name\":\"Advanced Open Water Diver (AOWD)\"}]},{\"@type\":\"WebSite\",\"@id\":\"https:\/\/www.athensdiversclub.com\/#website\",\"url\":\"https:\/\/www.athensdiversclub.com\/\",\"name\":\"Athens Divers Club\",\"description\":\"\",\"potentialAction\":[{\"@type\":\"SearchAction\",\"target\":{\"@type\":\"EntryPoint\",\"urlTemplate\":\"https:\/\/www.athensdiversclub.com\/?s={search_term_string}\"},\"query-input\":{\"@type\":\"PropertyValueSpecification\",\"valueRequired\":true,\"valueName\":\"search_term_string\"}}],\"inLanguage\":\"de\"}]}<\/script>\n<!-- \/ Yoast SEO plugin. -->","yoast_head_json":{"title":"Advanced Open Water Diver (AOWD) - Athens Divers Club","description":"Du musst nicht \u201cfortgeschritten\u201d sein um teilzunehmen - der Kurs ist so ausgelegt, dass du deine Tauchfertigkeiten verbesserst","robots":{"index":"index","follow":"follow","max-snippet":"max-snippet:-1","max-image-preview":"max-image-preview:large","max-video-preview":"max-video-preview:-1"},"canonical":"https:\/\/www.athensdiversclub.com\/de\/advanced-open-water-diver-aowd\/","og_locale":"de_DE","og_type":"article","og_title":"Advanced Open Water Diver (AOWD) - Athens Divers Club","og_description":"Du musst nicht \u201cfortgeschritten\u201d sein um teilzunehmen - der Kurs ist so ausgelegt, dass du deine Tauchfertigkeiten verbesserst","og_url":"https:\/\/www.athensdiversclub.com\/de\/advanced-open-water-diver-aowd\/","og_site_name":"Athens Divers Club","article_publisher":"https:\/\/www.facebook.com\/athensdiversclub\/","article_modified_time":"2021-01-16T13:58:15+00:00","twitter_card":"summary_large_image","twitter_site":"@AthensDivers","twitter_misc":{"Gesch\u00e4tzte Lesezeit":"5\u00a0Minuten"},"schema":{"@context":"https:\/\/schema.org","@graph":[{"@type":"WebPage","@id":"https:\/\/www.athensdiversclub.com\/de\/advanced-open-water-diver-aowd\/","url":"https:\/\/www.athensdiversclub.com\/de\/advanced-open-water-diver-aowd\/","name":"Advanced Open Water Diver (AOWD) - Athens Divers Club","isPartOf":{"@id":"https:\/\/www.athensdiversclub.com\/#website"},"datePublished":"2018-07-10T20:19:16+00:00","dateModified":"2021-01-16T13:58:15+00:00","description":"Du musst nicht \u201cfortgeschritten\u201d sein um teilzunehmen - der Kurs ist so ausgelegt, dass du deine Tauchfertigkeiten verbesserst","breadcrumb":{"@id":"https:\/\/www.athensdiversclub.com\/de\/advanced-open-water-diver-aowd\/#breadcrumb"},"inLanguage":"de","potentialAction":[{"@type":"ReadAction","target":["https:\/\/www.athensdiversclub.com\/de\/advanced-open-water-diver-aowd\/"]}]},{"@type":"BreadcrumbList","@id":"https:\/\/www.athensdiversclub.com\/de\/advanced-open-water-diver-aowd\/#breadcrumb","itemListElement":[{"@type":"ListItem","position":1,"name":"Home","item":"https:\/\/www.athensdiversclub.com\/de\/"},{"@type":"ListItem","position":2,"name":"Advanced Open Water Diver (AOWD)"}]},{"@type":"WebSite","@id":"https:\/\/www.athensdiversclub.com\/#website","url":"https:\/\/www.athensdiversclub.com\/","name":"Athens Divers Club","description":"","potentialAction":[{"@type":"SearchAction","target":{"@type":"EntryPoint","urlTemplate":"https:\/\/www.athensdiversclub.com\/?s={search_term_string}"},"query-input":{"@type":"PropertyValueSpecification","valueRequired":true,"valueName":"search_term_string"}}],"inLanguage":"de"}]}},"_links":{"self":[{"href":"https:\/\/www.athensdiversclub.com\/de\/wp-json\/wp\/v2\/pages\/5494","targetHints":{"allow":["GET"]}}],"collection":[{"href":"https:\/\/www.athensdiversclub.com\/de\/wp-json\/wp\/v2\/pages"}],"about":[{"href":"https:\/\/www.athensdiversclub.com\/de\/wp-json\/wp\/v2\/types\/page"}],"author":[{"embeddable":true,"href":"https:\/\/www.athensdiversclub.com\/de\/wp-json\/wp\/v2\/users\/7"}],"replies":[{"embeddable":true,"href":"https:\/\/www.athensdiversclub.com\/de\/wp-json\/wp\/v2\/comments?post=5494"}],"version-history":[{"count":0,"href":"https:\/\/www.athensdiversclub.com\/de\/wp-json\/wp\/v2\/pages\/5494\/revisions"}],"wp:attachment":[{"href":"https:\/\/www.athensdiversclub.com\/de\/wp-json\/wp\/v2\/media?parent=5494"}],"curies":[{"name":"wp","href":"https:\/\/api.w.org\/{rel}","templated":true}]}}