{"id":5477,"date":"2018-07-10T22:26:40","date_gmt":"2018-07-10T19:26:40","guid":{"rendered":"https:\/\/www.athensdiversclub.com\/?page_id=5477"},"modified":"2021-01-22T14:35:25","modified_gmt":"2021-01-22T12:35:25","slug":"open-water-diver-owd","status":"publish","type":"page","link":"https:\/\/www.athensdiversclub.com\/de\/open-water-diver-owd\/","title":{"rendered":"Open Water Diver (OWD)"},"content":{"rendered":"<div class=\"wpb-content-wrapper\"><p>[vc_row content_width=&#8220;grid&#8220; full_screen_section_height=&#8220;no&#8220; css=&#8220;.vc_custom_1486028367465{padding-top: 30px !important;padding-bottom: 30px !important;background-color: #fbfbfb !important;}&#8220;][vc_column offset=&#8220;vc_col-lg-5 vc_col-md-5&#8243;][vc_empty_space height=&#8220;13px&#8220;][vc_single_image image=&#8220;8006&#8243; img_size=&#8220;medium&#8220;][vc_column_text]PADI Open Water Diver<\/p>\n<p>Werde ein brevetierter Taucher! Das Abenteuer beginnt hier!![\/vc_column_text][\/vc_column][vc_column offset=&#8220;vc_col-lg-7 vc_col-md-7&#8243;][vc_column_text]Wenn du schon immer an einem Tauchunterricht teilnehmen, einzigartige Abenteuer erleben und die Welt unterhalb der Wellen sehen wolltest, dann haben wir genau das Richtige f\u00fcr dich!<\/p>\n<p>Nimm an einem Open Water Kurs teil &#8211; dem beliebtesten Tauchkurs, der weltweit anerkannt ist &#8211; und erhalte deinen Tauchschein. Millionen Menschen haben bereits mit diesem Kurs tauchen gelernt und dadurch die Wunder der Unterwasserwelt kennengelernt.<\/p>\n<p>Um an einem PADI Open Water Diver (oder Junior Open Water Diver) Kurs teilzunehmen musst du mindestens 10 Jahre oder \u00e4lter sein. Du musst gute Schwimmkenntnisse besitzen und physisch gesund sein. Keine vorherige Taucherfahrung ist erforderlich.[\/vc_column_text][\/vc_column][\/vc_row][vc_row content_width=&#8220;grid&#8220; full_screen_section_height=&#8220;no&#8220; css=&#8220;.vc_custom_1486026377670{padding-top: 30px !important;padding-bottom: 30px !important;}&#8220;][vc_column][vc_text_separator title=&#8220;Werde ein brevetierter Taucher! Das Abenteuer beginnt hier!!!&#8220;][vc_column_text]Tauchen zu lernen ist eine unglaubliche Erfahrung. Unter Wasser zu atmen \u00f6ffnet dir den Weg in eine faszinierende, neue Welt. Der Kurs beinhaltet mindestens f\u00fcnf Tauchg\u00e4nge im begrenzten Wasser und vier Tauchg\u00e4nge im Freiwasser unter Aufsicht deines pers\u00f6nlichen PADI Tauchlehrers.[\/vc_column_text][\/vc_column][\/vc_row][vc_row content_width=&#8220;grid&#8220; full_screen_section_height=&#8220;no&#8220;][vc_column css=&#8220;.vc_custom_1489913201015{border-top-width: 0px !important;border-right-width: 0px !important;border-bottom-width: 2px !important;border-left-width: 0px !important;border-left-color: #dddddd !important;border-left-style: solid !important;border-right-color: #dddddd !important;border-right-style: solid !important;border-top-color: #dddddd !important;border-top-style: solid !important;border-bottom-color: #dddddd !important;border-bottom-style: solid !important;}&#8220;][vc_row_inner full_screen_section_height=&#8220;no&#8220;][vc_column_inner el_class=&#8220;expand-left&#8220; width=&#8220;1\/3&#8243;][vc_empty_space]<div id=\"ultimate-heading-417069d846f4a16b9\" class=\"uvc-heading ult-adjust-bottom-margin ultimate-heading-417069d846f4a16b9 uvc-774 \" data-hspacer=\"no_spacer\"  data-halign=\"center\" style=\"text-align:center\"><div class=\"uvc-heading-spacer no_spacer\" style=\"top\"><\/div><div class=\"uvc-main-heading ult-responsive\"  data-ultimate-target='.uvc-heading.ultimate-heading-417069d846f4a16b9 h2'  data-responsive-json-new='{\"font-size\":\"\",\"line-height\":\"\"}' ><h2 style=\"font-weight:normal;\">Open Water Diver<\/h2><\/div><\/div>[vc_empty_space]<div id=\"modal-trg-txt-wrap-4100\" class=\"ult-modal-input-wrapper ult-adjust-bottom-margin lets-go-diving qodef-btn qodef-btn-medium qodef-btn-outline qodef-btn-custom-hover-bg qodef-btn-custom-border-hover   \" data-keypress-control=\"keypress-control-enable\" data-overlay-control=\"overlay-control-enable\"><button  data-ultimate-target='#modal-trg-txt-wrap-4100 .btn-modal'  data-responsive-json-new='{\"font-size\":\"desktop:18px;\",\"line-height\":\"desktop:18px;\"}'  style=\"background:rgba(0,0,0,0.01);border-color:rgba(0,0,0,0.01);color:#2e9298; \" data-class-id=\"content-69d846f4a17281-34087722\" class=\"btn-modal ult-responsive btn-primary btn-modal-lg overlay-show .expand-deep-modal-button  ult-align-center btn-id-69d846f4a17281-34087722\" data-overlay-class=\"overlay-zoomin\">Become a Scuba Diver<\/button><\/div>\n<div class=\"ult-overlay content-69d846f4a17281-34087722 .expand-deep-modal\" data-class=\"content-69d846f4a17281-34087722\" id=\"button-click-overlay\" style=\"background:rgba(51,51,51,0.8); display:none;\">\n\t<div class=\"ult_modal ult-fade ult-medium\">\n\t\t<div id=\"ult-modal-wrap-9578\" class=\"ult_modal-content ult-hide\" style=\"border-style:solid;border-width:2px;border-radius:0px;border-color:#333333;\">\n\t\t\t<div class=\"ult_modal-header\" style=\"color:#333333;border-color:#333333;\">\n\t\t\t\t<h3  data-ultimate-target='#ult-modal-wrap-9578 .ult_modal-title'  data-responsive-json-new='{\"font-size\":\"\",\"line-height\":\"\"}'  class=\"ult_modal-title ult-responsive\">Become a Scuba Diver<\/h3>\n\t\t\t<\/div>\n\t\t\t<div  data-ultimate-target='#ult-modal-wrap-9578 .ult_modal-body'  data-responsive-json-new='{\"font-size\":\"\",\"line-height\":\"\"}'  class=\"ult_modal-body ult-responsive ult-html\" style=\"\">\n\t\t\t\n<div class=\"wpcf7 no-js\" id=\"wpcf7-f27-o1\" lang=\"en-US\" dir=\"ltr\" data-wpcf7-id=\"27\">\n<div class=\"screen-reader-response\"><p role=\"status\" aria-live=\"polite\" aria-atomic=\"true\"><\/p> <ul><\/ul><\/div>\n<form action=\"\/de\/wp-json\/wp\/v2\/pages\/5477#wpcf7-f27-o1\" method=\"post\" class=\"wpcf7-form init\" aria-label=\"Contact form\" novalidate=\"novalidate\" data-status=\"init\">\n<fieldset class=\"hidden-fields-container\"><input type=\"hidden\" name=\"_wpcf7\" value=\"27\" \/><input type=\"hidden\" name=\"_wpcf7_version\" value=\"6.1.5\" \/><input type=\"hidden\" name=\"_wpcf7_locale\" value=\"en_US\" \/><input type=\"hidden\" name=\"_wpcf7_unit_tag\" value=\"wpcf7-f27-o1\" \/><input type=\"hidden\" name=\"_wpcf7_container_post\" value=\"0\" \/><input type=\"hidden\" name=\"_wpcf7_posted_data_hash\" value=\"\" \/>\n<\/fieldset>\n<p><label> Your Name (required)<br \/>\n<span class=\"wpcf7-form-control-wrap\" data-name=\"your-name\"><input size=\"40\" maxlength=\"400\" class=\"wpcf7-form-control wpcf7-text wpcf7-validates-as-required\" aria-required=\"true\" aria-invalid=\"false\" value=\"\" type=\"text\" name=\"your-name\" \/><\/span> <\/label>\n<\/p>\n<p><label> Your Email (required)<br \/>\n<span class=\"wpcf7-form-control-wrap\" data-name=\"your-email\"><input size=\"40\" maxlength=\"400\" class=\"wpcf7-form-control wpcf7-email wpcf7-validates-as-required wpcf7-text wpcf7-validates-as-email\" aria-required=\"true\" aria-invalid=\"false\" value=\"\" type=\"email\" name=\"your-email\" \/><\/span> <\/label>\n<\/p>\n<p><label> Subject<br \/>\n<span class=\"wpcf7-form-control-wrap\" data-name=\"your-subject\"><input size=\"40\" maxlength=\"400\" class=\"wpcf7-form-control wpcf7-text\" aria-invalid=\"false\" value=\"\" type=\"text\" name=\"your-subject\" \/><\/span> <\/label>\n<\/p>\n<p><label> Your Message<br \/>\n<span class=\"wpcf7-form-control-wrap\" data-name=\"your-message\"><textarea cols=\"40\" rows=\"10\" maxlength=\"2000\" class=\"wpcf7-form-control wpcf7-textarea\" aria-invalid=\"false\" name=\"your-message\"><\/textarea><\/span> <\/label>\n<\/p>\n<p>[wpgdprc \"By using this form you agree with the storage and handling of your data by this website.\"]\n<\/p>\n<p><input class=\"wpcf7-form-control wpcf7-submit has-spinner\" type=\"submit\" value=\"Send\" \/>\n<\/p><p style=\"display: none !important;\" class=\"akismet-fields-container\" data-prefix=\"_wpcf7_ak_\"><label>&#916;<textarea name=\"_wpcf7_ak_hp_textarea\" cols=\"45\" rows=\"8\" maxlength=\"100\"><\/textarea><\/label><input type=\"hidden\" id=\"ak_js_1\" name=\"_wpcf7_ak_js\" value=\"220\"\/><script>document.getElementById( \"ak_js_1\" ).setAttribute( \"value\", ( new Date() ).getTime() );<\/script><\/p><div class=\"wpcf7-response-output\" aria-hidden=\"true\"><\/div>\n<\/form>\n<\/div>\n\n\t\t\t<\/div>\n\t<\/div>\n\t<\/div>\n\t<div class=\"ult-overlay-close top-right\" style=\" \"><div class=\"ult-overlay-close-inside\">Close<\/div><\/div>\n<\/div>[\/vc_column_inner][vc_column_inner width=&#8220;2\/3&#8243;]<div id=\"ultimate-heading-742969d846f4a3264\" class=\"uvc-heading ult-adjust-bottom-margin ultimate-heading-742969d846f4a3264 uvc-4512 \" data-hspacer=\"no_spacer\"  data-halign=\"left\" style=\"text-align:left\"><div class=\"uvc-heading-spacer no_spacer\" style=\"top\"><\/div><div class=\"uvc-main-heading ult-responsive\"  data-ultimate-target='.uvc-heading.ultimate-heading-742969d846f4a3264 h4'  data-responsive-json-new='{\"font-size\":\"\",\"line-height\":\"\"}' ><h4 style=\"font-weight:normal;margin-top:20px;\">Open Water Diver Kursabschnitte<\/h4><\/div><\/div>[vc_column_text]<\/p>\n<div class=\"wpb_text_column wpb_content_element \">\n<div class=\"wpb_wrapper\">\n<h4>Der Open Water Diver Kurs besteht aus drei Abschnitten:<\/h4>\n<ul>\n<li>Wissensvermittlung\/Tauchtheorie (online, als Heimstudium oder in einem Kursraum)<\/li>\n<li>F\u00fcnf Tauchg\u00e4nge im begrenzten Wasser (Grundlagen des Tauchens in begrenztem Freiwasser)<\/li>\n<li>Vier Open Water Tauchg\u00e4nge (im Meer), wo du die erlernten Fertigkeiten verwenden und die Unterwasserwelt erkunden kannst<\/li>\n<\/ul>\n<p>Wenn du bereits das Discover Scuba Diving Programm ausprobiert hast, k\u00f6nnen dir die gelernten Fertigkeiten auf Teile des PADI Open Water Diver Kurses angerechnet werden.<\/p>\n<p>Falls du nicht gen\u00fcgend Zeit f\u00fcr den kompletten Open Water Tauchkurs hast, ist der PADI Scuba Diver Kurs vielleicht das Richtige f\u00fcr dich. Du kannst immer noch deine Ausbildung zum brevetierten Open Water Diver zu einem sp\u00e4teren Zeitpunkt weiter aufbauen.<\/p>\n<\/div>\n<\/div>\n<p>[\/vc_column_text]<div id=\"ultimate-heading-233669d846f4a32a9\" class=\"uvc-heading ult-adjust-bottom-margin ultimate-heading-233669d846f4a32a9 uvc-9436 \" data-hspacer=\"no_spacer\"  data-halign=\"left\" style=\"text-align:left\"><div class=\"uvc-heading-spacer no_spacer\" style=\"top\"><\/div><div class=\"uvc-main-heading ult-responsive\"  data-ultimate-target='.uvc-heading.ultimate-heading-233669d846f4a32a9 h4'  data-responsive-json-new='{\"font-size\":\"\",\"line-height\":\"\"}' ><h4 style=\"font-weight:normal;margin-top:20px;\">Du kannst heute schon mit der Theorie beginnen<\/h4><\/div><\/div>[vc_column_text]Du kannst heute schon beginnen die Open Water Kurstheorie zu studieren, auch bevor du zu uns f\u00fcr dein Training im begrenzten und im Freiwasser kommst, so dass du fertig mit der Theorie und bereit zum Tauchen bist.<\/p>\n<p>&nbsp;Schau dir die drei M\u00f6glichkeiten an, die Theorie zu studieren:<\/p>\n<ol>\n<li>Open Water Diver Online (PADIs eLearning Option)<\/li>\n<\/ol>\n<p>Bei der PADI Open Water Diver Online Methode erh\u00e4ltst du in einem benutzerfreundlichen und interaktiven Programm&nbsp; alle notwendigen Informationen, damit du sicher tauchst und es erm\u00f6glicht dir in eigenem Tempo zu studieren.<\/p>\n<p>&nbsp;<\/p>\n<ol start=\"2\">\n<li>Open Water Diver TouchTM&nbsp;(die App f\u00fcr Tablets)<\/li>\n<\/ol>\n<p><a href=\"https:\/\/www.youtube.com\/watch?v=_SkSWkVa4Wk\">https:\/\/www.youtube.com\/watch?v=_SkSWkVa4Wk<\/a><\/p>\n<p>Die Touch-Variante kombiniert das PADI Open Water Diver Handbuch mit dem PADI Open Water Diver Video in einer wirkungsvollen Tablet \u2013 Lernmethode. Nachdem du die Anwendung heruntergeladen hast, kannst du auch offline lernen wann und wo du m\u00f6chtest.<\/p>\n<p>&nbsp;<\/p>\n<p>Probiere es aus!<\/p>\n<p>&nbsp;<\/p>\n<p>Du kannst die kostenlose PADI Library App f\u00fcr Apple oder Android herunterladen und dir die <em>Touch<\/em> Einleitung anschauen. Willst du herausfinden, welche Methode dich f\u00fcr den PADI Open Water Diver Kurs vorzubereiten f\u00fcr dich am besten ist? Kontaktiere uns um mehr zur <em>Touch<\/em>-Variante zu erfahren. Wir helfen dir gerne dabei.<\/p>\n<p>&nbsp;&nbsp;&nbsp;&nbsp; 3. Open Water Diver Crew Paket&nbsp;(Handbuch &amp; DVD als Paket).<\/p>\n<p>Wenn du zu uns zur Tauchbasis kommst, bekommst du das Paket von uns. Wir vereinbaren Termine um deinen Fortschritt zu \u00fcberpr\u00fcfen und um sicher zu gehen, dass du die wichtigen Informationen rund ums Tauchen verstanden hast.[\/vc_column_text]<div id=\"ultimate-heading-365469d846f4a32e1\" class=\"uvc-heading ult-adjust-bottom-margin ultimate-heading-365469d846f4a32e1 uvc-1004 \" data-hspacer=\"no_spacer\"  data-halign=\"left\" style=\"text-align:left\"><div class=\"uvc-heading-spacer no_spacer\" style=\"top\"><\/div><div class=\"uvc-main-heading ult-responsive\"  data-ultimate-target='.uvc-heading.ultimate-heading-365469d846f4a32e1 h4'  data-responsive-json-new='{\"font-size\":\"\",\"line-height\":\"\"}' ><h4 style=\"font-weight:normal;margin-top:20px;\">Dein n\u00e4chster Schritt<\/h4><\/div><\/div>[vc_column_text]Kontaktiere uns und wir helfen dir gerne, die richtige Lernmethode f\u00fcr dich herauszufinden.<\/p>\n<p>Melde dich zum Open Water Diver Touch oder Open Water Diver eLearning an und beginne jetzt dein Unterwasser-Abenteuer![\/vc_column_text]<div id=\"ultimate-heading-787069d846f4a3316\" class=\"uvc-heading ult-adjust-bottom-margin ultimate-heading-787069d846f4a3316 uvc-8473 \" data-hspacer=\"no_spacer\"  data-halign=\"left\" style=\"text-align:left\"><div class=\"uvc-heading-spacer no_spacer\" style=\"top\"><\/div><div class=\"uvc-main-heading ult-responsive\"  data-ultimate-target='.uvc-heading.ultimate-heading-787069d846f4a3316 h4'  data-responsive-json-new='{\"font-size\":\"\",\"line-height\":\"\"}' ><h4 style=\"font-weight:normal;margin-top:20px;\">Welche Tauchausr\u00fcstung wirst du verwenden?<\/h4><\/div><\/div>[vc_column_text]Im PADI Open Water Diver Kurs lernst du den Umgang mit der Grundtauchausr\u00fcstung d.h.&nbsp; Maske, Schnorchel, Flossen, Taucherjacket, Gewichtssystem und Tauchflasche. Wir passen deine Tauchausr\u00fcstung an deinen pers\u00f6nlichen Bed\u00fcrfnissen und an den Wetterverh\u00e4ltnissen an, d.h. sie kann unterschiedlich ausfallen.[\/vc_column_text]<div id=\"ultimate-heading-160669d846f4a334b\" class=\"uvc-heading ult-adjust-bottom-margin ultimate-heading-160669d846f4a334b uvc-7421 \" data-hspacer=\"no_spacer\"  data-halign=\"left\" style=\"text-align:left\"><div class=\"uvc-heading-spacer no_spacer\" style=\"top\"><\/div><div class=\"uvc-main-heading ult-responsive\"  data-ultimate-target='.uvc-heading.ultimate-heading-160669d846f4a334b h4'  data-responsive-json-new='{\"font-size\":\"\",\"line-height\":\"\"}' ><h4 style=\"font-weight:normal;margin-top:20px;\">Teilnahmevoraussetzungen<\/h4><\/div><\/div>[vc_column_text].<\/p>\n<p>Um an einem PADI Open Water Diver (oder Junior Open Water Diver) Kurs teilzunehmen musst du mindestens 10 Jahre oder \u00e4lter sein. Du musst gute Schwimmkenntnisse besitzen und physisch gesund sein. Keine vorherige Taucherfahrung ist erforderlich.<\/p>\n<p><a href=\"https:\/\/www.padi.com\/sites\/default\/files\/2017-03\/10063_RSTC_MedState_v201_07_web.pdf\">Medizinischer<\/a> Nachweis und Fragebogen (pdf) hier downloaden[\/vc_column_text]<div id=\"ultimate-heading-699269d846f4a337c\" class=\"uvc-heading ult-adjust-bottom-margin ultimate-heading-699269d846f4a337c uvc-8299 \" data-hspacer=\"no_spacer\"  data-halign=\"left\" style=\"text-align:left\"><div class=\"uvc-heading-spacer no_spacer\" style=\"top\"><\/div><div class=\"uvc-main-heading ult-responsive\"  data-ultimate-target='.uvc-heading.ultimate-heading-699269d846f4a337c h4'  data-responsive-json-new='{\"font-size\":\"\",\"line-height\":\"\"}' ><h4 style=\"font-weight:normal;margin-top:20px;\">Dein n\u00e4chstes Tauchabeneuer<\/h4><\/div><\/div>[vc_column_text]Sammle mehr Erfahrung und vertiefe deine Kenntnisse im PADI <a href=\"http:\/\/www.athensdiversclub.com\/advanced-open-water-diver-aowd\/\">Advanced Open Water Diver<\/a> Kurs. Nein, du musst nicht \u201cfortgeschritten\u201d sein um teilzunehmen &#8211; der Kurs ist so ausgelegt, dass du deine Tauchfertigkeiten verbesserst, das hei\u00dft du kannst gleich nach Abschluss des PADI Open Water Diver Kurses damit beginnen.Du wirst mehr Tauchg\u00e4nge sammeln und neue Fertigkeiten entwickeln, damit du noch mehr Spa\u00df am Tauchen hast.<\/p>\n<p>&nbsp;<\/p>\n<p>&nbsp;<\/p>\n<p>&nbsp;[\/vc_column_text][vc_empty_space][\/vc_column_inner][\/vc_row_inner][\/vc_column][\/vc_row]<\/p>\n<\/div>","protected":false},"excerpt":{"rendered":"<p>[vc_row content_width=&#8220;grid&#8220; full_screen_section_height=&#8220;no&#8220; css=&#8220;.vc_custom_1486028367465{padding-top: 30px !important;padding-bottom: 30px !important;background-color: #fbfbfb !important;}&#8220;][vc_column offset=&#8220;vc_col-lg-5 vc_col-md-5&#8243;][vc_empty_space height=&#8220;13px&#8220;][vc_single_image image=&#8220;8006&#8243; img_size=&#8220;medium&#8220;][vc_column_text]PADI Open Water Diver Werde ein brevetierter Taucher! Das Abenteuer beginnt hier!![\/vc_column_text][\/vc_column][vc_column offset=&#8220;vc_col-lg-7 vc_col-md-7&#8243;][vc_column_text]Wenn du schon immer an einem Tauchunterricht teilnehmen, einzigartige Abenteuer erleben und die Welt unterhalb der Wellen sehen&#8230;<\/p>\n","protected":false},"author":7,"featured_media":0,"parent":0,"menu_order":0,"comment_status":"closed","ping_status":"closed","template":"full-width.php","meta":{"footnotes":""},"class_list":["post-5477","page","type-page","status-publish","hentry"],"yoast_head":"<!-- This site is optimized with the Yoast SEO plugin v27.0 - https:\/\/yoast.com\/product\/yoast-seo-wordpress\/ -->\n<title>Open Water Diver (OWD) - Athens Divers Club<\/title>\n<meta name=\"robots\" content=\"index, follow, max-snippet:-1, max-image-preview:large, max-video-preview:-1\" \/>\n<link rel=\"canonical\" href=\"https:\/\/www.athensdiversclub.com\/de\/open-water-diver-owd\/\" \/>\n<meta property=\"og:locale\" content=\"de_DE\" \/>\n<meta property=\"og:type\" content=\"article\" \/>\n<meta property=\"og:title\" content=\"Open Water Diver (OWD) - Athens Divers Club\" \/>\n<meta property=\"og:description\" content=\"[vc_row content_width=&#8220;grid&#8220; full_screen_section_height=&#8220;no&#8220; css=&#8220;.vc_custom_1486028367465{padding-top: 30px !important;padding-bottom: 30px !important;background-color: #fbfbfb !important;}&#8220;][vc_column offset=&#8220;vc_col-lg-5 vc_col-md-5&#8243;][vc_empty_space height=&#8220;13px&#8220;][vc_single_image image=&#8220;8006&#8243; img_size=&#8220;medium&#8220;][vc_column_text]PADI Open Water Diver Werde ein brevetierter Taucher! Das Abenteuer beginnt hier!![\/vc_column_text][\/vc_column][vc_column offset=&#8220;vc_col-lg-7 vc_col-md-7&#8243;][vc_column_text]Wenn du schon immer an einem Tauchunterricht teilnehmen, einzigartige Abenteuer erleben und die Welt unterhalb der Wellen sehen...\" \/>\n<meta property=\"og:url\" content=\"https:\/\/www.athensdiversclub.com\/de\/open-water-diver-owd\/\" \/>\n<meta property=\"og:site_name\" content=\"Athens Divers Club\" \/>\n<meta property=\"article:publisher\" content=\"https:\/\/www.facebook.com\/athensdiversclub\/\" \/>\n<meta property=\"article:modified_time\" content=\"2021-01-22T12:35:25+00:00\" \/>\n<meta name=\"twitter:card\" content=\"summary_large_image\" \/>\n<meta name=\"twitter:site\" content=\"@AthensDivers\" \/>\n<meta name=\"twitter:label1\" content=\"Gesch\u00e4tzte Lesezeit\" \/>\n\t<meta name=\"twitter:data1\" content=\"4\u00a0Minuten\" \/>\n<script type=\"application\/ld+json\" class=\"yoast-schema-graph\">{\"@context\":\"https:\/\/schema.org\",\"@graph\":[{\"@type\":\"WebPage\",\"@id\":\"https:\/\/www.athensdiversclub.com\/de\/open-water-diver-owd\/\",\"url\":\"https:\/\/www.athensdiversclub.com\/de\/open-water-diver-owd\/\",\"name\":\"Open Water Diver (OWD) - Athens Divers Club\",\"isPartOf\":{\"@id\":\"https:\/\/www.athensdiversclub.com\/#website\"},\"datePublished\":\"2018-07-10T19:26:40+00:00\",\"dateModified\":\"2021-01-22T12:35:25+00:00\",\"breadcrumb\":{\"@id\":\"https:\/\/www.athensdiversclub.com\/de\/open-water-diver-owd\/#breadcrumb\"},\"inLanguage\":\"de\",\"potentialAction\":[{\"@type\":\"ReadAction\",\"target\":[\"https:\/\/www.athensdiversclub.com\/de\/open-water-diver-owd\/\"]}]},{\"@type\":\"BreadcrumbList\",\"@id\":\"https:\/\/www.athensdiversclub.com\/de\/open-water-diver-owd\/#breadcrumb\",\"itemListElement\":[{\"@type\":\"ListItem\",\"position\":1,\"name\":\"Home\",\"item\":\"https:\/\/www.athensdiversclub.com\/de\/\"},{\"@type\":\"ListItem\",\"position\":2,\"name\":\"Open Water Diver (OWD)\"}]},{\"@type\":\"WebSite\",\"@id\":\"https:\/\/www.athensdiversclub.com\/#website\",\"url\":\"https:\/\/www.athensdiversclub.com\/\",\"name\":\"Athens Divers Club\",\"description\":\"\",\"potentialAction\":[{\"@type\":\"SearchAction\",\"target\":{\"@type\":\"EntryPoint\",\"urlTemplate\":\"https:\/\/www.athensdiversclub.com\/?s={search_term_string}\"},\"query-input\":{\"@type\":\"PropertyValueSpecification\",\"valueRequired\":true,\"valueName\":\"search_term_string\"}}],\"inLanguage\":\"de\"}]}<\/script>\n<!-- \/ Yoast SEO plugin. -->","yoast_head_json":{"title":"Open Water Diver (OWD) - Athens Divers Club","robots":{"index":"index","follow":"follow","max-snippet":"max-snippet:-1","max-image-preview":"max-image-preview:large","max-video-preview":"max-video-preview:-1"},"canonical":"https:\/\/www.athensdiversclub.com\/de\/open-water-diver-owd\/","og_locale":"de_DE","og_type":"article","og_title":"Open Water Diver (OWD) - Athens Divers Club","og_description":"[vc_row content_width=&#8220;grid&#8220; full_screen_section_height=&#8220;no&#8220; css=&#8220;.vc_custom_1486028367465{padding-top: 30px !important;padding-bottom: 30px !important;background-color: #fbfbfb !important;}&#8220;][vc_column offset=&#8220;vc_col-lg-5 vc_col-md-5&#8243;][vc_empty_space height=&#8220;13px&#8220;][vc_single_image image=&#8220;8006&#8243; img_size=&#8220;medium&#8220;][vc_column_text]PADI Open Water Diver Werde ein brevetierter Taucher! Das Abenteuer beginnt hier!![\/vc_column_text][\/vc_column][vc_column offset=&#8220;vc_col-lg-7 vc_col-md-7&#8243;][vc_column_text]Wenn du schon immer an einem Tauchunterricht teilnehmen, einzigartige Abenteuer erleben und die Welt unterhalb der Wellen sehen...","og_url":"https:\/\/www.athensdiversclub.com\/de\/open-water-diver-owd\/","og_site_name":"Athens Divers Club","article_publisher":"https:\/\/www.facebook.com\/athensdiversclub\/","article_modified_time":"2021-01-22T12:35:25+00:00","twitter_card":"summary_large_image","twitter_site":"@AthensDivers","twitter_misc":{"Gesch\u00e4tzte Lesezeit":"4\u00a0Minuten"},"schema":{"@context":"https:\/\/schema.org","@graph":[{"@type":"WebPage","@id":"https:\/\/www.athensdiversclub.com\/de\/open-water-diver-owd\/","url":"https:\/\/www.athensdiversclub.com\/de\/open-water-diver-owd\/","name":"Open Water Diver (OWD) - Athens Divers Club","isPartOf":{"@id":"https:\/\/www.athensdiversclub.com\/#website"},"datePublished":"2018-07-10T19:26:40+00:00","dateModified":"2021-01-22T12:35:25+00:00","breadcrumb":{"@id":"https:\/\/www.athensdiversclub.com\/de\/open-water-diver-owd\/#breadcrumb"},"inLanguage":"de","potentialAction":[{"@type":"ReadAction","target":["https:\/\/www.athensdiversclub.com\/de\/open-water-diver-owd\/"]}]},{"@type":"BreadcrumbList","@id":"https:\/\/www.athensdiversclub.com\/de\/open-water-diver-owd\/#breadcrumb","itemListElement":[{"@type":"ListItem","position":1,"name":"Home","item":"https:\/\/www.athensdiversclub.com\/de\/"},{"@type":"ListItem","position":2,"name":"Open Water Diver (OWD)"}]},{"@type":"WebSite","@id":"https:\/\/www.athensdiversclub.com\/#website","url":"https:\/\/www.athensdiversclub.com\/","name":"Athens Divers Club","description":"","potentialAction":[{"@type":"SearchAction","target":{"@type":"EntryPoint","urlTemplate":"https:\/\/www.athensdiversclub.com\/?s={search_term_string}"},"query-input":{"@type":"PropertyValueSpecification","valueRequired":true,"valueName":"search_term_string"}}],"inLanguage":"de"}]}},"_links":{"self":[{"href":"https:\/\/www.athensdiversclub.com\/de\/wp-json\/wp\/v2\/pages\/5477","targetHints":{"allow":["GET"]}}],"collection":[{"href":"https:\/\/www.athensdiversclub.com\/de\/wp-json\/wp\/v2\/pages"}],"about":[{"href":"https:\/\/www.athensdiversclub.com\/de\/wp-json\/wp\/v2\/types\/page"}],"author":[{"embeddable":true,"href":"https:\/\/www.athensdiversclub.com\/de\/wp-json\/wp\/v2\/users\/7"}],"replies":[{"embeddable":true,"href":"https:\/\/www.athensdiversclub.com\/de\/wp-json\/wp\/v2\/comments?post=5477"}],"version-history":[{"count":0,"href":"https:\/\/www.athensdiversclub.com\/de\/wp-json\/wp\/v2\/pages\/5477\/revisions"}],"wp:attachment":[{"href":"https:\/\/www.athensdiversclub.com\/de\/wp-json\/wp\/v2\/media?parent=5477"}],"curies":[{"name":"wp","href":"https:\/\/api.w.org\/{rel}","templated":true}]}}