{"id":5471,"date":"2018-07-10T21:58:43","date_gmt":"2018-07-10T18:58:43","guid":{"rendered":"https:\/\/www.athensdiversclub.com\/?page_id=5471"},"modified":"2022-09-07T17:55:03","modified_gmt":"2022-09-07T14:55:03","slug":"scuba-diver-sd","status":"publish","type":"page","link":"https:\/\/www.athensdiversclub.com\/de\/scuba-diver-sd\/","title":{"rendered":"Scuba Diver (SD)"},"content":{"rendered":"<div class=\"wpb-content-wrapper\"><p>[vc_row content_width=&#8220;grid&#8220; full_screen_section_height=&#8220;no&#8220;][vc_column css=&#8220;.vc_custom_1489913201015{border-top-width: 0px !important;border-right-width: 0px !important;border-bottom-width: 2px !important;border-left-width: 0px !important;border-left-color: #dddddd !important;border-left-style: solid !important;border-right-color: #dddddd !important;border-right-style: solid !important;border-top-color: #dddddd !important;border-top-style: solid !important;border-bottom-color: #dddddd !important;border-bottom-style: solid !important;}&#8220;][vc_row_inner full_screen_section_height=&#8220;no&#8220;][vc_column_inner el_class=&#8220;expand-left&#8220; width=&#8220;1\/3&#8243;][vc_empty_space]<div id=\"ultimate-heading-773369d847769abad\" class=\"uvc-heading ult-adjust-bottom-margin ultimate-heading-773369d847769abad uvc-2679 \" data-hspacer=\"no_spacer\"  data-halign=\"center\" style=\"text-align:center\"><div class=\"uvc-heading-spacer no_spacer\" style=\"top\"><\/div><div class=\"uvc-main-heading ult-responsive\"  data-ultimate-target='.uvc-heading.ultimate-heading-773369d847769abad h2'  data-responsive-json-new='{\"font-size\":\"\",\"line-height\":\"\"}' ><h2 style=\"font-weight:normal;\">Scuba Diver (SD)<\/h2><\/div><\/div>[vc_empty_space]<div id=\"modal-trg-txt-wrap-1402\" class=\"ult-modal-input-wrapper ult-adjust-bottom-margin lets-go-diving qodef-btn qodef-btn-medium qodef-btn-outline qodef-btn-custom-hover-bg qodef-btn-custom-border-hover   \" data-keypress-control=\"keypress-control-enable\" data-overlay-control=\"overlay-control-enable\"><button  data-ultimate-target='#modal-trg-txt-wrap-1402 .btn-modal'  data-responsive-json-new='{\"font-size\":\"desktop:18px;\",\"line-height\":\"desktop:18px;\"}'  style=\"background:rgba(0,0,0,0.01);border-color:rgba(0,0,0,0.01);color:#2e9298; \" data-class-id=\"content-69d847769ac176-71518780\" class=\"btn-modal ult-responsive btn-primary btn-modal-lg overlay-show .expand-deep-modal-button  ult-align-center btn-id-69d847769ac176-71518780\" data-overlay-class=\"overlay-zoomin\">Become a Scuba Diver<\/button><\/div>\n<div class=\"ult-overlay content-69d847769ac176-71518780 .expand-deep-modal\" data-class=\"content-69d847769ac176-71518780\" id=\"button-click-overlay\" style=\"background:rgba(51,51,51,0.8); display:none;\">\n\t<div class=\"ult_modal ult-fade ult-medium\">\n\t\t<div id=\"ult-modal-wrap-7891\" class=\"ult_modal-content ult-hide\" style=\"border-style:solid;border-width:2px;border-radius:0px;border-color:#333333;\">\n\t\t\t<div class=\"ult_modal-header\" style=\"color:#333333;border-color:#333333;\">\n\t\t\t\t<h3  data-ultimate-target='#ult-modal-wrap-7891 .ult_modal-title'  data-responsive-json-new='{\"font-size\":\"\",\"line-height\":\"\"}'  class=\"ult_modal-title ult-responsive\">Become a Scuba Diver<\/h3>\n\t\t\t<\/div>\n\t\t\t<div  data-ultimate-target='#ult-modal-wrap-7891 .ult_modal-body'  data-responsive-json-new='{\"font-size\":\"\",\"line-height\":\"\"}'  class=\"ult_modal-body ult-responsive ult-html\" style=\"\">\n\t\t\t\n<div class=\"wpcf7 no-js\" id=\"wpcf7-f27-o1\" lang=\"en-US\" dir=\"ltr\" data-wpcf7-id=\"27\">\n<div class=\"screen-reader-response\"><p role=\"status\" aria-live=\"polite\" aria-atomic=\"true\"><\/p> <ul><\/ul><\/div>\n<form action=\"\/de\/wp-json\/wp\/v2\/pages\/5471#wpcf7-f27-o1\" method=\"post\" class=\"wpcf7-form init\" aria-label=\"Contact form\" novalidate=\"novalidate\" data-status=\"init\">\n<fieldset class=\"hidden-fields-container\"><input type=\"hidden\" name=\"_wpcf7\" value=\"27\" \/><input type=\"hidden\" name=\"_wpcf7_version\" value=\"6.1.5\" \/><input type=\"hidden\" name=\"_wpcf7_locale\" value=\"en_US\" \/><input type=\"hidden\" name=\"_wpcf7_unit_tag\" value=\"wpcf7-f27-o1\" \/><input type=\"hidden\" name=\"_wpcf7_container_post\" value=\"0\" \/><input type=\"hidden\" name=\"_wpcf7_posted_data_hash\" value=\"\" \/>\n<\/fieldset>\n<p><label> Your Name (required)<br \/>\n<span class=\"wpcf7-form-control-wrap\" data-name=\"your-name\"><input size=\"40\" maxlength=\"400\" class=\"wpcf7-form-control wpcf7-text wpcf7-validates-as-required\" aria-required=\"true\" aria-invalid=\"false\" value=\"\" type=\"text\" name=\"your-name\" \/><\/span> <\/label>\n<\/p>\n<p><label> Your Email (required)<br \/>\n<span class=\"wpcf7-form-control-wrap\" data-name=\"your-email\"><input size=\"40\" maxlength=\"400\" class=\"wpcf7-form-control wpcf7-email wpcf7-validates-as-required wpcf7-text wpcf7-validates-as-email\" aria-required=\"true\" aria-invalid=\"false\" value=\"\" type=\"email\" name=\"your-email\" \/><\/span> <\/label>\n<\/p>\n<p><label> Subject<br \/>\n<span class=\"wpcf7-form-control-wrap\" data-name=\"your-subject\"><input size=\"40\" maxlength=\"400\" class=\"wpcf7-form-control wpcf7-text\" aria-invalid=\"false\" value=\"\" type=\"text\" name=\"your-subject\" \/><\/span> <\/label>\n<\/p>\n<p><label> Your Message<br \/>\n<span class=\"wpcf7-form-control-wrap\" data-name=\"your-message\"><textarea cols=\"40\" rows=\"10\" maxlength=\"2000\" class=\"wpcf7-form-control wpcf7-textarea\" aria-invalid=\"false\" name=\"your-message\"><\/textarea><\/span> <\/label>\n<\/p>\n<p>[wpgdprc \"By using this form you agree with the storage and handling of your data by this website.\"]\n<\/p>\n<p><input class=\"wpcf7-form-control wpcf7-submit has-spinner\" type=\"submit\" value=\"Send\" \/>\n<\/p><p style=\"display: none !important;\" class=\"akismet-fields-container\" data-prefix=\"_wpcf7_ak_\"><label>&#916;<textarea name=\"_wpcf7_ak_hp_textarea\" cols=\"45\" rows=\"8\" maxlength=\"100\"><\/textarea><\/label><input type=\"hidden\" id=\"ak_js_1\" name=\"_wpcf7_ak_js\" value=\"58\"\/><script>document.getElementById( \"ak_js_1\" ).setAttribute( \"value\", ( new Date() ).getTime() );<\/script><\/p><div class=\"wpcf7-response-output\" aria-hidden=\"true\"><\/div>\n<\/form>\n<\/div>\n\n\t\t\t<\/div>\n\t<\/div>\n\t<\/div>\n\t<div class=\"ult-overlay-close top-right\" style=\" \"><div class=\"ult-overlay-close-inside\">Close<\/div><\/div>\n<\/div>[\/vc_column_inner][vc_column_inner width=&#8220;2\/3&#8243;][vc_column_text]<\/p>\n<h4>Bist du bereit ein brevetierter PADI Taucher zu werden?<\/h4>\n<p>Die PADI Scuba Diver Ausbildung ist ein Unterprogramm des PADI Open Water Diver Kurses. Wenn du wenig Zeit hast aber unbedingt ein zertifizierter Taucher werden willst, k\u00f6nnte der PADI Scuba Diver Kurs genau das Richtige f\u00fcr dich sein, vor allem wenn du erst mal vorhast unter Aufsicht eines Tauchlehrers zu tauchen. Dieser Kurs ist eine Zwischenstufe, wenn du vorhast mit dem Open Water Kurs weiterzumachen.<\/p>\n<p>PADI Scuba Divers sind dazu qualifiziert:<\/p>\n<ul>\n<li>Nur unter Aufsicht eines PADI Tauchprofis bis zu einer Tiefe von 12 Metern\/40 Fu\u00df zu tauchen<\/li>\n<li>Flaschenf\u00fcllungen zu erhalten, Tauchausr\u00fcstung auszuleihen oder zu erwerben und an Tauchaktivit\u00e4ten teilzunehmen, solange sie beaufsichtigt werden<\/li>\n<li>Ihre Tauchausbildung mit dem PADI Open Water Kurs fortzusetzen sowie bestimmte Speciality Kurse zu absolvieren<\/li>\n<\/ul>\n<p>Um an einem PADI Scuba Diver (oder Junior Scuba Diver) Kurs teilzunehmen musst du mindestens 10 Jahre oder \u00e4lter sein. Du musst gute Schwimmkenntnisse besitzen und physisch gesund sein. Keine vorherige Taucherfahrung ist erforderlich, du kannst allerdings vorher das Discover Scuba Programm ausprobiert haben.<\/p>\n<p>&nbsp;[\/vc_column_text]<div id=\"ultimate-heading-967669d847769c5d0\" class=\"uvc-heading ult-adjust-bottom-margin ultimate-heading-967669d847769c5d0 uvc-4805 \" data-hspacer=\"no_spacer\"  data-halign=\"left\" style=\"text-align:left\"><div class=\"uvc-heading-spacer no_spacer\" style=\"top\"><\/div><div class=\"uvc-main-heading ult-responsive\"  data-ultimate-target='.uvc-heading.ultimate-heading-967669d847769c5d0 h4'  data-responsive-json-new='{\"font-size\":\"\",\"line-height\":\"\"}' ><h4 style=\"font-weight:normal;margin-top:20px;\">Was beinhaltet der Kurs?<\/h4><\/div><\/div>[vc_column_text]Der PADI Scuba Diver Kurs besteht aus drei Hauptphasen:<\/p>\n<ul>\n<li>Wissensvermittlung (online, als Heimstudium oder in einem Kursraum), damit du die Grundlagen des Tauchens verstehst. Dieser Teil stellt nur drei der f\u00fcnf Module des Open Water Kurses dar.<\/li>\n<li>Grundlagen des Tauchens in begrenztem Freiwasser \u2013 nur die ersten drei der f\u00fcnf Tauchg\u00e4nge des Open Water Kurses<\/li>\n<li>Freiwassertauchg\u00e4nge, wo du die erlernten Fertigkeiten verwenden und die Unterwasserwelt erkunden kannst \u2013 nur zwei der vier Tauchg\u00e4nge des Open Water Kurses<\/li>\n<\/ul>\n<p>[\/vc_column_text]<div id=\"ultimate-heading-953669d847769c612\" class=\"uvc-heading ult-adjust-bottom-margin ultimate-heading-953669d847769c612 uvc-6954 \" data-hspacer=\"no_spacer\"  data-halign=\"left\" style=\"text-align:left\"><div class=\"uvc-heading-spacer no_spacer\" style=\"top\"><\/div><div class=\"uvc-main-heading ult-responsive\"  data-ultimate-target='.uvc-heading.ultimate-heading-953669d847769c612 h4'  data-responsive-json-new='{\"font-size\":\"\",\"line-height\":\"\"}' ><h4 style=\"font-weight:normal;margin-top:20px;\">Wie kannst du heute schon zu lernen beginnen?<\/h4><\/div><\/div>[vc_column_text]Eine Option ist PADIs eLearning Methode, wo du loslegen kannst sobald du dich f\u00fcr den Open Water Diver online registriert hast. Bei der Lernmethode per Internet erh\u00e4ltst du in einem benutzerfreundlichen und interaktiven Programm&nbsp; alle notwendigen Informationen zum sicheren Tauchen. Dar\u00fcber hinweg, erm\u00f6glicht dir die eLearning Methode in deinem eigenen Tempo zu studieren. Du musst lediglich die drei ersten Abschnitte absolvieren und hast im Anschluss ein Jahr Zeit das gesamte Programm zu absolvieren, wenn du dich dazu entscheidest deine Ausbildung zum PADI Open Water weiter auszubauen.<\/p>\n<p>Weitere Kursunterlagen f\u00fcr das Heimstudium&nbsp; sind beispielsweise&nbsp; das <em>Open Water Diver Touch<sup>TM<\/sup><\/em>&nbsp;(eine App f\u00fcr Tablets) und das&nbsp;<em>Open Water Diver Manual<\/em>&nbsp;und&nbsp;<em>Open Water Diver Video<\/em>&nbsp;(Handbuch + DVD als Paket).[\/vc_column_text]<div id=\"ultimate-heading-481269d847769c64c\" class=\"uvc-heading ult-adjust-bottom-margin ultimate-heading-481269d847769c64c uvc-3912 \" data-hspacer=\"no_spacer\"  data-halign=\"left\" style=\"text-align:left\"><div class=\"uvc-heading-spacer no_spacer\" style=\"top\"><\/div><div class=\"uvc-main-heading ult-responsive\"  data-ultimate-target='.uvc-heading.ultimate-heading-481269d847769c64c h4'  data-responsive-json-new='{\"font-size\":\"\",\"line-height\":\"\"}' ><h4 style=\"font-weight:normal;margin-top:20px;\">Welche Tauchausr\u00fcstung verwendest du?<\/h4><\/div><\/div>[vc_column_text]Du lernst die Grundtauchausr\u00fcstung: Maske, Schnorchel, Flossen, Taucherjacket, Gewichtssystem und Tauchflasche zu verwenden.[\/vc_column_text][vc_empty_space][\/vc_column_inner][\/vc_row_inner][\/vc_column][\/vc_row]<\/p>\n<\/div>","protected":false},"excerpt":{"rendered":"<p>[vc_row content_width=&#8220;grid&#8220; full_screen_section_height=&#8220;no&#8220;][vc_column css=&#8220;.vc_custom_1489913201015{border-top-width: 0px !important;border-right-width: 0px !important;border-bottom-width: 2px !important;border-left-width: 0px !important;border-left-color: #dddddd !important;border-left-style: solid !important;border-right-color: #dddddd !important;border-right-style: solid !important;border-top-color: #dddddd !important;border-top-style: solid !important;border-bottom-color: #dddddd !important;border-bottom-style: solid !important;}&#8220;][vc_row_inner full_screen_section_height=&#8220;no&#8220;][vc_column_inner el_class=&#8220;expand-left&#8220; width=&#8220;1\/3&#8243;][vc_empty_space][vc_empty_space][\/vc_column_inner][vc_column_inner width=&#8220;2\/3&#8243;][vc_column_text] Bist du bereit ein brevetierter PADI Taucher zu werden? Die PADI Scuba Diver&#8230;<\/p>\n","protected":false},"author":7,"featured_media":0,"parent":0,"menu_order":0,"comment_status":"closed","ping_status":"closed","template":"full-width.php","meta":{"footnotes":""},"class_list":["post-5471","page","type-page","status-publish","hentry"],"yoast_head":"<!-- This site is optimized with the Yoast SEO plugin v27.0 - https:\/\/yoast.com\/product\/yoast-seo-wordpress\/ -->\n<title>Scuba Diver (SD) - Athens Divers Club<\/title>\n<meta name=\"robots\" content=\"index, follow, max-snippet:-1, max-image-preview:large, max-video-preview:-1\" \/>\n<link rel=\"canonical\" href=\"https:\/\/www.athensdiversclub.com\/de\/scuba-diver-sd\/\" \/>\n<meta property=\"og:locale\" content=\"de_DE\" \/>\n<meta property=\"og:type\" content=\"article\" \/>\n<meta property=\"og:title\" content=\"Scuba Diver (SD) - Athens Divers Club\" \/>\n<meta property=\"og:description\" content=\"[vc_row content_width=&#8220;grid&#8220; full_screen_section_height=&#8220;no&#8220;][vc_column css=&#8220;.vc_custom_1489913201015{border-top-width: 0px !important;border-right-width: 0px !important;border-bottom-width: 2px !important;border-left-width: 0px !important;border-left-color: #dddddd !important;border-left-style: solid !important;border-right-color: #dddddd !important;border-right-style: solid !important;border-top-color: #dddddd !important;border-top-style: solid !important;border-bottom-color: #dddddd !important;border-bottom-style: solid !important;}&#8220;][vc_row_inner full_screen_section_height=&#8220;no&#8220;][vc_column_inner el_class=&#8220;expand-left&#8220; width=&#8220;1\/3&#8243;][vc_empty_space][vc_empty_space][\/vc_column_inner][vc_column_inner width=&#8220;2\/3&#8243;][vc_column_text] Bist du bereit ein brevetierter PADI Taucher zu werden? Die PADI Scuba Diver...\" \/>\n<meta property=\"og:url\" content=\"https:\/\/www.athensdiversclub.com\/de\/scuba-diver-sd\/\" \/>\n<meta property=\"og:site_name\" content=\"Athens Divers Club\" \/>\n<meta property=\"article:publisher\" content=\"https:\/\/www.facebook.com\/athensdiversclub\/\" \/>\n<meta property=\"article:modified_time\" content=\"2022-09-07T14:55:03+00:00\" \/>\n<meta name=\"twitter:card\" content=\"summary_large_image\" \/>\n<meta name=\"twitter:site\" content=\"@AthensDivers\" \/>\n<meta name=\"twitter:label1\" content=\"Gesch\u00e4tzte Lesezeit\" \/>\n\t<meta name=\"twitter:data1\" content=\"3\u00a0Minuten\" \/>\n<script type=\"application\/ld+json\" class=\"yoast-schema-graph\">{\"@context\":\"https:\/\/schema.org\",\"@graph\":[{\"@type\":\"WebPage\",\"@id\":\"https:\/\/www.athensdiversclub.com\/de\/scuba-diver-sd\/\",\"url\":\"https:\/\/www.athensdiversclub.com\/de\/scuba-diver-sd\/\",\"name\":\"Scuba Diver (SD) - Athens Divers Club\",\"isPartOf\":{\"@id\":\"https:\/\/www.athensdiversclub.com\/#website\"},\"datePublished\":\"2018-07-10T18:58:43+00:00\",\"dateModified\":\"2022-09-07T14:55:03+00:00\",\"breadcrumb\":{\"@id\":\"https:\/\/www.athensdiversclub.com\/de\/scuba-diver-sd\/#breadcrumb\"},\"inLanguage\":\"de\",\"potentialAction\":[{\"@type\":\"ReadAction\",\"target\":[\"https:\/\/www.athensdiversclub.com\/de\/scuba-diver-sd\/\"]}]},{\"@type\":\"BreadcrumbList\",\"@id\":\"https:\/\/www.athensdiversclub.com\/de\/scuba-diver-sd\/#breadcrumb\",\"itemListElement\":[{\"@type\":\"ListItem\",\"position\":1,\"name\":\"Home\",\"item\":\"https:\/\/www.athensdiversclub.com\/de\/\"},{\"@type\":\"ListItem\",\"position\":2,\"name\":\"Scuba Diver (SD)\"}]},{\"@type\":\"WebSite\",\"@id\":\"https:\/\/www.athensdiversclub.com\/#website\",\"url\":\"https:\/\/www.athensdiversclub.com\/\",\"name\":\"Athens Divers Club\",\"description\":\"\",\"potentialAction\":[{\"@type\":\"SearchAction\",\"target\":{\"@type\":\"EntryPoint\",\"urlTemplate\":\"https:\/\/www.athensdiversclub.com\/?s={search_term_string}\"},\"query-input\":{\"@type\":\"PropertyValueSpecification\",\"valueRequired\":true,\"valueName\":\"search_term_string\"}}],\"inLanguage\":\"de\"}]}<\/script>\n<!-- \/ Yoast SEO plugin. -->","yoast_head_json":{"title":"Scuba Diver (SD) - Athens Divers Club","robots":{"index":"index","follow":"follow","max-snippet":"max-snippet:-1","max-image-preview":"max-image-preview:large","max-video-preview":"max-video-preview:-1"},"canonical":"https:\/\/www.athensdiversclub.com\/de\/scuba-diver-sd\/","og_locale":"de_DE","og_type":"article","og_title":"Scuba Diver (SD) - Athens Divers Club","og_description":"[vc_row content_width=&#8220;grid&#8220; full_screen_section_height=&#8220;no&#8220;][vc_column css=&#8220;.vc_custom_1489913201015{border-top-width: 0px !important;border-right-width: 0px !important;border-bottom-width: 2px !important;border-left-width: 0px !important;border-left-color: #dddddd !important;border-left-style: solid !important;border-right-color: #dddddd !important;border-right-style: solid !important;border-top-color: #dddddd !important;border-top-style: solid !important;border-bottom-color: #dddddd !important;border-bottom-style: solid !important;}&#8220;][vc_row_inner full_screen_section_height=&#8220;no&#8220;][vc_column_inner el_class=&#8220;expand-left&#8220; width=&#8220;1\/3&#8243;][vc_empty_space][vc_empty_space][\/vc_column_inner][vc_column_inner width=&#8220;2\/3&#8243;][vc_column_text] Bist du bereit ein brevetierter PADI Taucher zu werden? Die PADI Scuba Diver...","og_url":"https:\/\/www.athensdiversclub.com\/de\/scuba-diver-sd\/","og_site_name":"Athens Divers Club","article_publisher":"https:\/\/www.facebook.com\/athensdiversclub\/","article_modified_time":"2022-09-07T14:55:03+00:00","twitter_card":"summary_large_image","twitter_site":"@AthensDivers","twitter_misc":{"Gesch\u00e4tzte Lesezeit":"3\u00a0Minuten"},"schema":{"@context":"https:\/\/schema.org","@graph":[{"@type":"WebPage","@id":"https:\/\/www.athensdiversclub.com\/de\/scuba-diver-sd\/","url":"https:\/\/www.athensdiversclub.com\/de\/scuba-diver-sd\/","name":"Scuba Diver (SD) - Athens Divers Club","isPartOf":{"@id":"https:\/\/www.athensdiversclub.com\/#website"},"datePublished":"2018-07-10T18:58:43+00:00","dateModified":"2022-09-07T14:55:03+00:00","breadcrumb":{"@id":"https:\/\/www.athensdiversclub.com\/de\/scuba-diver-sd\/#breadcrumb"},"inLanguage":"de","potentialAction":[{"@type":"ReadAction","target":["https:\/\/www.athensdiversclub.com\/de\/scuba-diver-sd\/"]}]},{"@type":"BreadcrumbList","@id":"https:\/\/www.athensdiversclub.com\/de\/scuba-diver-sd\/#breadcrumb","itemListElement":[{"@type":"ListItem","position":1,"name":"Home","item":"https:\/\/www.athensdiversclub.com\/de\/"},{"@type":"ListItem","position":2,"name":"Scuba Diver (SD)"}]},{"@type":"WebSite","@id":"https:\/\/www.athensdiversclub.com\/#website","url":"https:\/\/www.athensdiversclub.com\/","name":"Athens Divers Club","description":"","potentialAction":[{"@type":"SearchAction","target":{"@type":"EntryPoint","urlTemplate":"https:\/\/www.athensdiversclub.com\/?s={search_term_string}"},"query-input":{"@type":"PropertyValueSpecification","valueRequired":true,"valueName":"search_term_string"}}],"inLanguage":"de"}]}},"_links":{"self":[{"href":"https:\/\/www.athensdiversclub.com\/de\/wp-json\/wp\/v2\/pages\/5471","targetHints":{"allow":["GET"]}}],"collection":[{"href":"https:\/\/www.athensdiversclub.com\/de\/wp-json\/wp\/v2\/pages"}],"about":[{"href":"https:\/\/www.athensdiversclub.com\/de\/wp-json\/wp\/v2\/types\/page"}],"author":[{"embeddable":true,"href":"https:\/\/www.athensdiversclub.com\/de\/wp-json\/wp\/v2\/users\/7"}],"replies":[{"embeddable":true,"href":"https:\/\/www.athensdiversclub.com\/de\/wp-json\/wp\/v2\/comments?post=5471"}],"version-history":[{"count":0,"href":"https:\/\/www.athensdiversclub.com\/de\/wp-json\/wp\/v2\/pages\/5471\/revisions"}],"wp:attachment":[{"href":"https:\/\/www.athensdiversclub.com\/de\/wp-json\/wp\/v2\/media?parent=5471"}],"curies":[{"name":"wp","href":"https:\/\/api.w.org\/{rel}","templated":true}]}}