{"id":5436,"date":"2018-07-10T20:24:13","date_gmt":"2018-07-10T17:24:13","guid":{"rendered":"https:\/\/www.athensdiversclub.com\/?page_id=5436"},"modified":"2021-01-22T13:08:54","modified_gmt":"2021-01-22T11:08:54","slug":"discover-scuba-diving","status":"publish","type":"page","link":"https:\/\/www.athensdiversclub.com\/de\/discover-scuba-diving\/","title":{"rendered":"Discover Scuba Diving"},"content":{"rendered":"<div class=\"wpb-content-wrapper\"><p>[vc_row content_width=&#8220;grid&#8220; full_screen_section_height=&#8220;no&#8220; css=&#8220;.vc_custom_1485513660893{padding-top: 30px !important;padding-bottom: 30px !important;background-color: #fbfbfb !important;}&#8220;][vc_column offset=&#8220;vc_col-lg-5 vc_col-md-5&#8243;][vc_empty_space height=&#8220;13px&#8220;][vc_single_image image=&#8220;7072&#8243;][vc_column_text]Discover Scuba Diving (DSD)<br \/>\nMinimum age requirement (10 years)[\/vc_column_text][\/vc_column][vc_column offset=&#8220;vc_col-lg-7 vc_col-md-7&#8243;][vc_column_text]Deine erste Erfahrung unter Wasser!<\/p>\n<p>Mit dem Discover Scuba Diving Programm kannst du herausfinden, wie es sich anf\u00fchlt das erste Mal unter Wasser zu atmen und du bekommst einen ersten Einblick in die Unterwasserwelt. Du schlie\u00dft &nbsp;zwar mit keiner Zertifizierung ab, das Programm zeigt dir aber wie viel Spa\u00df du beim Tauchen haben kannst.Um beim PADI Discover Scuba Diving Programm teilnehmen zu k\u00f6nnen musst du mindestens 10 Jahre oder \u00e4lter sein. Keine vorherigeTaucherfahrung ist erforderlich, Taucher sollten sich in gutem gesundheitlichem Zustand befinden.Das Programm dauert ca. 3 Stunden.[\/vc_column_text][\/vc_column][\/vc_row][vc_row full_screen_section_height=&#8220;no&#8220; css=&#8220;.vc_custom_1484036404712{padding-top: 30px !important;padding-bottom: 30px !important;}&#8220;][vc_column][vc_text_separator title=&#8220;Das Programm dauert ca. 3 Stunden&#8220;][\/vc_column][\/vc_row][vc_row content_width=&#8220;grid&#8220; full_screen_section_height=&#8220;no&#8220; css=&#8220;.vc_custom_1484035922965{padding-top: 60px !important;padding-bottom: 60px !important;background-color: #fbfbfb !important;}&#8220;][vc_column offset=&#8220;vc_col-lg-3 vc_col-md-6&#8243; el_class=&#8220;services-orange&#8220;]<div class=\"qodef-iwt clearfix qodef-iwt-icon-top qodef-iwt-icon-tiny\"  style=\"text-align: center\">\n    <div class=\"qodef-iwt-icon-holder\">\n\t\t            <div class=\"qodef-icon-animation-holder qodef-custom-icon-animation-holder\" style=\"transition-delay: 300ms;-ms-transition-delay: 300ms;-moz-transition-delay: 300ms;-webkit-transition-delay: 300ms\">\n                <div class=\"qodef-icon-shortcode qodef-icon-animation qodef-custom-icon\">\n\t\t\t\t\t<img loading=\"lazy\" decoding=\"async\" width=\"180\" height=\"180\" src=\"https:\/\/www.athensdiversclub.com\/wp-content\/uploads\/2016\/12\/debrief.png\" class=\"attachment-full size-full\" alt=\"\" srcset=\"https:\/\/www.athensdiversclub.com\/wp-content\/uploads\/2016\/12\/debrief.png 180w, https:\/\/www.athensdiversclub.com\/wp-content\/uploads\/2016\/12\/debrief-150x150.png 150w\" sizes=\"auto, (max-width: 180px) 100vw, 180px\" \/>                <\/div>\n            <\/div>\n\t\t    <\/div>\n    <div class=\"qodef-iwt-content-holder\" >\n        <div class=\"qodef-iwt-title-holder\">\n            <h4 >\n\t\t\tTHEORIE        <\/h4>\n    <\/div>\n\t        <div class=\"qodef-iwt-title-separator-holder\">\n            <span class=\"qodef-iwt-title-separator\" style=\"border-bottom: 2px solid #00556e\"><\/span>\n        <\/div>\n\t    <div class=\"qodef-iwt-text-holder\">\n        <p ><\/p>\n\n\t\t    <\/div>\n<\/div>\n<\/div>[vc_column_text el_class=&#8220;services-bullets-orange&#8220;]In weniger als 40 Minuten bringen wir dir das Wichtigste zum Thema unter Wasser Atmen und Kommunizieren und du lernst deine Tauchausr\u00fcstung kennen. Dein pers\u00f6nlicher Tauchlehrer bereitet dich f\u00fcr ein einzigartiges Taucherlebnis vor!&nbsp;[\/vc_column_text][vc_empty_space height=&#8220;30px&#8220;][\/vc_column][vc_column offset=&#8220;vc_col-lg-3 vc_col-md-6&#8243; el_class=&#8220;services-orange&#8220;]<div class=\"qodef-iwt clearfix qodef-iwt-icon-top qodef-iwt-icon-large\"  style=\"text-align: center\">\n    <div class=\"qodef-iwt-icon-holder\">\n\t\t            <div class=\"qodef-icon-animation-holder qodef-custom-icon-animation-holder\" style=\"transition-delay: 500ms;-ms-transition-delay: 500ms;-moz-transition-delay: 500ms;-webkit-transition-delay: 500ms\">\n                <div class=\"qodef-icon-shortcode qodef-icon-animation qodef-custom-icon\">\n\t\t\t\t\t<img loading=\"lazy\" decoding=\"async\" width=\"180\" height=\"180\" src=\"https:\/\/www.athensdiversclub.com\/wp-content\/uploads\/2016\/12\/googles-icon.png\" class=\"attachment-full size-full\" alt=\"\" srcset=\"https:\/\/www.athensdiversclub.com\/wp-content\/uploads\/2016\/12\/googles-icon.png 180w, https:\/\/www.athensdiversclub.com\/wp-content\/uploads\/2016\/12\/googles-icon-150x150.png 150w\" sizes=\"auto, (max-width: 180px) 100vw, 180px\" \/>                <\/div>\n            <\/div>\n\t\t    <\/div>\n    <div class=\"qodef-iwt-content-holder\" >\n        <div class=\"qodef-iwt-title-holder\">\n            <h4 >\n\t\t\tTAUCHAUSR\u00dcSTUNG        <\/h4>\n    <\/div>\n\t        <div class=\"qodef-iwt-title-separator-holder\">\n            <span class=\"qodef-iwt-title-separator\" style=\"border-bottom: 2px solid #00556e\"><\/span>\n        <\/div>\n\t    <div class=\"qodef-iwt-text-holder\">\n        <p ><\/p>\n\n\t\t    <\/div>\n<\/div>\n<\/div>[vc_column_text el_class=&#8220;services-bullets-orange&#8220;]<\/p>\n<p style=\"text-align: justify;\">Neoprenanzug, Tauchmaske und Flossen, Tauchflasche, Taucherjacket \u2013 alles ist f\u00fcr dich vorbereitet, damit du dein Tauchabenteuer beginnen kannst! Und schon stehst du zusammen mit deinem Tauchlehrer im Wasser, anfangs im flachen Wasser wo du die ersten \u00dcbungen durchf\u00fchren wirst.<\/p>\n<p>[\/vc_column_text][vc_empty_space height=&#8220;30px&#8220;][\/vc_column][vc_column offset=&#8220;vc_col-lg-3 vc_col-md-6&#8243; el_class=&#8220;services-orange&#8220;]<div class=\"qodef-iwt clearfix qodef-iwt-icon-top qodef-iwt-icon-large\"  style=\"text-align: center\">\n    <div class=\"qodef-iwt-icon-holder\">\n\t\t            <div class=\"qodef-icon-animation-holder qodef-custom-icon-animation-holder\" style=\"transition-delay: 700ms;-ms-transition-delay: 700ms;-moz-transition-delay: 700ms;-webkit-transition-delay: 700ms\">\n                <div class=\"qodef-icon-shortcode qodef-icon-animation qodef-custom-icon\">\n\t\t\t\t\t<img loading=\"lazy\" decoding=\"async\" width=\"180\" height=\"180\" src=\"https:\/\/www.athensdiversclub.com\/wp-content\/uploads\/2016\/12\/icon-sea.png\" class=\"attachment-full size-full\" alt=\"\" srcset=\"https:\/\/www.athensdiversclub.com\/wp-content\/uploads\/2016\/12\/icon-sea.png 180w, https:\/\/www.athensdiversclub.com\/wp-content\/uploads\/2016\/12\/icon-sea-150x150.png 150w\" sizes=\"auto, (max-width: 180px) 100vw, 180px\" \/>                <\/div>\n            <\/div>\n\t\t    <\/div>\n    <div class=\"qodef-iwt-content-holder\" >\n        <div class=\"qodef-iwt-title-holder\">\n            <h4 >\n\t\t\tUNTER WASSER        <\/h4>\n    <\/div>\n\t        <div class=\"qodef-iwt-title-separator-holder\">\n            <span class=\"qodef-iwt-title-separator\" style=\"border-bottom: 2px solid #00556e\"><\/span>\n        <\/div>\n\t    <div class=\"qodef-iwt-text-holder\">\n        <p ><\/p>\n\n\t\t    <\/div>\n<\/div>\n<\/div>[vc_column_text el_class=&#8220;services-bullets-orange&#8220;]Nach wenigen Atemz\u00fcgen unter Wasser f\u00fchlst du dich auch schon v\u00f6llig wohl dabei.Sobald ihr einige grundlegende Fertigkeiten ge\u00fcbt habt, f\u00fchrt dich dein Tauchlehrer auf deinem ersten Tauchgang und zeigt dir die versteckten Sch\u00e4tze der Unterwasserwelt.[\/vc_column_text][vc_empty_space height=&#8220;30px&#8220;][\/vc_column][vc_column offset=&#8220;vc_col-lg-3 vc_col-md-6&#8243; el_class=&#8220;services-orange&#8220;]<div class=\"qodef-iwt clearfix qodef-iwt-icon-top qodef-iwt-icon-large\"  style=\"text-align: center\">\n    <div class=\"qodef-iwt-icon-holder\">\n\t\t            <div class=\"qodef-icon-animation-holder qodef-custom-icon-animation-holder\" style=\"transition-delay: 900ms;-ms-transition-delay: 900ms;-moz-transition-delay: 900ms;-webkit-transition-delay: 900ms\">\n                <div class=\"qodef-icon-shortcode qodef-icon-animation qodef-custom-icon\">\n\t\t\t\t\t<img loading=\"lazy\" decoding=\"async\" width=\"180\" height=\"180\" src=\"https:\/\/www.athensdiversclub.com\/wp-content\/uploads\/2016\/12\/talking.png\" class=\"attachment-full size-full\" alt=\"\" srcset=\"https:\/\/www.athensdiversclub.com\/wp-content\/uploads\/2016\/12\/talking.png 180w, https:\/\/www.athensdiversclub.com\/wp-content\/uploads\/2016\/12\/talking-150x150.png 150w\" sizes=\"auto, (max-width: 180px) 100vw, 180px\" \/>                <\/div>\n            <\/div>\n\t\t    <\/div>\n    <div class=\"qodef-iwt-content-holder\" >\n        <div class=\"qodef-iwt-title-holder\">\n            <h4 >\n\t\t\tR\u00dcCKBLICK        <\/h4>\n    <\/div>\n\t        <div class=\"qodef-iwt-title-separator-holder\">\n            <span class=\"qodef-iwt-title-separator\" style=\"border-bottom: 2px solid #00556e\"><\/span>\n        <\/div>\n\t    <div class=\"qodef-iwt-text-holder\">\n        <p ><\/p>\n\n\t\t    <\/div>\n<\/div>\n<\/div>[vc_column_text el_class=&#8220;services-bullets-orange&#8220;]Nachdem du 40 Minuten unter Wasser geatmet hast, geht es hinauf in unsere Welt und zur\u00fcck zur Tauchbasis. Dein Tauchlehrer wird die gesamte Erfahrung revue passieren lassen und dir die n\u00e4chsten Schritte in deiner Tauchausbildung und deinem Tauchabenteuer erkl\u00e4ren.&nbsp;[\/vc_column_text][vc_empty_space height=&#8220;30px&#8220;][\/vc_column][\/vc_row][vc_row content_width=&#8220;grid&#8220; full_screen_section_height=&#8220;no&#8220; css=&#8220;.vc_custom_1484996607292{padding-bottom: 20px !important;}&#8220;][vc_column]<div class=\"qodef-image-gallery\" style=\"height: 300px\">\n\t<div class=\"qodef-image-gallery-slider\" data-autoplay=\"5\" data-navigation=\"yes\" data-pagination=\"yes\">\n\t\t\t\t\t\t<a itemprop=\"image\" href=\"https:\/\/www.athensdiversclub.com\/wp-content\/uploads\/2021\/01\/GOPR5437-2-1.jpg\" data-rel=\"prettyPhoto[single_pretty_photo]\" title=\"DCIM100GOPROGOPR5437.JPG\">\n\t\t\t\n\t\t\t\n\t\t\t\t<img decoding=\"async\" class=\"qodef-image-gallery-defined-height\" style=\"height: 300px\" src=\"https:\/\/www.athensdiversclub.com\/wp-content\/uploads\/2021\/01\/GOPR5437-2-1.jpg\" alt=\"DCIM100GOPROGOPR5437.JPG\" \/>\n\n\t\t\t\n\t\t\t<\/a>\n\n\t\t\t\t\t\t<a itemprop=\"image\" href=\"https:\/\/www.athensdiversclub.com\/wp-content\/uploads\/2021\/01\/GOPR4259.jpg\" data-rel=\"prettyPhoto[single_pretty_photo]\" title=\"DCIM100GOPROGOPR4259.\">\n\t\t\t\n\t\t\t\n\t\t\t\t<img decoding=\"async\" class=\"qodef-image-gallery-defined-height\" style=\"height: 300px\" src=\"https:\/\/www.athensdiversclub.com\/wp-content\/uploads\/2021\/01\/GOPR4259.jpg\" alt=\"DCIM100GOPROGOPR4259.\" \/>\n\n\t\t\t\n\t\t\t<\/a>\n\n\t\t\t\t\t\t<a itemprop=\"image\" href=\"https:\/\/www.athensdiversclub.com\/wp-content\/uploads\/2021\/01\/69602404_515334409038453_3210913663544197120_n.jpg\" data-rel=\"prettyPhoto[single_pretty_photo]\" title=\"69602404_515334409038453_3210913663544197120_n\">\n\t\t\t\n\t\t\t\n\t\t\t\t<img decoding=\"async\" class=\"qodef-image-gallery-defined-height\" style=\"height: 300px\" src=\"https:\/\/www.athensdiversclub.com\/wp-content\/uploads\/2021\/01\/69602404_515334409038453_3210913663544197120_n.jpg\" alt=\"69602404_515334409038453_3210913663544197120_n\" \/>\n\n\t\t\t\n\t\t\t<\/a>\n\n\t\t\t\t\t\t<a itemprop=\"image\" href=\"https:\/\/www.athensdiversclub.com\/wp-content\/uploads\/2021\/01\/IMG_1454.jpg\" data-rel=\"prettyPhoto[single_pretty_photo]\" title=\"IMG_1454\">\n\t\t\t\n\t\t\t\n\t\t\t\t<img decoding=\"async\" class=\"qodef-image-gallery-defined-height\" style=\"height: 300px\" src=\"https:\/\/www.athensdiversclub.com\/wp-content\/uploads\/2021\/01\/IMG_1454.jpg\" alt=\"IMG_1454\" \/>\n\n\t\t\t\n\t\t\t<\/a>\n\n\t\t\t<\/div>\n<\/div>[\/vc_column][\/vc_row][vc_row content_width=&#8220;grid&#8220; content_aligment=&#8220;center&#8220; full_screen_section_height=&#8220;no&#8220; css=&#8220;.vc_custom_1484046358692{padding-top: 113px !important;padding-bottom: 113px !important;}&#8220;][vc_column offset=&#8220;vc_col-lg-6 vc_col-md-6&#8243; css=&#8220;.vc_custom_1473689678910{padding-right: 5% !important;}&#8220;][vc_column_text]Das Abenteuer beginnt![\/vc_column_text][vc_column_text]Der n\u00e4chste Schritt in deinem Tauchabenteuer ist die Taucherzertifizierung.<\/p>\n<p>Der <strong>PADI Open Water Diver Kurs<\/strong> ist perfekt um damit anzufangen.<\/p>\n<p>Mit dem Discover Scuba Diving Programm kannst du Punkte sammeln, die&nbsp; auf den PADI Open Water Kurs angerechnet werden. Wir zeigen dir, wie das funktioniert![\/vc_column_text][vc_empty_space height=&#8220;30px&#8220;][\/vc_column][vc_column offset=&#8220;vc_col-lg-6 vc_col-md-6&#8243; el_class=&#8220;services-orange&#8220;]<div class=\"qodef-iwt clearfix qodef-iwt-icon-top qodef-iwt-icon-large\"  style=\"text-align: center\">\n    <div class=\"qodef-iwt-icon-holder\">\n\t\t            <div class=\"qodef-icon-animation-holder qodef-custom-icon-animation-holder\" style=\"transition-delay: 300ms;-ms-transition-delay: 300ms;-moz-transition-delay: 300ms;-webkit-transition-delay: 300ms\">\n                <div class=\"qodef-icon-shortcode qodef-icon-animation qodef-custom-icon\">\n\t\t\t\t\t<img loading=\"lazy\" decoding=\"async\" width=\"180\" height=\"180\" src=\"https:\/\/www.athensdiversclub.com\/wp-content\/uploads\/2016\/12\/googles.png\" class=\"attachment-full size-full\" alt=\"\" srcset=\"https:\/\/www.athensdiversclub.com\/wp-content\/uploads\/2016\/12\/googles.png 180w, https:\/\/www.athensdiversclub.com\/wp-content\/uploads\/2016\/12\/googles-150x150.png 150w\" sizes=\"auto, (max-width: 180px) 100vw, 180px\" \/>                <\/div>\n            <\/div>\n\t\t    <\/div>\n    <div class=\"qodef-iwt-content-holder\" >\n        <div class=\"qodef-iwt-title-holder\">\n            <h4 >\n\t\t\t        <\/h4>\n    <\/div>\n\t        <div class=\"qodef-iwt-title-separator-holder\">\n            <span class=\"qodef-iwt-title-separator\" style=\"border-bottom: 2px solid #00556e\"><\/span>\n        <\/div>\n\t    <div class=\"qodef-iwt-text-holder\">\n        <p ><\/p>\n\n\t\t    <\/div>\n<\/div>\n<\/div><div id=\"modal-trg-txt-wrap-7666\" class=\"ult-modal-input-wrapper ult-adjust-bottom-margin lets-go-diving qodef-btn qodef-btn-medium qodef-btn-outline qodef-btn-custom-hover-bg qodef-btn-custom-border-hover   \" data-keypress-control=\"keypress-control-enable\" data-overlay-control=\"overlay-control-enable\"><button  data-ultimate-target='#modal-trg-txt-wrap-7666 .btn-modal'  data-responsive-json-new='{\"font-size\":\"desktop:22px;\",\"line-height\":\"desktop:22px;\"}'  style=\"background:rgba(0,0,0,0.01);border-color:rgba(0,0,0,0.01);color:#2e9298; \" data-class-id=\"content-69d84779335398-61021489\" class=\"btn-modal ult-responsive btn-primary btn-modal-lg overlay-show ult-align-center btn-id-69d84779335398-61021489\" data-overlay-class=\"overlay-zoomin\">LETS GO DIVING!<\/button><\/div>\n<div class=\"ult-overlay content-69d84779335398-61021489 \" data-class=\"content-69d84779335398-61021489\" id=\"button-click-overlay\" style=\"background:rgba(51,51,51,0.8); display:none;\">\n\t<div class=\"ult_modal ult-fade ult-container\">\n\t\t<div id=\"ult-modal-wrap-3905\" class=\"ult_modal-content ult-hide\" style=\"border-style:solid;border-width:2px;border-radius:0px;border-color:#333333;\">\n\t\t\t<div  data-ultimate-target='#ult-modal-wrap-3905 .ult_modal-body'  data-responsive-json-new='{\"font-size\":\"\",\"line-height\":\"\"}'  class=\"ult_modal-body ult-responsive ult-html\" style=\"\">\n\t\t\t\n<div class=\"wpcf7 no-js\" id=\"wpcf7-f27-o1\" lang=\"en-US\" dir=\"ltr\" data-wpcf7-id=\"27\">\n<div class=\"screen-reader-response\"><p role=\"status\" aria-live=\"polite\" aria-atomic=\"true\"><\/p> <ul><\/ul><\/div>\n<form action=\"\/de\/wp-json\/wp\/v2\/pages\/5436#wpcf7-f27-o1\" method=\"post\" class=\"wpcf7-form init\" aria-label=\"Contact form\" novalidate=\"novalidate\" data-status=\"init\">\n<fieldset class=\"hidden-fields-container\"><input type=\"hidden\" name=\"_wpcf7\" value=\"27\" \/><input type=\"hidden\" name=\"_wpcf7_version\" value=\"6.1.5\" \/><input type=\"hidden\" name=\"_wpcf7_locale\" value=\"en_US\" \/><input type=\"hidden\" name=\"_wpcf7_unit_tag\" value=\"wpcf7-f27-o1\" \/><input type=\"hidden\" name=\"_wpcf7_container_post\" value=\"0\" \/><input type=\"hidden\" name=\"_wpcf7_posted_data_hash\" value=\"\" \/>\n<\/fieldset>\n<p><label> Your Name (required)<br \/>\n<span class=\"wpcf7-form-control-wrap\" data-name=\"your-name\"><input size=\"40\" maxlength=\"400\" class=\"wpcf7-form-control wpcf7-text wpcf7-validates-as-required\" aria-required=\"true\" aria-invalid=\"false\" value=\"\" type=\"text\" name=\"your-name\" \/><\/span> <\/label>\n<\/p>\n<p><label> Your Email (required)<br \/>\n<span class=\"wpcf7-form-control-wrap\" data-name=\"your-email\"><input size=\"40\" maxlength=\"400\" class=\"wpcf7-form-control wpcf7-email wpcf7-validates-as-required wpcf7-text wpcf7-validates-as-email\" aria-required=\"true\" aria-invalid=\"false\" value=\"\" type=\"email\" name=\"your-email\" \/><\/span> <\/label>\n<\/p>\n<p><label> Subject<br \/>\n<span class=\"wpcf7-form-control-wrap\" data-name=\"your-subject\"><input size=\"40\" maxlength=\"400\" class=\"wpcf7-form-control wpcf7-text\" aria-invalid=\"false\" value=\"\" type=\"text\" name=\"your-subject\" \/><\/span> <\/label>\n<\/p>\n<p><label> Your Message<br \/>\n<span class=\"wpcf7-form-control-wrap\" data-name=\"your-message\"><textarea cols=\"40\" rows=\"10\" maxlength=\"2000\" class=\"wpcf7-form-control wpcf7-textarea\" aria-invalid=\"false\" name=\"your-message\"><\/textarea><\/span> <\/label>\n<\/p>\n<p>[wpgdprc \"By using this form you agree with the storage and handling of your data by this website.\"]\n<\/p>\n<p><input class=\"wpcf7-form-control wpcf7-submit has-spinner\" type=\"submit\" value=\"Send\" \/>\n<\/p><p style=\"display: none !important;\" class=\"akismet-fields-container\" data-prefix=\"_wpcf7_ak_\"><label>&#916;<textarea name=\"_wpcf7_ak_hp_textarea\" cols=\"45\" rows=\"8\" maxlength=\"100\"><\/textarea><\/label><input type=\"hidden\" id=\"ak_js_1\" name=\"_wpcf7_ak_js\" value=\"67\"\/><script>document.getElementById( \"ak_js_1\" ).setAttribute( \"value\", ( new Date() ).getTime() );<\/script><\/p><div class=\"wpcf7-response-output\" aria-hidden=\"true\"><\/div>\n<\/form>\n<\/div>\n\n\t\t\t<\/div>\n\t<\/div>\n\t<\/div>\n\t<div class=\"ult-overlay-close top-right\" style=\" \"><div class=\"ult-overlay-close-inside\">Close<\/div><\/div>\n<\/div>[vc_empty_space height=&#8220;6px&#8220;][\/vc_column][\/vc_row]<\/p>\n<\/div>","protected":false},"excerpt":{"rendered":"<p>[vc_row content_width=&#8220;grid&#8220; full_screen_section_height=&#8220;no&#8220; css=&#8220;.vc_custom_1485513660893{padding-top: 30px !important;padding-bottom: 30px !important;background-color: #fbfbfb !important;}&#8220;][vc_column offset=&#8220;vc_col-lg-5 vc_col-md-5&#8243;][vc_empty_space height=&#8220;13px&#8220;][vc_single_image image=&#8220;7072&#8243;][vc_column_text]Discover Scuba Diving (DSD) Minimum age requirement (10 years)[\/vc_column_text][\/vc_column][vc_column offset=&#8220;vc_col-lg-7 vc_col-md-7&#8243;][vc_column_text]Deine erste Erfahrung unter Wasser! Mit dem Discover Scuba Diving Programm kannst du herausfinden, wie es sich anf\u00fchlt das erste Mal unter&#8230;<\/p>\n","protected":false},"author":7,"featured_media":0,"parent":0,"menu_order":0,"comment_status":"closed","ping_status":"closed","template":"full-width.php","meta":{"footnotes":""},"class_list":["post-5436","page","type-page","status-publish","hentry"],"yoast_head":"<!-- This site is optimized with the Yoast SEO plugin v27.0 - https:\/\/yoast.com\/product\/yoast-seo-wordpress\/ -->\n<title>Discover Scuba Diving - Athens Divers Club<\/title>\n<meta name=\"description\" content=\"Mit dem Discover Scuba Diving Programm kannst du herausfinden, wie es sich anf\u00fchlt das erste Mal unter Wasser zu atmen und du bekommst einen ersten Einblick in die Unterwasserwelt.\" \/>\n<meta name=\"robots\" content=\"index, follow, max-snippet:-1, max-image-preview:large, max-video-preview:-1\" \/>\n<link rel=\"canonical\" href=\"https:\/\/www.athensdiversclub.com\/de\/discover-scuba-diving\/\" \/>\n<meta property=\"og:locale\" content=\"de_DE\" \/>\n<meta property=\"og:type\" content=\"article\" \/>\n<meta property=\"og:title\" content=\"Discover Scuba Diving - Athens Divers Club\" \/>\n<meta property=\"og:description\" content=\"Mit dem Discover Scuba Diving Programm kannst du herausfinden, wie es sich anf\u00fchlt das erste Mal unter Wasser zu atmen und du bekommst einen ersten Einblick in die Unterwasserwelt.\" \/>\n<meta property=\"og:url\" content=\"https:\/\/www.athensdiversclub.com\/de\/discover-scuba-diving\/\" \/>\n<meta property=\"og:site_name\" content=\"Athens Divers Club\" \/>\n<meta property=\"article:publisher\" content=\"https:\/\/www.facebook.com\/athensdiversclub\/\" \/>\n<meta property=\"article:modified_time\" content=\"2021-01-22T11:08:54+00:00\" \/>\n<meta name=\"twitter:card\" content=\"summary_large_image\" \/>\n<meta name=\"twitter:site\" content=\"@AthensDivers\" \/>\n<meta name=\"twitter:label1\" content=\"Gesch\u00e4tzte Lesezeit\" \/>\n\t<meta name=\"twitter:data1\" content=\"3\u00a0Minuten\" \/>\n<script type=\"application\/ld+json\" class=\"yoast-schema-graph\">{\"@context\":\"https:\/\/schema.org\",\"@graph\":[{\"@type\":\"WebPage\",\"@id\":\"https:\/\/www.athensdiversclub.com\/de\/discover-scuba-diving\/\",\"url\":\"https:\/\/www.athensdiversclub.com\/de\/discover-scuba-diving\/\",\"name\":\"Discover Scuba Diving - Athens Divers Club\",\"isPartOf\":{\"@id\":\"https:\/\/www.athensdiversclub.com\/#website\"},\"datePublished\":\"2018-07-10T17:24:13+00:00\",\"dateModified\":\"2021-01-22T11:08:54+00:00\",\"description\":\"Mit dem Discover Scuba Diving Programm kannst du herausfinden, wie es sich anf\u00fchlt das erste Mal unter Wasser zu atmen und du bekommst einen ersten Einblick in die Unterwasserwelt.\",\"breadcrumb\":{\"@id\":\"https:\/\/www.athensdiversclub.com\/de\/discover-scuba-diving\/#breadcrumb\"},\"inLanguage\":\"de\",\"potentialAction\":[{\"@type\":\"ReadAction\",\"target\":[\"https:\/\/www.athensdiversclub.com\/de\/discover-scuba-diving\/\"]}]},{\"@type\":\"BreadcrumbList\",\"@id\":\"https:\/\/www.athensdiversclub.com\/de\/discover-scuba-diving\/#breadcrumb\",\"itemListElement\":[{\"@type\":\"ListItem\",\"position\":1,\"name\":\"Home\",\"item\":\"https:\/\/www.athensdiversclub.com\/de\/\"},{\"@type\":\"ListItem\",\"position\":2,\"name\":\"Discover Scuba Diving\"}]},{\"@type\":\"WebSite\",\"@id\":\"https:\/\/www.athensdiversclub.com\/#website\",\"url\":\"https:\/\/www.athensdiversclub.com\/\",\"name\":\"Athens Divers Club\",\"description\":\"\",\"potentialAction\":[{\"@type\":\"SearchAction\",\"target\":{\"@type\":\"EntryPoint\",\"urlTemplate\":\"https:\/\/www.athensdiversclub.com\/?s={search_term_string}\"},\"query-input\":{\"@type\":\"PropertyValueSpecification\",\"valueRequired\":true,\"valueName\":\"search_term_string\"}}],\"inLanguage\":\"de\"}]}<\/script>\n<!-- \/ Yoast SEO plugin. -->","yoast_head_json":{"title":"Discover Scuba Diving - Athens Divers Club","description":"Mit dem Discover Scuba Diving Programm kannst du herausfinden, wie es sich anf\u00fchlt das erste Mal unter Wasser zu atmen und du bekommst einen ersten Einblick in die Unterwasserwelt.","robots":{"index":"index","follow":"follow","max-snippet":"max-snippet:-1","max-image-preview":"max-image-preview:large","max-video-preview":"max-video-preview:-1"},"canonical":"https:\/\/www.athensdiversclub.com\/de\/discover-scuba-diving\/","og_locale":"de_DE","og_type":"article","og_title":"Discover Scuba Diving - Athens Divers Club","og_description":"Mit dem Discover Scuba Diving Programm kannst du herausfinden, wie es sich anf\u00fchlt das erste Mal unter Wasser zu atmen und du bekommst einen ersten Einblick in die Unterwasserwelt.","og_url":"https:\/\/www.athensdiversclub.com\/de\/discover-scuba-diving\/","og_site_name":"Athens Divers Club","article_publisher":"https:\/\/www.facebook.com\/athensdiversclub\/","article_modified_time":"2021-01-22T11:08:54+00:00","twitter_card":"summary_large_image","twitter_site":"@AthensDivers","twitter_misc":{"Gesch\u00e4tzte Lesezeit":"3\u00a0Minuten"},"schema":{"@context":"https:\/\/schema.org","@graph":[{"@type":"WebPage","@id":"https:\/\/www.athensdiversclub.com\/de\/discover-scuba-diving\/","url":"https:\/\/www.athensdiversclub.com\/de\/discover-scuba-diving\/","name":"Discover Scuba Diving - Athens Divers Club","isPartOf":{"@id":"https:\/\/www.athensdiversclub.com\/#website"},"datePublished":"2018-07-10T17:24:13+00:00","dateModified":"2021-01-22T11:08:54+00:00","description":"Mit dem Discover Scuba Diving Programm kannst du herausfinden, wie es sich anf\u00fchlt das erste Mal unter Wasser zu atmen und du bekommst einen ersten Einblick in die Unterwasserwelt.","breadcrumb":{"@id":"https:\/\/www.athensdiversclub.com\/de\/discover-scuba-diving\/#breadcrumb"},"inLanguage":"de","potentialAction":[{"@type":"ReadAction","target":["https:\/\/www.athensdiversclub.com\/de\/discover-scuba-diving\/"]}]},{"@type":"BreadcrumbList","@id":"https:\/\/www.athensdiversclub.com\/de\/discover-scuba-diving\/#breadcrumb","itemListElement":[{"@type":"ListItem","position":1,"name":"Home","item":"https:\/\/www.athensdiversclub.com\/de\/"},{"@type":"ListItem","position":2,"name":"Discover Scuba Diving"}]},{"@type":"WebSite","@id":"https:\/\/www.athensdiversclub.com\/#website","url":"https:\/\/www.athensdiversclub.com\/","name":"Athens Divers Club","description":"","potentialAction":[{"@type":"SearchAction","target":{"@type":"EntryPoint","urlTemplate":"https:\/\/www.athensdiversclub.com\/?s={search_term_string}"},"query-input":{"@type":"PropertyValueSpecification","valueRequired":true,"valueName":"search_term_string"}}],"inLanguage":"de"}]}},"_links":{"self":[{"href":"https:\/\/www.athensdiversclub.com\/de\/wp-json\/wp\/v2\/pages\/5436","targetHints":{"allow":["GET"]}}],"collection":[{"href":"https:\/\/www.athensdiversclub.com\/de\/wp-json\/wp\/v2\/pages"}],"about":[{"href":"https:\/\/www.athensdiversclub.com\/de\/wp-json\/wp\/v2\/types\/page"}],"author":[{"embeddable":true,"href":"https:\/\/www.athensdiversclub.com\/de\/wp-json\/wp\/v2\/users\/7"}],"replies":[{"embeddable":true,"href":"https:\/\/www.athensdiversclub.com\/de\/wp-json\/wp\/v2\/comments?post=5436"}],"version-history":[{"count":0,"href":"https:\/\/www.athensdiversclub.com\/de\/wp-json\/wp\/v2\/pages\/5436\/revisions"}],"wp:attachment":[{"href":"https:\/\/www.athensdiversclub.com\/de\/wp-json\/wp\/v2\/media?parent=5436"}],"curies":[{"name":"wp","href":"https:\/\/api.w.org\/{rel}","templated":true}]}}