{"id":5421,"date":"2018-07-10T20:13:05","date_gmt":"2018-07-10T17:13:05","guid":{"rendered":"https:\/\/www.athensdiversclub.com\/?page_id=5421"},"modified":"2021-01-22T13:40:24","modified_gmt":"2021-01-22T11:40:24","slug":"bubblemaker","status":"publish","type":"page","link":"https:\/\/www.athensdiversclub.com\/de\/bubblemaker\/","title":{"rendered":"BUBBLEMAKER"},"content":{"rendered":"<div class=\"wpb-content-wrapper\"><p>[vc_row content_width=&#8220;grid&#8220; full_screen_section_height=&#8220;no&#8220; css=&#8220;.vc_custom_1485513660893{padding-top: 30px !important;padding-bottom: 30px !important;background-color: #fbfbfb !important;}&#8220;][vc_column offset=&#8220;vc_col-lg-5 vc_col-md-5&#8243;][vc_empty_space height=&#8220;13px&#8220;][vc_single_image image=&#8220;7985&#8243; img_size=&#8220;medium&#8220; css=&#8220;.vc_custom_1611315620441{padding-bottom: 20px !important;}&#8220;][vc_column_text]F\u00fcr Kinder von 8 bis 10 Jahren[\/vc_column_text][\/vc_column][vc_column offset=&#8220;vc_col-lg-7 vc_col-md-7&#8243;][vc_column_text]<strong>Habt ihr Schwierigkeiten eine Besch\u00e4ftigung f\u00fcr die gesamte Familie zu finden?<\/strong><\/p>\n<p>Der <strong>Bubblemaker<\/strong> ist DIE Gelegenheit Spa\u00df mit der gesamten Familie zu haben. Das Programm ist f\u00fcr Kinder ab acht Jahren geeignet. PADI bieten deinen Kindern einen Einblick ins Sporttauchen, so dass sie in der Zukunft ausgebildete Taucher werden k\u00f6nnen.[\/vc_column_text][\/vc_column][\/vc_row][vc_row full_screen_section_height=&#8220;no&#8220; css=&#8220;.vc_custom_1484036404712{padding-top: 30px !important;padding-bottom: 30px !important;}&#8220;][vc_column][vc_text_separator title=&#8220;Kinder die beim Bubblemaker Programm mitmachen, entwickeln neue F\u00e4higkeiten und werden sogar die Welt mit anderen Augen sehen.&#8220;][\/vc_column][\/vc_row][vc_row content_width=&#8220;grid&#8220; content_aligment=&#8220;center&#8220; full_screen_section_height=&#8220;no&#8220; css=&#8220;.vc_custom_1486727465430{padding-top: 113px !important;}&#8220;][vc_column offset=&#8220;vc_col-lg-6 vc_col-md-6&#8243; css=&#8220;.vc_custom_1473689678910{padding-right: 5% !important;}&#8220;][vc_column_text]<\/p>\n<p style=\"text-align: left;\">Zum ersten Mal unter Wasser atmen!<\/p>\n<p>[\/vc_column_text][vc_column_text]Das Bubblemaker Programm ist eine tolle Gelegenheit f\u00fcr Kinder das erste Mal unter Wasser zu atmen. Familie und Freunde k\u00f6nnen sie dabei unterst\u00fctzen, aufmuntern und ihnen beistehen. Die jungen Teilnehmer lernen in sicherem Umfeld ihre Grundtauchausr\u00fcstung effektiv zu nutzen. Die Bubblemaker Erfahrung ist der perfekte Start f\u00fcr Kinder, die ihre Tauchabenteuer weiter fortsetzen m\u00f6chten.Der Spa\u00dffaktor darf beim Tauchen nat\u00fcrlich nie zu kurz kommen, dar\u00fcber hinaus unterst\u00fctzt das Tauchen einen aktiven Lebensstil. Der Tauchsport f\u00f6rdert den Wachstum und die Entwicklung der Kinder, bietet den Kleinen die M\u00f6glichkeit neue Freunde kennezulernen, ihre sozialen F\u00e4higkeiten zu entwikeln und sogar ihr Selbstwertgef\u00fchl zu st\u00e4rken. Bringe deine Kinder dazu sportlich aktiv zu sein und Spa\u00df mit der gesamten Familie zu haben![\/vc_column_text][vc_empty_space height=&#8220;30px&#8220;][\/vc_column][vc_column offset=&#8220;vc_col-lg-6 vc_col-md-6&#8243; el_class=&#8220;services-orange&#8220;]<div class=\"qodef-iwt clearfix qodef-iwt-icon-top qodef-iwt-icon-large\"  style=\"text-align: center\">\n    <div class=\"qodef-iwt-icon-holder\">\n\t\t            <div class=\"qodef-icon-animation-holder qodef-custom-icon-animation-holder\" style=\"transition-delay: 300ms;-ms-transition-delay: 300ms;-moz-transition-delay: 300ms;-webkit-transition-delay: 300ms\">\n                <div class=\"qodef-icon-shortcode qodef-icon-animation qodef-custom-icon\">\n\t\t\t\t\t<img loading=\"lazy\" decoding=\"async\" width=\"253\" height=\"253\" src=\"https:\/\/www.athensdiversclub.com\/wp-content\/uploads\/2017\/04\/BLM1.png\" class=\"attachment-full size-full\" alt=\"\" srcset=\"https:\/\/www.athensdiversclub.com\/wp-content\/uploads\/2017\/04\/BLM1.png 253w, https:\/\/www.athensdiversclub.com\/wp-content\/uploads\/2017\/04\/BLM1-150x150.png 150w\" sizes=\"auto, (max-width: 253px) 100vw, 253px\" \/>                <\/div>\n            <\/div>\n\t\t    <\/div>\n    <div class=\"qodef-iwt-content-holder\" >\n        <div class=\"qodef-iwt-title-holder\">\n            <h4 >\n\t\t\t        <\/h4>\n    <\/div>\n\t        <div class=\"qodef-iwt-title-separator-holder\">\n            <span class=\"qodef-iwt-title-separator\" style=\"border-bottom: 2px solid #00556e\"><\/span>\n        <\/div>\n\t    <div class=\"qodef-iwt-text-holder\">\n        <p ><\/p>\n\n\t\t    <\/div>\n<\/div>\n<\/div><div id=\"modal-trg-txt-wrap-9123\" class=\"ult-modal-input-wrapper ult-adjust-bottom-margin lets-go-diving qodef-btn qodef-btn-medium qodef-btn-outline qodef-btn-custom-hover-bg qodef-btn-custom-border-hover   \" data-keypress-control=\"keypress-control-enable\" data-overlay-control=\"overlay-control-enable\"><button  data-ultimate-target='#modal-trg-txt-wrap-9123 .btn-modal'  data-responsive-json-new='{\"font-size\":\"desktop:22px;\",\"line-height\":\"desktop:22px;\"}'  style=\"background:rgba(0,0,0,0.01);border-color:rgba(0,0,0,0.01);color:#2e9298; \" data-class-id=\"content-69d8498f165113-61992336\" class=\"btn-modal ult-responsive btn-primary btn-modal-lg overlay-show ult-align-center btn-id-69d8498f165113-61992336\" data-overlay-class=\"overlay-zoomin\">TAKE A DIVE!<\/button><\/div>\n<div class=\"ult-overlay content-69d8498f165113-61992336 \" data-class=\"content-69d8498f165113-61992336\" id=\"button-click-overlay\" style=\"background:rgba(51,51,51,0.8); display:none;\">\n\t<div class=\"ult_modal ult-fade ult-container\">\n\t\t<div id=\"ult-modal-wrap-6695\" class=\"ult_modal-content ult-hide\" style=\"border-style:solid;border-width:2px;border-radius:0px;border-color:#333333;\">\n\t\t\t<div  data-ultimate-target='#ult-modal-wrap-6695 .ult_modal-body'  data-responsive-json-new='{\"font-size\":\"\",\"line-height\":\"\"}'  class=\"ult_modal-body ult-responsive ult-html\" style=\"\">\n\t\t\t\n<div class=\"wpcf7 no-js\" id=\"wpcf7-f27-o1\" lang=\"en-US\" dir=\"ltr\" data-wpcf7-id=\"27\">\n<div class=\"screen-reader-response\"><p role=\"status\" aria-live=\"polite\" aria-atomic=\"true\"><\/p> <ul><\/ul><\/div>\n<form action=\"\/de\/wp-json\/wp\/v2\/pages\/5421#wpcf7-f27-o1\" method=\"post\" class=\"wpcf7-form init\" aria-label=\"Contact form\" novalidate=\"novalidate\" data-status=\"init\">\n<fieldset class=\"hidden-fields-container\"><input type=\"hidden\" name=\"_wpcf7\" value=\"27\" \/><input type=\"hidden\" name=\"_wpcf7_version\" value=\"6.1.5\" \/><input type=\"hidden\" name=\"_wpcf7_locale\" value=\"en_US\" \/><input type=\"hidden\" name=\"_wpcf7_unit_tag\" value=\"wpcf7-f27-o1\" \/><input type=\"hidden\" name=\"_wpcf7_container_post\" value=\"0\" \/><input type=\"hidden\" name=\"_wpcf7_posted_data_hash\" value=\"\" \/>\n<\/fieldset>\n<p><label> Your Name (required)<br \/>\n<span class=\"wpcf7-form-control-wrap\" data-name=\"your-name\"><input size=\"40\" maxlength=\"400\" class=\"wpcf7-form-control wpcf7-text wpcf7-validates-as-required\" aria-required=\"true\" aria-invalid=\"false\" value=\"\" type=\"text\" name=\"your-name\" \/><\/span> <\/label>\n<\/p>\n<p><label> Your Email (required)<br \/>\n<span class=\"wpcf7-form-control-wrap\" data-name=\"your-email\"><input size=\"40\" maxlength=\"400\" class=\"wpcf7-form-control wpcf7-email wpcf7-validates-as-required wpcf7-text wpcf7-validates-as-email\" aria-required=\"true\" aria-invalid=\"false\" value=\"\" type=\"email\" name=\"your-email\" \/><\/span> <\/label>\n<\/p>\n<p><label> Subject<br \/>\n<span class=\"wpcf7-form-control-wrap\" data-name=\"your-subject\"><input size=\"40\" maxlength=\"400\" class=\"wpcf7-form-control wpcf7-text\" aria-invalid=\"false\" value=\"\" type=\"text\" name=\"your-subject\" \/><\/span> <\/label>\n<\/p>\n<p><label> Your Message<br \/>\n<span class=\"wpcf7-form-control-wrap\" data-name=\"your-message\"><textarea cols=\"40\" rows=\"10\" maxlength=\"2000\" class=\"wpcf7-form-control wpcf7-textarea\" aria-invalid=\"false\" name=\"your-message\"><\/textarea><\/span> <\/label>\n<\/p>\n<p>[wpgdprc \"By using this form you agree with the storage and handling of your data by this website.\"]\n<\/p>\n<p><input class=\"wpcf7-form-control wpcf7-submit has-spinner\" type=\"submit\" value=\"Send\" \/>\n<\/p><p style=\"display: none !important;\" class=\"akismet-fields-container\" data-prefix=\"_wpcf7_ak_\"><label>&#916;<textarea name=\"_wpcf7_ak_hp_textarea\" cols=\"45\" rows=\"8\" maxlength=\"100\"><\/textarea><\/label><input type=\"hidden\" id=\"ak_js_1\" name=\"_wpcf7_ak_js\" value=\"206\"\/><script>document.getElementById( \"ak_js_1\" ).setAttribute( \"value\", ( new Date() ).getTime() );<\/script><\/p><div class=\"wpcf7-response-output\" aria-hidden=\"true\"><\/div>\n<\/form>\n<\/div>\n\n\t\t\t<\/div>\n\t<\/div>\n\t<\/div>\n\t<div class=\"ult-overlay-close top-right\" style=\" \"><div class=\"ult-overlay-close-inside\">Close<\/div><\/div>\n<\/div>[vc_empty_space height=&#8220;6px&#8220;][\/vc_column][\/vc_row]<\/p>\n<\/div>","protected":false},"excerpt":{"rendered":"<p>[vc_row content_width=&#8220;grid&#8220; full_screen_section_height=&#8220;no&#8220; css=&#8220;.vc_custom_1485513660893{padding-top: 30px !important;padding-bottom: 30px !important;background-color: #fbfbfb !important;}&#8220;][vc_column offset=&#8220;vc_col-lg-5 vc_col-md-5&#8243;][vc_empty_space height=&#8220;13px&#8220;][vc_single_image image=&#8220;7985&#8243; img_size=&#8220;medium&#8220; css=&#8220;.vc_custom_1611315620441{padding-bottom: 20px !important;}&#8220;][vc_column_text]F\u00fcr Kinder von 8 bis 10 Jahren[\/vc_column_text][\/vc_column][vc_column offset=&#8220;vc_col-lg-7 vc_col-md-7&#8243;][vc_column_text]Habt ihr Schwierigkeiten eine Besch\u00e4ftigung f\u00fcr die gesamte Familie zu finden? Der Bubblemaker ist DIE Gelegenheit Spa\u00df mit der gesamten&#8230;<\/p>\n","protected":false},"author":7,"featured_media":0,"parent":0,"menu_order":0,"comment_status":"closed","ping_status":"closed","template":"full-width.php","meta":{"footnotes":""},"class_list":["post-5421","page","type-page","status-publish","hentry"],"yoast_head":"<!-- This site is optimized with the Yoast SEO plugin v27.0 - https:\/\/yoast.com\/product\/yoast-seo-wordpress\/ -->\n<title>BUBBLEMAKER - Athens Divers Club<\/title>\n<meta name=\"description\" content=\"Der Bubblemaker ist DIE Gelegenheit Spa\u00df mit der gesamten Familie zu haben. Das Programm ist f\u00fcr Kinder ab acht Jahren geeignet. PADI bieten deinen Kindern einen Einblick ins Sporttauchen, so dass sie in der Zukunft ausgebildete Taucher werden k\u00f6nnen.\" \/>\n<meta name=\"robots\" content=\"index, follow, max-snippet:-1, max-image-preview:large, max-video-preview:-1\" \/>\n<link rel=\"canonical\" href=\"https:\/\/www.athensdiversclub.com\/de\/bubblemaker\/\" \/>\n<meta property=\"og:locale\" content=\"de_DE\" \/>\n<meta property=\"og:type\" content=\"article\" \/>\n<meta property=\"og:title\" content=\"BUBBLEMAKER - Athens Divers Club\" \/>\n<meta property=\"og:description\" content=\"Der Bubblemaker ist DIE Gelegenheit Spa\u00df mit der gesamten Familie zu haben. Das Programm ist f\u00fcr Kinder ab acht Jahren geeignet. PADI bieten deinen Kindern einen Einblick ins Sporttauchen, so dass sie in der Zukunft ausgebildete Taucher werden k\u00f6nnen.\" \/>\n<meta property=\"og:url\" content=\"https:\/\/www.athensdiversclub.com\/de\/bubblemaker\/\" \/>\n<meta property=\"og:site_name\" content=\"Athens Divers Club\" \/>\n<meta property=\"article:publisher\" content=\"https:\/\/www.facebook.com\/athensdiversclub\/\" \/>\n<meta property=\"article:modified_time\" content=\"2021-01-22T11:40:24+00:00\" \/>\n<meta name=\"twitter:card\" content=\"summary_large_image\" \/>\n<meta name=\"twitter:site\" content=\"@AthensDivers\" \/>\n<meta name=\"twitter:label1\" content=\"Gesch\u00e4tzte Lesezeit\" \/>\n\t<meta name=\"twitter:data1\" content=\"2\u00a0Minuten\" \/>\n<script type=\"application\/ld+json\" class=\"yoast-schema-graph\">{\"@context\":\"https:\/\/schema.org\",\"@graph\":[{\"@type\":\"WebPage\",\"@id\":\"https:\/\/www.athensdiversclub.com\/de\/bubblemaker\/\",\"url\":\"https:\/\/www.athensdiversclub.com\/de\/bubblemaker\/\",\"name\":\"BUBBLEMAKER - Athens Divers Club\",\"isPartOf\":{\"@id\":\"https:\/\/www.athensdiversclub.com\/#website\"},\"datePublished\":\"2018-07-10T17:13:05+00:00\",\"dateModified\":\"2021-01-22T11:40:24+00:00\",\"description\":\"Der Bubblemaker ist DIE Gelegenheit Spa\u00df mit der gesamten Familie zu haben. Das Programm ist f\u00fcr Kinder ab acht Jahren geeignet. PADI bieten deinen Kindern einen Einblick ins Sporttauchen, so dass sie in der Zukunft ausgebildete Taucher werden k\u00f6nnen.\",\"breadcrumb\":{\"@id\":\"https:\/\/www.athensdiversclub.com\/de\/bubblemaker\/#breadcrumb\"},\"inLanguage\":\"de\",\"potentialAction\":[{\"@type\":\"ReadAction\",\"target\":[\"https:\/\/www.athensdiversclub.com\/de\/bubblemaker\/\"]}]},{\"@type\":\"BreadcrumbList\",\"@id\":\"https:\/\/www.athensdiversclub.com\/de\/bubblemaker\/#breadcrumb\",\"itemListElement\":[{\"@type\":\"ListItem\",\"position\":1,\"name\":\"Home\",\"item\":\"https:\/\/www.athensdiversclub.com\/de\/\"},{\"@type\":\"ListItem\",\"position\":2,\"name\":\"BUBBLEMAKER\"}]},{\"@type\":\"WebSite\",\"@id\":\"https:\/\/www.athensdiversclub.com\/#website\",\"url\":\"https:\/\/www.athensdiversclub.com\/\",\"name\":\"Athens Divers Club\",\"description\":\"\",\"potentialAction\":[{\"@type\":\"SearchAction\",\"target\":{\"@type\":\"EntryPoint\",\"urlTemplate\":\"https:\/\/www.athensdiversclub.com\/?s={search_term_string}\"},\"query-input\":{\"@type\":\"PropertyValueSpecification\",\"valueRequired\":true,\"valueName\":\"search_term_string\"}}],\"inLanguage\":\"de\"}]}<\/script>\n<!-- \/ Yoast SEO plugin. -->","yoast_head_json":{"title":"BUBBLEMAKER - Athens Divers Club","description":"Der Bubblemaker ist DIE Gelegenheit Spa\u00df mit der gesamten Familie zu haben. Das Programm ist f\u00fcr Kinder ab acht Jahren geeignet. PADI bieten deinen Kindern einen Einblick ins Sporttauchen, so dass sie in der Zukunft ausgebildete Taucher werden k\u00f6nnen.","robots":{"index":"index","follow":"follow","max-snippet":"max-snippet:-1","max-image-preview":"max-image-preview:large","max-video-preview":"max-video-preview:-1"},"canonical":"https:\/\/www.athensdiversclub.com\/de\/bubblemaker\/","og_locale":"de_DE","og_type":"article","og_title":"BUBBLEMAKER - Athens Divers Club","og_description":"Der Bubblemaker ist DIE Gelegenheit Spa\u00df mit der gesamten Familie zu haben. Das Programm ist f\u00fcr Kinder ab acht Jahren geeignet. PADI bieten deinen Kindern einen Einblick ins Sporttauchen, so dass sie in der Zukunft ausgebildete Taucher werden k\u00f6nnen.","og_url":"https:\/\/www.athensdiversclub.com\/de\/bubblemaker\/","og_site_name":"Athens Divers Club","article_publisher":"https:\/\/www.facebook.com\/athensdiversclub\/","article_modified_time":"2021-01-22T11:40:24+00:00","twitter_card":"summary_large_image","twitter_site":"@AthensDivers","twitter_misc":{"Gesch\u00e4tzte Lesezeit":"2\u00a0Minuten"},"schema":{"@context":"https:\/\/schema.org","@graph":[{"@type":"WebPage","@id":"https:\/\/www.athensdiversclub.com\/de\/bubblemaker\/","url":"https:\/\/www.athensdiversclub.com\/de\/bubblemaker\/","name":"BUBBLEMAKER - Athens Divers Club","isPartOf":{"@id":"https:\/\/www.athensdiversclub.com\/#website"},"datePublished":"2018-07-10T17:13:05+00:00","dateModified":"2021-01-22T11:40:24+00:00","description":"Der Bubblemaker ist DIE Gelegenheit Spa\u00df mit der gesamten Familie zu haben. Das Programm ist f\u00fcr Kinder ab acht Jahren geeignet. PADI bieten deinen Kindern einen Einblick ins Sporttauchen, so dass sie in der Zukunft ausgebildete Taucher werden k\u00f6nnen.","breadcrumb":{"@id":"https:\/\/www.athensdiversclub.com\/de\/bubblemaker\/#breadcrumb"},"inLanguage":"de","potentialAction":[{"@type":"ReadAction","target":["https:\/\/www.athensdiversclub.com\/de\/bubblemaker\/"]}]},{"@type":"BreadcrumbList","@id":"https:\/\/www.athensdiversclub.com\/de\/bubblemaker\/#breadcrumb","itemListElement":[{"@type":"ListItem","position":1,"name":"Home","item":"https:\/\/www.athensdiversclub.com\/de\/"},{"@type":"ListItem","position":2,"name":"BUBBLEMAKER"}]},{"@type":"WebSite","@id":"https:\/\/www.athensdiversclub.com\/#website","url":"https:\/\/www.athensdiversclub.com\/","name":"Athens Divers Club","description":"","potentialAction":[{"@type":"SearchAction","target":{"@type":"EntryPoint","urlTemplate":"https:\/\/www.athensdiversclub.com\/?s={search_term_string}"},"query-input":{"@type":"PropertyValueSpecification","valueRequired":true,"valueName":"search_term_string"}}],"inLanguage":"de"}]}},"_links":{"self":[{"href":"https:\/\/www.athensdiversclub.com\/de\/wp-json\/wp\/v2\/pages\/5421","targetHints":{"allow":["GET"]}}],"collection":[{"href":"https:\/\/www.athensdiversclub.com\/de\/wp-json\/wp\/v2\/pages"}],"about":[{"href":"https:\/\/www.athensdiversclub.com\/de\/wp-json\/wp\/v2\/types\/page"}],"author":[{"embeddable":true,"href":"https:\/\/www.athensdiversclub.com\/de\/wp-json\/wp\/v2\/users\/7"}],"replies":[{"embeddable":true,"href":"https:\/\/www.athensdiversclub.com\/de\/wp-json\/wp\/v2\/comments?post=5421"}],"version-history":[{"count":0,"href":"https:\/\/www.athensdiversclub.com\/de\/wp-json\/wp\/v2\/pages\/5421\/revisions"}],"wp:attachment":[{"href":"https:\/\/www.athensdiversclub.com\/de\/wp-json\/wp\/v2\/media?parent=5421"}],"curies":[{"name":"wp","href":"https:\/\/api.w.org\/{rel}","templated":true}]}}