{"id":4690,"date":"2018-01-09T14:10:16","date_gmt":"2018-01-09T12:10:16","guid":{"rendered":"http:\/\/www.athensdiversclub.com\/about-padi\/"},"modified":"2018-07-11T11:42:13","modified_gmt":"2018-07-11T08:42:13","slug":"padi","status":"publish","type":"page","link":"https:\/\/www.athensdiversclub.com\/de\/padi\/","title":{"rendered":"\u00dcber PADI"},"content":{"rendered":"<div class=\"wpb-content-wrapper\"><p>[vc_row content_width=&#8220;grid&#8220; full_screen_section_height=&#8220;no&#8220;][vc_column][vc_empty_space height=&#8220;60px&#8220;][vc_column_text]PADI ist die f\u00fchrende Tauchausbildungsorganisation weltweit.<\/p>\n<p>Mit mehr als 6400 PADI Tauchcenter und Resorts und \u00fcber 133.000 PADI Profis, die mehr als 25 Millionen Brevets weltweit ausgestellt haben, findest du PADI Tauchkurse und Service f\u00fcr Taucher fast \u00fcberall.<\/p>\n<p>Das PADI Unterrichtssystem f\u00fcr Taucher basiert auf einer Schritt f\u00fcr Schritt Ausbildung, bei der Tauchsch\u00fclern verschiedene Fertigkeiten, sicherheitsrelevante Informationen und Kenntnisse \u00fcber die Umwelt stufenweise beigebracht werden. PADI Kurse sind am Kursteilnehmer orientiert, sie bieten maximale \u00dcbungsm\u00f6glichkeiten und eine realistische Anwendung des Gelernten.<\/p>\n<p>Die PADI Profis erm\u00f6glichen es die Unterwasserwelt zu erkunden und machen Tauchabenteuer m\u00f6glich, w\u00e4hrend sie zur gleichen Zeit die h\u00f6chsten Sicherheitsstandards, Standards in der Ausbildung und den Service am Kunden aufrecht erhalten. PADIs \u201ePhilosophie der vier As\u201c hei\u00dft, dass Tauchen als Lebensstil vier Elemente beinhaltet:<\/p>\n<ul>\n<li><strong>Ausbildung: <\/strong>Du lernst nicht nur einfach zu Tauchen, du bildest deine F\u00e4higkeiten als Tauchen stets weiter, indem du deine Ausbildung weiterf\u00fchren kannst. PADIs Angebot an Tauchkursen bringt dir neue Unterwasseraktivit\u00e4ten nahe und bietet dir sogar die M\u00f6glichkeit, Karriere als PADI Profi zu machen.<\/li>\n<li><strong>Aktivit\u00e4ten<\/strong>: Die PADI Tauchbasen bieten dir eine Vielzahl von Aktivit\u00e4ten an, von Tauchen vor Ort bis zu exotischen Tauchreisen. Tauchen ist eine soziale Aktivit\u00e4t: Indem du dir DEIN PADI Tauchcenter aussuchst, kannst du Tauchspots in der Umgebung oder Taucherdestinationen weltweit mit anderen Tauchinteressierten erkunden. Logge dich ein bei ScubaEarth\u00ae und trete in Kontakt mit anderen Tauchern.<\/li>\n<li><strong>Ausr\u00fcstung<\/strong>: Die Tauchausr\u00fcstung macht das Tauchen erst m\u00f6glich. Der beste Ort, um herauszufinden, was es f\u00fcr interessante Tauchergadgets gibt, ist dein PADI Tauchcenter in der Umgebung.<\/li>\n<li><strong>Aquatischer Umweltschutz<\/strong>: Eine gesunde Unterwasserwelt ist ausschlaggebend f\u00fcr einen guten Tauchgang. Deswegen sind Taucher die besten Anw\u00e4lte f\u00fcr den Schutz unserer Wasserressourcen. In den PADI Tauchkursen lernen alle TaucherInnen, wie wichtig es ist unser fragiles aquatisches \u00d6kosystem zu sch\u00fctzen und werden ermutigt in lokalen und weltweiten Kampagnen f\u00fcr den Umweltschutz aktiv zu werden. Seit \u00fcber zwei Jahrzehnten ist PADI Partner von ScubaEarth\u00ae, einer gemeinn\u00fctzigen Organisation, die sich weltweit f\u00fcr den Schutz unserer Ozeane einsetzt \u2013 Tauchgang f\u00fcr Tauchgang.<\/li>\n<\/ul>\n<p>[\/vc_column_text][vc_empty_space height=&#8220;60px&#8220;][\/vc_column][\/vc_row]<\/p>\n<\/div>","protected":false},"excerpt":{"rendered":"<p>[vc_row content_width=&#8220;grid&#8220; full_screen_section_height=&#8220;no&#8220;][vc_column][vc_empty_space height=&#8220;60px&#8220;][vc_column_text]PADI ist die f\u00fchrende Tauchausbildungsorganisation weltweit. Mit mehr als 6400 PADI Tauchcenter und Resorts und \u00fcber 133.000 PADI Profis, die mehr als 25 Millionen Brevets weltweit ausgestellt haben, findest du PADI Tauchkurse und Service f\u00fcr Taucher fast \u00fcberall. Das PADI Unterrichtssystem f\u00fcr&#8230;<\/p>\n","protected":false},"author":1,"featured_media":0,"parent":0,"menu_order":0,"comment_status":"closed","ping_status":"closed","template":"full-width.php","meta":{"footnotes":""},"class_list":["post-4690","page","type-page","status-publish","hentry"],"yoast_head":"<!-- This site is optimized with the Yoast SEO plugin v27.0 - https:\/\/yoast.com\/product\/yoast-seo-wordpress\/ -->\n<title>\u00dcber PADI - Athens Divers Club<\/title>\n<meta name=\"robots\" content=\"index, follow, max-snippet:-1, max-image-preview:large, max-video-preview:-1\" \/>\n<link rel=\"canonical\" href=\"https:\/\/www.athensdiversclub.com\/de\/padi\/\" \/>\n<meta property=\"og:locale\" content=\"de_DE\" \/>\n<meta property=\"og:type\" content=\"article\" \/>\n<meta property=\"og:title\" content=\"\u00dcber PADI - Athens Divers Club\" \/>\n<meta property=\"og:description\" content=\"[vc_row content_width=&#8220;grid&#8220; full_screen_section_height=&#8220;no&#8220;][vc_column][vc_empty_space height=&#8220;60px&#8220;][vc_column_text]PADI ist die f\u00fchrende Tauchausbildungsorganisation weltweit. Mit mehr als 6400 PADI Tauchcenter und Resorts und \u00fcber 133.000 PADI Profis, die mehr als 25 Millionen Brevets weltweit ausgestellt haben, findest du PADI Tauchkurse und Service f\u00fcr Taucher fast \u00fcberall. Das PADI Unterrichtssystem f\u00fcr...\" \/>\n<meta property=\"og:url\" content=\"https:\/\/www.athensdiversclub.com\/de\/padi\/\" \/>\n<meta property=\"og:site_name\" content=\"Athens Divers Club\" \/>\n<meta property=\"article:publisher\" content=\"https:\/\/www.facebook.com\/athensdiversclub\/\" \/>\n<meta property=\"article:modified_time\" content=\"2018-07-11T08:42:13+00:00\" \/>\n<meta name=\"twitter:card\" content=\"summary_large_image\" \/>\n<meta name=\"twitter:site\" content=\"@AthensDivers\" \/>\n<meta name=\"twitter:label1\" content=\"Gesch\u00e4tzte Lesezeit\" \/>\n\t<meta name=\"twitter:data1\" content=\"2\u00a0Minuten\" \/>\n<script type=\"application\/ld+json\" class=\"yoast-schema-graph\">{\"@context\":\"https:\/\/schema.org\",\"@graph\":[{\"@type\":\"WebPage\",\"@id\":\"https:\/\/www.athensdiversclub.com\/de\/padi\/\",\"url\":\"https:\/\/www.athensdiversclub.com\/de\/padi\/\",\"name\":\"\u00dcber PADI - Athens Divers Club\",\"isPartOf\":{\"@id\":\"https:\/\/www.athensdiversclub.com\/#website\"},\"datePublished\":\"2018-01-09T12:10:16+00:00\",\"dateModified\":\"2018-07-11T08:42:13+00:00\",\"breadcrumb\":{\"@id\":\"https:\/\/www.athensdiversclub.com\/de\/padi\/#breadcrumb\"},\"inLanguage\":\"de\",\"potentialAction\":[{\"@type\":\"ReadAction\",\"target\":[\"https:\/\/www.athensdiversclub.com\/de\/padi\/\"]}]},{\"@type\":\"BreadcrumbList\",\"@id\":\"https:\/\/www.athensdiversclub.com\/de\/padi\/#breadcrumb\",\"itemListElement\":[{\"@type\":\"ListItem\",\"position\":1,\"name\":\"Home\",\"item\":\"https:\/\/www.athensdiversclub.com\/de\/\"},{\"@type\":\"ListItem\",\"position\":2,\"name\":\"\u00dcber PADI\"}]},{\"@type\":\"WebSite\",\"@id\":\"https:\/\/www.athensdiversclub.com\/#website\",\"url\":\"https:\/\/www.athensdiversclub.com\/\",\"name\":\"Athens Divers Club\",\"description\":\"\",\"potentialAction\":[{\"@type\":\"SearchAction\",\"target\":{\"@type\":\"EntryPoint\",\"urlTemplate\":\"https:\/\/www.athensdiversclub.com\/?s={search_term_string}\"},\"query-input\":{\"@type\":\"PropertyValueSpecification\",\"valueRequired\":true,\"valueName\":\"search_term_string\"}}],\"inLanguage\":\"de\"}]}<\/script>\n<!-- \/ Yoast SEO plugin. -->","yoast_head_json":{"title":"\u00dcber PADI - Athens Divers Club","robots":{"index":"index","follow":"follow","max-snippet":"max-snippet:-1","max-image-preview":"max-image-preview:large","max-video-preview":"max-video-preview:-1"},"canonical":"https:\/\/www.athensdiversclub.com\/de\/padi\/","og_locale":"de_DE","og_type":"article","og_title":"\u00dcber PADI - Athens Divers Club","og_description":"[vc_row content_width=&#8220;grid&#8220; full_screen_section_height=&#8220;no&#8220;][vc_column][vc_empty_space height=&#8220;60px&#8220;][vc_column_text]PADI ist die f\u00fchrende Tauchausbildungsorganisation weltweit. Mit mehr als 6400 PADI Tauchcenter und Resorts und \u00fcber 133.000 PADI Profis, die mehr als 25 Millionen Brevets weltweit ausgestellt haben, findest du PADI Tauchkurse und Service f\u00fcr Taucher fast \u00fcberall. Das PADI Unterrichtssystem f\u00fcr...","og_url":"https:\/\/www.athensdiversclub.com\/de\/padi\/","og_site_name":"Athens Divers Club","article_publisher":"https:\/\/www.facebook.com\/athensdiversclub\/","article_modified_time":"2018-07-11T08:42:13+00:00","twitter_card":"summary_large_image","twitter_site":"@AthensDivers","twitter_misc":{"Gesch\u00e4tzte Lesezeit":"2\u00a0Minuten"},"schema":{"@context":"https:\/\/schema.org","@graph":[{"@type":"WebPage","@id":"https:\/\/www.athensdiversclub.com\/de\/padi\/","url":"https:\/\/www.athensdiversclub.com\/de\/padi\/","name":"\u00dcber PADI - Athens Divers Club","isPartOf":{"@id":"https:\/\/www.athensdiversclub.com\/#website"},"datePublished":"2018-01-09T12:10:16+00:00","dateModified":"2018-07-11T08:42:13+00:00","breadcrumb":{"@id":"https:\/\/www.athensdiversclub.com\/de\/padi\/#breadcrumb"},"inLanguage":"de","potentialAction":[{"@type":"ReadAction","target":["https:\/\/www.athensdiversclub.com\/de\/padi\/"]}]},{"@type":"BreadcrumbList","@id":"https:\/\/www.athensdiversclub.com\/de\/padi\/#breadcrumb","itemListElement":[{"@type":"ListItem","position":1,"name":"Home","item":"https:\/\/www.athensdiversclub.com\/de\/"},{"@type":"ListItem","position":2,"name":"\u00dcber PADI"}]},{"@type":"WebSite","@id":"https:\/\/www.athensdiversclub.com\/#website","url":"https:\/\/www.athensdiversclub.com\/","name":"Athens Divers Club","description":"","potentialAction":[{"@type":"SearchAction","target":{"@type":"EntryPoint","urlTemplate":"https:\/\/www.athensdiversclub.com\/?s={search_term_string}"},"query-input":{"@type":"PropertyValueSpecification","valueRequired":true,"valueName":"search_term_string"}}],"inLanguage":"de"}]}},"_links":{"self":[{"href":"https:\/\/www.athensdiversclub.com\/de\/wp-json\/wp\/v2\/pages\/4690","targetHints":{"allow":["GET"]}}],"collection":[{"href":"https:\/\/www.athensdiversclub.com\/de\/wp-json\/wp\/v2\/pages"}],"about":[{"href":"https:\/\/www.athensdiversclub.com\/de\/wp-json\/wp\/v2\/types\/page"}],"author":[{"embeddable":true,"href":"https:\/\/www.athensdiversclub.com\/de\/wp-json\/wp\/v2\/users\/1"}],"replies":[{"embeddable":true,"href":"https:\/\/www.athensdiversclub.com\/de\/wp-json\/wp\/v2\/comments?post=4690"}],"version-history":[{"count":0,"href":"https:\/\/www.athensdiversclub.com\/de\/wp-json\/wp\/v2\/pages\/4690\/revisions"}],"wp:attachment":[{"href":"https:\/\/www.athensdiversclub.com\/de\/wp-json\/wp\/v2\/media?parent=4690"}],"curies":[{"name":"wp","href":"https:\/\/api.w.org\/{rel}","templated":true}]}}